{"id":369,"date":"2020-02-14T09:28:58","date_gmt":"2020-02-14T09:28:58","guid":{"rendered":"http:\/\/sp1stanislawdolny.edu.pl\/?page_id=369"},"modified":"2020-02-17T17:41:40","modified_gmt":"2020-02-17T17:41:40","slug":"historia-ochotniczej-strazy-pozarnej","status":"publish","type":"page","link":"https:\/\/sp1stanislawdolny.edu.pl\/index.php\/historia-ochotniczej-strazy-pozarnej\/","title":{"rendered":"Historia Ochotniczej Stra\u017cy Po\u017carnej"},"content":{"rendered":"<p><span style=\"color: #000000; font-size: 12pt;\">Historia powstania OSP w Stanis\u0142awiu Dolnym si\u0119ga pocz\u0105tku lat pi\u0119\u0107dziesi\u0105tych. Jednym z najpowa\u017cniejszych \u017cywio\u0142\u00f3w w n\u0119kaj\u0105cych \u00f3wczesnych mieszka\u0144c\u00f3w wsi by\u0142 ogie\u0144, kt\u00f3ry nie oszcz\u0119dza\u0142 dom\u00f3w i budynk\u00f3w gospodarczych r\u00f3wnie\u017c i w naszej miejscowo\u015bci.<br \/>\n<strong>W 1952<\/strong> roku na terenie Stanis\u0142awia Dolnego przysi\u00f3\u0142ek Sosn\u00f3wka wybuch\u0142 po\u017car w budynku mieszkaj\u0105cym Sp\u00f3\u0142dzielnie Szewsk\u0105. Mimo dzia\u0142a\u0144 ratowniczych budynek sp\u0142on\u0105\u0142. W\u0142a\u015bciciele oraz mieszka\u0144cy, kt\u00f3rzy ruszyli z pomoc\u0105, byli bezsilni wobec szalej\u0105cego \u017cywio\u0142u. To tragiczne wydarzenie sta\u0142o si\u0119 impulsem do powo\u0142ania stra\u017cy po\u017carnej na terenie naszej wioski. Kilka dni po tym wydarzeniu za\u0142o\u017cono komitet powo\u0142ania Stra\u017cy Po\u017carnej. Cz\u0142onkami komitetu, a p\u00f3\u017aniejszymi za\u0142o\u017cycielami stra\u017cy byli: J\u00f3zef Sarapata(przewodnicz\u0105cy, Alojzy Jaskierny, Adam Filek, Roman Br\u00f3zda, W\u0142adys\u0142aw Faber, Stanis\u0142aw Ramoci\u0144ski, J\u00f3zef Pawlik, Bronis\u0142aw Faber, Zefiryn Korzeniowski, J\u00f3zef Filek, Henryk Zadora. Po uzyskaniu akceptacji \u00f3wczesnego komendanta gminnego, natychmiast przyst\u0105piono do za\u0142atwiania spraw urz\u0119dowych oraz rozpocz\u0119to starania o sprz\u0119t przeciw po\u017carowy. Cz\u0119\u015b\u0107 wyposa\u017cenia zosta\u0142a przekazana przez Powiatow\u0105 Stra\u017c Po\u017carn\u0105 w Wadowicach, by\u0142a to m.in.: motopompa, w\u0119\u017ce, he\u0142my, pasy, ubrania bojowe. Pozosta\u0142y sprz\u0119t tj. syrena r\u0119czna, bosaki, toporki, mundury reprezentacyjne oraz czapki zakupiono z w\u0142asnych \u015brodk\u00f3w. Pierwszy \u201ew\u00f3z bojowy\u201d zosta\u0142 wykonany przez miejscowego ko\u0142odzieja i by\u0142 zaprz\u0119gany w par\u0119 koni.<br \/>\n<strong>W roku 1953 zosta\u0142a zarejestrowana Ochotnicza Stra\u017c Po\u017carna w Stanis\u0142awiu Dolnym<\/strong>. Pierwszym komendantem zosta\u0142 J\u00f3zef Sarapata, a prezesem Adam Filek (so\u0142tys).<br \/>\nOd samych pocz\u0105tk\u00f3w powstania najwa\u017cniejszym problemem stra\u017cak\u00f3w by\u0142a remiza, a raczej jej brak. W pierwszych dw\u00f3ch latach sprz\u0119t by\u0142 przechowywany na Sosn\u00f3wce u Franciszka Moska\u0142y, jednego z cz\u0142onk\u00f3w stra\u017cy.<br \/>\n<strong>W roku 1955<\/strong> zakupiono od pani Br\u00f3zdowej 18-to arow\u0105 dzia\u0142k\u0119 pod budow\u0119 remizy. W tym okresie pojawi\u0142 si\u0119 r\u00f3wnie\u017c plan budowy sklepu w naszej miejscowo\u015bci przez GS w Kalwarii Zebrzydowskiej. Mieszka\u0144cy uznali, \u017ce najlepszym miejscem na jego lokalizacj\u0119 jest dzia\u0142ka przeznaczona pod budow\u0119 remizy. Stra\u017cacy przychylili si\u0119 do tego wniosku i przekazali cz\u0119\u015b\u0107 dzia\u0142ki. Ci\u0105gle jednak brakowa\u0142o funduszy na rozpocz\u0119cie budowy remizy. W celu ich pozyskania stra\u017cacy zacz\u0119li organizowa\u0107 festyny w r\u00f3\u017cnych cz\u0119\u015bciach wsi, a podczas zimy zabawy w baraku b\u0119d\u0105cym w\u0142asno\u015bci\u0105 Katolickiego Stowarzyszenia M\u0142odzie\u017cy znajduj\u0105cego si\u0119 w miejscu gdzie aktualnie stoi budynek remizy. Dzia\u0142ka ta by\u0142a pierwotnie przeznaczona pod budow\u0119 ko\u015bcio\u0142a, jednak ze wzgl\u0119du na panuj\u0105cy ustr\u00f3j uzyskanie zgody na budow\u0119 \u015bwi\u0105tyni okaza\u0142o si\u0119 niemo\u017cliwe. Cz\u0142onkowie KSM oraz OSP w porozumieniu z mieszka\u0144cami podj\u0119li decyzj\u0119 o budowie w tym miejscu nowoczesnej remizy.<br \/>\nWybrany na komendanta w 1956 roku Faber W\u0142adys\u0142aw podj\u0105\u0142 aktywne dzia\u0142ania maj\u0105ce na celu rozpocz\u0119cie budowy. Po skompletowaniu koniecznych dokument\u00f3w rozpocz\u0119to zabudow\u0119 terenu. W roku 1963rozebrano cz\u0119\u015b\u0107 baraku i wybudowano zbiornik wody na 50 tysi\u0119cy litr\u00f3w wody. W nast\u0119pnym rozpocz\u0119to wykopy fundament\u00f3w pod budynek. Przy budowie brali aktywny udzia\u0142 prawie wszyscy mieszka\u0144cy, a przede wszystkim cz\u0142onkowie stra\u017cy, kt\u00f3rych liczba z roku na rok dynamicznie ros\u0142a. Budow\u0119 sfinansowano cz\u0119\u015bciowo ze \u015brodk\u00f3w U.G w Kalwarii Zebrzydowskiej, PZU, darowizn od mieszka\u0144c\u00f3w oraz dochod\u00f3w z zabaw.<br \/>\n<strong>W 1966 roku<\/strong>, 9 pa\u017adziernika w 1000-lecie pa\u0144stwa Polskiego wmurowano kamie\u0144 w\u0119gielny. Udzia\u0142 w tej uroczysto\u015bci bra\u0142y w\u0142adze wojew\u00f3dzkie, powiatowe, gminne oraz wszystkie okoliczne stra\u017ce po\u017carne na czele z orkiestrami z Kleczy i Przytkowic. Podczas tej uroczysto\u015bci OSP otrzyma\u0142a pierwszy samoch\u00f3d po\u017carny marki Dodge, a prawie wszyscy mieszka\u0144cy wsi i okolic wpisali si\u0119 do ksi\u0119gi pami\u0105tkowej.<\/span><\/p>\n<p><a href=\"https:\/\/goo.gl\/photos\/3Y2wtLvkAuJ7EyERA\" target=\"_blank\" rel=\"noopener noreferrer\"><img loading=\"lazy\" decoding=\"async\" class=\"alignnone wp-image-379 size-full\" src=\"http:\/\/sp1stanislawdolny.edu.pl\/wp-content\/uploads\/2020\/02\/hist.jpg\" alt=\"\" width=\"160\" height=\"160\" srcset=\"https:\/\/sp1stanislawdolny.edu.pl\/wp-content\/uploads\/2020\/02\/hist.jpg 160w, https:\/\/sp1stanislawdolny.edu.pl\/wp-content\/uploads\/2020\/02\/hist-150x150.jpg 150w\" sizes=\"auto, (max-width: 160px) 100vw, 160px\" \/><\/a><\/p>\n<p>W kolejnym roku przyst\u0105pimy do dalszej budowy i tak 1968 roku budynki zostan\u0105 wyko\u0144czone i oddany do u\u017cytku a w 1969 uko\u0144czono ogrodzenie z element\u00f3w betonowych i zagospodarowano teren wok\u00f3\u0142 remizy. Od tego czasu remiza s\u0142u\u017cy\u0142a wszystkim mieszka\u0144com wsi. Odbywa\u0142y si\u0119 w niej zebrania, zabawy, wesela a maj\u0105c tu swoj\u0105 siedzib\u0119 ZSMP organizowa\u0142 przedstawienia i wieczorki dla m\u0142odzie\u017cy i dzieci.<br \/>\nW 1972 roku komendantem zosta\u0142 Faber Andrzej.<br \/>\nW roku 1975 stra\u017c musia\u0142a odda\u0107 wys\u0142u\u017con\u0105, \u201eDoczk\u0119\u201d do kasacji a w jej miejsce pojawi\u0142 si\u0119 samoch\u00f3d bojowy Star 20.<br \/>\nRok 1980 to niestety \u015bmier\u0107, dotychczasowego prezesa i jednego z za\u0142o\u017cycieli stra\u017cy Adama Filka. Funkcj\u0119 na tym stanowisku obj\u0105\u0142 Tyra\u0142a Jan. W tym roku te\u017c przyst\u0105piono do przer\u00f3bki ogrzewania, w zamian piecy akumulacyjnych zrobiono centralne ogrzewanie oraz odmalowano budynek w \u015brodku. W 1982 roku za wyeksploatowanego Stara 20 pojawi\u0142 si\u0119 samoch\u00f3d bojowy marki Lublin, a w dwa lata p\u00f3\u017aniej zasta\u0142a przekazana z Zawodowej Stra\u017cy Po\u017carnej w Wadowicach nowa motopompa. W roku 1986 OSP otrzyma\u0142a fabrycznie nowego \u017buka po\u017carniczego.<br \/>\nW roku 1992 rozpocz\u0119to prace zwi\u0105zane z rozbudow\u0105 remizy, wymian\u0105 dachu i okien. W niespe\u0142na dwa lata p\u00f3\u017aniej ju\u017c wi\u0119ksza remiza wynajmowana by\u0142a na wesela i uroczysto\u015bci rodzinne. W kolejnych latach za\u0142o\u017cono gazowe ogrzewanie oraz doprowadzono wod\u0119 miejsk\u0105.<br \/>\nW 1999 roku zdemontowano stare zniszczone ogrodzenie, a w jego miejsce powsta\u0142o nowe metalowe. W roku 2001 zniwelowano teren wok\u00f3\u0142 remizy i u\u0142o\u017cono kostk\u0119 brukow\u0105 na ca\u0142ym placu, a poza ogrodzeniem zrobiono chodniki. Z ko\u0144cem 2002 roku rozpocz\u0119to prace zwi\u0105zane z elewacj\u0105 zewn\u0119trzn\u0105 budynku, aby przygotowa\u0107 go na obchody w jubileuszowym 2003 roku.(1)<br \/>\n23 sierpnia 2003 r. OSP w Stanis\u0142awiu Dolnym obchodzi\u0142a 50-lecie. Na uroczysto\u015bci przybyli: wice wojewoda ma\u0142opolski, cz\u0142onek Zarz\u0105du G\u0142\u00f3wnego Zwi\u0105zku OSP RP w Warszawie, cz\u0142onek Zarz\u0105du Wojew\u00f3dzkiego OSP RP w Krakowie, Komendant Powiatowy PSP w Wadowicach, dow\u00f3dca JRG w Wadowicach, przedstawiciele samorz\u0105du miasta i gminy w Kalwarii Zebrzydowskiej na czele z Burmistrzem i Przewodnicz\u0105cym Rady, przedstawiciele Zarz\u0105du Mejsko-Gminnego Zwi\u0105zku OSP RP w Kalwarii Zeb., orkiestra d\u0119ta z Przytkowic, okoliczne stra\u017ce.<br \/>\nPodczas uroczysto\u015bci zosta\u0142 przekazany dla OSP w Stanis\u0142awiu Dolnym Sztandar, kt\u00f3ry wcze\u015bniej by\u0142 po\u015bwi\u0119cony na mszy \u015bwi\u0119tej w ko\u015bciele parafialnym p.w. \u015bw. Stanis\u0142awa B. M. przez ks. Konstantego Sordyla. Sztandar zosta\u0142 w tym dniu odznaczony \u201eSrebrnym Medalem\u201d. Medalami za zas\u0142ugi zostali r\u00f3wnie\u017c odznaczeni stra\u017cacy z naszej OSP.<br \/>\nRok 2004 i 2005 to usilne starania o samoch\u00f3d bojowy. 5.11.2005 r. do gara\u017cu wjecha\u0142 upragniony samoch\u00f3d stra\u017cacki. By\u0142 to Magirus Dentz, po remoncie sprowadzony z Niemiec.<br \/>\n1 stycznia 2006 r. samoch\u00f3d zosta\u0142 w\u0142\u0105czony do podzia\u0142u bojowego z oznaczeniem GBA 2,4\/16<br \/>\nDnia 18.03.2006 r. odby\u0142o si\u0119 Walne Zebranie sprawozdawczo-wyborcze. Zosta\u0142 wybrany nowy zarz\u0105d OSP w Stanis\u0142awiu Dolnym<br \/>\n&#8211; prezes \u2013 Faber Andrzej (poprzedni Tyra\u0142a Jan)<br \/>\n&#8211; naczelnik \u2013 Faber Miros\u0142aw (poprzedni Faber Andrzej)<br \/>\n&#8211; wice prezes honorowy \u2013 Tyra\u0142a Jan<br \/>\n&#8211; z-ca naczelnika \u2013 Gawron Stanis\u0142aw<br \/>\n&#8211; sekretarz \u2013 Karol Faber<br \/>\n&#8211; skarbnik \u2013 Marcin Pyrek<br \/>\n&#8211; kronikarz \u2013 Krzysztof Br\u00f3zda<br \/>\n&#8211; gospodarz \u2013 Piotr Dudek<br \/>\n&#8211; cz\u0142onek zarz\u0105du \u2013 Stanis\u0142aw Godawa<br \/>\nWybrano r\u00f3wnie\u017c Komisj\u0119 Rewizyjn\u0105:<br \/>\n1. Tomasz Godawa \u2013 przewodnicz\u0105cy.<br \/>\n2. Robert Faber \u2013 cz\u0142onek.<br \/>\n3. Sad\u0142o\u0144 Zbigniew \u2013 cz\u0142onek.<br \/>\nDnia 22.04.2006 na terenie naszej wsi odby\u0142y si\u0119 gminne \u0107wiczenia zgrywaj\u0105ce.<br \/>\nDnia 20.05.2006 r. odby\u0142a si\u0119 uroczysto\u015b\u0107 przekazania i po\u015bwi\u0119cenia samochodu po\u017carniczego dla OSP Stanis\u0142aw Dolny. W tych uroczysto\u015bciach bra\u0142y udzia\u0142 w\u0142adze powiatowe, gminne oraz okoliczne stra\u017ce i mieszka\u0144cy.<\/p>\n<p>Wszystko to by\u0142o mo\u017cliwe dzi\u0119ki mieszka\u0144com oraz ludziom dobrej woli, kt\u00f3rzy w r\u00f3\u017cny spos\u00f3b przyczynili si\u0119 zar\u00f3wno do powstania jak i dalszej dzia\u0142alno\u015bci Ochotniczej Stra\u017cy Po\u017carnej w Stanis\u0142awiu Dolnym.<\/p>\n<p>Ogromne zaanga\u017cowanie cz\u0142onk\u00f3w oraz miejscowej m\u0142odzie\u017cy zaowocowa\u0142o utworzeniem w ramach naszej stra\u017cy trzech dru\u017cyn sportowo po\u017carniczych, kt\u00f3re odnosz\u0105 sukcesy zar\u00f3wno na szczeblu gminnym, powiatowym jak r\u00f3wnie\u017c wojew\u00f3dzkim. Dru\u017cyna senior\u00f3w w latach 1982 \u2013 1999 zdominowa\u0142a szczebel gminny wygrywaj\u0105c wszystkie organizowane w tym okresie zawody i zdobywaj\u0105c sobie w ten spos\u00f3b przepustk\u0119 do zawod\u00f3w szczebla rejonowego. Sukcesy r\u00f3wnie\u017c na tym poziomie zaowocowa\u0142y, a\u017c czterokrotnym udzia\u0142em w organizowanych co cztery lata zmaganiach na szczeblu wojew\u00f3dzkim, tak\u017ce nie bez sukces\u00f3w. Dwukrotnie zajmowali\u015bmy miejsce 4, raz 3, a w 1994 byli\u015bmy druga dro\u017cyn\u0105 wojew\u00f3dztwa, zabrak\u0142o odrobiny szcz\u0119\u015bcia aby reprezentowa\u0107 nasz\u0105 miejscowo\u015b\u0107 na zawodach krajowych. M\u0142odzie\u017cowa Dru\u017cyna Po\u017carnicza 12-16 lat od chwili powstania tj. w 1987 roku do dzisiaj nie ponios\u0142a pora\u017cki na szczeblu gminnym, zdominowa\u0142a szczebel powiatowy, a w 1996 wygra\u0142a zawody wojew\u00f3dzkie. R\u00f3wnie\u017c MDP 16-18 lat mo\u017ce pochwali\u0107 si\u0119 podobnymi osi\u0105gni\u0119ciami, trzykrotnie wygrywali na szczeblu rejonowym, a w 1994 roku byli wicemistrzami wojew\u00f3dztwa. Nale\u017cy r\u00f3wnie\u017c koniecznie wspomnie\u0107 o dru\u017cynie dziewcz\u0105t dzia\u0142aj\u0105cej w latach 1995-1998. W tym okresie nie ponios\u0142y pora\u017cki na szczeblu gminnym i dwukrotnie by\u0142y bezkonkurencyjne w rejonie.<br \/>\nOsi\u0105gni\u0119cia OSP w zawodach sp.-po\u017c. od roku 2003.<br \/>\nrok 2003 Jastrz\u0119bia<br \/>\nseniorzy \u2013 1 miejsce<br \/>\nMDP-12-16 ch\u0142opcy -1 miejsce<br \/>\nMDP- 16-18 \u2013 1 miejsce<\/p>\n<p>rok 2004 Stronie<br \/>\nseniorzy \u2013 1 miejsce<br \/>\nMDP-12-16 \u2013 2 miejsce<\/p>\n<p>rok 2005 Le\u0144cze<br \/>\nseniorzy \u2013 2 miejsce<br \/>\nMDP-12-16 \u2013 2 miejsce<\/p>\n<p>rok 2006 Jastrz\u0119bia<br \/>\nseniorzy \u2013 dyskwalifikacja<br \/>\nMDP-12-16 \u2013 1 miejsce<\/p>\n<p>rok 2007 Stronie<br \/>\nseniorzy \u2013 1 miejsce<br \/>\nMDP-12-16 \u2013 1 miejsce<br \/>\nW tym okresie nie odby\u0142y si\u0119 zawody powiatowe.<\/p>\n","protected":false},"excerpt":{"rendered":"<p>Historia powstania OSP w Stanis\u0142awiu Dolnym si\u0119ga pocz\u0105tku lat pi\u0119\u0107dziesi\u0105tych. Jednym z najpowa\u017cniejszych \u017cywio\u0142\u00f3w w n\u0119kaj\u0105cych \u00f3wczesnych mieszka\u0144c\u00f3w wsi by\u0142 ogie\u0144, kt\u00f3ry nie oszcz\u0119dza\u0142 dom\u00f3w i budynk\u00f3w gospodarczych r\u00f3wnie\u017c i w naszej miejscowo\u015bci. W 1952 roku na terenie Stanis\u0142awia Dolnego przysi\u00f3\u0142ek Sosn\u00f3wka wybuch\u0142 po\u017car w budynku mieszkaj\u0105cym Sp\u00f3\u0142dzielnie Szewsk\u0105. Mimo dzia\u0142a\u0144 ratowniczych budynek sp\u0142on\u0105\u0142. W\u0142a\u015bciciele\u2026 <span class=\"read-more\"><a href=\"https:\/\/sp1stanislawdolny.edu.pl\/index.php\/historia-ochotniczej-strazy-pozarnej\/\">Dowiedz si\u0119 wi\u0119cej &raquo;<\/a><\/span><\/p>\n","protected":false},"author":1,"featured_media":0,"parent":0,"menu_order":0,"comment_status":"closed","ping_status":"closed","template":"","meta":{"ngg_post_thumbnail":0,"footnotes":""},"class_list":["post-369","page","type-page","status-publish","hentry"],"_links":{"self":[{"href":"https:\/\/sp1stanislawdolny.edu.pl\/index.php\/wp-json\/wp\/v2\/pages\/369","targetHints":{"allow":["GET"]}}],"collection":[{"href":"https:\/\/sp1stanislawdolny.edu.pl\/index.php\/wp-json\/wp\/v2\/pages"}],"about":[{"href":"https:\/\/sp1stanislawdolny.edu.pl\/index.php\/wp-json\/wp\/v2\/types\/page"}],"author":[{"embeddable":true,"href":"https:\/\/sp1stanislawdolny.edu.pl\/index.php\/wp-json\/wp\/v2\/users\/1"}],"replies":[{"embeddable":true,"href":"https:\/\/sp1stanislawdolny.edu.pl\/index.php\/wp-json\/wp\/v2\/comments?post=369"}],"version-history":[{"count":4,"href":"https:\/\/sp1stanislawdolny.edu.pl\/index.php\/wp-json\/wp\/v2\/pages\/369\/revisions"}],"predecessor-version":[{"id":381,"href":"https:\/\/sp1stanislawdolny.edu.pl\/index.php\/wp-json\/wp\/v2\/pages\/369\/revisions\/381"}],"wp:attachment":[{"href":"https:\/\/sp1stanislawdolny.edu.pl\/index.php\/wp-json\/wp\/v2\/media?parent=369"}],"curies":[{"name":"wp","href":"https:\/\/api.w.org\/{rel}","templated":true}]}}