{"id":9542,"date":"2024-09-22T08:17:43","date_gmt":"2024-09-22T08:17:43","guid":{"rendered":"http:\/\/sp1stanislawdolny.edu.pl\/?page_id=9542"},"modified":"2025-05-23T13:07:22","modified_gmt":"2025-05-23T13:07:22","slug":"2024-2025","status":"publish","type":"page","link":"http:\/\/sp1stanislawdolny.edu.pl\/index.php\/2024-2025\/","title":{"rendered":"2024-2025"},"content":{"rendered":"<p style=\"text-align: center;\"><strong>Akcje wolontariuszy prowadzone w roku szkolnym 2024\/2025<\/strong><\/p>\n<p>&nbsp;<\/p>\n<p style=\"text-align: center;\"><a href=\"http:\/\/sp1stanislawdolny.edu.pl\/wp-content\/uploads\/2025\/05\/Podsumowanie-tegorocznej-Kwesty-Wielkopostnej-na-rzecz-dzieci.docx\" target=\"_blank\" rel=\"noopener\">Podsumowanie tegorocznej Kwesty Wielkopostnej na rzecz dzieci<\/a><\/p>\n<hr>\n<p>Podczas XX Mi\u0119dzyszkolnego Konkursu Wiedzy o \u015bw. Janie Pawle II odwiedzili nas uczestnicy WTZ, kt\u00f3rzy \u015bwietnie bawili si\u0119 w naszej szkole. Przedstawiciele Szkolnego Ko\u0142a Wolontariatu przekazali im czapeczki ufundowane przez darczy\u0144c\u00f3w.<\/p>\n<p><a href=\"http:\/\/sp1stanislawdolny.edu.pl\/wp-content\/uploads\/2025\/05\/IMG-20250508-WA0001.jpg\"><img loading=\"lazy\" decoding=\"async\" class=\"alignnone size-thumbnail wp-image-11123\" src=\"http:\/\/sp1stanislawdolny.edu.pl\/wp-content\/uploads\/2025\/05\/IMG-20250508-WA0001-150x150.jpg\" alt=\"\" width=\"150\" height=\"150\"><\/a> <a href=\"http:\/\/sp1stanislawdolny.edu.pl\/wp-content\/uploads\/2025\/05\/IMG-20250508-WA0002.jpg\"><img loading=\"lazy\" decoding=\"async\" class=\"alignnone size-thumbnail wp-image-11124\" src=\"http:\/\/sp1stanislawdolny.edu.pl\/wp-content\/uploads\/2025\/05\/IMG-20250508-WA0002-150x150.jpg\" alt=\"\" width=\"150\" height=\"150\"><\/a> <a href=\"http:\/\/sp1stanislawdolny.edu.pl\/wp-content\/uploads\/2025\/05\/IMG-20250508-WA0003.jpg\"><img loading=\"lazy\" decoding=\"async\" class=\"alignnone size-thumbnail wp-image-11125\" src=\"http:\/\/sp1stanislawdolny.edu.pl\/wp-content\/uploads\/2025\/05\/IMG-20250508-WA0003-150x150.jpg\" alt=\"\" width=\"150\" height=\"150\"><\/a><\/p>\n<hr>\n<p><a href=\"http:\/\/sp1stanislawdolny.edu.pl\/wp-content\/uploads\/2025\/05\/IMG-20250428-WA0000.jpg\"><img loading=\"lazy\" decoding=\"async\" class=\"alignnone wp-image-11055 size-medium\" src=\"http:\/\/sp1stanislawdolny.edu.pl\/wp-content\/uploads\/2025\/05\/IMG-20250428-WA0000-300x169.jpg\" alt=\"\" width=\"300\" height=\"169\" srcset=\"http:\/\/sp1stanislawdolny.edu.pl\/wp-content\/uploads\/2025\/05\/IMG-20250428-WA0000-300x169.jpg 300w, http:\/\/sp1stanislawdolny.edu.pl\/wp-content\/uploads\/2025\/05\/IMG-20250428-WA0000-1024x576.jpg 1024w, http:\/\/sp1stanislawdolny.edu.pl\/wp-content\/uploads\/2025\/05\/IMG-20250428-WA0000-768x432.jpg 768w, http:\/\/sp1stanislawdolny.edu.pl\/wp-content\/uploads\/2025\/05\/IMG-20250428-WA0000-1536x864.jpg 1536w, http:\/\/sp1stanislawdolny.edu.pl\/wp-content\/uploads\/2025\/05\/IMG-20250428-WA0000-660x371.jpg 660w, http:\/\/sp1stanislawdolny.edu.pl\/wp-content\/uploads\/2025\/05\/IMG-20250428-WA0000.jpg 1600w\" sizes=\"auto, (max-width: 300px) 100vw, 300px\" \/><\/a><\/p>\n<hr>\n<p>Zbi\u00f3rka dar\u00f3w \u015bwi\u0105tecznych dla najbardziej potrzebuj\u0105cych mieszka\u0144c\u00f3w Stanis\u0142awia Dolnego i Zebrzydowic Bie\u0144kowic.<\/p>\n<p><a href=\"http:\/\/sp1stanislawdolny.edu.pl\/wp-content\/uploads\/2025\/05\/IMG-20250415-WA0002.jpg\"><img loading=\"lazy\" decoding=\"async\" class=\"alignnone size-thumbnail wp-image-11053\" src=\"http:\/\/sp1stanislawdolny.edu.pl\/wp-content\/uploads\/2025\/05\/IMG-20250415-WA0002-150x150.jpg\" alt=\"\" width=\"150\" height=\"150\"><\/a> <a href=\"http:\/\/sp1stanislawdolny.edu.pl\/wp-content\/uploads\/2025\/05\/IMG-20250415-WA0004.jpg\"><img loading=\"lazy\" decoding=\"async\" class=\"alignnone size-thumbnail wp-image-11054\" src=\"http:\/\/sp1stanislawdolny.edu.pl\/wp-content\/uploads\/2025\/05\/IMG-20250415-WA0004-150x150.jpg\" alt=\"\" width=\"150\" height=\"150\"><\/a><\/p>\n<hr>\n<p>Zbi\u00f3rka fant\u00f3w dla fundacji &#8222;Pom\u00f3c Wi\u0119cej&#8221;, przeznaczonych na licytacj\u0119 dla dw\u00f3jki chorych dzieci z naszej szko\u0142y.<\/p>\n<p><a href=\"http:\/\/sp1stanislawdolny.edu.pl\/wp-content\/uploads\/2025\/04\/IMG-20250407-WA0003.jpg\"><img loading=\"lazy\" decoding=\"async\" class=\"alignnone size-thumbnail wp-image-10894\" src=\"http:\/\/sp1stanislawdolny.edu.pl\/wp-content\/uploads\/2025\/04\/IMG-20250407-WA0003-150x150.jpg\" alt=\"\" width=\"150\" height=\"150\" srcset=\"http:\/\/sp1stanislawdolny.edu.pl\/wp-content\/uploads\/2025\/04\/IMG-20250407-WA0003-150x150.jpg 150w, http:\/\/sp1stanislawdolny.edu.pl\/wp-content\/uploads\/2025\/04\/IMG-20250407-WA0003-300x300.jpg 300w, http:\/\/sp1stanislawdolny.edu.pl\/wp-content\/uploads\/2025\/04\/IMG-20250407-WA0003-1024x1024.jpg 1024w, http:\/\/sp1stanislawdolny.edu.pl\/wp-content\/uploads\/2025\/04\/IMG-20250407-WA0003-768x768.jpg 768w, http:\/\/sp1stanislawdolny.edu.pl\/wp-content\/uploads\/2025\/04\/IMG-20250407-WA0003-1536x1536.jpg 1536w, http:\/\/sp1stanislawdolny.edu.pl\/wp-content\/uploads\/2025\/04\/IMG-20250407-WA0003-660x660.jpg 660w, http:\/\/sp1stanislawdolny.edu.pl\/wp-content\/uploads\/2025\/04\/IMG-20250407-WA0003.jpg 1600w\" sizes=\"auto, (max-width: 150px) 100vw, 150px\" \/><\/a> <a href=\"http:\/\/sp1stanislawdolny.edu.pl\/wp-content\/uploads\/2025\/04\/IMG-20250407-WA0002.jpg\"><img loading=\"lazy\" decoding=\"async\" class=\"alignnone size-thumbnail wp-image-10895\" src=\"http:\/\/sp1stanislawdolny.edu.pl\/wp-content\/uploads\/2025\/04\/IMG-20250407-WA0002-150x150.jpg\" alt=\"\" width=\"150\" height=\"150\" srcset=\"http:\/\/sp1stanislawdolny.edu.pl\/wp-content\/uploads\/2025\/04\/IMG-20250407-WA0002-150x150.jpg 150w, http:\/\/sp1stanislawdolny.edu.pl\/wp-content\/uploads\/2025\/04\/IMG-20250407-WA0002-300x300.jpg 300w, http:\/\/sp1stanislawdolny.edu.pl\/wp-content\/uploads\/2025\/04\/IMG-20250407-WA0002-1024x1024.jpg 1024w, http:\/\/sp1stanislawdolny.edu.pl\/wp-content\/uploads\/2025\/04\/IMG-20250407-WA0002-768x768.jpg 768w, http:\/\/sp1stanislawdolny.edu.pl\/wp-content\/uploads\/2025\/04\/IMG-20250407-WA0002-1536x1536.jpg 1536w, http:\/\/sp1stanislawdolny.edu.pl\/wp-content\/uploads\/2025\/04\/IMG-20250407-WA0002-660x660.jpg 660w, http:\/\/sp1stanislawdolny.edu.pl\/wp-content\/uploads\/2025\/04\/IMG-20250407-WA0002.jpg 1600w\" sizes=\"auto, (max-width: 150px) 100vw, 150px\" \/><\/a> <a href=\"http:\/\/sp1stanislawdolny.edu.pl\/wp-content\/uploads\/2025\/04\/IMG-20250407-WA0000.jpg\"><img loading=\"lazy\" decoding=\"async\" class=\"alignnone size-thumbnail wp-image-10896\" src=\"http:\/\/sp1stanislawdolny.edu.pl\/wp-content\/uploads\/2025\/04\/IMG-20250407-WA0000-150x150.jpg\" alt=\"\" width=\"150\" height=\"150\" srcset=\"http:\/\/sp1stanislawdolny.edu.pl\/wp-content\/uploads\/2025\/04\/IMG-20250407-WA0000-150x150.jpg 150w, http:\/\/sp1stanislawdolny.edu.pl\/wp-content\/uploads\/2025\/04\/IMG-20250407-WA0000-300x300.jpg 300w, http:\/\/sp1stanislawdolny.edu.pl\/wp-content\/uploads\/2025\/04\/IMG-20250407-WA0000-1024x1024.jpg 1024w, http:\/\/sp1stanislawdolny.edu.pl\/wp-content\/uploads\/2025\/04\/IMG-20250407-WA0000-768x768.jpg 768w, http:\/\/sp1stanislawdolny.edu.pl\/wp-content\/uploads\/2025\/04\/IMG-20250407-WA0000-1536x1536.jpg 1536w, http:\/\/sp1stanislawdolny.edu.pl\/wp-content\/uploads\/2025\/04\/IMG-20250407-WA0000-660x660.jpg 660w, http:\/\/sp1stanislawdolny.edu.pl\/wp-content\/uploads\/2025\/04\/IMG-20250407-WA0000.jpg 1600w\" sizes=\"auto, (max-width: 150px) 100vw, 150px\" \/><\/a> <a href=\"http:\/\/sp1stanislawdolny.edu.pl\/wp-content\/uploads\/2025\/04\/IMG-20250407-WA0001.jpg\"><img loading=\"lazy\" decoding=\"async\" class=\"alignnone size-thumbnail wp-image-10897\" src=\"http:\/\/sp1stanislawdolny.edu.pl\/wp-content\/uploads\/2025\/04\/IMG-20250407-WA0001-150x150.jpg\" alt=\"\" width=\"150\" height=\"150\" srcset=\"http:\/\/sp1stanislawdolny.edu.pl\/wp-content\/uploads\/2025\/04\/IMG-20250407-WA0001-150x150.jpg 150w, http:\/\/sp1stanislawdolny.edu.pl\/wp-content\/uploads\/2025\/04\/IMG-20250407-WA0001-300x300.jpg 300w, http:\/\/sp1stanislawdolny.edu.pl\/wp-content\/uploads\/2025\/04\/IMG-20250407-WA0001-1024x1024.jpg 1024w, http:\/\/sp1stanislawdolny.edu.pl\/wp-content\/uploads\/2025\/04\/IMG-20250407-WA0001-768x768.jpg 768w, http:\/\/sp1stanislawdolny.edu.pl\/wp-content\/uploads\/2025\/04\/IMG-20250407-WA0001-1536x1536.jpg 1536w, http:\/\/sp1stanislawdolny.edu.pl\/wp-content\/uploads\/2025\/04\/IMG-20250407-WA0001-660x660.jpg 660w, http:\/\/sp1stanislawdolny.edu.pl\/wp-content\/uploads\/2025\/04\/IMG-20250407-WA0001.jpg 1600w\" sizes=\"auto, (max-width: 150px) 100vw, 150px\" \/><\/a><\/p>\n<hr>\n<p><strong>Zbi\u00f3rka \u017cywno\u015bci CARITAS&nbsp;<\/strong><\/p>\n<p>W pi\u0105tek i sobot\u0119 (<strong>28 i 29 marca<\/strong>&nbsp;2025 roku) w sklepie Delikatesy Centrum w Barwa\u0142dzie G\u00f3rnym odby\u0142a si\u0119 <strong>26. zbi\u00f3rka \u017cywno\u015bci&nbsp;\u201eTak. Pomagam\u201d<\/strong> organizowana przez Caritas. W zbi\u00f3rce wzi\u0119li udzia\u0142 tak\u017ce wolontariusze z naszej szko\u0142y: Lena Kowalczyk (klasa IV), Maja G\u00f3ralczyk (klasa V), Martyna Faber (klasa V), Amelia Br\u00f3zda (klasa V), Zuzanna Mularczyk, Karol Sad\u0142o\u0144, Nikodem Faber (klasa VI), Ewa Zdziebko (klasa VII), Nikola Dziedzic (klasa VII), Karolina Mularczyk (klasa VIII), Aleksandra Guzdek (klasa VIII). &nbsp;<\/p>\n<p><a href=\"http:\/\/sp1stanislawdolny.edu.pl\/wp-content\/uploads\/2025\/03\/IMG_7584-scaled.jpeg\"><img loading=\"lazy\" decoding=\"async\" class=\"alignnone size-thumbnail wp-image-10702\" src=\"http:\/\/sp1stanislawdolny.edu.pl\/wp-content\/uploads\/2025\/03\/IMG_7584-150x150.jpeg\" alt=\"\" width=\"150\" height=\"150\"><\/a> <a href=\"http:\/\/sp1stanislawdolny.edu.pl\/wp-content\/uploads\/2025\/03\/93ff47dc7fa37cdb5b0d7658223884b9.jpeg\"><img loading=\"lazy\" decoding=\"async\" class=\"alignnone size-thumbnail wp-image-10701\" src=\"http:\/\/sp1stanislawdolny.edu.pl\/wp-content\/uploads\/2025\/03\/93ff47dc7fa37cdb5b0d7658223884b9-150x150.jpeg\" alt=\"\" width=\"150\" height=\"150\"><\/a><\/p>\n<hr>\n<p>Wykonanie 67 kartek walentynkowych dla pensjonariuszy DPS w Zebrzydowicach.<\/p>\n<p><a href=\"http:\/\/sp1stanislawdolny.edu.pl\/wp-content\/uploads\/2025\/02\/IMG-20250215-WA0000.jpg\"><img loading=\"lazy\" decoding=\"async\" class=\"alignnone size-thumbnail wp-image-10235\" src=\"http:\/\/sp1stanislawdolny.edu.pl\/wp-content\/uploads\/2025\/02\/IMG-20250215-WA0000-150x150.jpg\" alt=\"\" width=\"150\" height=\"150\"><\/a> <a href=\"http:\/\/sp1stanislawdolny.edu.pl\/wp-content\/uploads\/2025\/02\/IMG-20250215-WA0001.jpg\"><img loading=\"lazy\" decoding=\"async\" class=\"alignnone size-thumbnail wp-image-10236\" src=\"http:\/\/sp1stanislawdolny.edu.pl\/wp-content\/uploads\/2025\/02\/IMG-20250215-WA0001-150x150.jpg\" alt=\"\" width=\"150\" height=\"150\"><\/a> <a href=\"http:\/\/sp1stanislawdolny.edu.pl\/wp-content\/uploads\/2025\/02\/IMG-20250215-WA0002.jpg\"><img loading=\"lazy\" decoding=\"async\" class=\"alignnone size-thumbnail wp-image-10237\" src=\"http:\/\/sp1stanislawdolny.edu.pl\/wp-content\/uploads\/2025\/02\/IMG-20250215-WA0002-150x150.jpg\" alt=\"\" width=\"150\" height=\"150\"><\/a> <a href=\"http:\/\/sp1stanislawdolny.edu.pl\/wp-content\/uploads\/2025\/02\/IMG-20250215-WA0003.jpg\"><img loading=\"lazy\" decoding=\"async\" class=\"alignnone size-thumbnail wp-image-10238\" src=\"http:\/\/sp1stanislawdolny.edu.pl\/wp-content\/uploads\/2025\/02\/IMG-20250215-WA0003-150x150.jpg\" alt=\"\" width=\"150\" height=\"150\"><\/a> <a href=\"http:\/\/sp1stanislawdolny.edu.pl\/wp-content\/uploads\/2025\/02\/IMG-20250215-WA0004.jpg\"><img loading=\"lazy\" decoding=\"async\" class=\"alignnone size-thumbnail wp-image-10239\" src=\"http:\/\/sp1stanislawdolny.edu.pl\/wp-content\/uploads\/2025\/02\/IMG-20250215-WA0004-150x150.jpg\" alt=\"\" width=\"150\" height=\"150\"><\/a><\/p>\n<hr>\n<p>Zbi\u00f3rka \u017cywno\u015bci oraz kosmetyk\u00f3w dla najbardziej potrzebuj\u0105cych mieszka\u0144c\u00f3w Stanis\u0142awia Dolnego i Zebrzydowic Bie\u0144kowic oraz pensjonariuszy DPS w Zebrzydowicach<\/p>\n<p><a href=\"http:\/\/sp1stanislawdolny.edu.pl\/wp-content\/uploads\/2025\/01\/IMG-20250110-WA0000.jpg\"><img loading=\"lazy\" decoding=\"async\" class=\"alignnone size-thumbnail wp-image-10091\" src=\"http:\/\/sp1stanislawdolny.edu.pl\/wp-content\/uploads\/2025\/01\/IMG-20250110-WA0000-150x150.jpg\" alt=\"\" width=\"150\" height=\"150\"><\/a> <a href=\"http:\/\/sp1stanislawdolny.edu.pl\/wp-content\/uploads\/2025\/01\/IMG-20250110-WA0001.jpg\"><img loading=\"lazy\" decoding=\"async\" class=\"alignnone size-thumbnail wp-image-10092\" src=\"http:\/\/sp1stanislawdolny.edu.pl\/wp-content\/uploads\/2025\/01\/IMG-20250110-WA0001-150x150.jpg\" alt=\"\" width=\"150\" height=\"150\"><\/a> <a href=\"http:\/\/sp1stanislawdolny.edu.pl\/wp-content\/uploads\/2025\/01\/IMG-20250110-WA0002.jpg\"><img loading=\"lazy\" decoding=\"async\" class=\"alignnone size-thumbnail wp-image-10093\" src=\"http:\/\/sp1stanislawdolny.edu.pl\/wp-content\/uploads\/2025\/01\/IMG-20250110-WA0002-150x150.jpg\" alt=\"\" width=\"150\" height=\"150\"><\/a> <a href=\"http:\/\/sp1stanislawdolny.edu.pl\/wp-content\/uploads\/2025\/01\/IMG-20250110-WA0003.jpg\"><img loading=\"lazy\" decoding=\"async\" class=\"alignnone size-thumbnail wp-image-10094\" src=\"http:\/\/sp1stanislawdolny.edu.pl\/wp-content\/uploads\/2025\/01\/IMG-20250110-WA0003-150x150.jpg\" alt=\"\" width=\"150\" height=\"150\"><\/a><\/p>\n<hr>\n<p><strong>Zbi\u00f3rka \u017cywno\u015bci<\/strong> w sklepie Kropka we wsp\u00f3\u0142pracy z Caritas<\/p>\n<hr>\n<p>Miko\u0142ajkowa zbi\u00f3rka zabawek i kosmetyk\u00f3w dla dzieci z oddzia\u0142u onkologicznego szpitala w Krakowie<\/p>\n<p><a href=\"http:\/\/sp1stanislawdolny.edu.pl\/wp-content\/uploads\/2024\/12\/IMG-20241202-WA0003.jpg\"><img loading=\"lazy\" decoding=\"async\" class=\"alignnone size-thumbnail wp-image-9939\" src=\"http:\/\/sp1stanislawdolny.edu.pl\/wp-content\/uploads\/2024\/12\/IMG-20241202-WA0003-150x150.jpg\" alt=\"\" width=\"150\" height=\"150\"><\/a><a href=\"http:\/\/sp1stanislawdolny.edu.pl\/wp-content\/uploads\/2024\/12\/IMG-20241202-WA0004.jpg\"><img loading=\"lazy\" decoding=\"async\" class=\"alignnone size-thumbnail wp-image-9941\" src=\"http:\/\/sp1stanislawdolny.edu.pl\/wp-content\/uploads\/2024\/12\/IMG-20241202-WA0004-150x150.jpg\" alt=\"\" width=\"150\" height=\"150\"><\/a> <a href=\"http:\/\/sp1stanislawdolny.edu.pl\/wp-content\/uploads\/2024\/12\/IMG-20241202-WA0005.jpg\"><img loading=\"lazy\" decoding=\"async\" class=\"alignnone size-thumbnail wp-image-9942\" src=\"http:\/\/sp1stanislawdolny.edu.pl\/wp-content\/uploads\/2024\/12\/IMG-20241202-WA0005-150x150.jpg\" alt=\"\" width=\"150\" height=\"150\"><\/a><\/p>\n<hr>\n<p>Miko\u0142ajkowa <strong>zbi\u00f3rka s\u0142odyczy<\/strong> dla dzieci z ma\u0142opolskich i podkarpackich dom\u00f3w dziecka<\/p>\n<p><a href=\"http:\/\/sp1stanislawdolny.edu.pl\/wp-content\/uploads\/2024\/12\/IMG-20241202-WA0002.jpg\"><img loading=\"lazy\" decoding=\"async\" class=\"alignnone size-thumbnail wp-image-9938\" src=\"http:\/\/sp1stanislawdolny.edu.pl\/wp-content\/uploads\/2024\/12\/IMG-20241202-WA0002-150x150.jpg\" alt=\"\" width=\"150\" height=\"150\"><\/a><a href=\"http:\/\/sp1stanislawdolny.edu.pl\/wp-content\/uploads\/2024\/12\/IMG-20241202-WA0001.jpg\"><img loading=\"lazy\" decoding=\"async\" class=\"alignnone size-thumbnail wp-image-9940\" src=\"http:\/\/sp1stanislawdolny.edu.pl\/wp-content\/uploads\/2024\/12\/IMG-20241202-WA0001-150x150.jpg\" alt=\"\" width=\"150\" height=\"150\"><\/a><\/p>\n<hr>\n<p>Udzia\u0142 wolontariuszek w andrzejkach organizowanych przez DPS w Zebrzydowicach<\/p>\n<p><a href=\"http:\/\/sp1stanislawdolny.edu.pl\/wp-content\/uploads\/2024\/12\/IMG-20241202-WA0006.jpg\"><img loading=\"lazy\" decoding=\"async\" class=\"alignnone size-thumbnail wp-image-9934\" src=\"http:\/\/sp1stanislawdolny.edu.pl\/wp-content\/uploads\/2024\/12\/IMG-20241202-WA0006-150x150.jpg\" alt=\"\" width=\"150\" height=\"150\"><\/a> <a href=\"http:\/\/sp1stanislawdolny.edu.pl\/wp-content\/uploads\/2024\/12\/IMG-20241202-WA0007.jpg\"><img loading=\"lazy\" decoding=\"async\" class=\"alignnone size-thumbnail wp-image-9935\" src=\"http:\/\/sp1stanislawdolny.edu.pl\/wp-content\/uploads\/2024\/12\/IMG-20241202-WA0007-150x150.jpg\" alt=\"\" width=\"150\" height=\"150\"><\/a> <a href=\"http:\/\/sp1stanislawdolny.edu.pl\/wp-content\/uploads\/2024\/12\/IMG-20241202-WA0008.jpg\"><img loading=\"lazy\" decoding=\"async\" class=\"alignnone size-thumbnail wp-image-9936\" src=\"http:\/\/sp1stanislawdolny.edu.pl\/wp-content\/uploads\/2024\/12\/IMG-20241202-WA0008-150x150.jpg\" alt=\"\" width=\"150\" height=\"150\"><\/a> <a href=\"http:\/\/sp1stanislawdolny.edu.pl\/wp-content\/uploads\/2024\/12\/IMG-20241202-WA0009.jpg\"><img loading=\"lazy\" decoding=\"async\" class=\"alignnone size-thumbnail wp-image-9937\" src=\"http:\/\/sp1stanislawdolny.edu.pl\/wp-content\/uploads\/2024\/12\/IMG-20241202-WA0009-150x150.jpg\" alt=\"\" width=\"150\" height=\"150\"><\/a><\/p>\n<hr>\n<p><strong>Kwesta przy ko\u015bciele z okazji \u015awiatowego Dnia Ubogich<br \/>\n<\/strong><\/p>\n<hr>\n<p><strong>Kwesta przy ko\u015bciele na fundacj\u0119 Dzie\u0142o Nowego Tysi\u0105clecia<\/strong><\/p>\n<hr>\n<p><strong>Zbi\u00f3rka karmy dla schroniska<\/strong><\/p>\n<p>Tegoroczna zbi\u00f3rka dar\u00f3w dla Bezdomnych Zwierz\u0105t z Krakowskiego Schroniska przy ulicy Rybnej dobieg\u0142a ko\u0144ca. Wsp\u00f3lnymi si\u0142ami uda\u0142o nam si\u0119 zebra\u0107 58,985kg karmy dla zwierz\u0105t.<\/p>\n<p><a href=\"http:\/\/sp1stanislawdolny.edu.pl\/wp-content\/uploads\/2024\/11\/IMG-20241029-WA0000.jpg\"><img loading=\"lazy\" decoding=\"async\" class=\"alignnone size-thumbnail wp-image-9785\" src=\"http:\/\/sp1stanislawdolny.edu.pl\/wp-content\/uploads\/2024\/11\/IMG-20241029-WA0000-150x150.jpg\" alt=\"\" width=\"150\" height=\"150\"><\/a><a href=\"http:\/\/sp1stanislawdolny.edu.pl\/wp-content\/uploads\/2024\/11\/IMG_4859-scaled.jpeg\"><img loading=\"lazy\" decoding=\"async\" class=\"alignnone size-thumbnail wp-image-9799\" src=\"http:\/\/sp1stanislawdolny.edu.pl\/wp-content\/uploads\/2024\/11\/IMG_4859-150x150.jpeg\" alt=\"\" width=\"150\" height=\"150\"><\/a><a href=\"http:\/\/sp1stanislawdolny.edu.pl\/wp-content\/uploads\/2024\/11\/IMG_4861-scaled.jpeg\"><img loading=\"lazy\" decoding=\"async\" class=\"alignnone size-thumbnail wp-image-9798\" src=\"http:\/\/sp1stanislawdolny.edu.pl\/wp-content\/uploads\/2024\/11\/IMG_4861-150x150.jpeg\" alt=\"\" width=\"150\" height=\"150\"><\/a><\/p>\n<hr>\n<p>W ramach konkursu Odblaskowa Szko\u0142a &#8211; <strong>rozdawanie ulotek i odblask\u00f3w seniorom<\/strong><\/p>\n<p><a href=\"http:\/\/sp1stanislawdolny.edu.pl\/wp-content\/uploads\/2024\/10\/IMG-20241029-WA0002.jpg\"><img loading=\"lazy\" decoding=\"async\" class=\"alignnone size-thumbnail wp-image-9724\" src=\"http:\/\/sp1stanislawdolny.edu.pl\/wp-content\/uploads\/2024\/10\/IMG-20241029-WA0002-150x150.jpg\" alt=\"\" width=\"150\" height=\"150\"><\/a> <a href=\"http:\/\/sp1stanislawdolny.edu.pl\/wp-content\/uploads\/2024\/10\/IMG-20241029-WA0001.jpg\"><img loading=\"lazy\" decoding=\"async\" class=\"alignnone size-thumbnail wp-image-9723\" src=\"http:\/\/sp1stanislawdolny.edu.pl\/wp-content\/uploads\/2024\/10\/IMG-20241029-WA0001-150x150.jpg\" alt=\"\" width=\"150\" height=\"150\"><\/a><\/p>\n<hr>\n<p><strong>Dzie\u0144 G\u0142o\u015bnego Czytania<\/strong> w przedszkolu i bibliotece<\/p>\n<p><a href=\"http:\/\/sp1stanislawdolny.edu.pl\/wp-content\/uploads\/2024\/10\/IMG-20240930-WA0012.jpg\"><img loading=\"lazy\" decoding=\"async\" class=\"alignnone size-thumbnail wp-image-9602\" src=\"http:\/\/sp1stanislawdolny.edu.pl\/wp-content\/uploads\/2024\/10\/IMG-20240930-WA0012-150x150.jpg\" alt=\"\" width=\"150\" height=\"150\"><\/a> <a href=\"http:\/\/sp1stanislawdolny.edu.pl\/wp-content\/uploads\/2024\/10\/IMG-20240930-WA0013.jpg\"><img loading=\"lazy\" decoding=\"async\" class=\"alignnone size-thumbnail wp-image-9603\" src=\"http:\/\/sp1stanislawdolny.edu.pl\/wp-content\/uploads\/2024\/10\/IMG-20240930-WA0013-150x150.jpg\" alt=\"\" width=\"150\" height=\"150\"><\/a><\/p>\n<hr>\n<p><strong>Zbi\u00f3rka dar\u00f3w dla powodzian<\/strong>, kt\u00f3rym woda zabra\u0142a wszystko. Zbierali\u015bmy wod\u0119 pitn\u0105, \u017cywno\u015b\u0107 paczkowan\u0105 o d\u0142ugim terminie przydatno\u015bci, koce, r\u0119czniki, \u015bpiwory, latarki i baterie, karm\u0119 dla zwierz\u0105t, \u015brodki dezynfekcyjne i higieniczne. Bardzo dzi\u0119kujemy wszystkim darczy\u0144com za liczne w\u0142\u0105czenie si\u0119 w zbi\u00f3rk\u0119.<\/p>\n<p><a href=\"http:\/\/sp1stanislawdolny.edu.pl\/wp-content\/uploads\/2024\/09\/IMG-20240921-WA0000.jpg\"><img loading=\"lazy\" decoding=\"async\" class=\"alignnone size-thumbnail wp-image-9582\" src=\"http:\/\/sp1stanislawdolny.edu.pl\/wp-content\/uploads\/2024\/09\/IMG-20240921-WA0000-150x150.jpg\" alt=\"\" width=\"150\" height=\"150\"><\/a> <a href=\"http:\/\/sp1stanislawdolny.edu.pl\/wp-content\/uploads\/2024\/09\/IMG-20240921-WA0001.jpg\"><img loading=\"lazy\" decoding=\"async\" class=\"alignnone size-thumbnail wp-image-9583\" src=\"http:\/\/sp1stanislawdolny.edu.pl\/wp-content\/uploads\/2024\/09\/IMG-20240921-WA0001-150x150.jpg\" alt=\"\" width=\"150\" height=\"150\"><\/a> <a href=\"http:\/\/sp1stanislawdolny.edu.pl\/wp-content\/uploads\/2024\/09\/IMG-20240921-WA0002.jpg\"><img loading=\"lazy\" decoding=\"async\" class=\"alignnone size-thumbnail wp-image-9584\" src=\"http:\/\/sp1stanislawdolny.edu.pl\/wp-content\/uploads\/2024\/09\/IMG-20240921-WA0002-150x150.jpg\" alt=\"\" width=\"150\" height=\"150\"><\/a> <a href=\"http:\/\/sp1stanislawdolny.edu.pl\/wp-content\/uploads\/2024\/09\/IMG-20240921-WA0003.jpg\"><img loading=\"lazy\" decoding=\"async\" class=\"alignnone size-thumbnail wp-image-9585\" src=\"http:\/\/sp1stanislawdolny.edu.pl\/wp-content\/uploads\/2024\/09\/IMG-20240921-WA0003-150x150.jpg\" alt=\"\" width=\"150\" height=\"150\"><\/a><\/p>\n","protected":false},"excerpt":{"rendered":"<p>Akcje wolontariuszy prowadzone w roku szkolnym 2024\/2025 &nbsp; Podsumowanie tegorocznej Kwesty Wielkopostnej na rzecz dzieci Podczas XX Mi\u0119dzyszkolnego Konkursu Wiedzy o \u015bw. Janie Pawle II odwiedzili nas uczestnicy WTZ, kt\u00f3rzy \u015bwietnie bawili si\u0119 w naszej szkole. Przedstawiciele Szkolnego Ko\u0142a Wolontariatu przekazali im czapeczki ufundowane przez darczy\u0144c\u00f3w. Zbi\u00f3rka dar\u00f3w \u015bwi\u0105tecznych dla najbardziej potrzebuj\u0105cych mieszka\u0144c\u00f3w Stanis\u0142awia Dolnego\u2026 <span class=\"read-more\"><a href=\"http:\/\/sp1stanislawdolny.edu.pl\/index.php\/2024-2025\/\">Dowiedz si\u0119 wi\u0119cej &raquo;<\/a><\/span><\/p>\n","protected":false},"author":1,"featured_media":0,"parent":0,"menu_order":0,"comment_status":"closed","ping_status":"closed","template":"","meta":{"ngg_post_thumbnail":0,"footnotes":""},"class_list":["post-9542","page","type-page","status-publish","hentry"],"_links":{"self":[{"href":"http:\/\/sp1stanislawdolny.edu.pl\/index.php\/wp-json\/wp\/v2\/pages\/9542","targetHints":{"allow":["GET"]}}],"collection":[{"href":"http:\/\/sp1stanislawdolny.edu.pl\/index.php\/wp-json\/wp\/v2\/pages"}],"about":[{"href":"http:\/\/sp1stanislawdolny.edu.pl\/index.php\/wp-json\/wp\/v2\/types\/page"}],"author":[{"embeddable":true,"href":"http:\/\/sp1stanislawdolny.edu.pl\/index.php\/wp-json\/wp\/v2\/users\/1"}],"replies":[{"embeddable":true,"href":"http:\/\/sp1stanislawdolny.edu.pl\/index.php\/wp-json\/wp\/v2\/comments?post=9542"}],"version-history":[{"count":18,"href":"http:\/\/sp1stanislawdolny.edu.pl\/index.php\/wp-json\/wp\/v2\/pages\/9542\/revisions"}],"predecessor-version":[{"id":11168,"href":"http:\/\/sp1stanislawdolny.edu.pl\/index.php\/wp-json\/wp\/v2\/pages\/9542\/revisions\/11168"}],"wp:attachment":[{"href":"http:\/\/sp1stanislawdolny.edu.pl\/index.php\/wp-json\/wp\/v2\/media?parent=9542"}],"curies":[{"name":"wp","href":"https:\/\/api.w.org\/{rel}","templated":true}]}}