{"id":8834,"date":"2024-01-21T09:20:50","date_gmt":"2024-01-21T09:20:50","guid":{"rendered":"http:\/\/sp1stanislawdolny.edu.pl\/?page_id=8834"},"modified":"2025-06-05T15:00:53","modified_gmt":"2025-06-05T15:00:53","slug":"aktywna-tablicz","status":"publish","type":"page","link":"http:\/\/sp1stanislawdolny.edu.pl\/index.php\/aktywna-tablicz\/","title":{"rendered":"Aktywna Tablica"},"content":{"rendered":"<p>Nasza szko\u0142a przyst\u0105pi\u0142a do programu rozwijania szkolnej infrastruktury oraz kompetencji uczni\u00f3w i nauczycieli w zakresie technologii informacyjno-komunikacyjnych pt. \u201eAktywna Tablica- edycja 2023\u201d i dzi\u0119ki temu pozyska\u0142a <strong>dofinansowanie w &nbsp;wysoko\u015bci 22 739 z\u0142 , z czego 18&nbsp;191,60 z\u0142 <\/strong>&nbsp;zosta\u0142o dofinansowane z programu. Pozosta\u0142a kwota, tj.<strong>4547,90<\/strong> z\u0142, to wk\u0142ad w\u0142asny.<\/p>\n<p><strong>Za kwot\u0119 22 739 z\u0142otych<\/strong>&nbsp; z<strong>akupiono:<\/strong><\/p>\n<p><strong>&#8211; pomoce dydaktyczne<\/strong> do terapii psychoneurologicznej dla uczni\u00f3w z zaburzeniami uwagi i koncentracji,&nbsp; z niepe\u0142nosprawno\u015bci\u0105&nbsp; intelektualn\u0105&nbsp; oraz&nbsp; dla uczni\u00f3w z zaburzeniami proces\u00f3w uczenia si\u0119, w tym z dysleksj\u0105, dyskalkuli\u0105,<\/p>\n<p><strong>&nbsp;&#8211; <\/strong><strong>pomoce dydaktyczne <\/strong>do terapii proces\u00f3w komunikacji, w tym zaburze\u0144 przetwarzania s\u0142uchowego, dla uczni\u00f3w z centralnymi zaburzeniami s\u0142uchu, s\u0142abos\u0142ysz\u0105cych, z zaburzeniami koncentracji i uwagi, w tym z ADHD, ADD, autyzmem tj.:<\/p>\n<ol>\n<li>Funfloor \u2013 urz\u0105dzenie ze specjalistycznym oprogramowaniem<\/li>\n<li>Pakiet &#8211; specjalistyczne oprogramowanie -Rewalidacja i Terapia do FunFloor<\/li>\n<li>Photon Modu\u0142 SPE: Pakiet Spo\u0142eczno-Emocjonalny<\/li>\n<li>Photon Modu\u0142 Specjalne Potrzeby Edukacyjne (SPE) &#8211; zestaw rozszerzony<\/li>\n<li>Program multimedialny: AUTYZM. Tworzenie umiej\u0119tno\u015bci \u017cyciowych(z tabletem) mTalent.<\/li>\n<\/ol>\n<p>Wszystkie pomoce wykorzystywane s\u0105 w bie\u017c\u0105cej pracy z uczniami ze specjalnymi potrzebami edukacyjnym oraz w trakcie m.in. zaj\u0119\u0107 rewalidacyjnych, dydaktyczno- wyr\u00f3wnawczych, czy specjalistycznych.<\/p>\n<p><a href=\"http:\/\/sp1stanislawdolny.edu.pl\/wp-content\/uploads\/2025\/06\/att.x5UXFwU0vGeT2wya7GsPG70eBtB0CmmDWISTbCsbg_o.jpg\"><img loading=\"lazy\" decoding=\"async\" class=\"alignnone size-thumbnail wp-image-11394\" src=\"http:\/\/sp1stanislawdolny.edu.pl\/wp-content\/uploads\/2025\/06\/att.x5UXFwU0vGeT2wya7GsPG70eBtB0CmmDWISTbCsbg_o-150x150.jpg\" alt=\"\" width=\"150\" height=\"150\"><\/a> <a href=\"http:\/\/sp1stanislawdolny.edu.pl\/wp-content\/uploads\/2025\/06\/IMG_2743.jpg\"><img loading=\"lazy\" decoding=\"async\" class=\"alignnone size-thumbnail wp-image-11395\" src=\"http:\/\/sp1stanislawdolny.edu.pl\/wp-content\/uploads\/2025\/06\/IMG_2743-150x150.jpg\" alt=\"\" width=\"150\" height=\"150\"><\/a> <a href=\"http:\/\/sp1stanislawdolny.edu.pl\/wp-content\/uploads\/2025\/06\/IMG_2744-rotated.jpg\"><img loading=\"lazy\" decoding=\"async\" class=\"alignnone size-thumbnail wp-image-11396\" src=\"http:\/\/sp1stanislawdolny.edu.pl\/wp-content\/uploads\/2025\/06\/IMG_2744-150x150.jpg\" alt=\"\" width=\"150\" height=\"150\"><\/a><\/p>\n<p><a href=\"http:\/\/sp1stanislawdolny.edu.pl\/wp-content\/uploads\/2024\/01\/received_408538214905134.jpeg\"><img loading=\"lazy\" decoding=\"async\" class=\"alignnone size-thumbnail wp-image-8830\" src=\"http:\/\/sp1stanislawdolny.edu.pl\/wp-content\/uploads\/2024\/01\/received_408538214905134-150x150.jpeg\" alt=\"\" width=\"150\" height=\"150\"><\/a> <a href=\"http:\/\/sp1stanislawdolny.edu.pl\/wp-content\/uploads\/2024\/01\/received_1018094535932733.jpeg\"><img loading=\"lazy\" decoding=\"async\" class=\"alignnone size-thumbnail wp-image-8831\" src=\"http:\/\/sp1stanislawdolny.edu.pl\/wp-content\/uploads\/2024\/01\/received_1018094535932733-150x150.jpeg\" alt=\"\" width=\"150\" height=\"150\"><\/a> <a href=\"http:\/\/sp1stanislawdolny.edu.pl\/wp-content\/uploads\/2024\/01\/received_7391087340921753.jpeg\"><img loading=\"lazy\" decoding=\"async\" class=\"alignnone size-thumbnail wp-image-8832\" src=\"http:\/\/sp1stanislawdolny.edu.pl\/wp-content\/uploads\/2024\/01\/received_7391087340921753-150x150.jpeg\" alt=\"\" width=\"150\" height=\"150\"><\/a><a href=\"http:\/\/sp1stanislawdolny.edu.pl\/wp-content\/uploads\/2024\/08\/Messenger_creation_5ca8aeec-f66d-4ac7-a15a-389158858a0a.jpeg\"><img loading=\"lazy\" decoding=\"async\" class=\"alignnone size-thumbnail wp-image-9444\" src=\"http:\/\/sp1stanislawdolny.edu.pl\/wp-content\/uploads\/2024\/08\/Messenger_creation_5ca8aeec-f66d-4ac7-a15a-389158858a0a-150x150.jpeg\" alt=\"\" width=\"150\" height=\"150\"><\/a><a href=\"http:\/\/sp1stanislawdolny.edu.pl\/wp-content\/uploads\/2024\/08\/Messenger_creation_6a449fb4-3347-41fc-badb-e5a33de9452b.jpeg\"><img loading=\"lazy\" decoding=\"async\" class=\"alignnone size-thumbnail wp-image-9445\" src=\"http:\/\/sp1stanislawdolny.edu.pl\/wp-content\/uploads\/2024\/08\/Messenger_creation_6a449fb4-3347-41fc-badb-e5a33de9452b-150x150.jpeg\" alt=\"\" width=\"150\" height=\"150\"><\/a><a href=\"http:\/\/sp1stanislawdolny.edu.pl\/wp-content\/uploads\/2024\/08\/Messenger_creation_7e44d69a-0f15-419a-8764-549b37feda14.jpeg\"><img loading=\"lazy\" decoding=\"async\" class=\"alignnone size-thumbnail wp-image-9446\" src=\"http:\/\/sp1stanislawdolny.edu.pl\/wp-content\/uploads\/2024\/08\/Messenger_creation_7e44d69a-0f15-419a-8764-549b37feda14-150x150.jpeg\" alt=\"\" width=\"150\" height=\"150\"><\/a><a href=\"http:\/\/sp1stanislawdolny.edu.pl\/wp-content\/uploads\/2024\/08\/Messenger_creation_35bc5ad3-a621-4ae1-92ab-b249ced26d69.jpeg\"><img loading=\"lazy\" decoding=\"async\" class=\"alignnone size-thumbnail wp-image-9447\" src=\"http:\/\/sp1stanislawdolny.edu.pl\/wp-content\/uploads\/2024\/08\/Messenger_creation_35bc5ad3-a621-4ae1-92ab-b249ced26d69-150x150.jpeg\" alt=\"\" width=\"150\" height=\"150\"><\/a><a href=\"http:\/\/sp1stanislawdolny.edu.pl\/wp-content\/uploads\/2024\/08\/Messenger_creation_374fcc01-0278-48a5-be07-8b619aa971af.jpeg\"><img loading=\"lazy\" decoding=\"async\" class=\"alignnone size-thumbnail wp-image-9448\" src=\"http:\/\/sp1stanislawdolny.edu.pl\/wp-content\/uploads\/2024\/08\/Messenger_creation_374fcc01-0278-48a5-be07-8b619aa971af-150x150.jpeg\" alt=\"\" width=\"150\" height=\"150\"><\/a><a href=\"http:\/\/sp1stanislawdolny.edu.pl\/wp-content\/uploads\/2024\/08\/Messenger_creation_678f1b7b-d8a6-4eff-a48f-3bde9fc54d93.jpeg\"><img loading=\"lazy\" decoding=\"async\" class=\"alignnone size-thumbnail wp-image-9449\" src=\"http:\/\/sp1stanislawdolny.edu.pl\/wp-content\/uploads\/2024\/08\/Messenger_creation_678f1b7b-d8a6-4eff-a48f-3bde9fc54d93-150x150.jpeg\" alt=\"\" width=\"150\" height=\"150\"><\/a><a href=\"http:\/\/sp1stanislawdolny.edu.pl\/wp-content\/uploads\/2024\/08\/Messenger_creation_95409d68-fcb1-4d65-86d1-9d10c4d90050.jpeg\"><img loading=\"lazy\" decoding=\"async\" class=\"alignnone size-thumbnail wp-image-9450\" src=\"http:\/\/sp1stanislawdolny.edu.pl\/wp-content\/uploads\/2024\/08\/Messenger_creation_95409d68-fcb1-4d65-86d1-9d10c4d90050-150x150.jpeg\" alt=\"\" width=\"150\" height=\"150\"><\/a><a href=\"http:\/\/sp1stanislawdolny.edu.pl\/wp-content\/uploads\/2024\/08\/Messenger_creation_a9ef846e-1158-4034-b12d-fae61b0b2987.jpeg\"><img loading=\"lazy\" decoding=\"async\" class=\"alignnone size-thumbnail wp-image-9451\" src=\"http:\/\/sp1stanislawdolny.edu.pl\/wp-content\/uploads\/2024\/08\/Messenger_creation_a9ef846e-1158-4034-b12d-fae61b0b2987-150x150.jpeg\" alt=\"\" width=\"150\" height=\"150\"><\/a><\/p>\n<hr>\n<p style=\"text-align: center;\"><strong>MI\u0118DZYSZKOLNA SIE\u0106 WSP\u00d3\u0141PRACY NAUCZYCIELI<\/strong><\/p>\n<p style=\"text-align: center;\"><a href=\"http:\/\/sp1stanislawdolny.edu.pl\/wp-content\/uploads\/2025\/02\/POROZUMIENIE-I-HARMONOGRAM-AKTYWNA-TABLICA.pdf\" target=\"_blank\" rel=\"noopener\">POROZUMIENIE I HARMONOGRAM<\/a><\/p>\n<p style=\"text-align: center;\"><a href=\"http:\/\/sp1stanislawdolny.edu.pl\/wp-content\/uploads\/2024\/08\/POROZUMIENIE-HARMONOGRAM-SPRAWOZDANIE-1.pdf\" target=\"_blank\" rel=\"noopener\">POROZUMIENIE HARMONOGRAM SPRAWOZDANIE<\/a><\/p>\n<p><a href=\"http:\/\/sp1stanislawdolny.edu.pl\/wp-content\/uploads\/2025\/06\/Zajecia-otwarte-SP-nr-1-w-Stanislawiu-Dolnym-zajecia-rewalidacyjne-AKTYWNA-TABLICA.pdf\">Zaje\u0328cia otwarte SP nr 1 w Stanis\u0142awiu Dolnym- zaje\u0328cia rewalidacyjne AKTYWNA TABLICA<\/a><\/p>\n<p><a href=\"http:\/\/sp1stanislawdolny.edu.pl\/wp-content\/uploads\/2024\/09\/Zajecia-otwarte-SP-nr-1-w-Stanslawiu-Dolnym-zajecia-rewalidacyjne-AKTYWNA-TABLICA.-PDF.pdf\" target=\"_blank\" rel=\"noopener\">Zaje\u0328cia otwarte SP nr 1 w Stans\u0142awiu Dolnym- zaje\u0328cia rewalidacyjne AKTYWNA TABLICA<\/a><\/p>\n<p><a href=\"http:\/\/sp1stanislawdolny.edu.pl\/wp-content\/uploads\/2024\/09\/Zajecia-otwarte-SP-nr-1-w-Stanslawiu-Dolnym-zajecia-rewalidacyjne-AKTYWNA-TABLICA.-.pdf\" target=\"_blank\" rel=\"noopener\">Zaje\u0328cia otwarte SP nr 1 w Stans\u0142awiu Dolnym- zaje\u0328cia rewalidacyjne AKTYWNA TABLICA<\/a><\/p>\n<p><a href=\"http:\/\/sp1stanislawdolny.edu.pl\/wp-content\/uploads\/2024\/08\/Zajecia-otwarte-MZS-6-w-Gorlicach-zajecia-profilaktyczne-AKTYWNA-TABLICA.pdf\" target=\"_blank\" rel=\"noopener\">Zaj\u0119cia otwarte MZS 6 w Gorlicach &#8211; zaj\u0119cia profilaktyczne AKTYWNA TABLICA<\/a><\/p>\n<p><a href=\"http:\/\/sp1stanislawdolny.edu.pl\/wp-content\/uploads\/2024\/08\/Zajecia-otwarte-MZS-6-w-Gorlicach-zajecia-logopedyczne-AKTYWNA-TABLICA.pdf\" target=\"_blank\" rel=\"noopener\">Zaj\u0119cia otwarte MZS 6 w Gorlicach &#8211; zaj\u0119cia logopedyczne AKTYWNA TABLICA<\/a><\/p>\n","protected":false},"excerpt":{"rendered":"<p>Nasza szko\u0142a przyst\u0105pi\u0142a do programu rozwijania szkolnej infrastruktury oraz kompetencji uczni\u00f3w i nauczycieli w zakresie technologii informacyjno-komunikacyjnych pt. \u201eAktywna Tablica- edycja 2023\u201d i dzi\u0119ki temu pozyska\u0142a dofinansowanie w &nbsp;wysoko\u015bci 22 739 z\u0142 , z czego 18&nbsp;191,60 z\u0142 &nbsp;zosta\u0142o dofinansowane z programu. Pozosta\u0142a kwota, tj.4547,90 z\u0142, to wk\u0142ad w\u0142asny. Za kwot\u0119 22 739 z\u0142otych&nbsp; zakupiono: &#8211;\u2026 <span class=\"read-more\"><a href=\"http:\/\/sp1stanislawdolny.edu.pl\/index.php\/aktywna-tablicz\/\">Dowiedz si\u0119 wi\u0119cej &raquo;<\/a><\/span><\/p>\n","protected":false},"author":1,"featured_media":0,"parent":0,"menu_order":0,"comment_status":"closed","ping_status":"closed","template":"","meta":{"ngg_post_thumbnail":0,"footnotes":""},"class_list":["post-8834","page","type-page","status-publish","hentry"],"_links":{"self":[{"href":"http:\/\/sp1stanislawdolny.edu.pl\/index.php\/wp-json\/wp\/v2\/pages\/8834","targetHints":{"allow":["GET"]}}],"collection":[{"href":"http:\/\/sp1stanislawdolny.edu.pl\/index.php\/wp-json\/wp\/v2\/pages"}],"about":[{"href":"http:\/\/sp1stanislawdolny.edu.pl\/index.php\/wp-json\/wp\/v2\/types\/page"}],"author":[{"embeddable":true,"href":"http:\/\/sp1stanislawdolny.edu.pl\/index.php\/wp-json\/wp\/v2\/users\/1"}],"replies":[{"embeddable":true,"href":"http:\/\/sp1stanislawdolny.edu.pl\/index.php\/wp-json\/wp\/v2\/comments?post=8834"}],"version-history":[{"count":10,"href":"http:\/\/sp1stanislawdolny.edu.pl\/index.php\/wp-json\/wp\/v2\/pages\/8834\/revisions"}],"predecessor-version":[{"id":11397,"href":"http:\/\/sp1stanislawdolny.edu.pl\/index.php\/wp-json\/wp\/v2\/pages\/8834\/revisions\/11397"}],"wp:attachment":[{"href":"http:\/\/sp1stanislawdolny.edu.pl\/index.php\/wp-json\/wp\/v2\/media?parent=8834"}],"curies":[{"name":"wp","href":"https:\/\/api.w.org\/{rel}","templated":true}]}}