{"id":88,"date":"2020-02-01T13:56:37","date_gmt":"2020-02-01T13:56:37","guid":{"rendered":"http:\/\/sp1stanislawdolny.edu.pl\/?page_id=88"},"modified":"2025-06-05T18:32:18","modified_gmt":"2025-06-05T18:32:18","slug":"polityka-prywatnosci","status":"publish","type":"page","link":"http:\/\/sp1stanislawdolny.edu.pl\/index.php\/polityka-prywatnosci\/","title":{"rendered":"RODO"},"content":{"rendered":"<p style=\"text-align: center;\"><span style=\"color: #0000ff; font-size: 18pt;\">Ochrona danych osobowych<\/span><\/p>\n<hr>\n<p><strong>Inspektor ochrony danych<\/strong><\/p>\n<p>Zgodnie z&nbsp;Rozporz\u0105dzeniem Parlamentu Europejskiego I&nbsp;Rady (UE) 2016\/679 z&nbsp;dnia 27&nbsp;kwietnia 2016 r. w sprawie ochrony os\u00f3b fizycznych w zwi\u0105zku z&nbsp;przetwarzaniem danych osobowych i&nbsp;w sprawie swobodnego przep\u0142ywu takich danych oraz ustaw\u0105 z&nbsp;dnia 29&nbsp;sierpnia 1997 r. o&nbsp;ochronie danych osobowych (z dalszymi zmianami),<\/p>\n<p><strong>Od 1 stycznia&nbsp; 2025 r. wszelkich informacji odno\u015bnie ochrony danych w <\/strong>Szkole Podstawowej nr 1 im. Jana Paw\u0142a II w Stanis\u0142awiu Dolnym, Stanis\u0142aw Dolny 256, 34-130 Kalwaria Zebrzydowska <strong>udziela Inspektor Ochrony Danych:<\/strong><\/p>\n<p>Konrad Janko\u015b<br \/>\n<strong>Adres do korespondencji : e-mai: <a href=\"mailto:iod@sutor.com.pl\">iod@<\/a>pq.net.pl<\/strong><\/p>\n<p><a href=\"http:\/\/sp1stanislawdolny.edu.pl\/wp-content\/uploads\/2025\/06\/Klauzula-Informacyjna-Rodo.pdf\" target=\"_blank\" rel=\"noopener\">Klauzula-Informacyjna<\/a><\/p>\n<p><a href=\"http:\/\/sp1stanislawdolny.edu.pl\/wp-content\/uploads\/2025\/06\/Inofrmacja-RODO-dla-rodzicow-i-opiekunow-dzieci-uczniow.pdf\" target=\"_blank\" rel=\"noopener\">Informacja RODO dla rodzic\u00f3w i opiekun\u00f3w dzieci uczni\u00f3w<\/a><\/p>\n<p><a href=\"http:\/\/sp1stanislawdolny.edu.pl\/wp-content\/uploads\/2025\/06\/Informacja-RODO-dla-pozostalych-osob-ktorych-dane-przetwarza-jednostka.pdf\" target=\"_blank\" rel=\"noopener\">Informacja RODO &#8211; dla pozosta\u0142ych os\u00f3b, kt\u00f3rych dane przetwarza jednostka<\/a><\/p>\n<p><a href=\"http:\/\/sp1stanislawdolny.edu.pl\/wp-content\/uploads\/2025\/06\/Informacja-RODO-dla-odwiedzajacych-Facebooka-pelna.pdf\" target=\"_blank\" rel=\"noopener\">Informacja RODO &#8211; dla odwiedzaj\u0105cych Facebooka<\/a><\/p>\n<p><a href=\"http:\/\/sp1stanislawdolny.edu.pl\/wp-content\/uploads\/2025\/06\/Klauzula-informacyjna-Monitoring-wizyjny.pdf\" target=\"_blank\" rel=\"noopener\">Klauzula informacyjna Monitoring wizyjny<\/a><\/p>\n<p><a href=\"http:\/\/sp1stanislawdolny.edu.pl\/wp-content\/uploads\/2025\/06\/Monitorin-skrocona.pdf\" target=\"_blank\" rel=\"noopener\">Monitoring &#8211; skr\u00f3cona<\/a><\/p>\n<p>&nbsp;<\/p>\n","protected":false},"excerpt":{"rendered":"<p>Ochrona danych osobowych Inspektor ochrony danych Zgodnie z&nbsp;Rozporz\u0105dzeniem Parlamentu Europejskiego I&nbsp;Rady (UE) 2016\/679 z&nbsp;dnia 27&nbsp;kwietnia 2016 r. w sprawie ochrony os\u00f3b fizycznych w zwi\u0105zku z&nbsp;przetwarzaniem danych osobowych i&nbsp;w sprawie swobodnego przep\u0142ywu takich danych oraz ustaw\u0105 z&nbsp;dnia 29&nbsp;sierpnia 1997 r. o&nbsp;ochronie danych osobowych (z dalszymi zmianami), Od 1 stycznia&nbsp; 2025 r. wszelkich informacji odno\u015bnie ochrony danych\u2026 <span class=\"read-more\"><a href=\"http:\/\/sp1stanislawdolny.edu.pl\/index.php\/polityka-prywatnosci\/\">Dowiedz si\u0119 wi\u0119cej &raquo;<\/a><\/span><\/p>\n","protected":false},"author":1,"featured_media":0,"parent":0,"menu_order":0,"comment_status":"closed","ping_status":"closed","template":"","meta":{"ngg_post_thumbnail":0,"footnotes":""},"class_list":["post-88","page","type-page","status-publish","hentry"],"_links":{"self":[{"href":"http:\/\/sp1stanislawdolny.edu.pl\/index.php\/wp-json\/wp\/v2\/pages\/88","targetHints":{"allow":["GET"]}}],"collection":[{"href":"http:\/\/sp1stanislawdolny.edu.pl\/index.php\/wp-json\/wp\/v2\/pages"}],"about":[{"href":"http:\/\/sp1stanislawdolny.edu.pl\/index.php\/wp-json\/wp\/v2\/types\/page"}],"author":[{"embeddable":true,"href":"http:\/\/sp1stanislawdolny.edu.pl\/index.php\/wp-json\/wp\/v2\/users\/1"}],"replies":[{"embeddable":true,"href":"http:\/\/sp1stanislawdolny.edu.pl\/index.php\/wp-json\/wp\/v2\/comments?post=88"}],"version-history":[{"count":13,"href":"http:\/\/sp1stanislawdolny.edu.pl\/index.php\/wp-json\/wp\/v2\/pages\/88\/revisions"}],"predecessor-version":[{"id":11407,"href":"http:\/\/sp1stanislawdolny.edu.pl\/index.php\/wp-json\/wp\/v2\/pages\/88\/revisions\/11407"}],"wp:attachment":[{"href":"http:\/\/sp1stanislawdolny.edu.pl\/index.php\/wp-json\/wp\/v2\/media?parent=88"}],"curies":[{"name":"wp","href":"https:\/\/api.w.org\/{rel}","templated":true}]}}