{"id":8755,"date":"2023-12-29T16:23:07","date_gmt":"2023-12-29T16:23:07","guid":{"rendered":"http:\/\/sp1stanislawdolny.edu.pl\/?page_id=8755"},"modified":"2024-06-23T12:21:09","modified_gmt":"2024-06-23T12:21:09","slug":"2023-2024","status":"publish","type":"page","link":"http:\/\/sp1stanislawdolny.edu.pl\/index.php\/2023-2024\/","title":{"rendered":"2023\/2024"},"content":{"rendered":"<p style=\"text-align: center;\"><strong>Akcje wolontariuszy prowadzone w roku szkolnym 2023\/2024<\/strong><\/p>\n<p><strong>Zbi\u00f3rka srebrnego z\u0142omu<\/strong> w ramach akcji &#8222;Przemieniamy z\u0142om na ry\u017c&#8221;.<\/p>\n<p><strong>Zbi\u00f3rka s\u0142odyczy<\/strong> z okazji Dnia Dziecka dla dzieci z ma\u0142opolskich i podkarpackich dom\u00f3w dziecka.<\/p>\n<p><strong>Zbi\u00f3rka u\u017cywanych torebek prezentowych<\/strong> &#8222;Dawaj torebk\u0119&#8221;.<\/p>\n<p><strong>Zbi\u00f3rka fant\u00f3w<\/strong> dla Fundacji Pom\u00f3c Wi\u0119cej i Armii Pomocy dzieciom przeznaczonych na kiermasze i licytacje.<\/p>\n<p><strong>Zbi\u00f3rka dar\u00f3w \u015bwi\u0105tecznych<\/strong> w sklepie &#8222;Kropka&#8221; we wsp\u00f3\u0142pracy z Caritas.<\/p>\n<p><strong>Zbi\u00f3rka plecak\u00f3w i kosmetyk\u00f3w<\/strong> dla uczestnik\u00f3w Warsztat\u00f3w Terapii Zaj\u0119ciowej w Zebrzydowicach.<\/p>\n<p><strong>Kwesta pod ko\u015bcio\u0142em<\/strong> dla Fundacji Pom\u00f3c Wi\u0119cej i Armii Pomocy Dzieciom, zbi\u00f3rka dla Julii Dryndos z Zebrzydowic.<\/p>\n<p><strong>Pomoc przy obs\u0142udze pielgrzymki<\/strong> bielsko-\u017cywieckiej.<\/p>\n<p><strong>Wielkanocna zbi\u00f3rka dar\u00f3w<\/strong>&#8211; przygotowanie kartek z \u017cyczeniami, dekorowanie i pakowanie babeczek oraz ciastek z motywem wielkanocnym, pakowanie paczek dla najbardziej potrzebuj\u0105cych mieszka\u0144c\u00f3w Stanis\u0142awia Dolnego oraz Zebrzydowic Bie\u0144kowic.<\/p>\n<p><a href=\"http:\/\/sp1stanislawdolny.edu.pl\/wp-content\/uploads\/2024\/04\/received_283391278038118.jpeg\"><img loading=\"lazy\" decoding=\"async\" class=\"alignnone size-thumbnail wp-image-9113\" src=\"http:\/\/sp1stanislawdolny.edu.pl\/wp-content\/uploads\/2024\/04\/received_283391278038118-150x150.jpeg\" alt=\"\" width=\"150\" height=\"150\" \/><\/a> <a href=\"http:\/\/sp1stanislawdolny.edu.pl\/wp-content\/uploads\/2024\/04\/received_380252474848401.jpeg\"><img loading=\"lazy\" decoding=\"async\" class=\"alignnone size-thumbnail wp-image-9114\" src=\"http:\/\/sp1stanislawdolny.edu.pl\/wp-content\/uploads\/2024\/04\/received_380252474848401-150x150.jpeg\" alt=\"\" width=\"150\" height=\"150\" \/><\/a> <a href=\"http:\/\/sp1stanislawdolny.edu.pl\/wp-content\/uploads\/2024\/04\/received_391617490347533.jpeg\"><img loading=\"lazy\" decoding=\"async\" class=\"alignnone size-thumbnail wp-image-9115\" src=\"http:\/\/sp1stanislawdolny.edu.pl\/wp-content\/uploads\/2024\/04\/received_391617490347533-150x150.jpeg\" alt=\"\" width=\"150\" height=\"150\" \/><\/a> <a href=\"http:\/\/sp1stanislawdolny.edu.pl\/wp-content\/uploads\/2024\/04\/received_755012636762002.jpeg\"><img loading=\"lazy\" decoding=\"async\" class=\"alignnone size-thumbnail wp-image-9116\" src=\"http:\/\/sp1stanislawdolny.edu.pl\/wp-content\/uploads\/2024\/04\/received_755012636762002-150x150.jpeg\" alt=\"\" width=\"150\" height=\"150\" \/><\/a> <a href=\"http:\/\/sp1stanislawdolny.edu.pl\/wp-content\/uploads\/2024\/04\/received_903463568235554.jpeg\"><img loading=\"lazy\" decoding=\"async\" class=\"alignnone size-thumbnail wp-image-9117\" src=\"http:\/\/sp1stanislawdolny.edu.pl\/wp-content\/uploads\/2024\/04\/received_903463568235554-150x150.jpeg\" alt=\"\" width=\"150\" height=\"150\" \/><\/a> <a href=\"http:\/\/sp1stanislawdolny.edu.pl\/wp-content\/uploads\/2024\/04\/received_3264259950535698.jpeg\"><img loading=\"lazy\" decoding=\"async\" class=\"alignnone size-thumbnail wp-image-9118\" src=\"http:\/\/sp1stanislawdolny.edu.pl\/wp-content\/uploads\/2024\/04\/received_3264259950535698-150x150.jpeg\" alt=\"\" width=\"150\" height=\"150\" \/><\/a><\/p>\n<hr \/>\n<p><strong>Wyst\u0119p<\/strong> podczas Szkolnego Koncertu Kol\u0119d i Pastora\u0142ek, zaprezentowanie pastora\u0142ki &#8222;Pada \u015anieg&#8221;.<\/p>\n<p><a href=\"http:\/\/sp1stanislawdolny.edu.pl\/wp-content\/uploads\/2023\/12\/DSC_1156.jpg\"><img loading=\"lazy\" decoding=\"async\" class=\"alignnone wp-image-8770 size-thumbnail\" src=\"http:\/\/sp1stanislawdolny.edu.pl\/wp-content\/uploads\/2023\/12\/DSC_1156-150x150.jpg\" alt=\"\" width=\"150\" height=\"150\" \/><\/a> <a href=\"http:\/\/sp1stanislawdolny.edu.pl\/wp-content\/uploads\/2023\/12\/DSC_1157.jpg\"><img loading=\"lazy\" decoding=\"async\" class=\"alignnone wp-image-8771 size-thumbnail\" src=\"http:\/\/sp1stanislawdolny.edu.pl\/wp-content\/uploads\/2023\/12\/DSC_1157-150x150.jpg\" alt=\"\" width=\"150\" height=\"150\" \/><\/a> <a href=\"http:\/\/sp1stanislawdolny.edu.pl\/wp-content\/uploads\/2023\/12\/DSC_1158.jpg\"><img loading=\"lazy\" decoding=\"async\" class=\"alignnone wp-image-8772 size-thumbnail\" src=\"http:\/\/sp1stanislawdolny.edu.pl\/wp-content\/uploads\/2023\/12\/DSC_1158-150x150.jpg\" alt=\"\" width=\"150\" height=\"150\" \/><\/a> <a href=\"http:\/\/sp1stanislawdolny.edu.pl\/wp-content\/uploads\/2023\/12\/DSC_1160.jpg\"><img loading=\"lazy\" decoding=\"async\" class=\"alignnone wp-image-8773 size-thumbnail\" src=\"http:\/\/sp1stanislawdolny.edu.pl\/wp-content\/uploads\/2023\/12\/DSC_1160-150x150.jpg\" alt=\"\" width=\"150\" height=\"150\" \/><\/a><\/p>\n<hr \/>\n<p><strong>Zbi\u00f3rka dar\u00f3w \u015bwi\u0105tecznych<\/strong> &#8211; przygotowanie kartek z \u017cyczeniami, paczek dla pensjonariuszy DPS w Zebrzydowicach oraz najbardziej potrzebuj\u0105cych mieszka\u0144c\u00f3w Stanis\u0142awia Dolnego i Zebrzydowic.<\/p>\n<p><a href=\"http:\/\/sp1stanislawdolny.edu.pl\/wp-content\/uploads\/2023\/12\/ZBIORKA-SWIATECZNA-2.jpg\"><img loading=\"lazy\" decoding=\"async\" class=\"alignnone wp-image-8767 size-thumbnail\" src=\"http:\/\/sp1stanislawdolny.edu.pl\/wp-content\/uploads\/2023\/12\/ZBIORKA-SWIATECZNA-2-150x150.jpg\" alt=\"\" width=\"150\" height=\"150\" \/><\/a> <a href=\"http:\/\/sp1stanislawdolny.edu.pl\/wp-content\/uploads\/2023\/12\/ZBIORKA-SWIATECZNA-3.jpg\"><img loading=\"lazy\" decoding=\"async\" class=\"alignnone wp-image-8768 size-thumbnail\" src=\"http:\/\/sp1stanislawdolny.edu.pl\/wp-content\/uploads\/2023\/12\/ZBIORKA-SWIATECZNA-3-150x150.jpg\" alt=\"\" width=\"150\" height=\"150\" \/><\/a> <a href=\"http:\/\/sp1stanislawdolny.edu.pl\/wp-content\/uploads\/2023\/12\/ZBIORKA-SWIATECZNA.jpg\"><img loading=\"lazy\" decoding=\"async\" class=\"alignnone wp-image-8769 size-thumbnail\" src=\"http:\/\/sp1stanislawdolny.edu.pl\/wp-content\/uploads\/2023\/12\/ZBIORKA-SWIATECZNA-150x150.jpg\" alt=\"\" width=\"150\" height=\"150\" \/><\/a> <a href=\"http:\/\/sp1stanislawdolny.edu.pl\/wp-content\/uploads\/2024\/01\/received_913592896886312.jpeg\"><img loading=\"lazy\" decoding=\"async\" class=\"alignnone size-thumbnail wp-image-8874\" src=\"http:\/\/sp1stanislawdolny.edu.pl\/wp-content\/uploads\/2024\/01\/received_913592896886312-150x150.jpeg\" alt=\"\" width=\"150\" height=\"150\" \/><\/a><\/p>\n<hr \/>\n<p><strong>Zbi\u00f3rka<\/strong> zorganizowana przez absolwentk\u0119 naszej szko\u0142y Klaudi\u0119, dla dzieci z oddzia\u0142u onkologicznego w Prokocimiu<\/p>\n<p><a href=\"http:\/\/sp1stanislawdolny.edu.pl\/wp-content\/uploads\/2023\/12\/ZBIORKA-KLAUDII-2.jpg\"><img loading=\"lazy\" decoding=\"async\" class=\"alignnone wp-image-8765 size-thumbnail\" src=\"http:\/\/sp1stanislawdolny.edu.pl\/wp-content\/uploads\/2023\/12\/ZBIORKA-KLAUDII-2-150x150.jpg\" alt=\"\" width=\"150\" height=\"150\" \/><\/a> <a href=\"http:\/\/sp1stanislawdolny.edu.pl\/wp-content\/uploads\/2023\/12\/ZBIORKA-KLAUDII.jpg\"><img loading=\"lazy\" decoding=\"async\" class=\"alignnone wp-image-8766 size-thumbnail\" src=\"http:\/\/sp1stanislawdolny.edu.pl\/wp-content\/uploads\/2023\/12\/ZBIORKA-KLAUDII-150x150.jpg\" alt=\"\" width=\"150\" height=\"150\" \/><\/a> <a href=\"http:\/\/sp1stanislawdolny.edu.pl\/wp-content\/uploads\/2024\/01\/received_1526382454762273.jpeg\"><img loading=\"lazy\" decoding=\"async\" class=\"alignnone size-thumbnail wp-image-8872\" src=\"http:\/\/sp1stanislawdolny.edu.pl\/wp-content\/uploads\/2024\/01\/received_1526382454762273-150x150.jpeg\" alt=\"\" width=\"150\" height=\"150\" \/><\/a> <a href=\"http:\/\/sp1stanislawdolny.edu.pl\/wp-content\/uploads\/2024\/01\/received_935264921513272.jpeg\"><img loading=\"lazy\" decoding=\"async\" class=\"alignnone size-thumbnail wp-image-8873\" src=\"http:\/\/sp1stanislawdolny.edu.pl\/wp-content\/uploads\/2024\/01\/received_935264921513272-150x150.jpeg\" alt=\"\" width=\"150\" height=\"150\" \/><\/a><\/p>\n<hr \/>\n<p>Udzia\u0142 wolontariuszy w akcji charytatywnej organizowanej przez Caritas w sklepach &#8222;Stop&#8221; w Stanis\u0142awiu Dolnym i Przytkowicach<\/p>\n<hr \/>\n<p><strong>Szkolny Dzie\u0144 Wolontariusza<\/strong> &#8211; klasy 0-3 wykonanie wolontariusza, film, s\u0142uchowisko, nauka piosenki, klasy starsze praca w aplikacji Miro &#8211; prezentacja wynik\u00f3w i wsp\u00f3lne za\u015bpiewanie piosenki w ma\u0142ej sali gimnastycznej.<\/p>\n<p><a href=\"http:\/\/sp1stanislawdolny.edu.pl\/wp-content\/uploads\/2023\/12\/SZKOLNY-DZIEN-WOLONTARIUSZA.jpg\"><img loading=\"lazy\" decoding=\"async\" class=\"alignnone wp-image-8764 size-thumbnail\" src=\"http:\/\/sp1stanislawdolny.edu.pl\/wp-content\/uploads\/2023\/12\/SZKOLNY-DZIEN-WOLONTARIUSZA-150x150.jpg\" alt=\"\" width=\"150\" height=\"150\" \/><\/a> <a href=\"http:\/\/sp1stanislawdolny.edu.pl\/wp-content\/uploads\/2024\/01\/received_902632174856827.jpeg\"><img loading=\"lazy\" decoding=\"async\" class=\"alignnone size-thumbnail wp-image-8869\" src=\"http:\/\/sp1stanislawdolny.edu.pl\/wp-content\/uploads\/2024\/01\/received_902632174856827-150x150.jpeg\" alt=\"\" width=\"150\" height=\"150\" \/><\/a> <a href=\"http:\/\/sp1stanislawdolny.edu.pl\/wp-content\/uploads\/2024\/01\/received_1786689461845862.jpeg\"><img loading=\"lazy\" decoding=\"async\" class=\"alignnone size-thumbnail wp-image-8870\" src=\"http:\/\/sp1stanislawdolny.edu.pl\/wp-content\/uploads\/2024\/01\/received_1786689461845862-150x150.jpeg\" alt=\"\" width=\"150\" height=\"150\" \/><\/a> <a href=\"http:\/\/sp1stanislawdolny.edu.pl\/wp-content\/uploads\/2024\/01\/received_760891199397028.jpeg\"><img loading=\"lazy\" decoding=\"async\" class=\"alignnone size-thumbnail wp-image-8871\" src=\"http:\/\/sp1stanislawdolny.edu.pl\/wp-content\/uploads\/2024\/01\/received_760891199397028-150x150.jpeg\" alt=\"\" width=\"150\" height=\"150\" \/><\/a><\/p>\n<hr \/>\n<p><strong>Udzia\u0142 wolontariuszy w andrzejkach organizowanych przez DPS w Zebrzydowicach<\/strong><\/p>\n<p><a href=\"http:\/\/sp1stanislawdolny.edu.pl\/wp-content\/uploads\/2023\/12\/ANDRZEJKI-DPS-2.jpg\"><img loading=\"lazy\" decoding=\"async\" class=\"alignnone wp-image-8760 size-thumbnail\" src=\"http:\/\/sp1stanislawdolny.edu.pl\/wp-content\/uploads\/2023\/12\/ANDRZEJKI-DPS-2-150x150.jpg\" alt=\"\" width=\"150\" height=\"150\" \/><\/a> <a href=\"http:\/\/sp1stanislawdolny.edu.pl\/wp-content\/uploads\/2023\/12\/Andrzejki-DPS.jpg\"><img loading=\"lazy\" decoding=\"async\" class=\"alignnone wp-image-8761 size-thumbnail\" src=\"http:\/\/sp1stanislawdolny.edu.pl\/wp-content\/uploads\/2023\/12\/Andrzejki-DPS-150x150.jpg\" alt=\"\" width=\"150\" height=\"150\" \/><\/a><a href=\"http:\/\/sp1stanislawdolny.edu.pl\/wp-content\/uploads\/2024\/01\/received_7441926545827976.jpeg\"><img loading=\"lazy\" decoding=\"async\" class=\"alignnone size-thumbnail wp-image-8867\" src=\"http:\/\/sp1stanislawdolny.edu.pl\/wp-content\/uploads\/2024\/01\/received_7441926545827976-150x150.jpeg\" alt=\"\" width=\"150\" height=\"150\" \/><\/a><a href=\"http:\/\/sp1stanislawdolny.edu.pl\/wp-content\/uploads\/2023\/12\/Andrzejki-DPS.jpg\" target=\"_blank\" rel=\"noopener\">http:\/\/sp1stanislawdolny.edu.pl\/wp-content\/uploads\/2023\/12\/Andrzejki-DPS.jpg<\/a><\/p>\n<hr \/>\n<p><strong>Czytanie przedszkolakom &#8211; <\/strong>co wtorek na przerwie wolontariuszki czytaj\u0105 przedszkolakom wybrane fragmenty ksi\u0105\u017cek.<strong><br \/>\n<\/strong><\/p>\n<p><a href=\"http:\/\/sp1stanislawdolny.edu.pl\/wp-content\/uploads\/2023\/12\/20231005_104118-scaled.jpg\"><img loading=\"lazy\" decoding=\"async\" class=\"alignnone wp-image-8756 size-thumbnail\" src=\"http:\/\/sp1stanislawdolny.edu.pl\/wp-content\/uploads\/2023\/12\/20231005_104118-150x150.jpg\" alt=\"\" width=\"150\" height=\"150\" \/><\/a> <a href=\"http:\/\/sp1stanislawdolny.edu.pl\/wp-content\/uploads\/2023\/12\/20231018_094517-scaled.jpg\"><img loading=\"lazy\" decoding=\"async\" class=\"alignnone wp-image-8757 size-thumbnail\" src=\"http:\/\/sp1stanislawdolny.edu.pl\/wp-content\/uploads\/2023\/12\/20231018_094517-150x150.jpg\" alt=\"\" width=\"150\" height=\"150\" \/><\/a> <a href=\"http:\/\/sp1stanislawdolny.edu.pl\/wp-content\/uploads\/2023\/12\/20231023_094435-scaled.jpg\"><img loading=\"lazy\" decoding=\"async\" class=\"alignnone wp-image-8758 size-thumbnail\" src=\"http:\/\/sp1stanislawdolny.edu.pl\/wp-content\/uploads\/2023\/12\/20231023_094435-150x150.jpg\" alt=\"\" width=\"150\" height=\"150\" \/><\/a> <a href=\"http:\/\/sp1stanislawdolny.edu.pl\/wp-content\/uploads\/2023\/12\/20231031_114215-rotated.jpg\"><img loading=\"lazy\" decoding=\"async\" class=\"alignnone wp-image-8759 size-thumbnail\" src=\"http:\/\/sp1stanislawdolny.edu.pl\/wp-content\/uploads\/2023\/12\/20231031_114215-150x150.jpg\" alt=\"\" width=\"150\" height=\"150\" \/><\/a><\/p>\n<hr \/>\n<p><strong>Zbi\u00f3rka<\/strong> pustych tubek po klejach Amos Glue Stick. Przez ca\u0142y rok szkolny trwa akcja zbierania pustych tubek po kleju, nale\u017cy je wrzuca\u0107 do przeznaczonego do tego celu pojemnika, kt\u00f3ry jest umieszczony przy wej\u015bciu do szko\u0142y od nowej strony przy gabinecie pedagoga.<\/p>\n<p><a href=\"http:\/\/sp1stanislawdolny.edu.pl\/wp-content\/uploads\/2024\/01\/klej-scaled.jpg\"><img loading=\"lazy\" decoding=\"async\" class=\"alignnone wp-image-8780 size-thumbnail\" src=\"http:\/\/sp1stanislawdolny.edu.pl\/wp-content\/uploads\/2024\/01\/klej-150x150.jpg\" alt=\"\" width=\"150\" height=\"150\" \/><\/a><\/p>\n<hr \/>\n<p><strong>Pomoc kole\u017ce\u0144ska<\/strong><\/p>\n<hr \/>\n<p><strong>Zbi\u00f3rka<\/strong> zakr\u0119tek<\/p>\n<hr \/>\n<p><strong>Wolontariat w DPS w Zebrzydowicach<\/strong><\/p>\n<hr \/>\n<p><strong>Dzie\u0144 \u017byczliwo\u015bci <\/strong><\/p>\n<hr \/>\n<p><strong>Dzie\u0144 Misia<\/strong> w oddzia\u0142ach 0a i 0b. Wolontariuszki opowiedzia\u0142y dzieciom histori\u0119 powstania pluszowego misia oraz przeczyta\u0142y bajk\u0119 o Kubusiu Puchatku, nast\u0119pnie dzieci odpowiada\u0142y na pytania dotycz\u0105cych bajki.<\/p>\n<p><a href=\"http:\/\/sp1stanislawdolny.edu.pl\/wp-content\/uploads\/2024\/01\/Dzien-Misia-1-scaled.jpg\"><img loading=\"lazy\" decoding=\"async\" class=\"alignnone wp-image-8782 size-thumbnail\" src=\"http:\/\/sp1stanislawdolny.edu.pl\/wp-content\/uploads\/2024\/01\/Dzien-Misia-1-150x150.jpg\" alt=\"\" width=\"150\" height=\"150\" \/><\/a> <a href=\"http:\/\/sp1stanislawdolny.edu.pl\/wp-content\/uploads\/2024\/01\/Dzien-Misia-scaled.jpg\"><img loading=\"lazy\" decoding=\"async\" class=\"alignnone wp-image-8783 size-thumbnail\" src=\"http:\/\/sp1stanislawdolny.edu.pl\/wp-content\/uploads\/2024\/01\/Dzien-Misia-150x150.jpg\" alt=\"\" width=\"150\" height=\"150\" \/><\/a><\/p>\n<p>&nbsp;<\/p>\n","protected":false},"excerpt":{"rendered":"<p>Akcje wolontariuszy prowadzone w roku szkolnym 2023\/2024 Zbi\u00f3rka srebrnego z\u0142omu w ramach akcji &#8222;Przemieniamy z\u0142om na ry\u017c&#8221;. Zbi\u00f3rka s\u0142odyczy z okazji Dnia Dziecka dla dzieci z ma\u0142opolskich i podkarpackich dom\u00f3w dziecka. Zbi\u00f3rka u\u017cywanych torebek prezentowych &#8222;Dawaj torebk\u0119&#8221;. Zbi\u00f3rka fant\u00f3w dla Fundacji Pom\u00f3c Wi\u0119cej i Armii Pomocy dzieciom przeznaczonych na kiermasze i licytacje. Zbi\u00f3rka dar\u00f3w \u015bwi\u0105tecznych\u2026 <span class=\"read-more\"><a href=\"http:\/\/sp1stanislawdolny.edu.pl\/index.php\/2023-2024\/\">Dowiedz si\u0119 wi\u0119cej &raquo;<\/a><\/span><\/p>\n","protected":false},"author":1,"featured_media":0,"parent":0,"menu_order":0,"comment_status":"closed","ping_status":"closed","template":"","meta":{"ngg_post_thumbnail":0,"footnotes":""},"class_list":["post-8755","page","type-page","status-publish","hentry"],"_links":{"self":[{"href":"http:\/\/sp1stanislawdolny.edu.pl\/index.php\/wp-json\/wp\/v2\/pages\/8755","targetHints":{"allow":["GET"]}}],"collection":[{"href":"http:\/\/sp1stanislawdolny.edu.pl\/index.php\/wp-json\/wp\/v2\/pages"}],"about":[{"href":"http:\/\/sp1stanislawdolny.edu.pl\/index.php\/wp-json\/wp\/v2\/types\/page"}],"author":[{"embeddable":true,"href":"http:\/\/sp1stanislawdolny.edu.pl\/index.php\/wp-json\/wp\/v2\/users\/1"}],"replies":[{"embeddable":true,"href":"http:\/\/sp1stanislawdolny.edu.pl\/index.php\/wp-json\/wp\/v2\/comments?post=8755"}],"version-history":[{"count":8,"href":"http:\/\/sp1stanislawdolny.edu.pl\/index.php\/wp-json\/wp\/v2\/pages\/8755\/revisions"}],"predecessor-version":[{"id":9367,"href":"http:\/\/sp1stanislawdolny.edu.pl\/index.php\/wp-json\/wp\/v2\/pages\/8755\/revisions\/9367"}],"wp:attachment":[{"href":"http:\/\/sp1stanislawdolny.edu.pl\/index.php\/wp-json\/wp\/v2\/media?parent=8755"}],"curies":[{"name":"wp","href":"https:\/\/api.w.org\/{rel}","templated":true}]}}