{"id":7752,"date":"2023-01-12T15:29:55","date_gmt":"2023-01-12T15:29:55","guid":{"rendered":"http:\/\/sp1stanislawdolny.edu.pl\/?page_id=7752"},"modified":"2026-01-19T09:32:39","modified_gmt":"2026-01-19T09:32:39","slug":"psycholog-szkolny","status":"publish","type":"page","link":"http:\/\/sp1stanislawdolny.edu.pl\/index.php\/psycholog-szkolny\/","title":{"rendered":"Psycholog szkolny"},"content":{"rendered":"<div class=\"entry-content\">\n<p style=\"text-align: center;\"><span style=\"font-size: 14pt;\">mgr Weronika Orkisz<\/span><\/p>\n<p style=\"text-align: center;\"><strong>Godziny przyj\u0119\u0107<\/strong><\/p>\n<p style=\"text-align: center;\"><strong>Poniedzia\u0142ek<\/strong> \u2013 8.00 &#8211; 10.55<\/p>\n<p style=\"text-align: center;\"><strong>Wtorek<\/strong> \u2013 11.40 &#8211; 16:00<\/p>\n<p style=\"text-align: center;\"><strong>\u015aroda<\/strong> \u2013 8.00 &#8211; 10.55<\/p>\n<p style=\"text-align: center;\"><strong>Pi\u0105tek<\/strong> \u2013 10.15-14.05<\/p>\n<\/div>\n<p>&nbsp;<\/p>\n","protected":false},"excerpt":{"rendered":"<p>mgr Weronika Orkisz Godziny przyj\u0119\u0107 Poniedzia\u0142ek \u2013 8.00 &#8211; 10.55 Wtorek \u2013 11.40 &#8211; 16:00 \u015aroda \u2013 8.00 &#8211; 10.55 Pi\u0105tek \u2013 10.15-14.05 &nbsp;<\/p>\n","protected":false},"author":1,"featured_media":0,"parent":0,"menu_order":0,"comment_status":"closed","ping_status":"closed","template":"","meta":{"ngg_post_thumbnail":0,"footnotes":""},"class_list":["post-7752","page","type-page","status-publish","hentry"],"_links":{"self":[{"href":"http:\/\/sp1stanislawdolny.edu.pl\/index.php\/wp-json\/wp\/v2\/pages\/7752","targetHints":{"allow":["GET"]}}],"collection":[{"href":"http:\/\/sp1stanislawdolny.edu.pl\/index.php\/wp-json\/wp\/v2\/pages"}],"about":[{"href":"http:\/\/sp1stanislawdolny.edu.pl\/index.php\/wp-json\/wp\/v2\/types\/page"}],"author":[{"embeddable":true,"href":"http:\/\/sp1stanislawdolny.edu.pl\/index.php\/wp-json\/wp\/v2\/users\/1"}],"replies":[{"embeddable":true,"href":"http:\/\/sp1stanislawdolny.edu.pl\/index.php\/wp-json\/wp\/v2\/comments?post=7752"}],"version-history":[{"count":6,"href":"http:\/\/sp1stanislawdolny.edu.pl\/index.php\/wp-json\/wp\/v2\/pages\/7752\/revisions"}],"predecessor-version":[{"id":12386,"href":"http:\/\/sp1stanislawdolny.edu.pl\/index.php\/wp-json\/wp\/v2\/pages\/7752\/revisions\/12386"}],"wp:attachment":[{"href":"http:\/\/sp1stanislawdolny.edu.pl\/index.php\/wp-json\/wp\/v2\/media?parent=7752"}],"curies":[{"name":"wp","href":"https:\/\/api.w.org\/{rel}","templated":true}]}}