{"id":77,"date":"2020-02-01T13:53:46","date_gmt":"2020-02-01T13:53:46","guid":{"rendered":"http:\/\/sp1stanislawdolny.edu.pl\/?page_id=77"},"modified":"2025-01-02T13:26:28","modified_gmt":"2025-01-02T13:26:28","slug":"galeria","status":"publish","type":"page","link":"http:\/\/sp1stanislawdolny.edu.pl\/index.php\/galeria\/","title":{"rendered":"Kontakt"},"content":{"rendered":"<p>Szko\u0142a Podstawowa nr 1 im. Jana Paw\u0142a II w Stanis\u0142awiu Dolnym<\/p>\n<p>Stanis\u0142aw Dolny 256<\/p>\n<p>34-130 Kalwaria Zebrzydowska<\/p>\n<p>NIP: 551 259 06 45<\/p>\n<p>tel.\/fax. &#8211; 338767677<\/p>\n<p>e-mail: szkola@sp1stanislawdolny.edu.pl<\/p>\n<div class=\"su-gmap su-u-responsive-media-yes\"><iframe loading=\"lazy\" width=\"600\" height=\"400\" src=\"\/\/maps.google.com\/maps?q=Stanis%C5%82aw%20Dolny%20256&amp;output=embed\" title=\"\"><\/iframe><\/div>\n<hr \/>\n<p><strong>Przyjmowanie interesant\u00f3w<\/strong><\/p>\n<div>Dyrektor szko\u0142y\u00a0 przyjmuje interesant\u00f3w w nast\u0119puj\u0105cych dniach (po wcze\u015bniejszym um\u00f3wieniu spotkania telefonicznie- 338767677 )<\/div>\n<p><strong>Czwartek w godz. 8:00-9.00<\/strong><\/p>\n<p><strong>Pi\u0105tek w godz. 9:00-10.00<\/strong><\/p>\n<p>&nbsp;<\/p>\n<hr \/>\n<p>administrator strony: katarzyna.leja.81@gmail.com<\/p>\n","protected":false},"excerpt":{"rendered":"<p>Szko\u0142a Podstawowa nr 1 im. Jana Paw\u0142a II w Stanis\u0142awiu Dolnym Stanis\u0142aw Dolny 256 34-130 Kalwaria Zebrzydowska NIP: 551 259 06 45 tel.\/fax. &#8211; 338767677 e-mail: szkola@sp1stanislawdolny.edu.pl Przyjmowanie interesant\u00f3w Dyrektor szko\u0142y\u00a0 przyjmuje interesant\u00f3w w nast\u0119puj\u0105cych dniach (po wcze\u015bniejszym um\u00f3wieniu spotkania telefonicznie- 338767677 ) Czwartek w godz. 8:00-9.00 Pi\u0105tek w godz. 9:00-10.00 &nbsp; administrator strony: katarzyna.leja.81@gmail.com<\/p>\n","protected":false},"author":1,"featured_media":0,"parent":0,"menu_order":0,"comment_status":"closed","ping_status":"closed","template":"","meta":{"ngg_post_thumbnail":0,"footnotes":""},"class_list":["post-77","page","type-page","status-publish","hentry"],"_links":{"self":[{"href":"http:\/\/sp1stanislawdolny.edu.pl\/index.php\/wp-json\/wp\/v2\/pages\/77","targetHints":{"allow":["GET"]}}],"collection":[{"href":"http:\/\/sp1stanislawdolny.edu.pl\/index.php\/wp-json\/wp\/v2\/pages"}],"about":[{"href":"http:\/\/sp1stanislawdolny.edu.pl\/index.php\/wp-json\/wp\/v2\/types\/page"}],"author":[{"embeddable":true,"href":"http:\/\/sp1stanislawdolny.edu.pl\/index.php\/wp-json\/wp\/v2\/users\/1"}],"replies":[{"embeddable":true,"href":"http:\/\/sp1stanislawdolny.edu.pl\/index.php\/wp-json\/wp\/v2\/comments?post=77"}],"version-history":[{"count":9,"href":"http:\/\/sp1stanislawdolny.edu.pl\/index.php\/wp-json\/wp\/v2\/pages\/77\/revisions"}],"predecessor-version":[{"id":10042,"href":"http:\/\/sp1stanislawdolny.edu.pl\/index.php\/wp-json\/wp\/v2\/pages\/77\/revisions\/10042"}],"wp:attachment":[{"href":"http:\/\/sp1stanislawdolny.edu.pl\/index.php\/wp-json\/wp\/v2\/media?parent=77"}],"curies":[{"name":"wp","href":"https:\/\/api.w.org\/{rel}","templated":true}]}}