{"id":652,"date":"2020-03-15T14:09:21","date_gmt":"2020-03-15T14:09:21","guid":{"rendered":"http:\/\/sp1stanislawdolny.edu.pl\/?page_id=652"},"modified":"2020-06-24T13:54:08","modified_gmt":"2020-06-24T13:54:08","slug":"swietlica-cwiczenia","status":"publish","type":"page","link":"http:\/\/sp1stanislawdolny.edu.pl\/index.php\/swietlica-cwiczenia\/","title":{"rendered":"\u015awietlica &#8211; \u0107wiczenia"},"content":{"rendered":"<p>Zabawy na wakacje<\/p>\n<p>Propozycja kilku zabaw:<\/p>\n<p>1. Zabawy taneczne:<\/p>\n<p><a href=\"https:\/\/www.youtube.com\/watch?v=2T6eW_b3saQ\">https:\/\/www.youtube.com\/watch?v=2T6eW_b3saQ<\/a><\/p>\n<p><a href=\"https:\/\/www.youtube.com\/watch?v=S5TFdKc6TB4\">https:\/\/www.youtube.com\/watch?v=S5TFdKc6TB4<\/a><\/p>\n<p>2. Zabawy na \u015bwie\u017cym powietrzu:<\/p>\n<p><a href=\"https:\/\/www.youtube.com\/watch?v=9d1ReLxKc0g\">https:\/\/www.youtube.com\/watch?v=9d1ReLxKc0g<\/a><\/p>\n<hr \/>\n<p>Jak sp\u0119dza\u0107 bezpieczne wakacje ? Zapraszam do obejrzenia filmu:<\/p>\n<p><a href=\"https:\/\/www.youtube.com\/watch?v=7qrT8vMkHlw\">https:\/\/www.youtube.com\/watch?v=7qrT8vMkHlw<\/a><\/p>\n<p>Znam numery alarmowe . Teledysk edukacyjny.<\/p>\n<p><a href=\"https:\/\/www.youtube.com\/watch?v=EoeHbcDItx0\">https:\/\/www.youtube.com\/watch?v=EoeHbcDItx0<\/a><\/p>\n<p>Pierwsza pomoc przedmedyczna &#8211; film edukacyjny dla dzieci. Warto go obejrze\u0107 i przypomnie\u0107 sobie najwa\u017cniejsze zasady udzielania pierwszej pomocy.<\/p>\n<p><a href=\"https:\/\/www.youtube.com\/watch?v=Fj2kGET7jP4\">https:\/\/www.youtube.com\/watch?v=Fj2kGET7jP4<\/a><\/p>\n<hr \/>\n<p><a href=\"http:\/\/sp1stanislawdolny.edu.pl\/wp-content\/uploads\/2020\/06\/\u015awietlica-23.06.pdf\" target=\"_blank\" rel=\"noopener noreferrer\">Bezpieczne wakacje<\/a><\/p>\n<hr \/>\n<p>Witam wszystkich to ju\u017c nasze ostatnie spotkanie, \u017cycz\u0119 Wam zdrowych i bezpiecznych wakacji:)<br \/>\nPrzesy\u0142am filmik, kt\u00f3ry przypomni Wam podstawowe zasady bezpiecze\u0144stwa podczas wakacji.<\/p>\n<p><a href=\"https:\/\/www.youtube.com\/watch?v=6au3wSk47lk\">https:\/\/www.youtube.com\/watch?v=6au3wSk47lk<\/a><\/p>\n<p>Pozdrawiam, udanego wypoczynku:)<br \/>\nEwa Gasek<\/p>\n<hr \/>\n<p>Poznajemy MORZE BA\u0141TYCKIE . Zapraszam do obejrzenia film\u00f3w:<\/p>\n<p><a href=\"https:\/\/www.youtube.com\/watch?v=rjxL_U_boqQ\">https:\/\/www.youtube.com\/watch?v=rjxL_U_boqQ<\/a><\/p>\n<p><a href=\"https:\/\/www.youtube.com\/watch?v=p4G8FerXy_E\">https:\/\/www.youtube.com\/watch?v=p4G8FerXy_E<\/a><\/p>\n<p>A\u00a0 teraz zabawa muzyczno &#8211; ruchowa. Spr\u00f3bujecie pobawi\u0107 si\u0119 razem :<\/p>\n<p><a href=\"https:\/\/www.youtube.com\/watch?v=aZxMiWyO3YA\">https:\/\/www.youtube.com\/watch?v=aZxMiWyO3YA<\/a><\/p>\n<p>Na koniec obejrzyjcie pi\u0119kne ba\u0142tyckie pla\u017ce z lotu ptaka . Podziwiajcie nadmorski krajobraz \ud83d\ude42<\/p>\n<p><a href=\"https:\/\/www.youtube.com\/watch?v=oXGd83iZFVk\">https:\/\/www.youtube.com\/watch?v=oXGd83iZFVk<\/a><\/p>\n<hr \/>\n<p>Przesy\u0142am Wam eksperymenty, kt\u00f3re mo\u017cecie wykona\u0107 w domu. Przyjemnej zabawy \ud83d\ude42<\/p>\n<p><a href=\"https:\/\/www.youtube.com\/watch?v=NyOhE-uYAvQ\">https:\/\/www.youtube.com\/watch?v=NyOhE-uYAvQ<\/a><\/p>\n<hr \/>\n<div dir=\"ltr\">\n<p><a href=\"http:\/\/sp1stanislawdolny.edu.pl\/wp-content\/uploads\/2020\/06\/Wakacje-w-g\u00f3rach-cz.-2-1.pdf\" target=\"_blank\" rel=\"noopener noreferrer\">Wakacje w g\u00f3rach cz. 2<\/a><\/p>\n<p><a href=\"http:\/\/sp1stanislawdolny.edu.pl\/wp-content\/uploads\/2020\/06\/\u015awietlica-09.06.pdf\" target=\"_blank\" rel=\"noopener noreferrer\">Wakacje w g\u00f3rach<\/a><\/p>\n<hr \/>\n<p>Witam wszystkich:)<br \/>\nDzisiaj proponuj\u0119 Wam ciekawe zabawy, kt\u00f3re mo\u017cecie wykorzysta\u0107 bawi\u0105c si\u0119 w domu razem ze swoim rodze\u0144stwem.<\/p>\n<p><a href=\"https:\/\/www.youtube.com\/watch?v=kXGK9CjHgMc\">https:\/\/www.youtube.com\/watch?v=kXGK9CjHgMc<\/a><\/p>\n<p>pozdrawiam udanej zabawy:)<\/p>\n<hr \/>\n<p>Dzi\u015b chcia\u0142am Was zach\u0119ci\u0107 do wykonania pracy plastycznej pt. \u201e Moje Hobby\u201d . Spr\u00f3bujcie przedstawi\u0107 Wasze zainteresowania, pasje, to czym si\u0119 lubicie zajmowa\u0107 . Technika pracy mo\u017ce by\u0107 dowolna. Rysunki mo\u017cna odes\u0142a\u0107 na nasz\u0105 szkoln\u0105 skrzynk\u0119 mailow\u0105 .<\/p>\n<p>Teraz przedstawiam kilka pomys\u0142\u00f3w na ciekawe prace , kt\u00f3re mo\u017cecie wykona\u0107 w domu w wolnej chwili.<\/p>\n<p><a href=\"https:\/\/www.youtube.com\/watch?v=RD3kkPzIdiQ\">https:\/\/www.youtube.com\/watch?v=RD3kkPzIdiQ<\/a><\/p>\n<p><a href=\"https:\/\/www.youtube.com\/watch?v=dheMZoVa1Ug\">https:\/\/www.youtube.com\/watch?v=dheMZoVa1Ug<\/a><\/p>\n<p><a href=\"https:\/\/www.youtube.com\/watch?v=CfBH1C1fJiw\">https:\/\/www.youtube.com\/watch?v=CfBH1C1fJiw<\/a><\/p>\n<hr \/>\n<p>W tym tygodniu przypada XIX Og\u00f3lnopolski Tydzie\u0144 Czytania Dzieciom. Ca\u0142a Polska czyta dzieciom ksi\u0105\u017cki\u00a0o zwierz\u0119tach. W poniedzia\u0142ek- by\u0142 dzie\u0144 ptak\u00f3w, we wtorek dzie\u0144 kota, we \u015brod\u0119 dzie\u0144 z \u017cubrem, w czwartek dzie\u0144 nied\u017awiedzia, a w pi\u0105tek dzie\u0144 z owadami.<\/p>\n<div>Zapraszam Was do czytania ksi\u0105\u017cek o\u00a0 zwierz\u0119tach. Mo\u017ce macie jakie\u015b ksi\u0105\u017cki w domu? Poczytajcie! M\u0142odsze rodze\u0144stwo te\u017c ch\u0119tnie Was pos\u0142ucha.<\/div>\n<div>Zobaczcie na stron\u0119, gdzie znajdziecie informacje o tygodniu czytania, fragmenty ksi\u0105\u017cek do wys\u0142uchania m.in. ,,Doktor Dolittle i jego zwierz\u0119ta, komiksy do poczytania, ciekawostki o zwierz\u0119tach.\u00a0<a href=\"https:\/\/calapolskaczytadzieciom.pl\/xix-otcd\/\">https:\/\/calapolskaczytadzieciom.pl\/xix-otcd\/<\/a><\/div>\n<\/div>\n<hr \/>\n<p>Co to jest czas wolny ? Jak go sp\u0119dza\u0107?<\/p>\n<p><a href=\"https:\/\/www.youtube.com\/watch?v=ITuwEYwr88Y\">https:\/\/www.youtube.com\/watch?v=ITuwEYwr88Y<\/a><\/p>\n<p>Zabawy dla dzieci , podczas epidemii.<\/p>\n<p><a href=\"https:\/\/www.youtube.com\/watch?v=ZvvewNwtu_c\">https:\/\/www.youtube.com\/watch?v=ZvvewNwtu_c<\/a><\/p>\n<p>Zabawa ruchowo &#8211; muzyczna dla dzieci i doros\u0142ych<\/p>\n<p><a href=\"https:\/\/www.youtube.com\/watch?v=Y4lnJz2BTJY\">https:\/\/www.youtube.com\/watch?v=Y4lnJz2BTJY<\/a><\/p>\n<hr \/>\n<p><a href=\"http:\/\/sp1stanislawdolny.edu.pl\/wp-content\/uploads\/2020\/06\/Co-to-jest-HOBBY.pdf\" target=\"_blank\" rel=\"noopener noreferrer\">Co to jest HOBBY<\/a><\/p>\n<p><a href=\"http:\/\/sp1stanislawdolny.edu.pl\/wp-content\/uploads\/2020\/06\/\u015awietlica-02.06.pdf\" target=\"_blank\" rel=\"noopener noreferrer\">Moje hobby<\/a><\/p>\n<hr \/>\n<p>Witam wszystkich:)<\/p>\n<p>Przesy\u0142am dla Was 10 pomys\u0142\u00f3w na zabawy plastyczne, kt\u00f3re mo\u017cecie wykorzysta\u0107 w dzisiejszym dniu. Bawcie si\u0119 dobrze:) Wszystkiego najlepszego z okazji Waszego \u015bwi\u0119ta:)<\/p>\n<p><a href=\"https:\/\/www.youtube.com\/watch?v=BXIM5gqZ08U\">https:\/\/www.youtube.com\/watch?v=BXIM5gqZ08U<\/a><\/p>\n<p><a href=\"http:\/\/sp1stanislawdolny.edu.pl\/wp-content\/uploads\/2020\/05\/ORDER-USMIECHU.pdf\" target=\"_blank\" rel=\"noopener noreferrer\">ORDER U\u015aMIECHU<\/a><\/p>\n<hr \/>\n<p>Moi drodzy!<\/p>\n<p>Zbli\u017ca si\u0119 Wasze \u015awi\u0119to. \u017bycz\u0119 Wam wszystkiego najlepszego!<\/p>\n<p>Patron naszej szko\u0142y bardzo kocha\u0142 wszystkie dzieci na ca\u0142ym \u015bwiecie. W roku 1994 napisa\u0142 do nich list. Poni\u017cej znajdziecie kilka zdj\u0119\u0107. Zapraszam Was do wykonania pracy plastycznej &#8222;Jan Pawe\u0142 II i dzieci&#8221;<\/p>\n<p style=\"text-align: right;\">Pozdrawiam &#8211; Jadwiga \u017bak<\/p>\n<p><a href=\"http:\/\/sp1stanislawdolny.edu.pl\/wp-content\/uploads\/2020\/05\/Resized_20200527_094406_4989.jpeg\"><img loading=\"lazy\" decoding=\"async\" class=\"alignnone size-medium wp-image-3744\" src=\"http:\/\/sp1stanislawdolny.edu.pl\/wp-content\/uploads\/2020\/05\/Resized_20200527_094406_4989-225x300.jpeg\" alt=\"\" width=\"225\" height=\"300\" srcset=\"http:\/\/sp1stanislawdolny.edu.pl\/wp-content\/uploads\/2020\/05\/Resized_20200527_094406_4989-225x300.jpeg 225w, http:\/\/sp1stanislawdolny.edu.pl\/wp-content\/uploads\/2020\/05\/Resized_20200527_094406_4989-660x880.jpeg 660w, http:\/\/sp1stanislawdolny.edu.pl\/wp-content\/uploads\/2020\/05\/Resized_20200527_094406_4989.jpeg 720w\" sizes=\"auto, (max-width: 225px) 100vw, 225px\" \/><\/a> <a href=\"http:\/\/sp1stanislawdolny.edu.pl\/wp-content\/uploads\/2020\/05\/Resized_20200527_094419_7858.jpeg\"><img loading=\"lazy\" decoding=\"async\" class=\"alignnone wp-image-3745 size-medium\" src=\"http:\/\/sp1stanislawdolny.edu.pl\/wp-content\/uploads\/2020\/05\/Resized_20200527_094419_7858-225x300.jpeg\" alt=\"\" width=\"225\" height=\"300\" srcset=\"http:\/\/sp1stanislawdolny.edu.pl\/wp-content\/uploads\/2020\/05\/Resized_20200527_094419_7858-225x300.jpeg 225w, http:\/\/sp1stanislawdolny.edu.pl\/wp-content\/uploads\/2020\/05\/Resized_20200527_094419_7858-660x880.jpeg 660w, http:\/\/sp1stanislawdolny.edu.pl\/wp-content\/uploads\/2020\/05\/Resized_20200527_094419_7858.jpeg 720w\" sizes=\"auto, (max-width: 225px) 100vw, 225px\" \/><\/a> <a href=\"http:\/\/sp1stanislawdolny.edu.pl\/wp-content\/uploads\/2020\/05\/Resized_20200527_094432_8232.jpeg\"><img loading=\"lazy\" decoding=\"async\" class=\"alignnone wp-image-3746 size-medium\" src=\"http:\/\/sp1stanislawdolny.edu.pl\/wp-content\/uploads\/2020\/05\/Resized_20200527_094432_8232-225x300.jpeg\" alt=\"\" width=\"225\" height=\"300\" srcset=\"http:\/\/sp1stanislawdolny.edu.pl\/wp-content\/uploads\/2020\/05\/Resized_20200527_094432_8232-225x300.jpeg 225w, http:\/\/sp1stanislawdolny.edu.pl\/wp-content\/uploads\/2020\/05\/Resized_20200527_094432_8232-660x880.jpeg 660w, http:\/\/sp1stanislawdolny.edu.pl\/wp-content\/uploads\/2020\/05\/Resized_20200527_094432_8232.jpeg 720w\" sizes=\"auto, (max-width: 225px) 100vw, 225px\" \/><\/a> <a href=\"http:\/\/sp1stanislawdolny.edu.pl\/wp-content\/uploads\/2020\/05\/Resized_20200527_094443_8367.jpeg\"><img loading=\"lazy\" decoding=\"async\" class=\"alignnone wp-image-3747 size-medium\" src=\"http:\/\/sp1stanislawdolny.edu.pl\/wp-content\/uploads\/2020\/05\/Resized_20200527_094443_8367-225x300.jpeg\" alt=\"\" width=\"225\" height=\"300\" srcset=\"http:\/\/sp1stanislawdolny.edu.pl\/wp-content\/uploads\/2020\/05\/Resized_20200527_094443_8367-225x300.jpeg 225w, http:\/\/sp1stanislawdolny.edu.pl\/wp-content\/uploads\/2020\/05\/Resized_20200527_094443_8367-660x880.jpeg 660w, http:\/\/sp1stanislawdolny.edu.pl\/wp-content\/uploads\/2020\/05\/Resized_20200527_094443_8367.jpeg 720w\" sizes=\"auto, (max-width: 225px) 100vw, 225px\" \/><\/a> <a href=\"http:\/\/sp1stanislawdolny.edu.pl\/wp-content\/uploads\/2020\/05\/Resized_20200527_094820_3955.jpeg\"><img loading=\"lazy\" decoding=\"async\" class=\"alignnone wp-image-3748 size-medium\" src=\"http:\/\/sp1stanislawdolny.edu.pl\/wp-content\/uploads\/2020\/05\/Resized_20200527_094820_3955-225x300.jpeg\" alt=\"\" width=\"225\" height=\"300\" srcset=\"http:\/\/sp1stanislawdolny.edu.pl\/wp-content\/uploads\/2020\/05\/Resized_20200527_094820_3955-225x300.jpeg 225w, http:\/\/sp1stanislawdolny.edu.pl\/wp-content\/uploads\/2020\/05\/Resized_20200527_094820_3955-660x880.jpeg 660w, http:\/\/sp1stanislawdolny.edu.pl\/wp-content\/uploads\/2020\/05\/Resized_20200527_094820_3955.jpeg 720w\" sizes=\"auto, (max-width: 225px) 100vw, 225px\" \/><\/a><\/p>\n<hr \/>\n<p><a href=\"http:\/\/sp1stanislawdolny.edu.pl\/wp-content\/uploads\/2020\/05\/Jak-powstawa\u0142y-imiona.pdf\" target=\"_blank\" rel=\"noopener noreferrer\">Jak powstawa\u0142y imiona<\/a><\/p>\n<hr \/>\n<p><a href=\"http:\/\/sp1stanislawdolny.edu.pl\/wp-content\/uploads\/2020\/05\/Dzie\u0144-Mamy_\u015awietlica-26.05.pdf\" target=\"_blank\" rel=\"noopener noreferrer\">Dzie\u0144 Mamy<\/a><\/p>\n<p>Zach\u0119cam Was do wykonania lurki na dzie\u0144 mamy. B\u0119dziecie potrzebowa\u0107: papier kolorowy, no\u017cyczki, klej. Mo\u017cecie dopisa\u0107 swoje \u017cyczenia i przekaza\u0107 laurk\u0119 swojej mamie z okazji Dnia mamy 26 maja. Powodzenia:)<\/p>\n<p><a href=\"https:\/\/www.youtube.com\/watch?v=hnBEEi-CLMI\" target=\"_blank\" rel=\"noopener noreferrer\">https:\/\/www.youtube.com\/watch?v=hnBEEi-CLMI<\/a><\/p>\n<hr \/>\n<p><a href=\"http:\/\/sp1stanislawdolny.edu.pl\/wp-content\/uploads\/2020\/05\/Portret-mojej-RODZINY.pdf\" target=\"_blank\" rel=\"noopener noreferrer\">Portret mojej RODZINY<\/a><\/p>\n<p><a href=\"http:\/\/sp1stanislawdolny.edu.pl\/wp-content\/uploads\/2020\/05\/Rodzina-bli\u017csza-i-dalsza.pdf\" target=\"_blank\" rel=\"noopener noreferrer\">Rodzina bli\u017csza i dalsza<\/a><\/p>\n<p><a href=\"http:\/\/sp1stanislawdolny.edu.pl\/wp-content\/uploads\/2020\/05\/M\u00f3j-dom.pdf\" target=\"_blank\" rel=\"noopener noreferrer\">M\u00f3j dom<\/a><\/p>\n<hr \/>\n<p><a href=\"http:\/\/sp1stanislawdolny.edu.pl\/wp-content\/uploads\/2020\/05\/\u015awietlica-19.05.pdf\" target=\"_blank\" rel=\"noopener noreferrer\">Wspomnienie Jana Paw\u0142a II<\/a><\/p>\n<hr \/>\n<p><a href=\"https:\/\/www.youtube.com\/watch?v=j4EiXelSTkI\" target=\"_blank\" rel=\"noopener noreferrer\">Zabawy ruchowe z poduszkami<\/a><\/p>\n<hr \/>\n<p><a href=\"http:\/\/sp1stanislawdolny.edu.pl\/wp-content\/uploads\/2020\/05\/Ba\u015bnie-i-bajki-fantastyczne.pdf\" target=\"_blank\" rel=\"noopener noreferrer\">Ba\u015bnie i bajki fantastyczne<\/a><\/p>\n<hr \/>\n<p><span id=\"txtFiledTrescWiadomosci-outerCt\" role=\"presentation\">W zwi\u0105zku ze zbli\u017caj\u0105c\u0105 si\u0119 100.rocznic\u0105 urodzin \u015bw. Jana Paw\u0142a II, zapraszam Was do udzia\u0142u w konkursie ,,Jan Pawe\u0142 II- Pielgrzym Kalwaryjski&#8221;, a tak\u017ce do obejrzenia filmu<\/span><\/p>\n<p><a href=\"https:\/\/www.youtube.com\/watch?v=2luPuThCeSY\" target=\"_blank\" rel=\"noopener noreferrer\">Ja bym z takim papie\u017cem nie wytrzyma\u0142<\/a><\/p>\n<p><span id=\"txtFiledTrescWiadomosci-outerCt\" role=\"presentation\">Pozdrawiam! J.\u017bak<\/span><\/p>\n<hr \/>\n<p><a href=\"http:\/\/sp1stanislawdolny.edu.pl\/wp-content\/uploads\/2020\/05\/W-krainie-fantazji-2.pdf\" target=\"_blank\" rel=\"noopener noreferrer\">W krainie fantazji 2<\/a><\/p>\n<p><a href=\"http:\/\/sp1stanislawdolny.edu.pl\/wp-content\/uploads\/2020\/05\/W-krainie-fantazji.pdf\" target=\"_blank\" rel=\"noopener noreferrer\">W krainie fantazji<\/a>.<\/p>\n<hr \/>\n<p><a href=\"http:\/\/sp1stanislawdolny.edu.pl\/wp-content\/uploads\/2020\/05\/Flagi-pa\u0144stw-UE-kolorowanki-1.pdf\" target=\"_blank\" rel=\"noopener noreferrer\">Flagi pa\u0144stw UE &#8211; kolorowanki.<\/a><\/p>\n<p><a href=\"http:\/\/sp1stanislawdolny.edu.pl\/wp-content\/uploads\/2020\/05\/Symbole-Unii-Europejskiej.pdf\" target=\"_blank\" rel=\"noopener noreferrer\">Symbole Unii Europejskiej<\/a>.<\/p>\n<p><a href=\"https:\/\/czasdzieci.pl\/quizy\/quiz,8039c-unia_europejska.html\" target=\"_blank\" rel=\"noopener noreferrer\">https:\/\/czasdzieci.pl\/quizy\/quiz,8039c-unia_europejska.html<\/a><\/p>\n<p><a href=\"http:\/\/sp1stanislawdolny.edu.pl\/wp-content\/uploads\/2020\/05\/Kraje-Unii-Europejskiej.pdf\" target=\"_blank\" rel=\"noopener noreferrer\">Kraje Unii Europejskiej<\/a><\/p>\n<p><a href=\"http:\/\/sp1stanislawdolny.edu.pl\/wp-content\/uploads\/2020\/05\/Wok\u00f3\u0142-Unii-Europejskiej.pdf\" target=\"_blank\" rel=\"noopener noreferrer\">Wok\u00f3\u0142 Unii Europejskiej<\/a><\/p>\n<p><a href=\"http:\/\/sp1stanislawdolny.edu.pl\/wp-content\/uploads\/2020\/05\/\u015awietlica-Flagi-kraj\u00f3w-Unii-Europejskiej.pdf\" target=\"_blank\" rel=\"noopener noreferrer\">Flagi kraj\u00f3w Unii Europejskiej<\/a><\/p>\n<hr \/>\n<p>Dzisiaj zach\u0119cam wszystkich do \u0107wicze\u0144. B\u0119d\u0105 Wam potrzebne plastikowe butelki po wodzie, wygodny str\u00f3j no i\u00a0 oczywi\u015bcie dobry humor \ud83d\ude42<br \/>\nUdanego treningu. Pozdrawiam \ud83d\ude42<\/p>\n<p><a href=\"https:\/\/www.youtube.com\/watch?v=OhhjWolQkj4\" target=\"_blank\" rel=\"noopener noreferrer\">https:\/\/www.youtube.com\/watch?v=OhhjWolQkj4<\/a><\/p>\n<hr \/>\n<p><a href=\"http:\/\/sp1stanislawdolny.edu.pl\/wp-content\/uploads\/2020\/04\/4a.-Karty-pracy-mandale.pdf\" target=\"_blank\" rel=\"noopener noreferrer\">Karty pracy &#8211; mandale<\/a><\/p>\n<p><a href=\"http:\/\/sp1stanislawdolny.edu.pl\/wp-content\/uploads\/2020\/04\/3.-Polskie-miasta-kolorowanki.pdf\" target=\"_blank\" rel=\"noopener noreferrer\">Polskie miasta &#8211; kolorowanki<\/a><\/p>\n<p><a href=\"http:\/\/sp1stanislawdolny.edu.pl\/wp-content\/uploads\/2020\/04\/1b.-Kodeks-m\u0142odego-patrioty-plansze-A4.pdf\" target=\"_blank\" rel=\"noopener noreferrer\">Kodeks m\u0142odego patrioty &#8211; plansze A4<\/a><\/p>\n<p><a href=\"https:\/\/kwiecien.academy\/swieto-konstytucji-3-maja\/\" target=\"_blank\" rel=\"noopener noreferrer\">\u015awi\u0119to Konstytucji 3 Maja<\/a><\/p>\n<p><a href=\"http:\/\/sp1stanislawdolny.edu.pl\/wp-content\/uploads\/2020\/04\/Nasze-symbole-narodowe.pdf\" target=\"_blank\" rel=\"noopener noreferrer\">Jeszcze troszk\u0119 o symbolach<\/a><\/p>\n<p><a href=\"http:\/\/sp1stanislawdolny.edu.pl\/wp-content\/uploads\/2020\/04\/\u015awi\u0119ta-Majowe.pdf\" target=\"_blank\" rel=\"noopener noreferrer\">\u015awi\u0119ta Majowe<\/a><\/p>\n<p><a href=\"http:\/\/sp1stanislawdolny.edu.pl\/wp-content\/uploads\/2020\/04\/\u015awietlica-28.04..pdf\" target=\"_blank\" rel=\"noopener noreferrer\">Nasze symbole narodowe.<\/a><\/p>\n<p><!--nextpage--><\/p>\n<p>Witam wszystkich zach\u0119cam Was do wykonania kotyliona z papieru przed \u015bwi\u0119tem majowym.<br \/>\nB\u0119dziecie potrzebowa\u0107 kartk\u0119 z bloku technicznego bia\u0142\u0105 i czerwon\u0105, klej, no\u017cyczki.<br \/>\nPowodzenia \ud83d\ude42<\/p>\n<p><a href=\"https:\/\/www.youtube.com\/watch?v=sMSephIxvp0\" target=\"_blank\" rel=\"noopener noreferrer\">https:\/\/www.youtube.com\/watch?v=sMSephIxvp0<\/a><\/p>\n<hr \/>\n<p><a href=\"http:\/\/sp1stanislawdolny.edu.pl\/wp-content\/uploads\/2020\/04\/Dbamy-o-planet\u0105-karty-pracy-\u015bwietlica.pdf\" target=\"_blank\" rel=\"noopener noreferrer\">Dbamy o planet\u0119 &#8211; karty pracy<\/a><\/p>\n<hr \/>\n<p><span id=\"txtFiledTrescWiadomosci-outerCt\" role=\"presentation\">23.04 -\u015awiatowy Dzie\u0144 Ksi\u0105\u017cki i Praw Autorskich (zobacz: <a href=\"https:\/\/www.kalbi.pl\/swiatowy-dzien-ksiazki-i-praw-autorskich\" target=\"_blank\" rel=\"noopener noreferrer\">https:\/\/www.kalbi.pl\/swiatowy-dzien-ksiazki-i-praw-autorskich<\/a>)<br \/>\nPropozycja pracy plastycznej: Wykonaj ilustracj\u0119 do Twojej ulubionej ksi\u0105\u017cki. Technika dowolna. Napisz jaki jest jej tytu\u0142 i kto jest autorem. Prze\u015blij zdj\u0119cie. <\/span><\/p>\n<p style=\"text-align: right;\"><span id=\"txtFiledTrescWiadomosci-outerCt\" role=\"presentation\">Pozdrawiam serdecznie:) &#8211; <\/span><span id=\"txtFiledTrescWiadomosci-outerCt\" role=\"presentation\">J.\u017bak<\/span><\/p>\n<hr \/>\n<p><a href=\"http:\/\/sp1stanislawdolny.edu.pl\/wp-content\/uploads\/2020\/04\/K\u0142opotliwe-odpady.pdf\" target=\"_blank\" rel=\"noopener noreferrer\">K\u0142opotliwe odpady<\/a><\/p>\n<p><a href=\"http:\/\/sp1stanislawdolny.edu.pl\/wp-content\/uploads\/2020\/04\/Jeszcze-raz-odpady.pdf\" target=\"_blank\" rel=\"noopener noreferrer\">Jeszcze raz odpady<\/a><\/p>\n<p><a href=\"http:\/\/sp1stanislawdolny.edu.pl\/wp-content\/uploads\/2020\/04\/Po-co-segregujemy-\u015bmieci.pdf\" target=\"_blank\" rel=\"noopener noreferrer\">Po co segregujemy \u015bmieci<\/a>?<\/p>\n<p><a href=\"http:\/\/sp1stanislawdolny.edu.pl\/wp-content\/uploads\/2020\/04\/\u015awietlica-21.04..pdf\" target=\"_blank\" rel=\"noopener noreferrer\">\u015awietlica &#8211; Ziemia nasza planeta.<\/a><\/p>\n<hr \/>\n<p>Wiosenne kwiaty z papieru<\/p>\n<p><a href=\"https:\/\/www.youtube.com\/watch?v=I9OQB2FYAHo\" target=\"_blank\" rel=\"noopener noreferrer\">https:\/\/www.youtube.com\/watch?v=I9OQB2FYAHo<\/a><\/p>\n<hr \/>\n<p><a href=\"http:\/\/sp1stanislawdolny.edu.pl\/wp-content\/uploads\/2020\/04\/Ziemia-nasza-planeta.pdf\" target=\"_blank\" rel=\"noopener noreferrer\">Ziemia &#8211; nasza planeta<\/a><\/p>\n<hr \/>\n<p>&#8222;Tegoroczne \u015awi\u0119ta Wielkanocne w moim domu&#8221; &#8211; dowoln\u0105 technik\u0105 wykonaj prac\u0119 plastyczn\u0105 na temat \u015bwi\u0105t. Zdj\u0119cia prac prosz\u0119 przes\u0142a\u0107 z dopiskiem \u015bwietlica szkolna.<\/p>\n<p style=\"text-align: right;\">Pozdrawiam serdecznie &#8211; J. \u017bak<\/p>\n<hr \/>\n<p><a href=\"http:\/\/sp1stanislawdolny.edu.pl\/wp-content\/uploads\/2020\/04\/\u015awietlica-07.04..pdf\" target=\"_blank\" rel=\"noopener noreferrer\">\u015awietlica &#8211; Tradycje wielkanocne.<\/a><\/p>\n<hr \/>\n<p><a href=\"http:\/\/sp1stanislawdolny.edu.pl\/wp-content\/uploads\/2020\/04\/Wielkanocny-koszyczek_swietlica_06.04.pdf\" target=\"_blank\" rel=\"noopener noreferrer\">Wielkanocny koszyczek<\/a><\/p>\n<hr \/>\n<p><a href=\"http:\/\/sp1stanislawdolny.edu.pl\/wp-content\/uploads\/2020\/04\/Andersen-na-zakonczenie.pdf\" target=\"_blank\" rel=\"noopener noreferrer\"><span style=\"font-size: 14pt;\">Andersen na zako\u0144czenie<\/span><\/a><\/p>\n<p><a href=\"http:\/\/sp1stanislawdolny.edu.pl\/wp-content\/uploads\/2020\/04\/Co-wiemy-o-Panu-Andersenie-i-jego-ba\u015bniach.pdf\" target=\"_blank\" rel=\"noopener noreferrer\">Co wiemy o Panu Andersenie i jego ba\u015bniach<\/a>?<\/p>\n<hr \/>\n<p>Rozsypa\u0142y si\u0119 tytu\u0142y ba\u015bni. U\u0142\u00f3\u017c je prawid\u0142owo. Czasami musisz zmieni\u0107 form\u0119 wyrazu lub go usun\u0105\u0107 (jak w przyk\u0142adzie 12). Za poprawnie u\u0142o\u017cony tytu\u0142 mo\u017cna uzyska\u0107 1 pkt. Mi\u0142ej zabawy!<\/p>\n<p><a href=\"http:\/\/sp1stanislawdolny.edu.pl\/wp-content\/uploads\/2020\/04\/tytuly_bajek.jpeg\" target=\"_blank\" rel=\"noopener noreferrer\">ROZSYPANE TYTU\u0141Y<\/a><\/p>\n<p style=\"text-align: right;\">Czekam na poprawnie napisane tytu\u0142y.<\/p>\n<p style=\"text-align: right;\">Pozdrawiam z domu.<\/p>\n<p style=\"text-align: right;\">Jadwiga \u017bak<\/p>\n<hr \/>\n<p><a href=\"http:\/\/sp1stanislawdolny.edu.pl\/wp-content\/uploads\/2020\/03\/\u015awietlica_basnie-andersena_30.03.pdf\" target=\"_blank\" rel=\"noopener noreferrer\">Ba\u015bnie Pana Andersena<\/a><\/p>\n<hr \/>\n<p>Materia\u0142y edukacyjne-kolorowanki, szlaczki<\/p>\n<p><a href=\"https:\/\/mojedziecikreatywnie.pl\/\" target=\"_blank\" rel=\"noopener noreferrer\">https:\/\/mojedziecikreatywnie.pl\/<\/a><\/p>\n<p><a href=\"http:\/\/bystredziecko.pl\/\" target=\"_blank\" rel=\"noopener noreferrer\">http:\/\/bystredziecko.pl\/<\/a><\/p>\n<p>&nbsp;<\/p>\n<p>Wydrukuj obrazek i wyklej go kolorowymi kulkami z bibu\u0142y lub papierem kolorowym.<\/p>\n<p><a href=\"http:\/\/www.supercoloring.com\/pl\/kolorowanki\/krokus-ogrodowy\" target=\"_blank\" rel=\"noopener noreferrer\">http:\/\/www.supercoloring.com\/pl\/kolorowanki\/krokus-ogrodowy<\/a><\/p>\n<hr \/>\n<p><a href=\"http:\/\/sp1stanislawdolny.edu.pl\/wp-content\/uploads\/2020\/03\/\u015awietlica_wiosenne-kwiaty_27.03.pdf\" target=\"_blank\" rel=\"noopener noreferrer\">WIOSENNE KWIATY<\/a><\/p>\n<hr \/>\n<p><a href=\"http:\/\/sp1stanislawdolny.edu.pl\/wp-content\/uploads\/2020\/03\/\u015awietlica26.03_wiosna.pdf\" target=\"_blank\" rel=\"noopener noreferrer\">ZWIASTUNY WIOSNY<\/a><\/p>\n<hr \/>\n<p><a href=\"http:\/\/sp1stanislawdolny.edu.pl\/wp-content\/uploads\/2020\/03\/\u015awietlica26.03.pdf\" target=\"_blank\" rel=\"noopener noreferrer\">ZABAWA W TEATR<\/a><\/p>\n<hr \/>\n<p><a href=\"https:\/\/www.kolorowankionline.net\/\" target=\"_blank\" rel=\"noopener noreferrer\">https:\/\/www.kolorowankionline.net<\/a><\/p>\n<p><a href=\"https:\/\/www.e-kolorowanki.eu\/\" target=\"_blank\" rel=\"noopener noreferrer\">https:\/\/www.e-kolorowanki.eu<\/a><\/p>\n<p><a href=\"http:\/\/pisupisu.pl\/\" target=\"_blank\" rel=\"noopener noreferrer\">http:\/\/pisupisu.pl<\/a><\/p>\n<p><a href=\"http:\/\/www.Lulek.tv\">www.Lulek.tv<\/a><\/p>\n<p><a href=\"https:\/\/czasdzieci.pl\/konkursy\/kon_id,1649,co,opis.html\">https:\/\/czasdzieci.pl\/konkursy\/kon_id,1649,co,opis.html- <\/a>tutaj umieszczony jest konkurs ,,Pozdrowienia z domu&#8221;Jest to konkurs plastyczny na najpi\u0119kniejsz\u0105 poczt\u00f3wk\u0119 pod wcze\u015bniej podanym tytu\u0142em. Fotografi\u0119 poczt\u00f3wki przesy\u0142acie na adres e mail podany przez organizatora do 09.04.2020. R\u00f3wnocze\u015bnie mo\u017cna te\u017c przes\u0142a\u0107 na adres: spstanislaw.pracawdomu@gmail.com.<\/p>\n","protected":false},"excerpt":{"rendered":"<p>Zabawy na wakacje Propozycja kilku zabaw: 1. Zabawy taneczne: https:\/\/www.youtube.com\/watch?v=2T6eW_b3saQ https:\/\/www.youtube.com\/watch?v=S5TFdKc6TB4 2. Zabawy na \u015bwie\u017cym powietrzu: https:\/\/www.youtube.com\/watch?v=9d1ReLxKc0g Jak sp\u0119dza\u0107 bezpieczne wakacje ? Zapraszam do obejrzenia filmu: https:\/\/www.youtube.com\/watch?v=7qrT8vMkHlw Znam numery alarmowe . Teledysk edukacyjny. https:\/\/www.youtube.com\/watch?v=EoeHbcDItx0 Pierwsza pomoc przedmedyczna &#8211; film edukacyjny dla dzieci. Warto go obejrze\u0107 i przypomnie\u0107 sobie najwa\u017cniejsze zasady udzielania pierwszej pomocy. https:\/\/www.youtube.com\/watch?v=Fj2kGET7jP4 Bezpieczne\u2026 <span class=\"read-more\"><a href=\"http:\/\/sp1stanislawdolny.edu.pl\/index.php\/swietlica-cwiczenia\/\">Dowiedz si\u0119 wi\u0119cej &raquo;<\/a><\/span><\/p>\n","protected":false},"author":1,"featured_media":0,"parent":0,"menu_order":0,"comment_status":"closed","ping_status":"closed","template":"","meta":{"ngg_post_thumbnail":0,"footnotes":""},"class_list":["post-652","page","type-page","status-publish","hentry"],"_links":{"self":[{"href":"http:\/\/sp1stanislawdolny.edu.pl\/index.php\/wp-json\/wp\/v2\/pages\/652","targetHints":{"allow":["GET"]}}],"collection":[{"href":"http:\/\/sp1stanislawdolny.edu.pl\/index.php\/wp-json\/wp\/v2\/pages"}],"about":[{"href":"http:\/\/sp1stanislawdolny.edu.pl\/index.php\/wp-json\/wp\/v2\/types\/page"}],"author":[{"embeddable":true,"href":"http:\/\/sp1stanislawdolny.edu.pl\/index.php\/wp-json\/wp\/v2\/users\/1"}],"replies":[{"embeddable":true,"href":"http:\/\/sp1stanislawdolny.edu.pl\/index.php\/wp-json\/wp\/v2\/comments?post=652"}],"version-history":[{"count":75,"href":"http:\/\/sp1stanislawdolny.edu.pl\/index.php\/wp-json\/wp\/v2\/pages\/652\/revisions"}],"predecessor-version":[{"id":4554,"href":"http:\/\/sp1stanislawdolny.edu.pl\/index.php\/wp-json\/wp\/v2\/pages\/652\/revisions\/4554"}],"wp:attachment":[{"href":"http:\/\/sp1stanislawdolny.edu.pl\/index.php\/wp-json\/wp\/v2\/media?parent=652"}],"curies":[{"name":"wp","href":"https:\/\/api.w.org\/{rel}","templated":true}]}}