{"id":644,"date":"2020-03-15T13:57:00","date_gmt":"2020-03-15T13:57:00","guid":{"rendered":"http:\/\/sp1stanislawdolny.edu.pl\/?page_id=644"},"modified":"2021-06-22T06:52:22","modified_gmt":"2021-06-22T06:52:22","slug":"tradycyjny-sad","status":"publish","type":"page","link":"http:\/\/sp1stanislawdolny.edu.pl\/index.php\/tradycyjny-sad\/","title":{"rendered":"Tradycyjny sad"},"content":{"rendered":"<p style=\"text-align: center;\"><a href=\"http:\/\/sp1stanislawdolny.edu.pl\/wp-content\/uploads\/2020\/03\/TS-3_napis.png\"><img loading=\"lazy\" decoding=\"async\" class=\"size-medium wp-image-645 aligncenter\" src=\"http:\/\/sp1stanislawdolny.edu.pl\/wp-content\/uploads\/2020\/03\/TS-3_napis-300x49.png\" alt=\"\" width=\"300\" height=\"49\" srcset=\"http:\/\/sp1stanislawdolny.edu.pl\/wp-content\/uploads\/2020\/03\/TS-3_napis-300x49.png 300w, http:\/\/sp1stanislawdolny.edu.pl\/wp-content\/uploads\/2020\/03\/TS-3_napis-660x107.png 660w, http:\/\/sp1stanislawdolny.edu.pl\/wp-content\/uploads\/2020\/03\/TS-3_napis.png 740w\" sizes=\"auto, (max-width: 300px) 100vw, 300px\" \/><\/a><\/p>\n<p style=\"text-align: center;\"><span style=\"font-size: 18pt; color: #339966;\">Rok szkolny 2020\/2021<\/span><\/p>\n<p><strong>Sad powi\u0119kszony!<\/strong><\/p>\n<p>W odpowiedzi na przekazane przez\u00a0 Pana Burmistrza Miasta Kalwarii Zebrzydowskiej pismo z Fundacji Banku Ochrony \u015arodowiska<strong>, Szko\u0142a Podstawowa nr 1 im. Jana Paw\u0142a II w Stanis\u0142awiu Dolnym <\/strong>po raz drugi wzi\u0119\u0142a udzia\u0142 w <strong>projekcie \u201eTradycyjny Sad\u201d.<\/strong><\/p>\n<p>Celem projektu \u201eTradycyjny Sad\u201d jest upowszechnienie wiedzy dotycz\u0105cej starych odmian drzew owocowych oraz sposobu ich piel\u0119gnacji niepowoduj\u0105cej negatywnego wp\u0142ywu na \u015brodowisko. Udzia\u0142 w projekcie to niezwyk\u0142a szansa na pomoc w ratowaniu drzew starych odmian przed wygini\u0119ciem, a w konsekwencji zwi\u0119kszenie r\u00f3\u017cnorodno\u015bci biologicznej na ziemiach polskich.<\/p>\n<p>Projekt \u201eTradycyjny Sad\u201d to niezwyk\u0142a szansa dla uczni\u00f3w i nauczycieli na uczestniczenie w nowoczesnym projekcie wychodz\u0105cym poza ramy nauczania programowego i pozwalaj\u0105cym na zdobycie dodatkowej wiedzy i umiej\u0119tno\u015bci. Dla 150 szk\u00f3\u0142, kt\u00f3re najlepiej wykonaj\u0105 zadanie przyznany zostanie grant na zakup drzewek owocowych w kwocie 200z\u0142.<\/p>\n<p>Obecnie inicjatyw\u0119 przej\u0119\u0142o czworo uczni\u00f3w z klasy VII: Judyta \u017bak \u2013 lider, Martyna Wr\u00f3bel, Wiktoria G\u00f3rny oraz Karol \u017bmija tworz\u0105c zesp\u00f3\u0142 o nazwie <strong><em>Red Cherries<\/em><\/strong>. Mimo du\u017cej ilo\u015bci pracy grupa poradzi\u0142a sobie \u015bwietnie i za wype\u0142nienie wszystkich zada\u0144 etapu pierwszego otrzyma\u0142a grant w wysoko\u015bci 200z\u0142 na sadzonki czere\u015bni, ko\u0144cz\u0105c rywalizacj\u0119 na 28 miejscu. Opiekunem podobnie jak w roku ubieg\u0142ym zosta\u0142a nauczycielka przedmiot\u00f3w przyrodniczych mgr Magdalena Wilk.<\/p>\n<p>W ramach projektu zesp\u00f3\u0142 przygotowa\u0142: w\u0142asne logo, kronik\u0119 zak\u0142adania mini sadu, projekt mini sadu, kosztorys, prezentacj\u0119 multimedialn\u0105, przeprowadzone zosta\u0142y lekcje \u201eKuszenie starym jab\u0142kiem\u201d przez opiekuna we wszystkich klasach, zorganizowano wideokonferencj\u0119 dla uczni\u00f3w, a tak\u017ce osobn\u0105 wideokonferencj\u0119 dla rodzic\u00f3w promuj\u0105c\u0105 projekt, przeprowadzono wywiad z lokalnym sadownikiem, stworzono plakaty i ulotki promuj\u0105ce projekt, umieszczono je w szkole, w lokalnych sklepach.<\/p>\n<p>Najwa\u017cniejszym wydarzeniem by\u0142o jednak powi\u0119kszenie naszego sadu o 6 sadzonek czere\u015bni r\u00f3\u017cnych odmian, 2 tawu\u0142 i 6 berberys\u00f3w. Zesp\u00f3\u0142 przygotowa\u0142 miejsce i posadzi\u0142 nowe drzewa. Kontynuacja projektu zapewni\u0142a du\u017co frajdy, pomog\u0142a zdoby\u0107 nowe do\u015bwiadczenia oraz zintegrowa\u0107 grup\u0119.<\/p>\n<p>W ramach drugiego etapu \u201eZak\u0142adamy Sad\u201d zosta\u0142o ju\u017c niewiele czasu \u2013 24 czerwca ko\u0144czymy rywalizacj\u0119. Trzymajcie kciuki!<\/p>\n<p>&nbsp;<\/p>\n<p>p.o. dyr. mgr Joanna El\u017cbieciak<\/p>\n<p>opiekun projektu: mgr Magdalena Wilk<\/p>\n<p><a href=\"http:\/\/sp1stanislawdolny.edu.pl\/wp-content\/uploads\/2021\/06\/20210610_122528-scaled.jpg\"><img loading=\"lazy\" decoding=\"async\" class=\"alignnone size-thumbnail wp-image-5944\" src=\"http:\/\/sp1stanislawdolny.edu.pl\/wp-content\/uploads\/2021\/06\/20210610_122528-150x150.jpg\" alt=\"\" width=\"150\" height=\"150\" \/><\/a> <a href=\"http:\/\/sp1stanislawdolny.edu.pl\/wp-content\/uploads\/2021\/06\/20210610_122023-scaled.jpg\"><img loading=\"lazy\" decoding=\"async\" class=\"alignnone size-thumbnail wp-image-5943\" src=\"http:\/\/sp1stanislawdolny.edu.pl\/wp-content\/uploads\/2021\/06\/20210610_122023-150x150.jpg\" alt=\"\" width=\"150\" height=\"150\" \/><\/a> <a href=\"http:\/\/sp1stanislawdolny.edu.pl\/wp-content\/uploads\/2021\/06\/20210610_115913-scaled.jpg\"><img loading=\"lazy\" decoding=\"async\" class=\"alignnone size-thumbnail wp-image-5942\" src=\"http:\/\/sp1stanislawdolny.edu.pl\/wp-content\/uploads\/2021\/06\/20210610_115913-150x150.jpg\" alt=\"\" width=\"150\" height=\"150\" \/><\/a> <a href=\"http:\/\/sp1stanislawdolny.edu.pl\/wp-content\/uploads\/2021\/06\/20210610_115630-scaled.jpg\"><img loading=\"lazy\" decoding=\"async\" class=\"alignnone size-thumbnail wp-image-5941\" src=\"http:\/\/sp1stanislawdolny.edu.pl\/wp-content\/uploads\/2021\/06\/20210610_115630-150x150.jpg\" alt=\"\" width=\"150\" height=\"150\" \/><\/a> <a href=\"http:\/\/sp1stanislawdolny.edu.pl\/wp-content\/uploads\/2021\/06\/20210609_094451-scaled.jpg\"><img loading=\"lazy\" decoding=\"async\" class=\"alignnone size-thumbnail wp-image-5940\" src=\"http:\/\/sp1stanislawdolny.edu.pl\/wp-content\/uploads\/2021\/06\/20210609_094451-150x150.jpg\" alt=\"\" width=\"150\" height=\"150\" \/><\/a> <a href=\"http:\/\/sp1stanislawdolny.edu.pl\/wp-content\/uploads\/2021\/06\/20210608_111000-scaled.jpg\"><img loading=\"lazy\" decoding=\"async\" class=\"alignnone size-thumbnail wp-image-5939\" src=\"http:\/\/sp1stanislawdolny.edu.pl\/wp-content\/uploads\/2021\/06\/20210608_111000-150x150.jpg\" alt=\"\" width=\"150\" height=\"150\" \/><\/a><\/p>\n<hr \/>\n<p><span data-contrast=\"auto\">Po udanym zasadzeniu drzewek z poprzedniej edycji i wype\u0142nieniu wszystkich zada\u0144 poprzedniego projektu, klasa VII postanowi\u0142a kontynuowa\u0107 rozw\u00f3j przyszkolnego sadu.\u00a0<\/span><span data-ccp-props=\"{&quot;201341983&quot;:0,&quot;335559739&quot;:160,&quot;335559740&quot;:259}\">\u00a0<\/span><\/p>\n<p><span data-contrast=\"auto\">Cztery osoby z klasy VII: Judyta \u017bak \u2013 lider, Martyna Wr\u00f3bel, Wiktoria G\u00f3rny i Karol \u017bmija stworzyli dru\u017cyn\u0119 o nazwie Red Cherries. Podobnie jak w zesz\u0142ym roku, walczymy o grant na zakup sadzonek. Dru\u017cyna przygotowa\u0142a ju\u017c plan nasadze\u0144, kosztorys oraz podj\u0119\u0142a decyzj\u0119 jakie odmiany wzbogac\u0105, ju\u017c istniej\u0105cy sad. <\/span><span data-ccp-props=\"{&quot;201341983&quot;:0,&quot;335559739&quot;:160,&quot;335559740&quot;:259}\">\u00a0<\/span><\/p>\n<p><span data-contrast=\"auto\">Przeprowadzono\u00a0 wideokonferencj\u0119\u00a0w klasach starszych, obejmuj\u0105c\u0105 prezentacj\u0119 grupy i lekcj\u0119 \u201eKuszenie starym jab\u0142kiem\u201d. W m\u0142odszych klasach I-III odby\u0142y si\u0119 lekcje w trybie stacjonarnym.<\/span><span data-ccp-props=\"{&quot;201341983&quot;:0,&quot;335559739&quot;:160,&quot;335559740&quot;:259}\">\u00a0<\/span><\/p>\n<p><span data-contrast=\"auto\">Bogatsi o do\u015bwiadczenia z zesz\u0142ego roku, staramy si\u0119 jak najlepiej wype\u0142ni\u0107 czekaj\u0105ce nas zadania, mimo du\u017cej ilo\u015bci nauki nie boimy si\u0119 podj\u0105\u0107 tego trudu, cho\u0107 pracy jest wiele.\u00a0<\/span><span data-ccp-props=\"{&quot;201341983&quot;:0,&quot;335559739&quot;:160,&quot;335559740&quot;:259}\">\u00a0<\/span><\/p>\n<p><span data-contrast=\"auto\">Trzymajcie kciuki<\/span><span data-contrast=\"auto\">!<\/span><span data-ccp-props=\"{&quot;201341983&quot;:0,&quot;335559739&quot;:160,&quot;335559740&quot;:259}\">\u00a0<\/span><\/p>\n<p><a href=\"http:\/\/sp1stanislawdolny.edu.pl\/wp-content\/uploads\/2021\/03\/MicrosoftTeams-image-5.jpg\"><img loading=\"lazy\" decoding=\"async\" class=\"alignnone wp-image-5378 size-thumbnail\" src=\"http:\/\/sp1stanislawdolny.edu.pl\/wp-content\/uploads\/2021\/03\/MicrosoftTeams-image-5-150x150.jpg\" alt=\"\" width=\"150\" height=\"150\" \/><\/a> <a href=\"http:\/\/sp1stanislawdolny.edu.pl\/wp-content\/uploads\/2021\/03\/MicrosoftTeams-image-4.jpg\"><img loading=\"lazy\" decoding=\"async\" class=\"alignnone size-thumbnail wp-image-5379\" src=\"http:\/\/sp1stanislawdolny.edu.pl\/wp-content\/uploads\/2021\/03\/MicrosoftTeams-image-4-150x150.jpg\" alt=\"\" width=\"150\" height=\"150\" \/><\/a> <a href=\"http:\/\/sp1stanislawdolny.edu.pl\/wp-content\/uploads\/2021\/03\/MicrosoftTeams-image-3.jpg\"><img loading=\"lazy\" decoding=\"async\" class=\"alignnone size-thumbnail wp-image-5380\" src=\"http:\/\/sp1stanislawdolny.edu.pl\/wp-content\/uploads\/2021\/03\/MicrosoftTeams-image-3-150x150.jpg\" alt=\"\" width=\"150\" height=\"150\" \/><\/a><\/p>\n<p style=\"text-align: center;\"><span style=\"color: #339966;\"><strong>PREZENTACJA PROJEKTU<\/strong><\/span><\/p>\n<p style=\"text-align: center;\"><a href=\"http:\/\/sp1stanislawdolny.edu.pl\/wp-content\/uploads\/2021\/03\/Tradycyjny-Sad-prezentacja-1.pdf\" target=\"_blank\" rel=\"noopener\"><img loading=\"lazy\" decoding=\"async\" class=\"alignnone wp-image-5382 size-medium\" src=\"http:\/\/sp1stanislawdolny.edu.pl\/wp-content\/uploads\/2021\/03\/logo_sad-300x242.jpg\" alt=\"\" width=\"300\" height=\"242\" srcset=\"http:\/\/sp1stanislawdolny.edu.pl\/wp-content\/uploads\/2021\/03\/logo_sad-300x242.jpg 300w, http:\/\/sp1stanislawdolny.edu.pl\/wp-content\/uploads\/2021\/03\/logo_sad-1024x827.jpg 1024w, http:\/\/sp1stanislawdolny.edu.pl\/wp-content\/uploads\/2021\/03\/logo_sad-768x620.jpg 768w, http:\/\/sp1stanislawdolny.edu.pl\/wp-content\/uploads\/2021\/03\/logo_sad-660x533.jpg 660w, http:\/\/sp1stanislawdolny.edu.pl\/wp-content\/uploads\/2021\/03\/logo_sad.jpg 1518w\" sizes=\"auto, (max-width: 300px) 100vw, 300px\" \/><\/a><\/p>\n<hr \/>\n<p style=\"text-align: center;\"><span style=\"font-size: 18pt; color: #339966;\">Rok szkolny 2019\/2020<\/span><\/p>\n<p style=\"text-align: center;\"><span style=\"font-size: 18pt;\"><a href=\"https:\/\/drive.google.com\/file\/d\/1zv93_wxkLUGmElgOLlotpQYD7g2dVUH7\/view\" target=\"_blank\" rel=\"noopener noreferrer\">Promocja Tradycyjnego Sadu<\/a><\/span><\/p>\n<p style=\"text-align: center;\"><a href=\"http:\/\/sp1stanislawdolny.edu.pl\/wp-content\/uploads\/2020\/10\/20201022_120449-scaled.jpg\"><img loading=\"lazy\" decoding=\"async\" class=\"alignnone size-thumbnail wp-image-4891\" src=\"http:\/\/sp1stanislawdolny.edu.pl\/wp-content\/uploads\/2020\/10\/20201022_120449-150x150.jpg\" alt=\"\" width=\"150\" height=\"150\" \/><\/a> <a href=\"http:\/\/sp1stanislawdolny.edu.pl\/wp-content\/uploads\/2020\/10\/20201022_121115-scaled.jpg\"><img loading=\"lazy\" decoding=\"async\" class=\"alignnone size-thumbnail wp-image-4892\" src=\"http:\/\/sp1stanislawdolny.edu.pl\/wp-content\/uploads\/2020\/10\/20201022_121115-150x150.jpg\" alt=\"\" width=\"150\" height=\"150\" \/><\/a><\/p>\n<hr \/>\n<p><a href=\"http:\/\/sp1stanislawdolny.edu.pl\/wp-content\/uploads\/2020\/03\/sliwkowe-ciastko_male.jpg\"><img loading=\"lazy\" decoding=\"async\" class=\"size-medium wp-image-649 aligncenter\" src=\"http:\/\/sp1stanislawdolny.edu.pl\/wp-content\/uploads\/2020\/03\/sliwkowe-ciastko_male-225x300.jpg\" alt=\"\" width=\"225\" height=\"300\" srcset=\"http:\/\/sp1stanislawdolny.edu.pl\/wp-content\/uploads\/2020\/03\/sliwkowe-ciastko_male-225x300.jpg 225w, http:\/\/sp1stanislawdolny.edu.pl\/wp-content\/uploads\/2020\/03\/sliwkowe-ciastko_male-768x1024.jpg 768w, http:\/\/sp1stanislawdolny.edu.pl\/wp-content\/uploads\/2020\/03\/sliwkowe-ciastko_male-660x880.jpg 660w, http:\/\/sp1stanislawdolny.edu.pl\/wp-content\/uploads\/2020\/03\/sliwkowe-ciastko_male.jpg 1024w\" sizes=\"auto, (max-width: 225px) 100vw, 225px\" \/><\/a><\/p>\n<p style=\"text-align: center;\"><a href=\"https:\/\/tradycyjnysad.pl\/index.php?m=ho\" target=\"_blank\" rel=\"noopener noreferrer\">Strona projektu<\/a><\/p>\n<p><a href=\"http:\/\/sp1stanislawdolny.edu.pl\/wp-content\/uploads\/2020\/05\/received_2542753716036195.jpeg\"><img loading=\"lazy\" decoding=\"async\" class=\"wp-image-2985 size-large aligncenter\" src=\"http:\/\/sp1stanislawdolny.edu.pl\/wp-content\/uploads\/2020\/05\/received_2542753716036195-1024x682.jpeg\" alt=\"\" width=\"665\" height=\"443\" srcset=\"http:\/\/sp1stanislawdolny.edu.pl\/wp-content\/uploads\/2020\/05\/received_2542753716036195-1024x682.jpeg 1024w, http:\/\/sp1stanislawdolny.edu.pl\/wp-content\/uploads\/2020\/05\/received_2542753716036195-300x200.jpeg 300w, http:\/\/sp1stanislawdolny.edu.pl\/wp-content\/uploads\/2020\/05\/received_2542753716036195-768x512.jpeg 768w, http:\/\/sp1stanislawdolny.edu.pl\/wp-content\/uploads\/2020\/05\/received_2542753716036195-660x440.jpeg 660w, http:\/\/sp1stanislawdolny.edu.pl\/wp-content\/uploads\/2020\/05\/received_2542753716036195.jpeg 1081w\" sizes=\"auto, (max-width: 665px) 100vw, 665px\" \/><\/a><span style=\"color: #339966;\"><strong>Sk\u0142ad Zespo\u0142u<\/strong><\/span><\/p>\n<p>Pani Magdalena Wilk (opiekun)<br \/>\nAleksandra Filek<br \/>\nOliwia Kowalczyk<br \/>\nAmelia Kucharska<br \/>\nMartyna Orkisz<br \/>\nMilena Sarapata<br \/>\nAleksandra Kruk<br \/>\nJulia Zamys\u0142owska<br \/>\nAnia Ry\u0142ko<br \/>\nKinga Warcha\u0142<\/p>\n<p><strong><span style=\"color: #339966;\">Okoliczno\u015bci tworzenia Zespo\u0142u<\/span><\/strong><\/p>\n<p>Jeste\u015bmy uczennicami klasy VIII. Postanowi\u0142y\u015bmy stworzy\u0107 co\u015b, aby nasza szko\u0142a o nas d\u0142ugo pami\u0119ta\u0142a, kiedy ju\u017c opu\u015bcimy jej progi. Sad to \u015bwietny pomys\u0142, na pozostawienie trwa\u0142ej pami\u0105tki.<\/p>\n<p><span style=\"color: #339966;\"><strong>Podzia\u0142 r\u00f3l w Zespole<\/strong><\/span><\/p>\n<p>Aleksandra Filek &#8211; wykazuje predyspozycje przyw\u00f3dcze, potrafi \u015bwietnie zaplanowa\u0107 prac\u0119, wi\u0119c zosta\u0142a naszym liderem.<br \/>\nJulia Zamys\u0142owska &#8211; jej zainteresowaniem jest informatyka, nadaje si\u0119 przesy\u0142ania raport\u00f3w i innych tego typu zada\u0144.<br \/>\nAmelia Kucharska &#8211; wykazuje si\u0119 zdolno\u015bciami aktorskimi, wi\u0119c \u015bwietnie sprawi si\u0119 w rozs\u0142awianiu naszej inicjatywy.<br \/>\nOliwia Kowalczyk i Martyna Orkisz &#8211; posiadaj\u0105 talent plastyczny i \u015bmia\u0142o mog\u0105 zaj\u0105\u0107 si\u0119 wypromowaniem naszego zespo\u0142u na forum publicznym oraz przygotuj\u0105 nasz\u0105 Ksi\u0119g\u0119 Sadu.<br \/>\nAleksandra Kruk i Milena Sarapata &#8211; zajm\u0105 si\u0119 fotografiami, aby ukaza\u0107 nasz\u0105 prac\u0119 w jak najlepszym \u015bwietle.<br \/>\nAnna Ry\u0142ko &#8211; zajmie si\u0119 prezentacj\u0105 dotycz\u0105c\u0105 Sadu i zadba o jej szczeg\u00f3\u0142y.<br \/>\nKinga Warcha\u0142 &#8211; pe\u0142ni\u0119 rol\u0119 redaktora, bo uwa\u017cam, \u017ce poradz\u0119 sobie w opisaniu ca\u0142ej naszej pracy.<\/p>\n<p><span style=\"color: #339966;\"><strong>Promocja Projektu<\/strong><\/span><br \/>\nDnia 11 marca ca\u0142a szko\u0142a zebra\u0142a si\u0119 na ma\u0142ej sali gimnastycznej, aby\u015bmy mog\u0142y przedstawi\u0107 nasz\u0105 realizacj\u0119 projektu Tradycyjny Sad. Na samym pocz\u0105tku nasza opiekunka pani Magdalena Wilk przedstawi\u0142a cel apelu. Na projektorze wy\u015bwietli\u0142y\u015bmy slajdy z naszymi celami dotycz\u0105cymi \u015bliwkowego sadu. Liderka przy pomocy prezentacji om\u00f3wi\u0142a dlaczego zdecydowa\u0142y\u015bmy si\u0119 na za\u0142o\u017cenie mini sadu,\u00a0 znaczenie tradycyjnych odmian. Zaprezentowa\u0142a sk\u0142ad zespo\u0142u, logo i nasze zdj\u0119cie. Przygotowa\u0142y\u015bmy r\u00f3wnie\u017c gazetk\u0119 korytarzow\u0105. Akademia spotka\u0142a si\u0119 z dobrym przyj\u0119ciem naszych plan\u00f3w. Nasze dzia\u0142ania znajduj\u0105 si\u0119 r\u00f3wnie\u017c na stronie\u00a0 szko\u0142y.<\/p>\n","protected":false},"excerpt":{"rendered":"<p>Rok szkolny 2020\/2021 Sad powi\u0119kszony! W odpowiedzi na przekazane przez\u00a0 Pana Burmistrza Miasta Kalwarii Zebrzydowskiej pismo z Fundacji Banku Ochrony \u015arodowiska, Szko\u0142a Podstawowa nr 1 im. Jana Paw\u0142a II w Stanis\u0142awiu Dolnym po raz drugi wzi\u0119\u0142a udzia\u0142 w projekcie \u201eTradycyjny Sad\u201d. Celem projektu \u201eTradycyjny Sad\u201d jest upowszechnienie wiedzy dotycz\u0105cej starych odmian drzew owocowych oraz sposobu\u2026 <span class=\"read-more\"><a href=\"http:\/\/sp1stanislawdolny.edu.pl\/index.php\/tradycyjny-sad\/\">Dowiedz si\u0119 wi\u0119cej &raquo;<\/a><\/span><\/p>\n","protected":false},"author":1,"featured_media":0,"parent":0,"menu_order":0,"comment_status":"closed","ping_status":"closed","template":"","meta":{"ngg_post_thumbnail":0,"footnotes":""},"class_list":["post-644","page","type-page","status-publish","hentry"],"_links":{"self":[{"href":"http:\/\/sp1stanislawdolny.edu.pl\/index.php\/wp-json\/wp\/v2\/pages\/644","targetHints":{"allow":["GET"]}}],"collection":[{"href":"http:\/\/sp1stanislawdolny.edu.pl\/index.php\/wp-json\/wp\/v2\/pages"}],"about":[{"href":"http:\/\/sp1stanislawdolny.edu.pl\/index.php\/wp-json\/wp\/v2\/types\/page"}],"author":[{"embeddable":true,"href":"http:\/\/sp1stanislawdolny.edu.pl\/index.php\/wp-json\/wp\/v2\/users\/1"}],"replies":[{"embeddable":true,"href":"http:\/\/sp1stanislawdolny.edu.pl\/index.php\/wp-json\/wp\/v2\/comments?post=644"}],"version-history":[{"count":18,"href":"http:\/\/sp1stanislawdolny.edu.pl\/index.php\/wp-json\/wp\/v2\/pages\/644\/revisions"}],"predecessor-version":[{"id":5946,"href":"http:\/\/sp1stanislawdolny.edu.pl\/index.php\/wp-json\/wp\/v2\/pages\/644\/revisions\/5946"}],"wp:attachment":[{"href":"http:\/\/sp1stanislawdolny.edu.pl\/index.php\/wp-json\/wp\/v2\/media?parent=644"}],"curies":[{"name":"wp","href":"https:\/\/api.w.org\/{rel}","templated":true}]}}