{"id":63,"date":"2020-02-01T13:36:41","date_gmt":"2020-02-01T13:36:41","guid":{"rendered":"http:\/\/sp1stanislawdolny.edu.pl\/?page_id=63"},"modified":"2020-02-01T13:39:00","modified_gmt":"2020-02-01T13:39:00","slug":"2019-2020","status":"publish","type":"page","link":"http:\/\/sp1stanislawdolny.edu.pl\/index.php\/2019-2020\/","title":{"rendered":"2019\/2020"},"content":{"rendered":"<p style=\"text-align: center;\"><span style=\"font-size: 18pt; color: #16a1e7;\">Akcje wolontariuszy prowadzone w roku szkolnym 2019\/2020<\/span><\/p>\n<p><span style=\"font-size: 14pt; color: #16a1e7;\">Fina\u0142 Wielkiej Orkiestry \u015awi\u0105tecznej Pomocy<\/span><\/p>\n<p><img loading=\"lazy\" decoding=\"async\" class=\"alignnone size-medium wp-image-53\" src=\"http:\/\/sp1stanislawdolny.edu.pl\/wp-content\/uploads\/2020\/02\/wosp1-300x169.jpg\" alt=\"\" width=\"300\" height=\"169\" srcset=\"http:\/\/sp1stanislawdolny.edu.pl\/wp-content\/uploads\/2020\/02\/wosp1-300x169.jpg 300w, http:\/\/sp1stanislawdolny.edu.pl\/wp-content\/uploads\/2020\/02\/wosp1.jpg 400w\" sizes=\"auto, (max-width: 300px) 100vw, 300px\" \/><img loading=\"lazy\" decoding=\"async\" class=\"alignnone size-medium wp-image-54\" src=\"http:\/\/sp1stanislawdolny.edu.pl\/wp-content\/uploads\/2020\/02\/wosp2-300x169.jpg\" alt=\"\" width=\"300\" height=\"169\" srcset=\"http:\/\/sp1stanislawdolny.edu.pl\/wp-content\/uploads\/2020\/02\/wosp2-300x169.jpg 300w, http:\/\/sp1stanislawdolny.edu.pl\/wp-content\/uploads\/2020\/02\/wosp2.jpg 400w\" sizes=\"auto, (max-width: 300px) 100vw, 300px\" \/><\/p>\n<p>&nbsp;<\/p>\n<p><span style=\"font-size: 14pt; color: #16a1e7;\">Andrzejki dla pensjonariuszy Domu Pomocy Spo\u0142ecznej w Zebrzydowicach<\/span><\/p>\n<p><img loading=\"lazy\" decoding=\"async\" class=\"alignnone size-medium wp-image-55\" src=\"http:\/\/sp1stanislawdolny.edu.pl\/wp-content\/uploads\/2020\/02\/a1-300x225.jpg\" alt=\"\" width=\"300\" height=\"225\" srcset=\"http:\/\/sp1stanislawdolny.edu.pl\/wp-content\/uploads\/2020\/02\/a1-300x225.jpg 300w, http:\/\/sp1stanislawdolny.edu.pl\/wp-content\/uploads\/2020\/02\/a1.jpg 400w\" sizes=\"auto, (max-width: 300px) 100vw, 300px\" \/> <img loading=\"lazy\" decoding=\"async\" class=\"alignnone size-medium wp-image-56\" src=\"http:\/\/sp1stanislawdolny.edu.pl\/wp-content\/uploads\/2020\/02\/a2.jpg\" alt=\"\" width=\"225\" height=\"300\" \/> <img loading=\"lazy\" decoding=\"async\" class=\"alignnone size-medium wp-image-57\" src=\"http:\/\/sp1stanislawdolny.edu.pl\/wp-content\/uploads\/2020\/02\/a3-300x225.jpg\" alt=\"\" width=\"300\" height=\"225\" srcset=\"http:\/\/sp1stanislawdolny.edu.pl\/wp-content\/uploads\/2020\/02\/a3-300x225.jpg 300w, http:\/\/sp1stanislawdolny.edu.pl\/wp-content\/uploads\/2020\/02\/a3.jpg 400w\" sizes=\"auto, (max-width: 300px) 100vw, 300px\" \/><\/p>\n<p>&nbsp;<\/p>\n<p><span style=\"color: #16a1e7; font-size: 14pt;\">Do\u017cynkowe Spotkanie Integracyjne w Zebrzydowicach<\/span><\/p>\n<p><img loading=\"lazy\" decoding=\"async\" class=\"alignnone size-full wp-image-58\" src=\"http:\/\/sp1stanislawdolny.edu.pl\/wp-content\/uploads\/2020\/02\/d1.jpg\" alt=\"\" width=\"300\" height=\"225\" \/> <img loading=\"lazy\" decoding=\"async\" class=\"alignnone size-medium wp-image-59\" src=\"http:\/\/sp1stanislawdolny.edu.pl\/wp-content\/uploads\/2020\/02\/d2.jpg\" alt=\"\" width=\"300\" height=\"225\" \/> <img loading=\"lazy\" decoding=\"async\" class=\"alignnone size-medium wp-image-60\" src=\"http:\/\/sp1stanislawdolny.edu.pl\/wp-content\/uploads\/2020\/02\/d3.jpg\" alt=\"\" width=\"300\" height=\"225\" \/><\/p>\n","protected":false},"excerpt":{"rendered":"<p>Akcje wolontariuszy prowadzone w roku szkolnym 2019\/2020 Fina\u0142 Wielkiej Orkiestry \u015awi\u0105tecznej Pomocy &nbsp; Andrzejki dla pensjonariuszy Domu Pomocy Spo\u0142ecznej w Zebrzydowicach &nbsp; Do\u017cynkowe Spotkanie Integracyjne w Zebrzydowicach<\/p>\n","protected":false},"author":1,"featured_media":0,"parent":0,"menu_order":0,"comment_status":"closed","ping_status":"closed","template":"","meta":{"ngg_post_thumbnail":0,"footnotes":""},"class_list":["post-63","page","type-page","status-publish","hentry"],"_links":{"self":[{"href":"http:\/\/sp1stanislawdolny.edu.pl\/index.php\/wp-json\/wp\/v2\/pages\/63","targetHints":{"allow":["GET"]}}],"collection":[{"href":"http:\/\/sp1stanislawdolny.edu.pl\/index.php\/wp-json\/wp\/v2\/pages"}],"about":[{"href":"http:\/\/sp1stanislawdolny.edu.pl\/index.php\/wp-json\/wp\/v2\/types\/page"}],"author":[{"embeddable":true,"href":"http:\/\/sp1stanislawdolny.edu.pl\/index.php\/wp-json\/wp\/v2\/users\/1"}],"replies":[{"embeddable":true,"href":"http:\/\/sp1stanislawdolny.edu.pl\/index.php\/wp-json\/wp\/v2\/comments?post=63"}],"version-history":[{"count":3,"href":"http:\/\/sp1stanislawdolny.edu.pl\/index.php\/wp-json\/wp\/v2\/pages\/63\/revisions"}],"predecessor-version":[{"id":66,"href":"http:\/\/sp1stanislawdolny.edu.pl\/index.php\/wp-json\/wp\/v2\/pages\/63\/revisions\/66"}],"wp:attachment":[{"href":"http:\/\/sp1stanislawdolny.edu.pl\/index.php\/wp-json\/wp\/v2\/media?parent=63"}],"curies":[{"name":"wp","href":"https:\/\/api.w.org\/{rel}","templated":true}]}}