{"id":6286,"date":"2021-11-01T10:35:12","date_gmt":"2021-11-01T10:35:12","guid":{"rendered":"http:\/\/sp1stanislawdolny.edu.pl\/?page_id=6286"},"modified":"2022-04-24T09:34:01","modified_gmt":"2022-04-24T09:34:01","slug":"2021-2022","status":"publish","type":"page","link":"http:\/\/sp1stanislawdolny.edu.pl\/index.php\/2021-2022\/","title":{"rendered":"2021\/2022"},"content":{"rendered":"<p style=\"text-align: center;\"><span style=\"color: #0000ff; font-size: 14pt;\">Akcje wolontariuszy prowadzone w roku szkolnym 2021\/2022<\/span><\/p>\n<p>Zbi\u00f3rka dla mieszka\u0144c\u00f3w Ukrainy<\/p>\n<p><a href=\"http:\/\/sp1stanislawdolny.edu.pl\/wp-content\/uploads\/2022\/04\/received_797752441629256.jpeg\"><img loading=\"lazy\" decoding=\"async\" class=\"alignnone size-thumbnail wp-image-6937\" src=\"http:\/\/sp1stanislawdolny.edu.pl\/wp-content\/uploads\/2022\/04\/received_797752441629256-150x150.jpeg\" alt=\"\" width=\"150\" height=\"150\" \/><\/a> <a href=\"http:\/\/sp1stanislawdolny.edu.pl\/wp-content\/uploads\/2022\/04\/received_1408025346308457.jpeg\"><img loading=\"lazy\" decoding=\"async\" class=\"alignnone wp-image-6938 size-thumbnail\" src=\"http:\/\/sp1stanislawdolny.edu.pl\/wp-content\/uploads\/2022\/04\/received_1408025346308457-150x150.jpeg\" alt=\"\" width=\"150\" height=\"150\" \/><\/a> <a href=\"http:\/\/sp1stanislawdolny.edu.pl\/wp-content\/uploads\/2022\/04\/received_361025666070624.jpeg\"><img loading=\"lazy\" decoding=\"async\" class=\"alignnone wp-image-6939 size-thumbnail\" src=\"http:\/\/sp1stanislawdolny.edu.pl\/wp-content\/uploads\/2022\/04\/received_361025666070624-150x150.jpeg\" alt=\"\" width=\"150\" height=\"150\" \/><\/a> <a href=\"http:\/\/sp1stanislawdolny.edu.pl\/wp-content\/uploads\/2022\/04\/received_1033740813904567.jpeg\"><img loading=\"lazy\" decoding=\"async\" class=\"alignnone wp-image-6940 size-thumbnail\" src=\"http:\/\/sp1stanislawdolny.edu.pl\/wp-content\/uploads\/2022\/04\/received_1033740813904567-150x150.jpeg\" alt=\"\" width=\"150\" height=\"150\" \/><\/a> <a href=\"http:\/\/sp1stanislawdolny.edu.pl\/wp-content\/uploads\/2022\/04\/received_1724130781281513.jpeg\"><img loading=\"lazy\" decoding=\"async\" class=\"alignnone wp-image-6941 size-thumbnail\" src=\"http:\/\/sp1stanislawdolny.edu.pl\/wp-content\/uploads\/2022\/04\/received_1724130781281513-150x150.jpeg\" alt=\"\" width=\"150\" height=\"150\" \/><\/a> <a href=\"http:\/\/sp1stanislawdolny.edu.pl\/wp-content\/uploads\/2022\/04\/received_1950323308509004.jpeg\"><img loading=\"lazy\" decoding=\"async\" class=\"alignnone wp-image-6942 size-thumbnail\" src=\"http:\/\/sp1stanislawdolny.edu.pl\/wp-content\/uploads\/2022\/04\/received_1950323308509004-150x150.jpeg\" alt=\"\" width=\"150\" height=\"150\" \/><\/a> <a href=\"http:\/\/sp1stanislawdolny.edu.pl\/wp-content\/uploads\/2022\/04\/received_3358408864438879.jpeg\"><img loading=\"lazy\" decoding=\"async\" class=\"alignnone wp-image-6943 size-thumbnail\" src=\"http:\/\/sp1stanislawdolny.edu.pl\/wp-content\/uploads\/2022\/04\/received_3358408864438879-150x150.jpeg\" alt=\"\" width=\"150\" height=\"150\" \/><\/a><\/p>\n<hr \/>\n<p>Zbi\u00f3rka dar\u00f3w \u015bwi\u0105tecznych i w\u0142asnor\u0119cznie upieczone babeczki<br \/>\nwielkanocne dla mieszka\u0144c\u00f3w Stanis\u0142awia Dolnego.<\/p>\n<p><a href=\"http:\/\/sp1stanislawdolny.edu.pl\/wp-content\/uploads\/2022\/04\/20220413_142729-scaled.jpg\"><img loading=\"lazy\" decoding=\"async\" class=\"alignnone size-thumbnail wp-image-6908\" src=\"http:\/\/sp1stanislawdolny.edu.pl\/wp-content\/uploads\/2022\/04\/20220413_142729-150x150.jpg\" alt=\"\" width=\"150\" height=\"150\" \/><\/a> <a href=\"http:\/\/sp1stanislawdolny.edu.pl\/wp-content\/uploads\/2022\/04\/20220413_142223-scaled.jpg\"><img loading=\"lazy\" decoding=\"async\" class=\"alignnone size-thumbnail wp-image-6909\" src=\"http:\/\/sp1stanislawdolny.edu.pl\/wp-content\/uploads\/2022\/04\/20220413_142223-150x150.jpg\" alt=\"\" width=\"150\" height=\"150\" \/><\/a> <a href=\"http:\/\/sp1stanislawdolny.edu.pl\/wp-content\/uploads\/2022\/04\/20220413_142213-scaled.jpg\"><img loading=\"lazy\" decoding=\"async\" class=\"alignnone size-thumbnail wp-image-6910\" src=\"http:\/\/sp1stanislawdolny.edu.pl\/wp-content\/uploads\/2022\/04\/20220413_142213-150x150.jpg\" alt=\"\" width=\"150\" height=\"150\" \/><\/a> <a href=\"http:\/\/sp1stanislawdolny.edu.pl\/wp-content\/uploads\/2022\/04\/20220411_161820-scaled.jpg\"><img loading=\"lazy\" decoding=\"async\" class=\"alignnone size-thumbnail wp-image-6911\" src=\"http:\/\/sp1stanislawdolny.edu.pl\/wp-content\/uploads\/2022\/04\/20220411_161820-150x150.jpg\" alt=\"\" width=\"150\" height=\"150\" \/><\/a> <a href=\"http:\/\/sp1stanislawdolny.edu.pl\/wp-content\/uploads\/2022\/04\/20220411_161805-scaled.jpg\"><img loading=\"lazy\" decoding=\"async\" class=\"alignnone size-thumbnail wp-image-6912\" src=\"http:\/\/sp1stanislawdolny.edu.pl\/wp-content\/uploads\/2022\/04\/20220411_161805-150x150.jpg\" alt=\"\" width=\"150\" height=\"150\" \/><\/a> <a href=\"http:\/\/sp1stanislawdolny.edu.pl\/wp-content\/uploads\/2022\/04\/20220411_161809-scaled.jpg\"><img loading=\"lazy\" decoding=\"async\" class=\"alignnone size-thumbnail wp-image-6913\" src=\"http:\/\/sp1stanislawdolny.edu.pl\/wp-content\/uploads\/2022\/04\/20220411_161809-150x150.jpg\" alt=\"\" width=\"150\" height=\"150\" \/><\/a> <a href=\"http:\/\/sp1stanislawdolny.edu.pl\/wp-content\/uploads\/2022\/04\/20220411_161814-scaled.jpg\"><img loading=\"lazy\" decoding=\"async\" class=\"alignnone size-thumbnail wp-image-6914\" src=\"http:\/\/sp1stanislawdolny.edu.pl\/wp-content\/uploads\/2022\/04\/20220411_161814-150x150.jpg\" alt=\"\" width=\"150\" height=\"150\" \/><\/a><\/p>\n<hr \/>\n<p>W\u0142asnor\u0119cznie przygotowane wypieki dla pensjonariuszy Domu Pomocy<br \/>\nSpo\u0142ecznej w Zebrzydowicach.<\/p>\n<p><a href=\"http:\/\/sp1stanislawdolny.edu.pl\/wp-content\/uploads\/2022\/04\/20220413_155346-scaled.jpg\"><img loading=\"lazy\" decoding=\"async\" class=\"alignnone size-thumbnail wp-image-6905\" src=\"http:\/\/sp1stanislawdolny.edu.pl\/wp-content\/uploads\/2022\/04\/20220413_155346-150x150.jpg\" alt=\"\" width=\"150\" height=\"150\" \/><\/a> <a href=\"http:\/\/sp1stanislawdolny.edu.pl\/wp-content\/uploads\/2022\/04\/20220413_142002-scaled.jpg\"><img loading=\"lazy\" decoding=\"async\" class=\"alignnone wp-image-6906 size-thumbnail\" src=\"http:\/\/sp1stanislawdolny.edu.pl\/wp-content\/uploads\/2022\/04\/20220413_142002-150x150.jpg\" alt=\"\" width=\"150\" height=\"150\" \/><\/a> <a href=\"http:\/\/sp1stanislawdolny.edu.pl\/wp-content\/uploads\/2022\/04\/20220413_142105-scaled.jpg\"><img loading=\"lazy\" decoding=\"async\" class=\"alignnone wp-image-6907 size-thumbnail\" src=\"http:\/\/sp1stanislawdolny.edu.pl\/wp-content\/uploads\/2022\/04\/20220413_142105-150x150.jpg\" alt=\"\" width=\"150\" height=\"150\" \/><\/a><\/p>\n<hr \/>\n<p>Walentynkowe wypieki &#8222;od serca&#8221; dla pensjonariuszy Domu Pomocy Spo\u0142ecznej w Zebrzydowicach<\/p>\n<p><a href=\"http:\/\/sp1stanislawdolny.edu.pl\/wp-content\/uploads\/2022\/03\/20220214_150045-scaled.jpg\"><img loading=\"lazy\" decoding=\"async\" class=\"alignnone size-thumbnail wp-image-6767\" src=\"http:\/\/sp1stanislawdolny.edu.pl\/wp-content\/uploads\/2022\/03\/20220214_150045-150x150.jpg\" alt=\"\" width=\"150\" height=\"150\" \/><\/a> <a href=\"http:\/\/sp1stanislawdolny.edu.pl\/wp-content\/uploads\/2022\/03\/20220214_153919-scaled.jpg\"><img loading=\"lazy\" decoding=\"async\" class=\"alignnone size-thumbnail wp-image-6768\" src=\"http:\/\/sp1stanislawdolny.edu.pl\/wp-content\/uploads\/2022\/03\/20220214_153919-150x150.jpg\" alt=\"\" width=\"150\" height=\"150\" \/><\/a><\/p>\n<hr \/>\n<p>30 Fina\u0142 Wielkiej Orkiestry \u015awi\u0105tecznej Pomocy<\/p>\n<p><a href=\"http:\/\/sp1stanislawdolny.edu.pl\/wp-content\/uploads\/2022\/03\/received_353615493255148.jpeg\"><img loading=\"lazy\" decoding=\"async\" class=\"alignnone size-thumbnail wp-image-6764\" src=\"http:\/\/sp1stanislawdolny.edu.pl\/wp-content\/uploads\/2022\/03\/received_353615493255148-150x150.jpeg\" alt=\"\" width=\"150\" height=\"150\" \/><\/a> <a href=\"http:\/\/sp1stanislawdolny.edu.pl\/wp-content\/uploads\/2022\/03\/MicrosoftTeams-image-321.jpg\"><img loading=\"lazy\" decoding=\"async\" class=\"alignnone wp-image-6765 size-thumbnail\" src=\"http:\/\/sp1stanislawdolny.edu.pl\/wp-content\/uploads\/2022\/03\/MicrosoftTeams-image-321-150x150.jpg\" alt=\"\" width=\"150\" height=\"150\" \/><\/a> <a href=\"http:\/\/sp1stanislawdolny.edu.pl\/wp-content\/uploads\/2022\/03\/MicrosoftTeams-image-331.jpg\"><img loading=\"lazy\" decoding=\"async\" class=\"alignnone wp-image-6766 size-thumbnail\" src=\"http:\/\/sp1stanislawdolny.edu.pl\/wp-content\/uploads\/2022\/03\/MicrosoftTeams-image-331-150x150.jpg\" alt=\"\" width=\"150\" height=\"150\" \/><\/a><\/p>\n<hr \/>\n<p>Zbi\u00f3rka dar\u00f3w \u015bwi\u0105tecznych dla mieszka\u0144c\u00f3w naszej miejscowo\u015bci<\/p>\n<p><a href=\"http:\/\/sp1stanislawdolny.edu.pl\/wp-content\/uploads\/2022\/01\/20211221_145451-scaled.jpg\"><img loading=\"lazy\" decoding=\"async\" class=\"alignnone size-thumbnail wp-image-6545\" src=\"http:\/\/sp1stanislawdolny.edu.pl\/wp-content\/uploads\/2022\/01\/20211221_145451-150x150.jpg\" alt=\"\" width=\"150\" height=\"150\" \/><\/a> <a href=\"http:\/\/sp1stanislawdolny.edu.pl\/wp-content\/uploads\/2022\/01\/20211221_145440-scaled.jpg\"><img loading=\"lazy\" decoding=\"async\" class=\"alignnone wp-image-6546 size-thumbnail\" src=\"http:\/\/sp1stanislawdolny.edu.pl\/wp-content\/uploads\/2022\/01\/20211221_145440-150x150.jpg\" alt=\"\" width=\"150\" height=\"150\" \/><\/a> <a href=\"http:\/\/sp1stanislawdolny.edu.pl\/wp-content\/uploads\/2022\/01\/20211221_145445-scaled.jpg\"><img loading=\"lazy\" decoding=\"async\" class=\"alignnone wp-image-6547 size-thumbnail\" src=\"http:\/\/sp1stanislawdolny.edu.pl\/wp-content\/uploads\/2022\/01\/20211221_145445-150x150.jpg\" alt=\"\" width=\"150\" height=\"150\" \/><\/a><a href=\"http:\/\/sp1stanislawdolny.edu.pl\/wp-content\/uploads\/2022\/01\/FB_IMG_1640254540237.jpg\"><img loading=\"lazy\" decoding=\"async\" class=\"alignnone size-thumbnail wp-image-6551\" src=\"http:\/\/sp1stanislawdolny.edu.pl\/wp-content\/uploads\/2022\/01\/FB_IMG_1640254540237-150x150.jpg\" alt=\"\" width=\"150\" height=\"150\" \/><\/a><\/p>\n<hr \/>\n<p>Zbi\u00f3rka dla Fundacji &#8222;Pom\u00f3c wi\u0119cej&#8221;<\/p>\n<p><a href=\"http:\/\/sp1stanislawdolny.edu.pl\/wp-content\/uploads\/2021\/11\/20211116_132651-scaled.jpg\"><img loading=\"lazy\" decoding=\"async\" class=\"alignnone size-thumbnail wp-image-6403\" src=\"http:\/\/sp1stanislawdolny.edu.pl\/wp-content\/uploads\/2021\/11\/20211116_132651-150x150.jpg\" alt=\"\" width=\"150\" height=\"150\" \/><\/a> <a href=\"http:\/\/sp1stanislawdolny.edu.pl\/wp-content\/uploads\/2021\/11\/20211116_132647-scaled.jpg\"><img loading=\"lazy\" decoding=\"async\" class=\"alignnone size-thumbnail wp-image-6404\" src=\"http:\/\/sp1stanislawdolny.edu.pl\/wp-content\/uploads\/2021\/11\/20211116_132647-150x150.jpg\" alt=\"\" width=\"150\" height=\"150\" \/><\/a> <a href=\"http:\/\/sp1stanislawdolny.edu.pl\/wp-content\/uploads\/2021\/11\/20211116_132641-scaled.jpg\"><img loading=\"lazy\" decoding=\"async\" class=\"alignnone size-thumbnail wp-image-6405\" src=\"http:\/\/sp1stanislawdolny.edu.pl\/wp-content\/uploads\/2021\/11\/20211116_132641-150x150.jpg\" alt=\"\" width=\"150\" height=\"150\" \/><\/a><\/p>\n<hr \/>\n<p>Zbi\u00f3rka dla uczestnik\u00f3w Warsztat\u00f3w Terapii Zaj\u0119ciowej w Zebrzydowicach<\/p>\n<p><a href=\"http:\/\/sp1stanislawdolny.edu.pl\/wp-content\/uploads\/2021\/11\/20211115_135925-scaled.jpg\"><img loading=\"lazy\" decoding=\"async\" class=\"alignnone size-thumbnail wp-image-6401\" src=\"http:\/\/sp1stanislawdolny.edu.pl\/wp-content\/uploads\/2021\/11\/20211115_135925-150x150.jpg\" alt=\"\" width=\"150\" height=\"150\" \/><\/a><\/p>\n<hr \/>\n<p>Zbi\u00f3rka parafialna na cele Duszpasterstwa M\u0142odzie\u017cy Archidiecezji Krakowskiej przy wsparciu Szkolnego Ko\u0142a Wolontariatu<\/p>\n<p>Zbi\u00f3rka parafialna na rzecz Fundacji Dzie\u0142o Nowego Tysi\u0105clecia przy wsparciu Szkolnego Ko\u0142a Wolontariatu<\/p>\n<hr \/>\n<p>Zbi\u00f3rka na rzecz schroniska dla zwierz\u0105t<\/p>\n<p><a href=\"http:\/\/sp1stanislawdolny.edu.pl\/wp-content\/uploads\/2021\/11\/MicrosoftTeams-image-45.jpg\"><img loading=\"lazy\" decoding=\"async\" class=\"alignnone size-thumbnail wp-image-6287\" src=\"http:\/\/sp1stanislawdolny.edu.pl\/wp-content\/uploads\/2021\/11\/MicrosoftTeams-image-45-150x150.jpg\" alt=\"\" width=\"150\" height=\"150\" \/><\/a> <a href=\"http:\/\/sp1stanislawdolny.edu.pl\/wp-content\/uploads\/2021\/11\/MicrosoftTeams-image-46.jpg\"><img loading=\"lazy\" decoding=\"async\" class=\"alignnone wp-image-6288 size-thumbnail\" src=\"http:\/\/sp1stanislawdolny.edu.pl\/wp-content\/uploads\/2021\/11\/MicrosoftTeams-image-46-150x150.jpg\" alt=\"\" width=\"150\" height=\"150\" \/><\/a><\/p>\n<hr \/>\n<p>Pakowanie prezent\u00f3w miko\u0142ajkowych dla pensjonariuszy Domu Pomocy Spo\u0142ecznej \u00a0w Zebrzydowicach<\/p>\n<p><a href=\"http:\/\/sp1stanislawdolny.edu.pl\/wp-content\/uploads\/2021\/11\/MicrosoftTeams-image-47.jpg\"><img loading=\"lazy\" decoding=\"async\" class=\"alignnone size-thumbnail wp-image-6289\" src=\"http:\/\/sp1stanislawdolny.edu.pl\/wp-content\/uploads\/2021\/11\/MicrosoftTeams-image-47-150x150.jpg\" alt=\"\" width=\"150\" height=\"150\" \/><\/a> <a href=\"http:\/\/sp1stanislawdolny.edu.pl\/wp-content\/uploads\/2021\/11\/MicrosoftTeams-image-48.jpg\"><img loading=\"lazy\" decoding=\"async\" class=\"alignnone size-thumbnail wp-image-6290\" src=\"http:\/\/sp1stanislawdolny.edu.pl\/wp-content\/uploads\/2021\/11\/MicrosoftTeams-image-48-150x150.jpg\" alt=\"\" width=\"150\" height=\"150\" \/><\/a> <a href=\"http:\/\/sp1stanislawdolny.edu.pl\/wp-content\/uploads\/2021\/11\/MicrosoftTeams-image-49.jpg\"><img loading=\"lazy\" decoding=\"async\" class=\"alignnone size-thumbnail wp-image-6291\" src=\"http:\/\/sp1stanislawdolny.edu.pl\/wp-content\/uploads\/2021\/11\/MicrosoftTeams-image-49-150x150.jpg\" alt=\"\" width=\"150\" height=\"150\" \/><\/a><\/p>\n","protected":false},"excerpt":{"rendered":"<p>Akcje wolontariuszy prowadzone w roku szkolnym 2021\/2022 Zbi\u00f3rka dla mieszka\u0144c\u00f3w Ukrainy Zbi\u00f3rka dar\u00f3w \u015bwi\u0105tecznych i w\u0142asnor\u0119cznie upieczone babeczki wielkanocne dla mieszka\u0144c\u00f3w Stanis\u0142awia Dolnego. W\u0142asnor\u0119cznie przygotowane wypieki dla pensjonariuszy Domu Pomocy Spo\u0142ecznej w Zebrzydowicach. Walentynkowe wypieki &#8222;od serca&#8221; dla pensjonariuszy Domu Pomocy Spo\u0142ecznej w Zebrzydowicach 30 Fina\u0142 Wielkiej Orkiestry \u015awi\u0105tecznej Pomocy Zbi\u00f3rka dar\u00f3w \u015bwi\u0105tecznych dla mieszka\u0144c\u00f3w\u2026 <span class=\"read-more\"><a href=\"http:\/\/sp1stanislawdolny.edu.pl\/index.php\/2021-2022\/\">Dowiedz si\u0119 wi\u0119cej &raquo;<\/a><\/span><\/p>\n","protected":false},"author":1,"featured_media":0,"parent":0,"menu_order":0,"comment_status":"closed","ping_status":"closed","template":"","meta":{"ngg_post_thumbnail":0,"footnotes":""},"class_list":["post-6286","page","type-page","status-publish","hentry"],"_links":{"self":[{"href":"http:\/\/sp1stanislawdolny.edu.pl\/index.php\/wp-json\/wp\/v2\/pages\/6286","targetHints":{"allow":["GET"]}}],"collection":[{"href":"http:\/\/sp1stanislawdolny.edu.pl\/index.php\/wp-json\/wp\/v2\/pages"}],"about":[{"href":"http:\/\/sp1stanislawdolny.edu.pl\/index.php\/wp-json\/wp\/v2\/types\/page"}],"author":[{"embeddable":true,"href":"http:\/\/sp1stanislawdolny.edu.pl\/index.php\/wp-json\/wp\/v2\/users\/1"}],"replies":[{"embeddable":true,"href":"http:\/\/sp1stanislawdolny.edu.pl\/index.php\/wp-json\/wp\/v2\/comments?post=6286"}],"version-history":[{"count":9,"href":"http:\/\/sp1stanislawdolny.edu.pl\/index.php\/wp-json\/wp\/v2\/pages\/6286\/revisions"}],"predecessor-version":[{"id":6944,"href":"http:\/\/sp1stanislawdolny.edu.pl\/index.php\/wp-json\/wp\/v2\/pages\/6286\/revisions\/6944"}],"wp:attachment":[{"href":"http:\/\/sp1stanislawdolny.edu.pl\/index.php\/wp-json\/wp\/v2\/media?parent=6286"}],"curies":[{"name":"wp","href":"https:\/\/api.w.org\/{rel}","templated":true}]}}