{"id":589,"date":"2020-03-14T15:53:31","date_gmt":"2020-03-14T15:53:31","guid":{"rendered":"http:\/\/sp1stanislawdolny.edu.pl\/?page_id=589"},"modified":"2020-06-24T13:56:33","modified_gmt":"2020-06-24T13:56:33","slug":"klasa-i","status":"publish","type":"page","link":"http:\/\/sp1stanislawdolny.edu.pl\/index.php\/klasa-i\/","title":{"rendered":"Klasa I"},"content":{"rendered":"<p style=\"text-align: center;\"><a href=\"http:\/\/sp1stanislawdolny.edu.pl\/wp-content\/uploads\/2020\/06\/Klasa-1.png\" target=\"_blank\" rel=\"noopener noreferrer\"><img loading=\"lazy\" decoding=\"async\" class=\"alignnone wp-image-3910 size-large\" src=\"http:\/\/sp1stanislawdolny.edu.pl\/wp-content\/uploads\/2020\/06\/Klasa-1-1024x90.png\" alt=\"\" width=\"665\" height=\"58\" srcset=\"http:\/\/sp1stanislawdolny.edu.pl\/wp-content\/uploads\/2020\/06\/Klasa-1-1024x90.png 1024w, http:\/\/sp1stanislawdolny.edu.pl\/wp-content\/uploads\/2020\/06\/Klasa-1-300x26.png 300w, http:\/\/sp1stanislawdolny.edu.pl\/wp-content\/uploads\/2020\/06\/Klasa-1-768x67.png 768w, http:\/\/sp1stanislawdolny.edu.pl\/wp-content\/uploads\/2020\/06\/Klasa-1-1536x134.png 1536w, http:\/\/sp1stanislawdolny.edu.pl\/wp-content\/uploads\/2020\/06\/Klasa-1-2048x179.png 2048w, http:\/\/sp1stanislawdolny.edu.pl\/wp-content\/uploads\/2020\/06\/Klasa-1-660x58.png 660w\" sizes=\"auto, (max-width: 665px) 100vw, 665px\" \/><\/a><\/p>\n<p style=\"text-align: center;\">Czekamy na kolejne domki na osiedlu \ud83d\ude42<\/p>\n<p><a href=\"https:\/\/biteable.com\/watch\/zakoczenie-roku-szkolnego-2629393?fbclid=IwAR2mGZkkSIqezWVdhDvI5TFNL3Wxks96eX9dXlgXOxwJVuyFDeGSlJGanJ4\" target=\"_blank\" rel=\"noopener noreferrer\">Na zako\u0144czenie \ud83d\ude42<\/a><\/p>\n<p><strong>CZWARTEK 25.06<\/strong><\/p>\n<p><a href=\"http:\/\/sp1stanislawdolny.edu.pl\/wp-content\/uploads\/2020\/06\/Edukacja-wczesnoszkolna_1_24.06-1.pdf\" target=\"_blank\" rel=\"noopener noreferrer\">Edukacja wczesnoszkolna<\/a><\/p>\n<p><a href=\"http:\/\/sp1stanislawdolny.edu.pl\/wp-content\/uploads\/2020\/06\/Zaj\u0119cia-komputerowe_I_25.06.pdf\" target=\"_blank\" rel=\"noopener noreferrer\">Zaj\u0119cia komputerowe<\/a><\/p>\n<hr \/>\n<p><strong>\u015aRODA 24.06<\/strong><\/p>\n<p>Zwrot po\u017cyczonych laptop\u00f3w i modem\u00f3w &#8211; czwartek 7.00 &#8211; 14.00<\/p>\n<p><a href=\"http:\/\/sp1stanislawdolny.edu.pl\/wp-content\/uploads\/2020\/06\/Edukacja-wczesnoszkolna_1_24.06.pdf\" target=\"_blank\" rel=\"noopener noreferrer\">Edukacja wczesnoszkolna<\/a><\/p>\n<p><a href=\"http:\/\/sp1stanislawdolny.edu.pl\/wp-content\/uploads\/2020\/06\/J.-angielski_1_24.06.pdf\" target=\"_blank\" rel=\"noopener noreferrer\">J. angielski<\/a><\/p>\n<hr \/>\n<p><strong>WTOREK 23.06<\/strong><\/p>\n<p><a href=\"http:\/\/sp1stanislawdolny.edu.pl\/wp-content\/uploads\/2020\/06\/Edukacja-wczesnoszkolna_1_-2.pdf\" target=\"_blank\" rel=\"noopener noreferrer\">Edukacja wczesnoszkolna<\/a><\/p>\n<hr \/>\n<p><strong>PONIEDZIA\u0141EK 22.06<\/strong><\/p>\n<p><a href=\"http:\/\/sp1stanislawdolny.edu.pl\/wp-content\/uploads\/2020\/06\/Edukacja-wczesnoszkolna_1_22.06.pdf\">Edukacja wczesnoszkolna<\/a><\/p>\n<p><a href=\"http:\/\/sp1stanislawdolny.edu.pl\/wp-content\/uploads\/2020\/06\/Religia-kl.-I-2.pdf\" target=\"_blank\" rel=\"noopener noreferrer\">Religia<\/a><\/p>\n<hr \/>\n<p><strong>PI\u0104TEK 19.06<\/strong><\/p>\n<p><a href=\"http:\/\/sp1stanislawdolny.edu.pl\/wp-content\/uploads\/2020\/06\/Informacja-dotycz\u0105ca-zwrotu-podr\u0119cznik\u00f3w.pdf\" target=\"_blank\" rel=\"noopener noreferrer\">Informacja dotycz\u0105ca zwrotu podr\u0119cznik\u00f3w<\/a><\/p>\n<p><a href=\"http:\/\/sp1stanislawdolny.edu.pl\/wp-content\/uploads\/2020\/06\/Edukacja-wczesnoszkolna_1_19.06.pdf\" target=\"_blank\" rel=\"noopener noreferrer\">Edukacja wczesnoszkolna<\/a><\/p>\n<hr \/>\n<p><strong>PONIEDZIA\u0141EK 15.06<\/strong><\/p>\n<p><a href=\"http:\/\/sp1stanislawdolny.edu.pl\/wp-content\/uploads\/2020\/06\/Edukacja-wczesnoszkolna_1_15.06.pdf\" target=\"_blank\" rel=\"noopener noreferrer\">Edukacja wczesnoszkolna<\/a><\/p>\n<p><a href=\"http:\/\/sp1stanislawdolny.edu.pl\/wp-content\/uploads\/2020\/06\/Religia-kl.-I-1.pdf\" target=\"_blank\" rel=\"noopener noreferrer\">Religia<\/a><\/p>\n<hr \/>\n<p><strong>\u015aRODA 10.06<\/strong><\/p>\n<p><a href=\"http:\/\/sp1stanislawdolny.edu.pl\/wp-content\/uploads\/2020\/06\/Edukacja-wczesnoszkolna_1_10.06.pdf\" target=\"_blank\" rel=\"noopener noreferrer\">Edukacja wczesnoszkolna<\/a><\/p>\n<p><a href=\"http:\/\/sp1stanislawdolny.edu.pl\/wp-content\/uploads\/2020\/06\/J.-angielski_1_10.06.pdf\" target=\"_blank\" rel=\"noopener noreferrer\">J. angielski<\/a><\/p>\n<hr \/>\n<p><strong>WTOREK 09.06<\/strong><\/p>\n<p><a href=\"http:\/\/sp1stanislawdolny.edu.pl\/wp-content\/uploads\/2020\/06\/Edukacja-wczesnoszkolna_1_-1.pdf\" target=\"_blank\" rel=\"noopener noreferrer\">Edukacja wczesnoszkolna<\/a><\/p>\n<hr \/>\n<p><strong>PONIEDZIA\u0141EK 08.06<\/strong><\/p>\n<p><a href=\"http:\/\/sp1stanislawdolny.edu.pl\/wp-content\/uploads\/2020\/06\/Edukacja-wczesnoszkolna_1_08.06.pdf\" target=\"_blank\" rel=\"noopener noreferrer\">Edukacja wczesnoszkolna<\/a><\/p>\n<p><a href=\"http:\/\/sp1stanislawdolny.edu.pl\/wp-content\/uploads\/2020\/06\/Religia-kl.-I.pdf\" target=\"_blank\" rel=\"noopener noreferrer\">Religia<\/a><\/p>\n<hr \/>\n<p><strong>PI\u0104TEK 05.06<\/strong><\/p>\n<p><a href=\"http:\/\/sp1stanislawdolny.edu.pl\/wp-content\/uploads\/2020\/06\/Edukacja-wczesnoszkolna_1_05.06.pdf\" target=\"_blank\" rel=\"noopener noreferrer\">Edukacja wczesnoszkolna<\/a><\/p>\n<hr \/>\n<p><strong>CZWARTEK 04.06<\/strong><\/p>\n<p><a href=\"http:\/\/sp1stanislawdolny.edu.pl\/wp-content\/uploads\/2020\/06\/Edukacja-wczesnoszkolna_1_04.06.pdf\" target=\"_blank\" rel=\"noopener noreferrer\">Edukacja wczesnoszkolna<\/a><\/p>\n<p><a href=\"http:\/\/sp1stanislawdolny.edu.pl\/wp-content\/uploads\/2020\/06\/Zaj\u0119cia-komputerowe_I_04.06.pdf\" target=\"_blank\" rel=\"noopener noreferrer\">Zaj\u0119cia komputerowe<\/a><\/p>\n<hr \/>\n<p><strong>\u015aRODA 03.06<\/strong><\/p>\n<p><a href=\"http:\/\/sp1stanislawdolny.edu.pl\/wp-content\/uploads\/2020\/06\/Edukacja-wczesnoszkolna_1_03.06.pdf\" target=\"_blank\" rel=\"noopener noreferrer\">Edukacja wczesnoszkolna<\/a><\/p>\n<p><a href=\"http:\/\/sp1stanislawdolny.edu.pl\/wp-content\/uploads\/2020\/06\/J.-angielski_1_03.06.pdf\" target=\"_blank\" rel=\"noopener noreferrer\">J. angielski<\/a><\/p>\n<hr \/>\n<p><strong>WTOREK 02.06<\/strong><\/p>\n<p><a href=\"http:\/\/sp1stanislawdolny.edu.pl\/wp-content\/uploads\/2020\/06\/Edukacja-wczesnoszkolna_1_.pdf\" target=\"_blank\" rel=\"noopener noreferrer\">Edukacja wczesnoszkolna<\/a><\/p>\n<p><strong>Religia<\/strong> &#8211; Bardzo prosz\u0119 o pilne dostarczenie na parafi\u0119 lub do szko\u0142y zeszyt\u00f3w \u0107wicze\u0144 dzieci z klas I i II.<br \/>\nTermin dostarczenia do czwartku 4 czerwca 2020r. &#8211; ks. J\u00f3zef Piasecki<\/p>\n<hr \/>\n<p><strong>PONIEDZIA\u0141EK 01.06<\/strong><\/p>\n<p><a href=\"http:\/\/sp1stanislawdolny.edu.pl\/wp-content\/uploads\/2020\/05\/Edukacja-wczesnoszkolna_1_01.06.pdf\" target=\"_blank\" rel=\"noopener noreferrer\">Edukacja wczesnoszkolna<\/a><\/p>\n<p><a href=\"http:\/\/sp1stanislawdolny.edu.pl\/wp-content\/uploads\/2020\/05\/Religia-kl.-1.pdf\" target=\"_blank\" rel=\"noopener noreferrer\">Religia<\/a><\/p>\n<p><!--nextpage--><\/p>\n<p style=\"text-align: center;\"><a href=\"http:\/\/sp1stanislawdolny.edu.pl\/wp-content\/uploads\/2020\/05\/poci\u0105g1-5-scaled.jpg\"><img loading=\"lazy\" decoding=\"async\" class=\"alignnone size-full wp-image-3255 alignleft\" src=\"http:\/\/sp1stanislawdolny.edu.pl\/wp-content\/uploads\/2020\/05\/poci\u0105g1-5-scaled.jpg\" alt=\"\" width=\"2560\" height=\"138\" srcset=\"http:\/\/sp1stanislawdolny.edu.pl\/wp-content\/uploads\/2020\/05\/poci\u0105g1-5-scaled.jpg 2560w, http:\/\/sp1stanislawdolny.edu.pl\/wp-content\/uploads\/2020\/05\/poci\u0105g1-5-300x16.jpg 300w, http:\/\/sp1stanislawdolny.edu.pl\/wp-content\/uploads\/2020\/05\/poci\u0105g1-5-1024x55.jpg 1024w, http:\/\/sp1stanislawdolny.edu.pl\/wp-content\/uploads\/2020\/05\/poci\u0105g1-5-768x41.jpg 768w, http:\/\/sp1stanislawdolny.edu.pl\/wp-content\/uploads\/2020\/05\/poci\u0105g1-5-1536x83.jpg 1536w, http:\/\/sp1stanislawdolny.edu.pl\/wp-content\/uploads\/2020\/05\/poci\u0105g1-5-2048x110.jpg 2048w, http:\/\/sp1stanislawdolny.edu.pl\/wp-content\/uploads\/2020\/05\/poci\u0105g1-5-660x36.jpg 660w\" sizes=\"auto, (max-width: 2560px) 100vw, 2560px\" \/><\/a><\/p>\n<p style=\"text-align: center;\">Mo\u017ce kto\u015b jeszcze chce do\u0142\u0105czy\u0107?<\/p>\n<p><strong>PI\u0104TEK 29.05<\/strong><\/p>\n<p>Przypominamy o odbiorze nagr\u00f3d &#8211; konkurs &#8222;Jan Pawe\u0142 II &#8211; pielgrzym Kalwaryjski&#8221; i &#8222;Flaga Unii Europejskiej&#8221;<\/p>\n<p><a href=\"http:\/\/sp1stanislawdolny.edu.pl\/wp-content\/uploads\/2020\/05\/Edukacja-wczesnoszkolna_1_29.05.pdf\" target=\"_blank\" rel=\"noopener noreferrer\">Edukacja wczesnoszkolna.<\/a><\/p>\n<hr \/>\n<p><strong>CZWARTEK 28.05<\/strong><\/p>\n<p><a href=\"http:\/\/sp1stanislawdolny.edu.pl\/wp-content\/uploads\/2020\/05\/Edukacja-wczesnoszkolna_1_28.05.pdf\" target=\"_blank\" rel=\"noopener noreferrer\">Edukacja wczesnoszkolna<\/a><\/p>\n<p><a href=\"http:\/\/sp1stanislawdolny.edu.pl\/wp-content\/uploads\/2020\/05\/Zaj\u0119cia-komputerowe_I_28.05.pdf\" target=\"_blank\" rel=\"noopener noreferrer\">Zaj\u0119cia komputerowe<\/a><\/p>\n<hr \/>\n<p><strong>\u015aRODA 27.05<\/strong><\/p>\n<p><a href=\"http:\/\/sp1stanislawdolny.edu.pl\/wp-content\/uploads\/2020\/05\/Edukacja-wczesnoszkolna_1_27.05.pdf\" target=\"_blank\" rel=\"noopener noreferrer\">Edukacja wczesnoszkolna.<\/a><\/p>\n<p><a href=\"http:\/\/sp1stanislawdolny.edu.pl\/wp-content\/uploads\/2020\/05\/J.-angielski_1_27.05.pdf\" target=\"_blank\" rel=\"noopener noreferrer\">J. angielski<\/a><\/p>\n<hr \/>\n<p><strong>WTOREK 26.05<\/strong><\/p>\n<p><a href=\"http:\/\/sp1stanislawdolny.edu.pl\/wp-content\/uploads\/2020\/05\/Edukacja-wczesnoszkolna_1_26.05.pdf\" target=\"_blank\" rel=\"noopener noreferrer\">Edukacja wczesnoszkolna<\/a><\/p>\n<hr \/>\n<p><strong>PONIEDZIA\u0141EK 25.05<\/strong><\/p>\n<p><a href=\"https:\/\/biteable.com\/watch\/nauczyciele-dzieciom-2572495?fbclid=IwAR3Vk1Lr7h7HdflkW-6WtcBUQxKi-3GNMOK1qg0KXYLP6g1XQE_iyKyZL3U\" target=\"_blank\" rel=\"noopener noreferrer\">T\u0119sknimy za Wami \ud83d\ude42<\/a><\/p>\n<p><a href=\"http:\/\/sp1stanislawdolny.edu.pl\/wp-content\/uploads\/2020\/05\/Edukacja-wczesnoszkolna_1_25.05.pdf\" target=\"_blank\" rel=\"noopener noreferrer\">Edukacja wczesnoszkolna<\/a><\/p>\n<p><a href=\"http:\/\/sp1stanislawdolny.edu.pl\/wp-content\/uploads\/2020\/05\/Religia-kl.-I-3.pdf\" target=\"_blank\" rel=\"noopener noreferrer\">Religia<\/a><\/p>\n<hr \/>\n<p><strong>PI\u0104TEK 22.05<\/strong><\/p>\n<p><a href=\"http:\/\/sp1stanislawdolny.edu.pl\/wp-content\/uploads\/2020\/05\/Edukacja-wczesnoszkolna_1_22.05.pdf\" target=\"_blank\" rel=\"noopener noreferrer\">Edukacja wczesnoszkolna<\/a><\/p>\n<hr \/>\n<p><strong>CZWARTEK 21.05<\/strong><\/p>\n<p><a href=\"http:\/\/sp1stanislawdolny.edu.pl\/wp-content\/uploads\/2020\/05\/Edukacja-wczesnoszkolna_1_21.05.pdf\" target=\"_blank\" rel=\"noopener noreferrer\">Edukacja wczesnoszkolna<\/a><\/p>\n<p><a href=\"http:\/\/sp1stanislawdolny.edu.pl\/wp-content\/uploads\/2020\/05\/Zaj\u0119cia-komputerowe_I_21.05.pdf\" target=\"_blank\" rel=\"noopener noreferrer\">Zaj\u0119cia komputerowe<\/a><\/p>\n<hr \/>\n<p><strong>\u015aRODA 20.05<\/strong><\/p>\n<p><a href=\"http:\/\/sp1stanislawdolny.edu.pl\/wp-content\/uploads\/2020\/05\/Edukacja-wczesnoszkolna_1_20.05.pdf\" target=\"_blank\" rel=\"noopener noreferrer\">Edukacja wczesnoszkolna<\/a><\/p>\n<p><a href=\"http:\/\/sp1stanislawdolny.edu.pl\/wp-content\/uploads\/2020\/05\/J.-angielski_1_20.05.pdf\" target=\"_blank\" rel=\"noopener noreferrer\">J. angielski<\/a><\/p>\n<hr \/>\n<p><strong>WTOREK 19.05<\/strong><\/p>\n<p><a href=\"http:\/\/sp1stanislawdolny.edu.pl\/wp-content\/uploads\/2020\/05\/Edukacja-wczesnoszkolna_1_19.05.pdf\" target=\"_blank\" rel=\"noopener noreferrer\">Edukacja wczesnoszkolna<\/a><\/p>\n<hr \/>\n<p><strong>PONIEDZIA\u0141EK 18.05<\/strong><\/p>\n<p><a href=\"http:\/\/sp1stanislawdolny.edu.pl\/wp-content\/uploads\/2020\/05\/Edukacja-wczesnoszkolna_1_18.05.pdf\" target=\"_blank\" rel=\"noopener noreferrer\">Edukacja wczesnoszkolna<\/a><\/p>\n<p><a href=\"http:\/\/sp1stanislawdolny.edu.pl\/wp-content\/uploads\/2020\/05\/Religia-kl.-I-2.pdf\" target=\"_blank\" rel=\"noopener noreferrer\">Religia<\/a><\/p>\n<hr \/>\n<p><strong>PI\u0104TEK 15.05<\/strong><\/p>\n<p><a href=\"http:\/\/sp1stanislawdolny.edu.pl\/wp-content\/uploads\/2020\/05\/Edukacja-wczesnoszkolna_1_15.05.pdf\" target=\"_blank\" rel=\"noopener noreferrer\">Edukacja wczesnoszkolna<\/a><\/p>\n<hr \/>\n<p><strong>CZWARTEK 14.05<\/strong><\/p>\n<p><a href=\"http:\/\/sp1stanislawdolny.edu.pl\/wp-content\/uploads\/2020\/05\/Edukacja-wczesnoszkolna_1_14.05.pdf\" target=\"_blank\" rel=\"noopener noreferrer\">Edukacja wczesnoszkolna<\/a><\/p>\n<p><a href=\"http:\/\/sp1stanislawdolny.edu.pl\/wp-content\/uploads\/2020\/05\/Zaj\u0119cia-komputerowe_I_14.05.pdf\" target=\"_blank\" rel=\"noopener noreferrer\">Zaj\u0119cia komputerowe.<\/a><\/p>\n<hr \/>\n<p><strong>\u015aRODA 13.05<\/strong><\/p>\n<p><a href=\"http:\/\/sp1stanislawdolny.edu.pl\/index.php\/100-rocznica-urodzin-sw-jana-pawla-ii\/\"><img loading=\"lazy\" decoding=\"async\" class=\"wp-image-3044 size-medium aligncenter\" src=\"http:\/\/sp1stanislawdolny.edu.pl\/wp-content\/uploads\/2020\/05\/baner-JPII-300x95.jpg\" alt=\"\" width=\"300\" height=\"95\" srcset=\"http:\/\/sp1stanislawdolny.edu.pl\/wp-content\/uploads\/2020\/05\/baner-JPII-300x95.jpg 300w, http:\/\/sp1stanislawdolny.edu.pl\/wp-content\/uploads\/2020\/05\/baner-JPII-1024x325.jpg 1024w, http:\/\/sp1stanislawdolny.edu.pl\/wp-content\/uploads\/2020\/05\/baner-JPII-768x244.jpg 768w, http:\/\/sp1stanislawdolny.edu.pl\/wp-content\/uploads\/2020\/05\/baner-JPII-1536x488.jpg 1536w, http:\/\/sp1stanislawdolny.edu.pl\/wp-content\/uploads\/2020\/05\/baner-JPII-2048x650.jpg 2048w, http:\/\/sp1stanislawdolny.edu.pl\/wp-content\/uploads\/2020\/05\/baner-JPII-660x210.jpg 660w\" sizes=\"auto, (max-width: 300px) 100vw, 300px\" \/><\/a><\/p>\n<p><a href=\"http:\/\/sp1stanislawdolny.edu.pl\/wp-content\/uploads\/2020\/05\/Edukacja-wczesnoszkolna_1_13.05.pdf\" target=\"_blank\" rel=\"noopener noreferrer\">Edukacja wczesnoszkolna<\/a><\/p>\n<p><a href=\"http:\/\/sp1stanislawdolny.edu.pl\/wp-content\/uploads\/2020\/05\/J.-angielski_1_13.05.pdf\" target=\"_blank\" rel=\"noopener noreferrer\">J. angielski.<\/a><\/p>\n<hr \/>\n<p><strong>WTOREK 12.05<\/strong><\/p>\n<p><a href=\"http:\/\/sp1stanislawdolny.edu.pl\/wp-content\/uploads\/2020\/05\/Edukacja-wczesnoszkolna_1_12.05.pdf\" target=\"_blank\" rel=\"noopener noreferrer\">Edukacja wczesnoszkolna<\/a><\/p>\n<hr \/>\n<p><strong>PONIEDZIA\u0141EK 11.05<\/strong><\/p>\n<p><a href=\"http:\/\/sp1stanislawdolny.edu.pl\/wp-content\/uploads\/2020\/05\/Edukacja-wczesnoszkolna_1_11.05.pdf\" target=\"_blank\" rel=\"noopener noreferrer\">Edukacja wczesnoszkolna<\/a><\/p>\n<p><a href=\"http:\/\/sp1stanislawdolny.edu.pl\/wp-content\/uploads\/2020\/05\/Religia-kl.-I-1.pdf\" target=\"_blank\" rel=\"noopener noreferrer\">Religia<\/a><\/p>\n<hr \/>\n<p><strong>PI\u0104TEK 08.05<\/strong><\/p>\n<p><a href=\"http:\/\/sp1stanislawdolny.edu.pl\/wp-content\/uploads\/2020\/05\/Edukacja-wczesnoszkolna_1_08.05.pdf\" target=\"_blank\" rel=\"noopener noreferrer\">Edukacja wczesnoszkolna<\/a><\/p>\n<p><a href=\"http:\/\/sp1stanislawdolny.edu.pl\/wp-content\/uploads\/2020\/05\/KONKURS-Jan-Pawe\u0142-II-Pielgrzym-kalwaryjski.pdf\" target=\"_blank\" rel=\"noopener noreferrer\">KONKURS &#8211; Jan Pawe\u0142 II &#8211; Pielgrzym kalwaryjski<\/a><\/p>\n<hr \/>\n<p><strong>CZWARTEK 07.05<\/strong><\/p>\n<p><a href=\"http:\/\/sp1stanislawdolny.edu.pl\/wp-content\/uploads\/2020\/05\/Edukacja-wczesnoszkolna_1_07.05.pdf\" target=\"_blank\" rel=\"noopener noreferrer\">Edukacja wczesnoszkolna<\/a><\/p>\n<p><a href=\"http:\/\/sp1stanislawdolny.edu.pl\/wp-content\/uploads\/2020\/05\/Zaj\u0119cia-komputerowe_I_07.05.pdf\" target=\"_blank\" rel=\"noopener noreferrer\">Zaj\u0119cia komputerowe<\/a><\/p>\n<hr \/>\n<p><strong>\u015aRODA 06.05<\/strong><\/p>\n<p>&nbsp;<\/p>\n","protected":false},"excerpt":{"rendered":"<p>Czekamy na kolejne domki na osiedlu \ud83d\ude42 Na zako\u0144czenie \ud83d\ude42 CZWARTEK 25.06 Edukacja wczesnoszkolna Zaj\u0119cia komputerowe \u015aRODA 24.06 Zwrot po\u017cyczonych laptop\u00f3w i modem\u00f3w &#8211; czwartek 7.00 &#8211; 14.00 Edukacja wczesnoszkolna J. angielski WTOREK 23.06 Edukacja wczesnoszkolna PONIEDZIA\u0141EK 22.06 Edukacja wczesnoszkolna Religia PI\u0104TEK 19.06 Informacja dotycz\u0105ca zwrotu podr\u0119cznik\u00f3w Edukacja wczesnoszkolna PONIEDZIA\u0141EK 15.06 Edukacja wczesnoszkolna Religia \u015aRODA\u2026 <span class=\"read-more\"><a href=\"http:\/\/sp1stanislawdolny.edu.pl\/index.php\/klasa-i\/\">Dowiedz si\u0119 wi\u0119cej &raquo;<\/a><\/span><\/p>\n","protected":false},"author":1,"featured_media":0,"parent":0,"menu_order":0,"comment_status":"closed","ping_status":"closed","template":"","meta":{"ngg_post_thumbnail":0,"footnotes":""},"class_list":["post-589","page","type-page","status-publish","hentry"],"_links":{"self":[{"href":"http:\/\/sp1stanislawdolny.edu.pl\/index.php\/wp-json\/wp\/v2\/pages\/589","targetHints":{"allow":["GET"]}}],"collection":[{"href":"http:\/\/sp1stanislawdolny.edu.pl\/index.php\/wp-json\/wp\/v2\/pages"}],"about":[{"href":"http:\/\/sp1stanislawdolny.edu.pl\/index.php\/wp-json\/wp\/v2\/types\/page"}],"author":[{"embeddable":true,"href":"http:\/\/sp1stanislawdolny.edu.pl\/index.php\/wp-json\/wp\/v2\/users\/1"}],"replies":[{"embeddable":true,"href":"http:\/\/sp1stanislawdolny.edu.pl\/index.php\/wp-json\/wp\/v2\/comments?post=589"}],"version-history":[{"count":99,"href":"http:\/\/sp1stanislawdolny.edu.pl\/index.php\/wp-json\/wp\/v2\/pages\/589\/revisions"}],"predecessor-version":[{"id":4557,"href":"http:\/\/sp1stanislawdolny.edu.pl\/index.php\/wp-json\/wp\/v2\/pages\/589\/revisions\/4557"}],"wp:attachment":[{"href":"http:\/\/sp1stanislawdolny.edu.pl\/index.php\/wp-json\/wp\/v2\/media?parent=589"}],"curies":[{"name":"wp","href":"https:\/\/api.w.org\/{rel}","templated":true}]}}