{"id":5830,"date":"2021-05-25T20:16:06","date_gmt":"2021-05-25T20:16:06","guid":{"rendered":"http:\/\/sp1stanislawdolny.edu.pl\/?page_id=5830"},"modified":"2021-05-25T20:33:31","modified_gmt":"2021-05-25T20:33:31","slug":"dzien-mamy-2021","status":"publish","type":"page","link":"http:\/\/sp1stanislawdolny.edu.pl\/index.php\/dzien-mamy-2021\/","title":{"rendered":"Dzie\u0144 Mamy 2021"},"content":{"rendered":"<p><a href=\"http:\/\/sp1stanislawdolny.edu.pl\/wp-content\/uploads\/2020\/05\/tlo-3.png\"><img loading=\"lazy\" decoding=\"async\" class=\"size-thumbnail wp-image-3582 alignleft\" src=\"http:\/\/sp1stanislawdolny.edu.pl\/wp-content\/uploads\/2020\/05\/tlo-3-150x150.png\" alt=\"\" width=\"150\" height=\"150\" \/><\/a><\/p>\n<p>&nbsp;<\/p>\n<p style=\"text-align: right;\"><span style=\"font-size: 10pt; font-family: book antiqua, palatino, serif;\">\u201eNie ma jak u mamy, ciep\u0142y piec, cichy k\u0105t.<\/span><br \/>\n<span style=\"font-size: 10pt; font-family: book antiqua, palatino, serif;\">Nie ma jak u mamy, kto nie wierzy robi b\u0142\u0105d.<\/span><br \/>\n<span style=\"font-size: 10pt; font-family: book antiqua, palatino, serif;\">Nie ma jak u mamy, cichy k\u0105t, ciep\u0142y piec.<\/span><br \/>\n<span style=\"font-size: 10pt; font-family: book antiqua, palatino, serif;\">Nie ma jak u mamy, kto nie wierzy jego rzecz.\u201d<\/span><br \/>\n<span style=\"font-size: 10pt; font-family: book antiqua, palatino, serif;\">\/Wojciech M\u0142ynarski\/<\/span><\/p>\n<p style=\"text-align: center;\"><span style=\"font-size: 14pt; font-family: book antiqua, palatino, serif;\">26 maja &#8211; Dzie\u0144 Matki, jedyny dzie\u0144 w roku, w kt\u00f3rym obchodzimy \u015bwi\u0119to naszych kochanych Mam. Z tej okazji przedszkolaki oraz uczniowie kl. 1-3 przygotowali wiersze, \u017cyczenia i piosenki.<\/span><\/p>\n<hr \/>\n<p style=\"text-align: center;\">Przedszkolaki z oddzia\u0142u 0A<\/p>\n<div style=\"width: 640px;\" class=\"wp-video\"><video class=\"wp-video-shortcode\" id=\"video-5830-1\" width=\"640\" height=\"352\" preload=\"metadata\" controls=\"controls\"><source type=\"video\/mp4\" src=\"http:\/\/sp1stanislawdolny.edu.pl\/wp-content\/uploads\/2021\/05\/0A.mp4?_=1\" \/><a href=\"http:\/\/sp1stanislawdolny.edu.pl\/wp-content\/uploads\/2021\/05\/0A.mp4\">http:\/\/sp1stanislawdolny.edu.pl\/wp-content\/uploads\/2021\/05\/0A.mp4<\/a><\/video><\/div>\n<hr \/>\n<p style=\"text-align: center;\">Przedszkolaki z oddzia\u0142u 0B<\/p>\n<div style=\"width: 665px;\" class=\"wp-video\"><video class=\"wp-video-shortcode\" id=\"video-5830-2\" width=\"665\" height=\"443\" preload=\"metadata\" controls=\"controls\"><source type=\"video\/mp4\" src=\"http:\/\/sp1stanislawdolny.edu.pl\/wp-content\/uploads\/2021\/05\/0B_x264.mp4?_=2\" \/><a href=\"http:\/\/sp1stanislawdolny.edu.pl\/wp-content\/uploads\/2021\/05\/0B_x264.mp4\">http:\/\/sp1stanislawdolny.edu.pl\/wp-content\/uploads\/2021\/05\/0B_x264.mp4<\/a><\/video><\/div>\n<hr \/>\n<p style=\"text-align: center;\"><span style=\"font-family: book antiqua, palatino, serif; font-size: 12pt;\">Droga Mamo, najpi\u0119kniejsze sk\u0142adam Ci \u017cyczenia<a href=\"http:\/\/sp1stanislawdolny.edu.pl\/wp-content\/uploads\/2020\/05\/tlo-4.png\"><img loading=\"lazy\" decoding=\"async\" class=\" wp-image-3583 alignright\" src=\"http:\/\/sp1stanislawdolny.edu.pl\/wp-content\/uploads\/2020\/05\/tlo-4-216x300.png\" alt=\"\" width=\"126\" height=\"175\" srcset=\"http:\/\/sp1stanislawdolny.edu.pl\/wp-content\/uploads\/2020\/05\/tlo-4-216x300.png 216w, http:\/\/sp1stanislawdolny.edu.pl\/wp-content\/uploads\/2020\/05\/tlo-4-738x1024.png 738w, http:\/\/sp1stanislawdolny.edu.pl\/wp-content\/uploads\/2020\/05\/tlo-4-768x1066.png 768w, http:\/\/sp1stanislawdolny.edu.pl\/wp-content\/uploads\/2020\/05\/tlo-4-660x916.png 660w, http:\/\/sp1stanislawdolny.edu.pl\/wp-content\/uploads\/2020\/05\/tlo-4.png 955w\" sizes=\"auto, (max-width: 126px) 100vw, 126px\" \/><\/a><\/span><br \/>\n<span style=\"font-family: book antiqua, palatino, serif; font-size: 12pt;\">z g\u0142\u0119bi serca p\u0142yn\u0105ce, czekaj\u0105 spe\u0142nienia.<\/span><br \/>\n<span style=\"font-family: book antiqua, palatino, serif; font-size: 12pt;\">Niechaj k\u0142opoty znikn\u0105, sukces\u00f3w Ci tylko przybywa,<\/span><br \/>\n<span style=\"font-family: book antiqua, palatino, serif; font-size: 12pt;\">Zdrowie niech dopisuje, szcz\u0119\u015bcie si\u0119 nie ukrywa.<\/span><br \/>\n<span style=\"font-family: book antiqua, palatino, serif; font-size: 12pt;\">Wszystko, co pi\u0119kne i wymarzone,<\/span><br \/>\n<span style=\"font-family: book antiqua, palatino, serif; font-size: 12pt;\">niech w Twoim \u017cyciu b\u0119dzie spe\u0142nione.<\/span><\/p>\n<p>&nbsp;<\/p>\n<hr \/>\n<p style=\"text-align: center;\">Klasa I<\/p>\n<div style=\"width: 665px;\" class=\"wp-video\"><video class=\"wp-video-shortcode\" id=\"video-5830-3\" width=\"665\" height=\"443\" preload=\"metadata\" controls=\"controls\"><source type=\"video\/mp4\" src=\"http:\/\/sp1stanislawdolny.edu.pl\/wp-content\/uploads\/2021\/05\/klasa-1_x264.mp4?_=3\" \/><a href=\"http:\/\/sp1stanislawdolny.edu.pl\/wp-content\/uploads\/2021\/05\/klasa-1_x264.mp4\">http:\/\/sp1stanislawdolny.edu.pl\/wp-content\/uploads\/2021\/05\/klasa-1_x264.mp4<\/a><\/video><\/div>\n<hr \/>\n<p style=\"text-align: center;\">Klasa II<\/p>\n<div style=\"width: 665px;\" class=\"wp-video\"><video class=\"wp-video-shortcode\" id=\"video-5830-4\" width=\"665\" height=\"443\" preload=\"metadata\" controls=\"controls\"><source type=\"video\/mp4\" src=\"http:\/\/sp1stanislawdolny.edu.pl\/wp-content\/uploads\/2021\/05\/klasa-2_x264.mp4?_=4\" \/><a href=\"http:\/\/sp1stanislawdolny.edu.pl\/wp-content\/uploads\/2021\/05\/klasa-2_x264.mp4\">http:\/\/sp1stanislawdolny.edu.pl\/wp-content\/uploads\/2021\/05\/klasa-2_x264.mp4<\/a><\/video><\/div>\n<hr \/>\n<p style=\"text-align: center;\">Klasa III<\/p>\n<div style=\"width: 665px;\" class=\"wp-video\"><video class=\"wp-video-shortcode\" id=\"video-5830-5\" width=\"665\" height=\"443\" preload=\"metadata\" controls=\"controls\"><source type=\"video\/mp4\" src=\"http:\/\/sp1stanislawdolny.edu.pl\/wp-content\/uploads\/2021\/05\/klasa-III_x264.mp4?_=5\" \/><a href=\"http:\/\/sp1stanislawdolny.edu.pl\/wp-content\/uploads\/2021\/05\/klasa-III_x264.mp4\">http:\/\/sp1stanislawdolny.edu.pl\/wp-content\/uploads\/2021\/05\/klasa-III_x264.mp4<\/a><\/video><\/div>\n<hr \/>\n<p style=\"background: white none repeat scroll 0% 0%; text-align: center;\"><span style=\"color: black; font-family: book antiqua, palatino, serif;\"><a href=\"http:\/\/sp1stanislawdolny.edu.pl\/wp-content\/uploads\/2020\/05\/tlo-3.png\"><img loading=\"lazy\" decoding=\"async\" class=\"wp-image-3582 alignleft\" src=\"http:\/\/sp1stanislawdolny.edu.pl\/wp-content\/uploads\/2020\/05\/tlo-3-300x259.png\" alt=\"\" width=\"109\" height=\"94\" srcset=\"http:\/\/sp1stanislawdolny.edu.pl\/wp-content\/uploads\/2020\/05\/tlo-3-300x259.png 300w, http:\/\/sp1stanislawdolny.edu.pl\/wp-content\/uploads\/2020\/05\/tlo-3-1024x884.png 1024w, http:\/\/sp1stanislawdolny.edu.pl\/wp-content\/uploads\/2020\/05\/tlo-3-768x663.png 768w, http:\/\/sp1stanislawdolny.edu.pl\/wp-content\/uploads\/2020\/05\/tlo-3-660x570.png 660w, http:\/\/sp1stanislawdolny.edu.pl\/wp-content\/uploads\/2020\/05\/tlo-3.png 1192w\" sizes=\"auto, (max-width: 109px) 100vw, 109px\" \/><\/a><span style=\"font-size: 12pt;\">Kochana Mamo, <span style=\"background: white;\">dzisiaj za Twe troski, trudy, po\u015bwi\u0119cenie,<\/span><\/span><br \/>\n<span style=\"background: white none repeat scroll 0% 0%; font-size: 12pt;\">za Tw\u0105 mi\u0142o\u015b\u0107 matczyn\u0105, nigdy nie zachwian\u0105,<\/span><br \/>\n<span style=\"background: white none repeat scroll 0% 0%; font-size: 12pt;\">mog\u0119 tylko Tw\u0105 szyj\u0119 otoczy\u0107 ramieniem<\/span><br \/>\n<span style=\"background: white none repeat scroll 0% 0%; font-size: 12pt;\">i szepn\u0105\u0107 do ucha: &#8211; Dzi\u0119kuj\u0119 Ci Mamo!<\/span><\/span><\/p>\n<hr \/>\n<p style=\"text-align: center;\">&#8230; i jeszcze kr\u00f3ciutkie \u017cyczenia od troszk\u0119 starszych<\/p>\n<div style=\"width: 665px;\" class=\"wp-video\"><video class=\"wp-video-shortcode\" id=\"video-5830-6\" width=\"665\" height=\"374\" preload=\"metadata\" controls=\"controls\"><source type=\"video\/mp4\" src=\"http:\/\/sp1stanislawdolny.edu.pl\/wp-content\/uploads\/2021\/05\/Prezentacja1.mp4?_=6\" \/><a href=\"http:\/\/sp1stanislawdolny.edu.pl\/wp-content\/uploads\/2021\/05\/Prezentacja1.mp4\">http:\/\/sp1stanislawdolny.edu.pl\/wp-content\/uploads\/2021\/05\/Prezentacja1.mp4<\/a><\/video><\/div>\n<hr \/>\n<p style=\"background: white none repeat scroll 0% 0%; text-align: center;\"><span style=\"color: black; font-family: book antiqua, palatino, serif; font-size: 14pt;\">Nie skupiajmy si\u0119 na tym jednym dniu, kochajmy Mamy i okazujmy im to przez ca\u0142y rok!<\/span><\/p>\n<p style=\"text-align: center;\"><a href=\"http:\/\/sp1stanislawdolny.edu.pl\/wp-content\/uploads\/2020\/05\/ludki.jpg\"><img loading=\"lazy\" decoding=\"async\" class=\"alignnone wp-image-3613\" src=\"http:\/\/sp1stanislawdolny.edu.pl\/wp-content\/uploads\/2020\/05\/ludki.jpg\" alt=\"\" width=\"172\" height=\"184\" \/><\/a><\/p>\n","protected":false},"excerpt":{"rendered":"<p>&nbsp; \u201eNie ma jak u mamy, ciep\u0142y piec, cichy k\u0105t. Nie ma jak u mamy, kto nie wierzy robi b\u0142\u0105d. Nie ma jak u mamy, cichy k\u0105t, ciep\u0142y piec. Nie ma jak u mamy, kto nie wierzy jego rzecz.\u201d \/Wojciech M\u0142ynarski\/ 26 maja &#8211; Dzie\u0144 Matki, jedyny dzie\u0144 w roku, w kt\u00f3rym obchodzimy \u015bwi\u0119to naszych\u2026 <span class=\"read-more\"><a href=\"http:\/\/sp1stanislawdolny.edu.pl\/index.php\/dzien-mamy-2021\/\">Dowiedz si\u0119 wi\u0119cej &raquo;<\/a><\/span><\/p>\n","protected":false},"author":1,"featured_media":0,"parent":0,"menu_order":0,"comment_status":"closed","ping_status":"closed","template":"","meta":{"ngg_post_thumbnail":0,"footnotes":""},"class_list":["post-5830","page","type-page","status-publish","hentry"],"_links":{"self":[{"href":"http:\/\/sp1stanislawdolny.edu.pl\/index.php\/wp-json\/wp\/v2\/pages\/5830","targetHints":{"allow":["GET"]}}],"collection":[{"href":"http:\/\/sp1stanislawdolny.edu.pl\/index.php\/wp-json\/wp\/v2\/pages"}],"about":[{"href":"http:\/\/sp1stanislawdolny.edu.pl\/index.php\/wp-json\/wp\/v2\/types\/page"}],"author":[{"embeddable":true,"href":"http:\/\/sp1stanislawdolny.edu.pl\/index.php\/wp-json\/wp\/v2\/users\/1"}],"replies":[{"embeddable":true,"href":"http:\/\/sp1stanislawdolny.edu.pl\/index.php\/wp-json\/wp\/v2\/comments?post=5830"}],"version-history":[{"count":6,"href":"http:\/\/sp1stanislawdolny.edu.pl\/index.php\/wp-json\/wp\/v2\/pages\/5830\/revisions"}],"predecessor-version":[{"id":5845,"href":"http:\/\/sp1stanislawdolny.edu.pl\/index.php\/wp-json\/wp\/v2\/pages\/5830\/revisions\/5845"}],"wp:attachment":[{"href":"http:\/\/sp1stanislawdolny.edu.pl\/index.php\/wp-json\/wp\/v2\/media?parent=5830"}],"curies":[{"name":"wp","href":"https:\/\/api.w.org\/{rel}","templated":true}]}}