{"id":5420,"date":"2021-03-21T15:38:21","date_gmt":"2021-03-21T15:38:21","guid":{"rendered":"http:\/\/sp1stanislawdolny.edu.pl\/?page_id=5420"},"modified":"2021-03-21T15:38:21","modified_gmt":"2021-03-21T15:38:21","slug":"deklaracja-dostepnosci","status":"publish","type":"page","link":"http:\/\/sp1stanislawdolny.edu.pl\/index.php\/deklaracja-dostepnosci\/","title":{"rendered":"Deklaracja dost\u0119pno\u015bci"},"content":{"rendered":"<p><strong>Szko\u0142a Podstawowa nr 1 im. Jana Paw\u0142a II w Stanis\u0142awiu Dolnym<\/strong> zobowi\u0105zuje si\u0119 zapewni\u0107 dost\u0119pno\u015b\u0107 swojej strony internetowej zgodnie z przepisami ustawy z dnia 4 kwietnia 2019 r. o dost\u0119pno\u015bci cyfrowej stron internetowych i aplikacji mobilnych podmiot\u00f3w publicznych. O\u015bwiadczenie w sprawie dost\u0119pno\u015bci ma zastosowanie do strony <a href=\"http:\/\/www.sp1stanislawdolny.edu.pl\">www.sp1stanislawdolny.edu.pl<\/a><\/p>\n<p><strong>Dane teleadresowe jednostki:<\/strong><\/p>\n<p><strong>adres:<\/strong> Stanis\u0142aw Dolny 256, 34-130 Kalwaria Zebrzydowska<\/p>\n<p><strong>telefon\/fax:<\/strong> 33 8767677<\/p>\n<p>Data publikacji strony internetowej: 23.01.2020<\/p>\n<p>Data ostatniej istotnej aktualizacji: 23.01.2020<\/p>\n<p><strong>Status pod wzgl\u0119dem zgodno\u015bci z ustaw\u0105<\/strong><\/p>\n<p>Strona www jest cz\u0119\u015bciowo zgodna z ustaw\u0105 z dnia 4 kwietnia 2019 r. o dost\u0119pno\u015bci cyfrowej stron internetowych i aplikacji mobilnych podmiot\u00f3w publicznych z powodu niezgodno\u015bci lub wy\u0142\u0105cze\u0144 wymienionych poni\u017cej:<\/p>\n<ul>\n<li>filmy nie posiadaj\u0105 napis\u00f3w dla os\u00f3b g\u0142uchych<\/li>\n<li>Cz\u0119\u015b\u0107 plik\u00f3w opublikowanych w serwisie to skany dokument\u00f3w opublikowane w formacie .pdf, kt\u00f3re nie zosta\u0142y poddane procesowi optycznego rozpoznawania tekst\u00f3w (OCR).<\/li>\n<li>nie wszystkie fotografie i grafiki w artyku\u0142ach posiadaj\u0105 opis i tekst alternatywny;<\/li>\n<\/ul>\n<p>Poprawienie dost\u0119pno\u015bci strony nios\u0142oby za sob\u0105 nadmierne obci\u0105\u017cenia dla podmiotu publicznego<\/p>\n<p><strong>Data sporz\u0105dzenia deklaracji i metoda oceny dost\u0119pno\u015bci cyfrowej<\/strong><\/p>\n<p>Niniejsze o\u015bwiadczenie sporz\u0105dzono dnia 22.09.2020 r.<\/p>\n<p>Deklaracj\u0119 sporz\u0105dzono na podstawie samooceny przeprowadzonej przez podmiot publiczny.<\/p>\n<p><strong>Skr\u00f3ty klawiaturowe<\/strong><\/p>\n<p>Na stronie internetowej mo\u017cna u\u017cywa\u0107 standardowych skr\u00f3t\u00f3w klawiaturowych przegl\u0105darki.<\/p>\n<p><strong>Informacje zwrotne i dane kontaktowe<\/strong><\/p>\n<ul>\n<li>Za rozpatrywanie uwag i wniosk\u00f3w osoba odpowiedzialna: Dyrektor Szko\u0142y Podstawowej nr1 im. Jana Paw\u0142a II w Stanis\u0142awiu Dolnym<\/li>\n<li>E-mail: 1spstanislawdolny@vp.pl<\/li>\n<li>Telefon: (33) 8767677<\/li>\n<\/ul>\n<p><strong>Informacje na temat procedury<\/strong><\/p>\n<p>Ka\u017cdy ma prawo:<\/p>\n<ul>\n<li>zg\u0142osi\u0107 uwagi dotycz\u0105ce dost\u0119pno\u015bci cyfrowej strony lub jej elementu,<\/li>\n<li>zg\u0142osi\u0107 \u017c\u0105danie zapewnienia dost\u0119pno\u015bci cyfrowej strony lub jej elementu,<\/li>\n<li>wnioskowa\u0107 o udost\u0119pnienie niedost\u0119pnej informacji w innej alternatywnej formie.<\/li>\n<\/ul>\n<p>\u017b\u0105danie musi zawiera\u0107:<\/p>\n<ul>\n<li>dane kontaktowe osoby zg\u0142aszaj\u0105cej,<\/li>\n<li>wskazanie strony lub elementu strony, kt\u00f3rej dotyczy \u017c\u0105danie,<\/li>\n<li>wskazanie dogodnej formy udost\u0119pnienia informacji, je\u015bli \u017c\u0105danie dotyczy udost\u0119pnienia w formie alternatywnej informacji niedost\u0119pnej.<\/li>\n<\/ul>\n<p>Rozpatrzenie zg\u0142oszenia powinno nast\u0105pi\u0107 niezw\u0142ocznie, najp\u00f3\u017aniej w ci\u0105gu 7 dni. Je\u015bli w tym terminie zapewnienie dost\u0119pno\u015bci albo zapewnienie dost\u0119pu w alternatywnej formie nie jest mo\u017cliwe, powinno nast\u0105pi\u0107 najdalej w ci\u0105gu 2 miesi\u0119cy od daty zg\u0142oszenia.<\/p>\n<p>W przypadku, gdy podmiot publiczny odm\u00f3wi realizacji \u017c\u0105dania zapewnienia dost\u0119pno\u015bci lub alternatywnego sposobu dost\u0119pu do informacji, wnosz\u0105cy \u017c\u0105danie mo\u017cne z\u0142o\u017cy\u0107 skarg\u0119 w sprawie zapewniana dost\u0119pno\u015bci cyfrowej strony internetowej, aplikacji mobilnej lub elementu strony internetowej, lub aplikacji mobilnej. Po wyczerpaniu wskazanej wy\u017cej procedury mo\u017cna tak\u017ce z\u0142o\u017cy\u0107 wniosek do <a href=\"https:\/\/www.rpo.gov.pl\/\">Rzecznika Praw Obywatelskich<\/a>.<\/p>\n<p><strong>Dost\u0119pno\u015b\u0107 architektoniczna<\/strong><\/p>\n<ul>\n<li>Do budynku prowadz\u0105 trzy wej\u015bcia. G\u0142\u00f3wne wej\u015bcie do szko\u0142y znajduj\u0119 si\u0119 od strony drogi gminnej(wsch\u00f3d). Do tego wej\u015bcia prowadz\u0105 schody (4 stopnie). Drzwi do szko\u0142y od strony zachodniej nie posiadaj\u0105 schod\u00f3w, nie otwieraj\u0105 si\u0119 automatycznie. Ka\u017cde wej\u015bcie do szko\u0142y zabezpieczone jest elektronicznym wy\u0142\u0105cznikiem.<\/li>\n<li>Dla os\u00f3b na w\u00f3zkach dost\u0119pne jest wej\u015bcie od strony zachodniej. W korytarzu i pomieszczeniach na parterze znajduje si\u0119 gabinet dyrektora, sekretariat, biblioteka, kuchnia, pok\u00f3j pedagoga, pok\u00f3j nauczycielski, gabinet piel\u0119gniarki, \u015bwietlica szkolna, sto\u0142\u00f3wka , dwa oddzia\u0142y przedszkolne, sala gimnastyczna wraz z zapleczem sanitarnym. W budynku nie ma windy.<\/li>\n<li>Sekretariat pe\u0142ni\u0105cy funkcj\u0119 dziennika podawczego znajduje si\u0119 po lewej stronie od wej\u015bcia g\u0142\u00f3wnego.<\/li>\n<li>Przy budynku od strony zachodniej wyznaczono jedno miejsce parkingowe dla os\u00f3b niepe\u0142nosprawnych.<\/li>\n<li>Do budynku i wszystkich udost\u0119pnionych pomieszcze\u0144 mo\u017cna wej\u015b\u0107 z psem asystuj\u0105cym i psem przewodnikiem.<\/li>\n<li>W budynku nie ma p\u0119tli indukcyjnych.<\/li>\n<\/ul>\n","protected":false},"excerpt":{"rendered":"<p>Szko\u0142a Podstawowa nr 1 im. Jana Paw\u0142a II w Stanis\u0142awiu Dolnym zobowi\u0105zuje si\u0119 zapewni\u0107 dost\u0119pno\u015b\u0107 swojej strony internetowej zgodnie z przepisami ustawy z dnia 4 kwietnia 2019 r. o dost\u0119pno\u015bci cyfrowej stron internetowych i aplikacji mobilnych podmiot\u00f3w publicznych. O\u015bwiadczenie w sprawie dost\u0119pno\u015bci ma zastosowanie do strony www.sp1stanislawdolny.edu.pl Dane teleadresowe jednostki: adres: Stanis\u0142aw Dolny 256, 34-130\u2026 <span class=\"read-more\"><a href=\"http:\/\/sp1stanislawdolny.edu.pl\/index.php\/deklaracja-dostepnosci\/\">Dowiedz si\u0119 wi\u0119cej &raquo;<\/a><\/span><\/p>\n","protected":false},"author":1,"featured_media":0,"parent":0,"menu_order":0,"comment_status":"closed","ping_status":"closed","template":"","meta":{"ngg_post_thumbnail":0,"footnotes":""},"class_list":["post-5420","page","type-page","status-publish","hentry"],"_links":{"self":[{"href":"http:\/\/sp1stanislawdolny.edu.pl\/index.php\/wp-json\/wp\/v2\/pages\/5420","targetHints":{"allow":["GET"]}}],"collection":[{"href":"http:\/\/sp1stanislawdolny.edu.pl\/index.php\/wp-json\/wp\/v2\/pages"}],"about":[{"href":"http:\/\/sp1stanislawdolny.edu.pl\/index.php\/wp-json\/wp\/v2\/types\/page"}],"author":[{"embeddable":true,"href":"http:\/\/sp1stanislawdolny.edu.pl\/index.php\/wp-json\/wp\/v2\/users\/1"}],"replies":[{"embeddable":true,"href":"http:\/\/sp1stanislawdolny.edu.pl\/index.php\/wp-json\/wp\/v2\/comments?post=5420"}],"version-history":[{"count":1,"href":"http:\/\/sp1stanislawdolny.edu.pl\/index.php\/wp-json\/wp\/v2\/pages\/5420\/revisions"}],"predecessor-version":[{"id":5421,"href":"http:\/\/sp1stanislawdolny.edu.pl\/index.php\/wp-json\/wp\/v2\/pages\/5420\/revisions\/5421"}],"wp:attachment":[{"href":"http:\/\/sp1stanislawdolny.edu.pl\/index.php\/wp-json\/wp\/v2\/media?parent=5420"}],"curies":[{"name":"wp","href":"https:\/\/api.w.org\/{rel}","templated":true}]}}