{"id":541,"date":"2020-02-29T13:05:04","date_gmt":"2020-02-29T13:05:04","guid":{"rendered":"http:\/\/sp1stanislawdolny.edu.pl\/?page_id=541"},"modified":"2024-12-23T12:15:21","modified_gmt":"2024-12-23T12:15:21","slug":"pedagog-szkolny","status":"publish","type":"page","link":"http:\/\/sp1stanislawdolny.edu.pl\/index.php\/pedagog-szkolny\/","title":{"rendered":"Pedagog szkolny"},"content":{"rendered":"<p style=\"text-align: center;\"><strong>PEDAGOG<\/strong><\/p>\n<p style=\"text-align: center;\"><strong>PEDAGOG SPECJALNY<\/strong><\/p>\n<p style=\"text-align: center;\">mgr Joanna Sad\u0142o\u0144<\/p>\n<p style=\"text-align: center;\"><strong>Godziny przyj\u0119\u0107<\/strong><\/p>\n<p style=\"text-align: center;\"><strong>Poniedzia\u0142ek<\/strong> &#8211; 8.45-11.45<\/p>\n<p style=\"text-align: center;\"><strong>Wtorek<\/strong> &#8211; 8.00-13.00<\/p>\n<p style=\"text-align: center;\"><strong>\u015aroda<\/strong> &#8211; 8.00-14.00<\/p>\n<p style=\"text-align: center;\"><strong>Czwartek<\/strong> &#8211; 8.45-11.45 i 12.45-13.45<\/p>\n<p style=\"text-align: center;\"><strong>Pi\u0105tek<\/strong> &#8211; 9.00-14.00<\/p>\n<hr \/>\n<p style=\"text-align: center;\"><a href=\"http:\/\/sp1stanislawdolny.edu.pl\/wp-content\/uploads\/2024\/12\/470223226_1099142242003152_9099104116284035895_n-1734430841.jpg\"><img loading=\"lazy\" decoding=\"async\" class=\"alignnone wp-image-10035 size-large\" src=\"http:\/\/sp1stanislawdolny.edu.pl\/wp-content\/uploads\/2024\/12\/470223226_1099142242003152_9099104116284035895_n-1734430841-730x1024.jpg\" alt=\"\" width=\"665\" height=\"933\" srcset=\"http:\/\/sp1stanislawdolny.edu.pl\/wp-content\/uploads\/2024\/12\/470223226_1099142242003152_9099104116284035895_n-1734430841-730x1024.jpg 730w, http:\/\/sp1stanislawdolny.edu.pl\/wp-content\/uploads\/2024\/12\/470223226_1099142242003152_9099104116284035895_n-1734430841-214x300.jpg 214w, http:\/\/sp1stanislawdolny.edu.pl\/wp-content\/uploads\/2024\/12\/470223226_1099142242003152_9099104116284035895_n-1734430841-768x1078.jpg 768w, http:\/\/sp1stanislawdolny.edu.pl\/wp-content\/uploads\/2024\/12\/470223226_1099142242003152_9099104116284035895_n-1734430841-1094x1536.jpg 1094w, http:\/\/sp1stanislawdolny.edu.pl\/wp-content\/uploads\/2024\/12\/470223226_1099142242003152_9099104116284035895_n-1734430841-660x926.jpg 660w, http:\/\/sp1stanislawdolny.edu.pl\/wp-content\/uploads\/2024\/12\/470223226_1099142242003152_9099104116284035895_n-1734430841.jpg 1170w\" sizes=\"auto, (max-width: 665px) 100vw, 665px\" \/><\/a><\/p>\n<p><!--nextpage--><\/p>\n<p>Drodzy Rodzice i Uczniowie !<\/p>\n<p>Czas pandemii nadal zobowi\u0105zuje zar\u00f3wno doros\u0142ych i dzieci do sp\u0119dzania sporej ilo\u015bci czasu przed ekranem. Poza pozytywnymi aspektami korzystania z internetu \u2013 zdalne lekcje, wiadomo\u015bci, zakupy, kontakty z bliskimi \u2013 musimy r\u00f3wnie\u017c pami\u0119ta\u0107 o zagro\u017ceniach, kt\u00f3re wynikaj\u0105 z nadu\u017cywania urz\u0105dze\u0144 ekranowych.<\/p>\n<p>FUNDACJA DAJEMY DZIECIOM SI\u0141\u0118 stworzy\u0142a DOMOWE ZASADY EKRANOWE, kt\u00f3re mog\u0105 pomoc nam zorganizowa\u0107 i usystematyzowa\u0107 czas sp\u0119dzany przed ekranem.<\/p>\n<p><a href=\"https:\/\/www.domowezasadyekranowe.fdds.pl\/\">https:\/\/www.domowezasadyekranowe.fdds.pl\/<\/a><\/p>\n<hr \/>\n<p style=\"text-align: center;\"><span style=\"font-size: 14pt;\"><a href=\"http:\/\/sp1stanislawdolny.edu.pl\/wp-content\/uploads\/2021\/04\/pandemia-1.pdf\" target=\"_blank\" rel=\"noopener\">Samopoczucie w czasie pandemii<\/a><\/span><\/p>\n<hr \/>\n<p>\u201e Gniew, z\u0142o\u015b\u0107 i w\u015bciek\u0142o\u015b\u0107- jak wspiera\u0107 dziecko?\u201d<\/p>\n<p>Gniew, z\u0142o\u015b\u0107 i w\u015bciek\u0142o\u015b\u0107 \u2013 to uczucia , kt\u00f3re cz\u0119sto towarzysz\u0105 dzieciom bez wzgl\u0119du na to czy tego chcemy czy nie. Jak wspiera\u0107 swoje dziecko w tych trudnych momentach ? Jak pom\u00f3c dziecku w wyra\u017caniu swoich emocji ? Zapraszam do artyku\u0142u .<\/p>\n<p><a href=\"https:\/\/portal.librus.pl\/artykuly\/gniew-zlosc-i-wscieklosc-jak-wspierac-dziecko\" target=\"_blank\" rel=\"noopener\">https:\/\/portal.librus.pl\/artykuly\/gniew-zlosc-i-wscieklosc-jak-wspierac-dziecko<\/a><\/p>\n<hr \/>\n<p>Drodzy Rodzice i Nauczyciele !<\/p>\n<p>Zach\u0119cam do zapoznania si\u0119 z zestawem bajek terapeutycznych wspieraj\u0105cych dzieci w do\u015bwiadczeniu pandemii .<\/p>\n<p>Bajki \u201e S\u0142owa w koronie\u201d zosta\u0142 przygotowany przez Fundacj\u0119 Bada\u0144 Spo\u0142ecznych .<\/p>\n<p>Pozdrawiam<\/p>\n<p>Pedagog szkolny<\/p>\n<p><a href=\"http:\/\/sp1stanislawdolny.edu.pl\/wp-content\/uploads\/2021\/03\/Slowa-w-koronie-Bajki-terapeutyczne-wspierajace-dzieci-w-pandemii.-Fundacja-Badan-Spolecznych-Program-SPOLECZNIK-2021.pdf\">S\u0142owa w koronie &#8211; Bajki terapeutyczne wspieraj\u0105ce dzieci w pandemii. Fundacja Bada\u0144 Spo\u0142ecznych &#8211; Program SPO\u0141ECZNIK 2021<\/a><\/p>\n<hr \/>\n<p><a href=\"http:\/\/sp1stanislawdolny.edu.pl\/wp-content\/uploads\/2020\/06\/poradnik_bezpieczne_wakacje.pdf\" target=\"_blank\" rel=\"noopener noreferrer\">Poradnik_bezpieczne_wakacje<\/a><\/p>\n<hr \/>\n<p>&#8221; Wakacje inne ni\u017c zwykle ? Czy mog\u0105 by\u0107 udane?&#8221;<\/p>\n<p><a href=\"https:\/\/portal.librus.pl\/artykuly\/wakacje-inne-niz-zwykle-czy-moga-byc-udane\">https:\/\/portal.librus.pl\/artykuly\/wakacje-inne-niz-zwykle-czy-moga-byc-udane<\/a><\/p>\n<hr \/>\n<p>Porady na bezpieczne wakacje &#8211; bajki edukacyjne . Zach\u0119cam do obejrzenia bajek edukacyjnych, o tym jak sp\u0119dzi\u0107 bezpieczne wakacje.<\/p>\n<p>&#8221; Bezpiecze\u0144stwo dzieci nad woda&#8221;<\/p>\n<p><a href=\"https:\/\/www.youtube.com\/watch?v=Ui-ndYWcThA\">https:\/\/www.youtube.com\/watch?v=Ui-ndYWcThA<\/a><\/p>\n<p>&#8221; Bezpiecze\u0144stwo w g\u00f3rach&#8221;<\/p>\n<p><a href=\"https:\/\/www.youtube.com\/watch?v=wS4SRvkvLio\">https:\/\/www.youtube.com\/watch?v=wS4SRvkvLio<\/a><\/p>\n<p>&#8221; Zasady bezpiecze\u0144stwa na rowerze&#8221;<\/p>\n<hr \/>\n<p>Drogie Dzieci!<\/p>\n<p>Wielkimi krokami zbli\u017caj\u0105 si\u0119 do Was wakacje. \ud83d\ude42\u00a0 Pami\u0119tajcie jednak, aby w ten beztroski czas odpoczynku i zabawy zadba\u0107 o bezpiecze\u0144stwo swoje i swoich najbli\u017cszych. Niezale\u017cnie od tego czy sp\u0119dzacie wakacje w domu, czy planujecie wyjazd w g\u00f3ry lub\u00a0 nad morze, musicie pami\u0119ta\u0107 o kilku wa\u017cnych zasadach i odpowiednim zachowaniu . Zapraszam Was do obejrzenia filmu o bezpiecznych wakacjach. Znajdziecie tam mn\u00f3stwo cennych wskaz\u00f3wek na ten czas .<\/p>\n<p><a href=\"https:\/\/www.youtube.com\/watch?v=7qrT8vMkHlw\">https:\/\/www.youtube.com\/watch?v=7qrT8vMkHlw<\/a><\/p>\n<p>Pozdrawiam<\/p>\n<p>Pedagog Szkolny<\/p>\n<hr \/>\n<p><a href=\"http:\/\/sp1stanislawdolny.edu.pl\/wp-content\/uploads\/2020\/06\/Jak_kochac_i_wymagac_Poradnik_dla_rodzicow_2016.pdf\" target=\"_blank\" rel=\"noopener noreferrer\">Jak_kocha\u0107_i_wymaga\u0107_Poradnik_dla_rodzic\u00f3w.<\/a><\/p>\n<hr \/>\n<p>PRO\u015aBA DZIECKA &#8211; JANUSZ KORCZAK<\/p>\n<p><a href=\"http:\/\/zsgranowiec.sosnie.pl\/images\/Dokumenty\/prosbadziecka.pdf\">http:\/\/zsgranowiec.sosnie.pl\/images\/Dokumenty\/prosbadziecka.pdf<\/a><\/p>\n<hr \/>\n<p><span style=\"font-size: 12pt;\">Drodzy Rodzice ! Poni\u017cej zostawiam linki do cyklu film\u00f3w stworzonych przez psychologa dzieci\u0119cego. Zach\u0119cam do obejrzenia .<\/span><\/p>\n<p><span style=\"font-size: 12pt;\">1 &#8221; Jak Chwali\u0107 aby nie zaszkodzi\u0107?&#8221;<\/span><\/p>\n<p><span style=\"font-size: 12pt;\"><a href=\"https:\/\/www.youtube.com\/watch?v=tjTs9UG3S28\" target=\"_blank\" rel=\"noopener noreferrer\">https:\/\/www.youtube.com\/watch?v=tjTs9UG3S28<\/a><\/span><\/p>\n<p><span style=\"font-size: 12pt;\">2. &#8221; Dzieci NIE S\u0141UCHAJ\u0104 rodzic\u00f3w prze te 3 b\u0142\u0119dy wychowawcze! Dziecko mnie nie s\u0142ucha jak reagowa\u0107?<\/span><\/p>\n<p><span style=\"font-size: 12pt;\"><a href=\"https:\/\/www.youtube.com\/watch?v=ngU9EP42q2E\" target=\"_blank\" rel=\"noopener noreferrer\">https:\/\/www.youtube.com\/watch?v=ngU9EP42q2E<\/a><\/span><\/p>\n<p><span style=\"font-size: 12pt;\">3 . &#8222;Najskuteczniejsza technika relaksacyjna dla dzieci&#8221;<\/span><\/p>\n<p><a href=\"https:\/\/www.youtube.com\/watch?v=F5L9s0x1FgI\" target=\"_blank\" rel=\"noopener noreferrer\"><span style=\"font-size: 12pt;\">https:\/\/www.youtube.com\/watch?v=F5L9s0x1FgI<\/span><\/a><\/p>\n<hr \/>\n<p>Drodzy Rodzice!<\/p>\n<p>Przesy\u0142am link do filmu pt. &#8222;W\u0142\u0105cz ostro\u017cno\u015b\u0107 &#8222;. Jest to film edukacyjny dla rodzic\u00f3w i dotyczy on bezpiecze\u0144stwa\u00a0 dzieci w domu. Zach\u0119cam aby obejrzeli go Pa\u0144stwo razem z dzieckiem i wsp\u00f3lnie om\u00f3wili zawarte w filmie wskaz\u00f3wki .<\/p>\n<p>Pozdrawiam\u00a0 serdecznie Joanna Sad\u0142o\u0144<\/p>\n<p><a href=\"https:\/\/www.youtube.com\/watch?v=es000BRePBs\">https:\/\/www.youtube.com\/watch?v=es000BRePBs<\/a><\/p>\n<hr \/>\n<p><a href=\"http:\/\/sp1stanislawdolny.edu.pl\/wp-content\/uploads\/2020\/06\/KONWENCJA-PRAW-DZIECKA-P.-SZ..pdf\" target=\"_blank\" rel=\"noopener noreferrer\">KONWENCJA PRAW DZIECKA<\/a><\/p>\n<hr \/>\n<p>&#8221; Jak znale\u017a\u0107 pozytyw w trudnej sytuacji&#8221;<\/p>\n<p><a href=\"https:\/\/portal.librus.pl\/artykuly\/jak-znalezc-pozytywy-w-tej-trudnej-sytuacji\">https:\/\/portal.librus.pl\/artykuly\/jak-znalezc-pozytywy-w-tej-trudnej-sytuacji<\/a><\/p>\n<p>&#8221; Jak sen wp\u0142ywa na organizm nastolatka?&#8221;<\/p>\n<p><a href=\"https:\/\/portal.librus.pl\/artykuly\/niedobory-snu-jak-wplywaja-na-organizm-nastolatka\">https:\/\/portal.librus.pl\/artykuly\/niedobory-snu-jak-wplywaja-na-organizm-nastolatka<\/a><\/p>\n<hr \/>\n<p><a href=\"http:\/\/sp1stanislawdolny.edu.pl\/wp-content\/uploads\/2020\/05\/Czas-na-relaks.pdf\" target=\"_blank\" rel=\"noopener noreferrer\">Czas na relaks<\/a>.<\/p>\n<hr \/>\n<p><a href=\"http:\/\/sp1stanislawdolny.edu.pl\/wp-content\/uploads\/2020\/05\/Przewodnik-dla-rodzic\u00f3w.pdf\" target=\"_blank\" rel=\"noopener noreferrer\">Przewodnik dla rodzic\u00f3w dzieci z dysleksj\u0105.<\/a><\/p>\n<hr \/>\n<p>&#8222;Drogie Dzieci ! Ju\u017c jutro, czyli 26 maja obchodzi\u0107 b\u0119dziemy &#8222;Dzie\u0144 Matki&#8221; . Z tej okazji zach\u0119cam Was do wykonania laurek dla swoich Mam. Zostawiam dla Was filmy, z kt\u00f3rych mo\u017cecie zaczerpn\u0105\u0107 ciekawe pomys\u0142y \ud83d\ude42<\/p>\n<p><a href=\"https:\/\/www.youtube.com\/watch?v=otjMhpZvKQ0\">https:\/\/www.youtube.com\/watch?v=otjMhpZvKQ0<\/a><\/p>\n<p><a href=\"https:\/\/www.youtube.com\/watch?v=hnBEEi-CLMI\">https:\/\/www.youtube.com\/watch?v=hnBEEi-CLMI<\/a><\/p>\n<hr \/>\n<p><a href=\"https:\/\/portal.librus.pl\/artykuly\/jak-dobrze-znasz-swoje-dziecko-budujemy-relacje\" target=\"_blank\" rel=\"noopener noreferrer\">https:\/\/portal.librus.pl\/artykuly\/jak-dobrze-znasz-swoje-dziecko-budujemy-relacje<\/a><\/p>\n<p>&#8221; Samodzielno\u015b\u0107 &#8211; jak wypracowa\u0107 j\u0105 u dziecka?<\/p>\n<p>Ka\u017cdy rodzic chce, aby jego dziecko by\u0142o samodzielne. U\u0142atwi to bowiem codzienne funkcjonowanie nie tylko nam rodzicom, ale przede wszystkim naszym pociechom. Nauka samodzielno\u015bci nie zawsze bywa\u00a0 \u0142atwa i\u00a0 cz\u0119sto wymaga to od rodzica wielu wyrzecze\u0144 i znalezienia odpowiednich metod. To jak bardzo samodzielne b\u0119dzie dziecko zale\u017cy od wielu czynnik\u00f3w. Kluczowe znaczenie maj\u0105 tutaj predyspozycje dziecka oraz dzia\u0142ania doros\u0142ych. Jak wspiera\u0107 dziecko w osi\u0105gni\u0119ciu samodzielno\u015bci na poszczeg\u00f3lnych etapach jego\u00a0 \u017cycia? Zach\u0119cam do przeczytania artyku\u0142u.<\/p>\n<p><a href=\"https:\/\/portal.librus.pl\/artykuly\/samodzielnosc-jak-wypracowac-ja-u-dziecka\">https:\/\/portal.librus.pl\/artykuly\/samodzielnosc-jak-wypracowac-ja-u-dziecka<\/a><\/p>\n<p><a href=\"https:\/\/portal.librus.pl\/artykuly\/jak-wspierac-dziecko-w-wyborze-szkoly\" target=\"_blank\" rel=\"noopener noreferrer\">https:\/\/portal.librus.pl\/artykuly\/jak-wspierac-dziecko-w-wyborze-szkoly<\/a><\/p>\n<hr \/>\n<p><a href=\"http:\/\/sp1stanislawdolny.edu.pl\/wp-content\/uploads\/2020\/05\/Bajki-Pomagajki.pdf\" target=\"_blank\" rel=\"noopener noreferrer\">Bajki Pomagajki<\/a><\/p>\n<p><a href=\"https:\/\/www.kamilakoziolcoaching.pl\/poczucie-wlasnej-wartosci-u-dzieci\/\" target=\"_blank\" rel=\"noopener noreferrer\">Poczucie w\u0142asnej warto\u015bci u dzieci<\/a><\/p>\n<hr \/>\n<p><a href=\"http:\/\/pppwadowice.iap.pl\/news,komunikat_dyrektora_-_wznawiamy_dzialalnosc_diagnostyczna\" target=\"_blank\" rel=\"noopener noreferrer\">Wznowienie dzia\u0142alno\u015bci diagnostycznej w Poradni Psychologiczno-Pedagogicznej w Wadowicach<\/a><\/p>\n<hr \/>\n<p><a href=\"https:\/\/gdd.pl\/wp-content\/uploads\/2020\/05\/Usmiechnij-sie-W-domu-tez-jest-fajnie.pdf\" target=\"_blank\" rel=\"noopener noreferrer\">U\u015bmiechnij si\u0119. W domu te\u017c jest fajnie.<\/a><\/p>\n<p><a href=\"http:\/\/sp1stanislawdolny.edu.pl\/wp-content\/uploads\/2020\/05\/Kilka-rad-na-czas-emidemii.pdf\">Kilka rad na czas epidemii<\/a><\/p>\n<p><a href=\"http:\/\/sp1stanislawdolny.edu.pl\/wp-content\/uploads\/2020\/05\/O-emocjach..pdf\" target=\"_blank\" rel=\"noopener noreferrer\">O emocjach.<\/a><\/p>\n<p><a href=\"https:\/\/rosnijwsile.pl\/jak-lepiej-sie-uczyc-skuteczne-sposoby-na-nauke\/\" target=\"_blank\" rel=\"noopener noreferrer\">Jak lepiej si\u0119 uczy\u0107.<\/a><\/p>\n<p><a href=\"http:\/\/sp1stanislawdolny.edu.pl\/wp-content\/uploads\/2020\/05\/Mapa-my\u015bli-jako-jedna-z-metod-uczenia_si\u0119.pdf\" target=\"_blank\" rel=\"noopener noreferrer\">Mapa my\u015bli jako jedna z metod uczenia si\u0119.<\/a><\/p>\n<p><a href=\"http:\/\/sp1stanislawdolny.edu.pl\/wp-content\/uploads\/2020\/05\/Jak-zmotywowa\u0107-si\u0119-do-nauki.pdf\" target=\"_blank\" rel=\"noopener noreferrer\">Jak zmotywowa\u0107 si\u0119 do nauki<\/a><\/p>\n<hr \/>\n<p><a href=\"https:\/\/docs.google.com\/presentation\/d\/1XUCKfIEoaw6JDrWe84a1p73w5DhnmkTeRBovQnFOPOQ\/edit?usp=sharing\" target=\"_blank\" rel=\"noopener noreferrer\">Polska &#8211; 30 pyta\u0144 i odpowiedzi.<\/a><\/p>\n<hr \/>\n<p><a href=\"https:\/\/rodzice.fdds.pl\/wiedza\/jak-radzic-sobie-z-emocjami-w-dobie-koronawirusa\/\" target=\"_blank\" rel=\"noopener noreferrer\">Jak radzi\u0107 sobie z emocjami<\/a><\/p>\n<p><a href=\"http:\/\/sp1stanislawdolny.edu.pl\/wp-content\/uploads\/2020\/04\/Kampania-Domowe-zasady-ekranowe.pdf\" target=\"_blank\" rel=\"noopener noreferrer\">Kampania Domowe zasady ekranowe<\/a><\/p>\n<p><a href=\"http:\/\/sp1stanislawdolny.edu.pl\/wp-content\/uploads\/2020\/04\/Rodzicielstwo-w-czasach.pdf\" target=\"_blank\" rel=\"noopener noreferrer\">Rodzicielstwo w czasach #zostanwdomu<\/a><\/p>\n<p><a href=\"http:\/\/sp1stanislawdolny.edu.pl\/wp-content\/uploads\/2020\/04\/Koncentracja-uwagi.pdf\" target=\"_blank\" rel=\"noopener noreferrer\">Koncentracja uwagi<\/a><\/p>\n<p><a href=\"http:\/\/sp1stanislawdolny.edu.pl\/wp-content\/uploads\/2020\/04\/Jak-motywowa\u0107-dziecko-do-nauki.pdf\" target=\"_blank\" rel=\"noopener noreferrer\">Jak motywowa\u0107 dziecko do nauki<\/a><\/p>\n<p><a href=\"http:\/\/sp1stanislawdolny.edu.pl\/wp-content\/uploads\/2020\/04\/PSO-EDUKACJA-ZDALNA.pdf\" target=\"_blank\" rel=\"noopener noreferrer\">PSO EDUKACJA ZDALNA<\/a><\/p>\n<hr \/>\n<p>Drodzy Rodzice i Uczniowie !<\/p>\n<p>Witam po przerwie \u015bwi\u0105tecznej. \u00a0Niestety nadal \u00a0nie mo\u017cemy si\u0119 spotka\u0107. Przerwa w nauczaniu stacjonarnym zosta\u0142a przed\u0142u\u017cona do 26 kwietnia . Oczywi\u015bcie decyzja jest rozs\u0105dna , wszyscy w dalszym ci\u0105gu musimy pozosta\u0107 w domu, a nauka szkolna odbywa si\u0119 w spos\u00f3b zdalny. W zaistnia\u0142ej sytuacji \u00a0zar\u00f3wno w\u015br\u00f3d uczni\u00f3w jak i rodzic\u00f3w mo\u017ce rodzi\u0107 si\u0119 \u00a0wiele pyta\u0144 i w\u0105tpliwo\u015bci.<\/p>\n<p>Poni\u017cej zostawiam link do strony Poradni Psychologiczno Pedagogicznej w Wadowicach<\/p>\n<p>Na stronie w zak\u0142adce AKTUALNO\u015aCI znale\u017a\u0107 mo\u017cna nale\u017a\u0107 ile przydatnych \u00a0informacje dot. \u00a0m.in. Pierwszej pomocy emocjonalnej , Jak rozmawia\u0107 o epidemii, Komunikat o pracy w poradni itp.<\/p>\n<p><a href=\"http:\/\/pppwadowice.iap.pl\/aktualnosci\">http:\/\/pppwadowice.iap.pl\/aktualnosci<\/a><\/p>\n<hr \/>\n<p><a href=\"http:\/\/sp1stanislawdolny.edu.pl\/wp-content\/uploads\/2020\/04\/WIELKANOCNY-KALENDARZ-DOBROCI.pdf\" target=\"_blank\" rel=\"noopener noreferrer\">WIELKANOCNY KALENDARZ DOBROCI<\/a><\/p>\n<hr \/>\n<p>Zach\u0119cam do korzystania z kart pracy. S\u0105 to \u0107w. m.in na koncentracj\u0119 uwagi , \u0107w. percepcji wzrokowej , grafomotoryczne.<\/p>\n<p><a href=\"http:\/\/sp1stanislawdolny.edu.pl\/wp-content\/uploads\/2020\/04\/Cwiczenia-karty.pdf\" target=\"_blank\" rel=\"noopener noreferrer\">KARTY PRACY<\/a><\/p>\n<p><a href=\"http:\/\/sp1stanislawdolny.edu.pl\/wp-content\/uploads\/2020\/04\/WIELKANOCNA-WYKRE\u015aLANKA-1.pdf\" target=\"_blank\" rel=\"noopener noreferrer\">WIELKANOCNA WYKRE\u015aLANKA<\/a><\/p>\n<p><a href=\"http:\/\/sp1stanislawdolny.edu.pl\/wp-content\/uploads\/2020\/04\/WIELKANOCNE-KODOWANIE-1.pdf\" target=\"_blank\" rel=\"noopener noreferrer\">WIELKANOCNE KODOWANIE<\/a><\/p>\n<hr \/>\n<p>Jak rozwi\u0105zywa\u0107 konflikty?<\/p>\n<p><a href=\"https:\/\/dziecisawazne.pl\/jak-rozwiazywac-konflikty\/\">https:\/\/dziecisawazne.pl\/jak-rozwiazywac-konflikty\/<\/a><\/p>\n<hr \/>\n<p><a href=\"http:\/\/sp1stanislawdolny.edu.pl\/wp-content\/uploads\/2020\/04\/Gdzie-szuka\u0107-wsparcia.pdf\" target=\"_blank\" rel=\"noopener noreferrer\">Gdzie szuka\u0107 wsparcia<\/a><\/p>\n<p><a href=\"http:\/\/sp1stanislawdolny.edu.pl\/wp-content\/uploads\/2020\/04\/O-warto\u015bci-przyja\u017ani.pdf\" target=\"_blank\" rel=\"noopener noreferrer\">O warto\u015bci przyja\u017ani<\/a><\/p>\n<p><a href=\"http:\/\/sp1stanislawdolny.edu.pl\/wp-content\/uploads\/2020\/04\/O-alkoholu-s\u0142\u00f3w-kilka.pdf\" target=\"_blank\" rel=\"noopener noreferrer\">O alkoholu s\u0142\u00f3w kilka<\/a><\/p>\n<p><a href=\"http:\/\/sp1stanislawdolny.edu.pl\/wp-content\/uploads\/2020\/04\/Palenie-tytoniu.pdf\" target=\"_blank\" rel=\"noopener noreferrer\">Palenie tytoniu<\/a><\/p>\n<p><a href=\"http:\/\/sp1stanislawdolny.edu.pl\/wp-content\/uploads\/2020\/03\/Gogu_asertywnosc.pdf\" target=\"_blank\" rel=\"noopener noreferrer\">O asertywno\u015bci<\/a><\/p>\n<p><a href=\"http:\/\/sp1stanislawdolny.edu.pl\/wp-content\/uploads\/2020\/03\/gog_euzaleznienia.pdf\" target=\"_blank\" rel=\"noopener noreferrer\">E &#8211; uzale\u017cnienia<\/a><\/p>\n<p><a href=\"http:\/\/sp1stanislawdolny.edu.pl\/wp-content\/uploads\/2020\/03\/Zagro\u017cenia-p\u0142yn\u0105ce-z-sieci_gog.pdf\" target=\"_blank\" rel=\"noopener noreferrer\">Zagro\u017cenia p\u0142yn\u0105ce z sieci<\/a><\/p>\n<p><a href=\"http:\/\/sp1stanislawdolny.edu.pl\/wp-content\/uploads\/2020\/03\/Co-to-jest-stres-i-jak-sobie-z-nim-radzi\u0107.pdf\">Co to jest stres i jak sobie z nim radzi\u0107<\/a><\/p>\n<p>Kolorowanki antystresowe <a href=\"https:\/\/www.e-kolorowanki.eu\/kolorowanki-dla-doroslych\/kolorowanka-dla-doroslych-37\/\" target=\"_blank\" rel=\"noopener noreferrer\">https:\/\/www.e-kolorowanki.eu\/kolorowanki-dla-doroslych\/kolorowanka-dla-doroslych-37\/<\/a><\/p>\n<p>Polecam 3 techniki relaksacyjne dla dzieci, kt\u00f3re znajduj\u0105 si\u0119 w drugiej cz\u0119\u015bci materia\u0142u.<br \/>\n<a href=\"http:\/\/jeeyoga.com\/stres-w-szkole-3-proste-techniki-relaksacyjne-dla-dzieci\/\" target=\"_blank\" rel=\"noopener noreferrer\">http:\/\/jeeyoga.com\/stres-w-szkole-3-proste-techniki-relaksacyjne-dla-dzieci\/<\/a><\/p>\n<hr \/>\n<p>Drodzy Uczniowie!<\/p>\n<p>Z powod\u00f3w dobrze Wam znanych, kilkana\u015bcie najbli\u017cszych dni sp\u0119dzicie w swoich domach z rodzin\u0105 . W tej sytuacji na pewno b\u0119dziecie dysponowa\u0107 du\u017c\u0105 ilo\u015bci\u0105 wolnego czasu. Pami\u0119tajcie ,\u017ce czas ten s\u0142u\u017cy\u0107 ma przede wszystkim zdrowiu i bezpiecze\u0144stwu zar\u00f3wno Waszemu\u00a0 jak i Waszych bliskich. Najwa\u017cniejsze aby zachowa\u0107 pogod\u0119 ducha i nastawi\u0107 si\u0119 na pozytywne my\u015blenie. Nic tak dobrze nie wp\u0142ywa na nasz organizm jak dobre samopoczucie psychiczne i odpowiednie nastawienie. Dlatego warto by si\u0119 zastanowi\u0107 co zrobi\u0107 aby ten wolny czas sp\u0119dzi\u0107 czynnie i doda\u0107 sobie wi\u0119cej energii.\u00a0 Wiadom\u0105 spraw\u0105 jest to ,\u017ce wszystkie nasze ulubione miejsca s\u0105 teraz zamkni\u0119te i niedost\u0119pne , dlatego ten czas trzeba zagospodarowa\u0107 w domowym zaciszu . Pytanie \u2026 Co mo\u017cna robi\u0107 w domu ? Mo\u017cna wyci\u0105gn\u0105\u0107 stare, zakurzone plansz\u00f3wki , zagra\u0107 w szachy, warcaby , czy scrabble . By\u0107 mo\u017ce to dobra okazja aby wyci\u0105gn\u0105\u0107 stare fotografie i powspomina\u0107\u00a0 wsp\u00f3lne chwile. Na pewno ka\u017cdy z Was ma jakie\u015b upodobania i uzdolnienia, by\u0107 mo\u017ce na co dzie\u0144 brakuje Wam czasu aby je realizowa\u0107\u00a0 i rozwija\u0107 . Warto nad tym pomy\u015ble\u0107 . Czas sp\u0119dzony w domu z rodzin\u0105 mo\u017ce by\u0107\u00a0 doskona\u0142\u0105 okazj\u0105 po prostu na wsp\u00f3lne rozmowy z rodzicami czy z rodze\u0144stwem , na kt\u00f3re cz\u0119sto w zabieganej codzienno\u015bci nie mamy czasu. Oczywi\u015bcie w dzisiejszym \u015bwiecie nie pominiemy telewizji , internetu , telefon\u00f3w itp. Postarajcie si\u0119 jednak aby ekran nie zabiera\u0142 Wam zbyt wiele czasu. Wybierajcie m\u0105dre i dobre programy, odwiedzajcie strony, kt\u00f3re s\u0142u\u017c\u0105 Waszemu rozwojowi.\u00a0 Czasu macie sporo. Spo\u017cytkujcie go dobrze, uporz\u0105dkujcie swoje sprawy , nadr\u00f3bcie domowe obowi\u0105zki ( mo\u017ce jakie\u015b porz\u0105dki J) wykorzystajcie czas na w\u0142asne przemy\u015blenia, przeczytajcie ciekaw\u0105 ksi\u0105\u017ck\u0119 . Postarajcie si\u0119 zagospodarowa\u0107 sw\u00f3j czas dobrze i \u015bwiadomie \u017bycz\u0119 Wam du\u017co zdrowia i pozytywnej energii, u\u015bmiechajcie si\u0119 jak najwi\u0119cej i nie zapominajcie o najwa\u017cniejszych zaleceniach ,kt\u00f3re ju\u017c doskonale znacie. Wszyscy wierzymy, \u017ce jutro wyjdzie s\u0142o\u0144ce.<\/p>\n<p><a href=\"http:\/\/sp1stanislawdolny.edu.pl\/wp-content\/uploads\/2020\/03\/2_plakat_KV_\u2013_dla_dzieci.jpg\"><img loading=\"lazy\" decoding=\"async\" class=\"size-medium wp-image-696 aligncenter\" src=\"http:\/\/sp1stanislawdolny.edu.pl\/wp-content\/uploads\/2020\/03\/2_plakat_KV_\u2013_dla_dzieci-212x300.jpg\" alt=\"\" width=\"212\" height=\"300\" srcset=\"http:\/\/sp1stanislawdolny.edu.pl\/wp-content\/uploads\/2020\/03\/2_plakat_KV_\u2013_dla_dzieci-212x300.jpg 212w, http:\/\/sp1stanislawdolny.edu.pl\/wp-content\/uploads\/2020\/03\/2_plakat_KV_\u2013_dla_dzieci-724x1024.jpg 724w, http:\/\/sp1stanislawdolny.edu.pl\/wp-content\/uploads\/2020\/03\/2_plakat_KV_\u2013_dla_dzieci-768x1086.jpg 768w, http:\/\/sp1stanislawdolny.edu.pl\/wp-content\/uploads\/2020\/03\/2_plakat_KV_\u2013_dla_dzieci-660x934.jpg 660w, http:\/\/sp1stanislawdolny.edu.pl\/wp-content\/uploads\/2020\/03\/2_plakat_KV_\u2013_dla_dzieci.jpg 842w\" sizes=\"auto, (max-width: 212px) 100vw, 212px\" \/><\/a><\/p>\n<p>Drodzy Rodzice.<\/p>\n<p>Przed nami nie\u0142atwy czas. Wszyscy znale\u017ali\u015bmy si\u0119 w sytuacji dla nas trudnej i dot\u0105d nieznanej. Nasze pociechy kilkana\u015bcie najbli\u017cszych dni sp\u0119dz\u0105 w domu. Musimy pami\u0119ta\u0107, \u017ce jest to czas w kt\u00f3rym musimy zrobi\u0107 wszystko aby nasi najbli\u017csi \u2013 i nie tylko \u2013 czuli si\u0119 bezpiecznie. Pomimo takich, a nie innych okoliczno\u015bci jest to\u00a0 dobra\u00a0 okazja aby zapewni\u0107 swoim dzieciom odpowiedni\u0105\u00a0 rozrywk\u0119 w domu i \u00a0wspiera\u0107 ich w tym trudnym czasie. Ponadto warto porozmawia\u0107 ze swoimi dzie\u0107mi jak prawid\u0142owo dba\u0107 o higien\u0119 i jak wspiera\u0107 nasz organizm aby wzmocni\u0107 jego odporno\u015b\u0107 . B\u0105d\u017amy dla swoich najbli\u017cszych wsparciem i dobrym przewodnikiem . Pami\u0119tajmy, \u017ce nic tak nie wp\u0142ywa na nasze zdrowie jak pozytywne nastawienie i dobry humor.<\/p>\n<p><a href=\"http:\/\/sp1stanislawdolny.edu.pl\/wp-content\/uploads\/2020\/03\/100_pomyslow_na_zabawe-pdf.pdf\" target=\"_blank\" rel=\"noopener noreferrer\">100 pomys\u0142\u00f3w_na_zabaw\u0119<\/a><\/p>\n<p>Rodzicu! W wolnym czasie gdy nie b\u0119dzie lekcji w szkole zach\u0119caj swoje dziecko do samodzielnego zdobywania \u00a0wiadomo\u015bci w domu.<\/p>\n<p>Przydatne linki z materia\u0142ami edukacyjnymi:<\/p>\n<p><a href=\"https:\/\/www.dzieckiembadz.pl\/2020\/03\/o-wirusie-ktory-nosi-korone-opowiadanie.html\">https:\/\/www.dzieckiembadz.pl\/2020\/03\/o-wirusie-ktory-nosi-korone-opowiadanie.html<\/a><\/p>\n<p><a href=\"https:\/\/epodreczniki.pl\/\">https:\/\/epodreczniki.pl<\/a><\/p>\n<p><a href=\"https:\/\/pistacja.tv\/\">https:\/\/pistacja.tv<\/a><\/p>\n<p><a href=\"https:\/\/matzoo.pl\">https:\/\/matzoo.pl<\/a><\/p>\n<p><a href=\"https:\/\/szaloneliczby.pl\">https:\/\/szaloneliczby.pl<\/a><\/p>\n<p><a href=\"http:\/\/www.math.edu.pl\">http:\/\/www.math.edu.pl<\/a><\/p>\n<p><a href=\"https:\/\/mojedziecikreatywnie.pl\">https:\/\/mojedziecikreatywnie.pl<\/a><\/p>\n<p><a href=\"https:\/\/lecibocian.pl\">https:\/\/lecibocian.pl<\/a><\/p>\n<p style=\"text-align: center;\">\n","protected":false},"excerpt":{"rendered":"<p>PEDAGOG PEDAGOG SPECJALNY mgr Joanna Sad\u0142o\u0144 Godziny przyj\u0119\u0107 Poniedzia\u0142ek &#8211; 8.45-11.45 Wtorek &#8211; 8.00-13.00 \u015aroda &#8211; 8.00-14.00 Czwartek &#8211; 8.45-11.45 i 12.45-13.45 Pi\u0105tek &#8211; 9.00-14.00<\/p>\n","protected":false},"author":1,"featured_media":0,"parent":0,"menu_order":0,"comment_status":"closed","ping_status":"closed","template":"","meta":{"ngg_post_thumbnail":0,"footnotes":""},"class_list":["post-541","page","type-page","status-publish","hentry"],"_links":{"self":[{"href":"http:\/\/sp1stanislawdolny.edu.pl\/index.php\/wp-json\/wp\/v2\/pages\/541","targetHints":{"allow":["GET"]}}],"collection":[{"href":"http:\/\/sp1stanislawdolny.edu.pl\/index.php\/wp-json\/wp\/v2\/pages"}],"about":[{"href":"http:\/\/sp1stanislawdolny.edu.pl\/index.php\/wp-json\/wp\/v2\/types\/page"}],"author":[{"embeddable":true,"href":"http:\/\/sp1stanislawdolny.edu.pl\/index.php\/wp-json\/wp\/v2\/users\/1"}],"replies":[{"embeddable":true,"href":"http:\/\/sp1stanislawdolny.edu.pl\/index.php\/wp-json\/wp\/v2\/comments?post=541"}],"version-history":[{"count":60,"href":"http:\/\/sp1stanislawdolny.edu.pl\/index.php\/wp-json\/wp\/v2\/pages\/541\/revisions"}],"predecessor-version":[{"id":10036,"href":"http:\/\/sp1stanislawdolny.edu.pl\/index.php\/wp-json\/wp\/v2\/pages\/541\/revisions\/10036"}],"wp:attachment":[{"href":"http:\/\/sp1stanislawdolny.edu.pl\/index.php\/wp-json\/wp\/v2\/media?parent=541"}],"curies":[{"name":"wp","href":"https:\/\/api.w.org\/{rel}","templated":true}]}}