{"id":526,"date":"2020-02-25T09:25:20","date_gmt":"2020-02-25T09:25:20","guid":{"rendered":"http:\/\/sp1stanislawdolny.edu.pl\/?page_id=526"},"modified":"2020-02-25T10:17:39","modified_gmt":"2020-02-25T10:17:39","slug":"projekty-edukacyjne","status":"publish","type":"page","link":"http:\/\/sp1stanislawdolny.edu.pl\/index.php\/projekty-edukacyjne\/","title":{"rendered":"Projekty edukacyjne"},"content":{"rendered":"<p style=\"text-align: center;\"><span style=\"font-size: 14pt;\"><strong>Tematy projekt\u00f3w edukacyjnych<\/strong><\/span><\/p>\n<p><strong>Rok szkolny 2018\/2019<\/strong><\/p>\n<p>&#8222;Gra wolontariatu&#8221;- opiekun J. El\u017cbieciak<\/p>\n<hr \/>\n<p><strong>Rok szkolny 2016\/2017<\/strong><\/p>\n<p>&#8222;Warto pomaga\u0107&#8221;- opiekun J. El\u017cbieciak<\/p>\n<p>&#8222;\u015awiat komiksu&#8221;- opiekun J. El\u017cbieciak<\/p>\n<p>&#8222;Pierwszy Dzie\u0144 Wiosny z matematyk\u0105&#8221; &#8211; opiekun A. Szymonek<\/p>\n<hr \/>\n<p><strong>Rok szkolny 2015\/2016<\/strong><\/p>\n<p>&#8222;Korona G\u00f3r Polski&#8221; &#8211; opiekun M. Wilk<\/p>\n<p>&#8222;TACY SAMI&#8221;- opiekun J. El\u017cbieciak<\/p>\n<p>&#8222;Ananasy, truskaweczki, wisienki&#8230;. czyli III gimnazjum&#8221;. Komiks- opiekun J. El\u017cbieciak<\/p>\n<p>S\u0142ynne miejsca kraj\u00f3w angloj\u0119zycznych -opiekun L. Wr\u00f3blewska<\/p>\n<hr \/>\n<p><strong>Rok szkolny 2014\/2015<\/strong><\/p>\n<p>1. <strong>&#8222;Zatrzyma\u0107 przemoc&#8221;<\/strong><br \/>\nKlasa I gimnazjum<br \/>\n<strong>Opiekun:<\/strong> mgr Joanna El\u017cbieciak<\/p>\n<p>Uczniowie klasy pierwszej gimnazjum naszej szko\u0142y zrealizowali projekt edukacyjny pt.: ,,Zatrzyma\u0107 przemoc\u2019\u2019. Z ramienia szko\u0142y opiek\u0119 nad nim sprawowa\u0142a mgr Joanna El\u017cbieciak, konsultantem za\u015b by\u0142a mgr in\u017c. Katarzyna Leja. Celem by\u0142o zwi\u0119kszenie \u015bwiadomo\u015bci i wiedzy na temat zjawiska przemocy i jej skutk\u00f3w.<br \/>\nWspomniana klasa aby zrealizowa\u0107 ten cel zosta\u0142a podzielona na cztery grupy. Zadaniem pierwszej z nich by\u0142o zebranie akt\u00f3w prawnych, w kt\u00f3rych poruszony jest problem niew\u0142a\u015bciwego traktowania dzieci i m\u0142odzie\u017cy. Grupa druga z kolei przeprowadzi\u0142a w\u015br\u00f3d uczni\u00f3w ankiet\u0119 dotycz\u0105c\u0105 przemocy w szkole. Praca trzeciej polega\u0142a na przygotowaniu prezentacji multimedialnej pt.: ,,Zatrzyma\u0107 przemoc. Czym jest przemoc fizyczna i psychiczna\u2019\u2019, czwarta natomiast mia\u0142a za zadanie napisa\u0107 list otwarty wyra\u017caj\u0105cy protest przeciwko przemocy wobec dzieci. Na zako\u0144czenie wszystkie grupy zaprezentowa\u0142y efekty swoich wysi\u0142k\u00f3w tw\u00f3rczych.<br \/>\nMiejmy nadziej\u0119, \u017ce zaowocuje to wzrostem stanu bezpiecze\u0144stwa zar\u00f3wno w naszej szkole jak i w naszych domach.<\/p>\n<p><img loading=\"lazy\" decoding=\"async\" class=\"alignnone size-full wp-image-529\" src=\"http:\/\/sp1stanislawdolny.edu.pl\/wp-content\/uploads\/2020\/02\/proj2015a.jpg\" alt=\"\" width=\"300\" height=\"225\" \/><\/p>\n<p><strong>&#8222;Kobieta idealna&#8221;<\/strong><br \/>\nKlasa III gimnazjum<br \/>\n<strong>Opiekun:<\/strong> mgr Ma\u0142gorzata Gut<\/p>\n<p><strong>&#8222;Wp\u0142yw wybranych produkt\u00f3w spo\u017cywczych na kie\u0142kowanie rze\u017cuchy&#8221;<\/strong><br \/>\nKlasa III gimnazjum<br \/>\n<strong>Opiekun:<\/strong> mgr Magdalena Wilk<\/p>\n<p><strong>&#8222;Folder i reklama powiatu wadowickiego&#8221;<\/strong><br \/>\nKlasa II gimnazjum<br \/>\n<strong>Opiekun:<\/strong> mgr Magdalena Wilk<\/p>\n<p><strong>&#8222;Bajkowe bzdury &#8211; biologiczne zaprzeczenia kulturowych historii&#8221;<\/strong><br \/>\nKlasa II gimnazjum<br \/>\n<strong>Opiekun:<\/strong> mgr Magdalena Wilk<\/p>\n<p><strong>&#8222;Kraje angloj\u0119zyczne&#8221;<\/strong><br \/>\nKlasa I gimnazjum<br \/>\n<strong>Opiekun:<\/strong> mgr Liliana Wr\u00f3blewska<\/p>\n<p><!--nextpage--><\/p>\n<p><strong>2013\/2014<\/strong><\/p>\n<p>1. <strong>\u201eWobec ludzkiej niepe\u0142nosprawno\u015bci\u201d<\/strong><br \/>\nKlasa I gimnazjum<br \/>\nCelem tego projektu by\u0142o uwra\u017cliwienie uczni\u00f3w na problemy ludzi niepe\u0142nosprawnych. Prezentacja odby\u0142a si\u0119 31.01.2014 roku na sali gimnastycznej . Zaproszeni zostali na ni\u0105 uczniowie innych klas, nauczyciele i rodzice.<br \/>\nUczniowie w grupach wykonali nast\u0119puj\u0105ce zadania:<br \/>\nGRUPA I: Osoby zmagaj\u0105ce si\u0119 z niepe\u0142nosprawno\u015bci\u0105- aktorzy, piosenkarze, sportowcy, muzycy, nauczyciele (prezentacja).<br \/>\nGRUPA II: Przeprowadzenie wywiadu z osob\u0105 niepe\u0142nosprawn\u0105 z naszej gminy, kt\u00f3ra opowie o swoich problemach w codziennym \u017cyciu.<br \/>\nGRUPA III: Przygotowanie listy zmian architektonicznych, kt\u00f3rych wprowadzenie w najbli\u017cszej okolicy u\u0142atwi\u0142oby \u017cycie niepe\u0142nosprawnym. (prezentacja)<br \/>\nGRUPA IV: Przejawy dyskryminacji os\u00f3b z niepe\u0142nosprawno\u015bci\u0105 ruchow\u0105 (plakat, prezentacja multimedialna).<\/p>\n<p>Opiekun: mgr Joanna El\u017cbieciak<\/p>\n<p><a href=\"https:\/\/photos.app.goo.gl\/FcpF4LRLUfenboKr6\" target=\"_blank\" rel=\"noopener noreferrer\"><img loading=\"lazy\" decoding=\"async\" class=\"alignnone wp-image-533\" src=\"http:\/\/sp1stanislawdolny.edu.pl\/wp-content\/uploads\/2020\/02\/niep2014-300x300.jpg\" alt=\"\" width=\"198\" height=\"198\" srcset=\"http:\/\/sp1stanislawdolny.edu.pl\/wp-content\/uploads\/2020\/02\/niep2014-300x300.jpg 300w, http:\/\/sp1stanislawdolny.edu.pl\/wp-content\/uploads\/2020\/02\/niep2014-150x150.jpg 150w, http:\/\/sp1stanislawdolny.edu.pl\/wp-content\/uploads\/2020\/02\/niep2014.jpg 401w\" sizes=\"auto, (max-width: 198px) 100vw, 198px\" \/><\/a><\/p>\n<p>2. <strong>\u201eKomiks\u201d<\/strong><br \/>\nKlasa III gimnazjum<br \/>\nZadanie dla grupy: Stworzenie komiksu dotycz\u0105cego Powstania Warszawskiego.<br \/>\nOpiekun: mgr Joanna El\u017cbieciak<\/p>\n<p>3. <strong>\u201eRo\u015bliny \u0142\u0105k, p\u00f3l i las\u00f3w w Stanis\u0142awiu Dolnym\u201d<\/strong><br \/>\nKlasa III gimnazjum<br \/>\nOpiekun: mgr Magdalena Wilk<\/p>\n<p>4.<strong> \u201eOto m\u00f3j region\u201d<\/strong><br \/>\nKlasa III gimnazjum<br \/>\nOpiekun: mgr Magdalena Wilk<\/p>\n<p>5. <strong>\u201eLondyn od A do Z\u201d<\/strong><br \/>\nKlasa III gimnazjum<br \/>\nOpiekun: mgr Liliana Wr\u00f3blewska<\/p>\n<p>6. <strong>\u201eNieuchronny czas\u201d<\/strong><br \/>\nKlasa II gimnazjum<br \/>\nOpiekun: mgr Edyta Fr\u0105czek<\/p>\n<hr \/>\n<p>2012\/2013<\/p>\n<p>1. <strong>Wiara Jana Paw\u0142a II.<\/strong><br \/>\nOpiekun: mgr Marta Wajdzik<\/p>\n<p>2. <strong>Wp\u0142yw r\u00f3\u017cnych czynnik\u00f3w na kie\u0142kowanie ro\u015blin<\/strong>.<br \/>\nOpiekun: mgr Magdalena Wilk<\/p>\n<p>3. <strong>Bawimy si\u0119 z Fredr\u0105<\/strong>.<\/p>\n<p><a href=\"https:\/\/photos.app.goo.gl\/AmLnN9mzQcB7SXGB8\" target=\"_blank\" rel=\"noopener noreferrer\"><img loading=\"lazy\" decoding=\"async\" class=\"alignnone wp-image-532\" src=\"http:\/\/sp1stanislawdolny.edu.pl\/wp-content\/uploads\/2020\/02\/fredno2013.jpg\" alt=\"\" width=\"200\" height=\"199\" srcset=\"http:\/\/sp1stanislawdolny.edu.pl\/wp-content\/uploads\/2020\/02\/fredno2013.jpg 259w, http:\/\/sp1stanislawdolny.edu.pl\/wp-content\/uploads\/2020\/02\/fredno2013-150x150.jpg 150w\" sizes=\"auto, (max-width: 200px) 100vw, 200px\" \/><\/a><br \/>\nOpiekun: mgr Edyta Fr\u0105czek<\/p>\n<hr \/>\n<p>2011\/2012<\/p>\n<p>1. <strong>Nieprzemijaj\u0105ce dzie\u0142o Szekspira<\/strong>.<\/p>\n<p><a href=\"https:\/\/photos.app.goo.gl\/xYfxDgmbtyBztAoZ9\" target=\"_blank\" rel=\"noopener noreferrer\"><img loading=\"lazy\" decoding=\"async\" class=\"alignnone wp-image-531\" src=\"http:\/\/sp1stanislawdolny.edu.pl\/wp-content\/uploads\/2020\/02\/romeo2012-300x300.jpg\" alt=\"\" width=\"199\" height=\"199\" srcset=\"http:\/\/sp1stanislawdolny.edu.pl\/wp-content\/uploads\/2020\/02\/romeo2012-300x300.jpg 300w, http:\/\/sp1stanislawdolny.edu.pl\/wp-content\/uploads\/2020\/02\/romeo2012-150x150.jpg 150w, http:\/\/sp1stanislawdolny.edu.pl\/wp-content\/uploads\/2020\/02\/romeo2012.jpg 339w\" sizes=\"auto, (max-width: 199px) 100vw, 199px\" \/><\/a><\/p>\n<p>Opiekun: mgr Edyta Fr\u0105czek<\/p>\n<p>2.<strong> Dlaczego warto by\u0107 wolontariuszem<\/strong>?<\/p>\n<p>Zadania dla grup:<\/p>\n<p>Grupa I \u2013 Opracowanie ankiety na temat: &#8222;Czy chcesz by\u0107 wolontariuszem?&#8221;. Podsumowanie wynik\u00f3w w prezentacji multimedialnej.<\/p>\n<p>Grupa II \u2013 Wykonanie folderu &#8222;Jak zosta\u0107 wolontariuszem?&#8221;<br \/>\nprezentuj\u0105cego m.in. rodzaje wolontariatu i kart\u0119 etyczn\u0105 wolontariusza. Wykonanie kola\u017cu przedstawiaj\u0105cego sylwetk\u0119 wolontariusza.<\/p>\n<p>Grupa III \u2013 Nagranie reporta\u017cu radiowego dotycz\u0105cego pracy wolontariuszy np. w hospicjach, domach opieki, szpitalach i domach dziecka. Przeprowadzenie wywiadu z wolontariuszem.<\/p>\n<p>Grupa IV \u2013 Nagranie filmu promuj\u0105cego prac\u0119 wolontariuszy.<\/p>\n<p>Opiekun: mgr Joanna El\u017cbieciak<\/p>\n<p><a href=\"https:\/\/photos.app.goo.gl\/MUBvWs54ipop88Yw5\" target=\"_blank\" rel=\"noopener noreferrer\"><img loading=\"lazy\" decoding=\"async\" class=\"alignnone wp-image-530 size-full\" src=\"http:\/\/sp1stanislawdolny.edu.pl\/wp-content\/uploads\/2020\/02\/wol2012.jpg\" alt=\"\" width=\"199\" height=\"200\" srcset=\"http:\/\/sp1stanislawdolny.edu.pl\/wp-content\/uploads\/2020\/02\/wol2012.jpg 199w, http:\/\/sp1stanislawdolny.edu.pl\/wp-content\/uploads\/2020\/02\/wol2012-150x150.jpg 150w\" sizes=\"auto, (max-width: 199px) 100vw, 199px\" \/><\/a><\/p>\n<p>3. <strong>Mniejszo\u015bci narodowe w Polsce<\/strong>.<br \/>\nOpiekun: mgr Grzegorz Kruk<\/p>\n","protected":false},"excerpt":{"rendered":"<p>Tematy projekt\u00f3w edukacyjnych Rok szkolny 2018\/2019 &#8222;Gra wolontariatu&#8221;- opiekun J. El\u017cbieciak Rok szkolny 2016\/2017 &#8222;Warto pomaga\u0107&#8221;- opiekun J. El\u017cbieciak &#8222;\u015awiat komiksu&#8221;- opiekun J. El\u017cbieciak &#8222;Pierwszy Dzie\u0144 Wiosny z matematyk\u0105&#8221; &#8211; opiekun A. Szymonek Rok szkolny 2015\/2016 &#8222;Korona G\u00f3r Polski&#8221; &#8211; opiekun M. Wilk &#8222;TACY SAMI&#8221;- opiekun J. El\u017cbieciak &#8222;Ananasy, truskaweczki, wisienki&#8230;. czyli III gimnazjum&#8221;. Komiks-\u2026 <span class=\"read-more\"><a href=\"http:\/\/sp1stanislawdolny.edu.pl\/index.php\/projekty-edukacyjne\/\">Dowiedz si\u0119 wi\u0119cej &raquo;<\/a><\/span><\/p>\n","protected":false},"author":1,"featured_media":0,"parent":0,"menu_order":0,"comment_status":"closed","ping_status":"closed","template":"","meta":{"ngg_post_thumbnail":0,"footnotes":""},"class_list":["post-526","page","type-page","status-publish","hentry"],"_links":{"self":[{"href":"http:\/\/sp1stanislawdolny.edu.pl\/index.php\/wp-json\/wp\/v2\/pages\/526","targetHints":{"allow":["GET"]}}],"collection":[{"href":"http:\/\/sp1stanislawdolny.edu.pl\/index.php\/wp-json\/wp\/v2\/pages"}],"about":[{"href":"http:\/\/sp1stanislawdolny.edu.pl\/index.php\/wp-json\/wp\/v2\/types\/page"}],"author":[{"embeddable":true,"href":"http:\/\/sp1stanislawdolny.edu.pl\/index.php\/wp-json\/wp\/v2\/users\/1"}],"replies":[{"embeddable":true,"href":"http:\/\/sp1stanislawdolny.edu.pl\/index.php\/wp-json\/wp\/v2\/comments?post=526"}],"version-history":[{"count":3,"href":"http:\/\/sp1stanislawdolny.edu.pl\/index.php\/wp-json\/wp\/v2\/pages\/526\/revisions"}],"predecessor-version":[{"id":534,"href":"http:\/\/sp1stanislawdolny.edu.pl\/index.php\/wp-json\/wp\/v2\/pages\/526\/revisions\/534"}],"wp:attachment":[{"href":"http:\/\/sp1stanislawdolny.edu.pl\/index.php\/wp-json\/wp\/v2\/media?parent=526"}],"curies":[{"name":"wp","href":"https:\/\/api.w.org\/{rel}","templated":true}]}}