{"id":5150,"date":"2021-01-22T08:28:23","date_gmt":"2021-01-22T08:28:23","guid":{"rendered":"http:\/\/sp1stanislawdolny.edu.pl\/?page_id=5150"},"modified":"2021-01-25T10:29:49","modified_gmt":"2021-01-25T10:29:49","slug":"dzien-babci-i-dziadka-2021","status":"publish","type":"page","link":"http:\/\/sp1stanislawdolny.edu.pl\/index.php\/dzien-babci-i-dziadka-2021\/","title":{"rendered":"Dzie\u0144 Babci i Dziadka 2021"},"content":{"rendered":"<p style=\"text-align: center;\"><video controls=\"controls\" width=\"600\" height=\"300\"><source src=\"http:\/\/sp1stanislawdolny.edu.pl\/wp-content\/uploads\/2021\/01\/oliwia_libtheora.ogv\" \/><\/video><\/p>\n<hr \/>\n<p style=\"text-align: center;\">Laurki od przedszkolak\u00f3w z oddzia\u0142u 0A<\/p>\n<p style=\"text-align: center;\"><a href=\"http:\/\/sp1stanislawdolny.edu.pl\/wp-content\/uploads\/2021\/01\/received_484551375859977.jpeg\"><img loading=\"lazy\" decoding=\"async\" class=\"alignnone size-medium wp-image-5153\" src=\"http:\/\/sp1stanislawdolny.edu.pl\/wp-content\/uploads\/2021\/01\/received_484551375859977-155x300.jpeg\" alt=\"\" width=\"155\" height=\"300\" srcset=\"http:\/\/sp1stanislawdolny.edu.pl\/wp-content\/uploads\/2021\/01\/received_484551375859977-155x300.jpeg 155w, http:\/\/sp1stanislawdolny.edu.pl\/wp-content\/uploads\/2021\/01\/received_484551375859977-528x1024.jpeg 528w, http:\/\/sp1stanislawdolny.edu.pl\/wp-content\/uploads\/2021\/01\/received_484551375859977-768x1489.jpeg 768w, http:\/\/sp1stanislawdolny.edu.pl\/wp-content\/uploads\/2021\/01\/received_484551375859977-792x1536.jpeg 792w, http:\/\/sp1stanislawdolny.edu.pl\/wp-content\/uploads\/2021\/01\/received_484551375859977-660x1280.jpeg 660w, http:\/\/sp1stanislawdolny.edu.pl\/wp-content\/uploads\/2021\/01\/received_484551375859977.jpeg 990w\" sizes=\"auto, (max-width: 155px) 100vw, 155px\" \/><\/a> <a href=\"http:\/\/sp1stanislawdolny.edu.pl\/wp-content\/uploads\/2021\/01\/received_559918928298581.jpeg\"><img loading=\"lazy\" decoding=\"async\" class=\"alignnone size-medium wp-image-5154\" src=\"http:\/\/sp1stanislawdolny.edu.pl\/wp-content\/uploads\/2021\/01\/received_559918928298581-155x300.jpeg\" alt=\"\" width=\"155\" height=\"300\" srcset=\"http:\/\/sp1stanislawdolny.edu.pl\/wp-content\/uploads\/2021\/01\/received_559918928298581-155x300.jpeg 155w, http:\/\/sp1stanislawdolny.edu.pl\/wp-content\/uploads\/2021\/01\/received_559918928298581-528x1024.jpeg 528w, http:\/\/sp1stanislawdolny.edu.pl\/wp-content\/uploads\/2021\/01\/received_559918928298581-768x1489.jpeg 768w, http:\/\/sp1stanislawdolny.edu.pl\/wp-content\/uploads\/2021\/01\/received_559918928298581-792x1536.jpeg 792w, http:\/\/sp1stanislawdolny.edu.pl\/wp-content\/uploads\/2021\/01\/received_559918928298581-660x1280.jpeg 660w, http:\/\/sp1stanislawdolny.edu.pl\/wp-content\/uploads\/2021\/01\/received_559918928298581.jpeg 990w\" sizes=\"auto, (max-width: 155px) 100vw, 155px\" \/><\/a> <a href=\"http:\/\/sp1stanislawdolny.edu.pl\/wp-content\/uploads\/2021\/01\/received_1339518693071101.jpeg\"><img loading=\"lazy\" decoding=\"async\" class=\"alignnone size-medium wp-image-5155\" src=\"http:\/\/sp1stanislawdolny.edu.pl\/wp-content\/uploads\/2021\/01\/received_1339518693071101-155x300.jpeg\" alt=\"\" width=\"155\" height=\"300\" srcset=\"http:\/\/sp1stanislawdolny.edu.pl\/wp-content\/uploads\/2021\/01\/received_1339518693071101-155x300.jpeg 155w, http:\/\/sp1stanislawdolny.edu.pl\/wp-content\/uploads\/2021\/01\/received_1339518693071101-528x1024.jpeg 528w, http:\/\/sp1stanislawdolny.edu.pl\/wp-content\/uploads\/2021\/01\/received_1339518693071101-768x1489.jpeg 768w, http:\/\/sp1stanislawdolny.edu.pl\/wp-content\/uploads\/2021\/01\/received_1339518693071101-792x1536.jpeg 792w, http:\/\/sp1stanislawdolny.edu.pl\/wp-content\/uploads\/2021\/01\/received_1339518693071101-660x1280.jpeg 660w, http:\/\/sp1stanislawdolny.edu.pl\/wp-content\/uploads\/2021\/01\/received_1339518693071101.jpeg 990w\" sizes=\"auto, (max-width: 155px) 100vw, 155px\" \/><\/a><\/p>\n<hr \/>\n<p style=\"text-align: center;\">Muzyczne \u017cyczenia od przedszkolak\u00f3w z oddzia\u0142u 0B<\/p>\n<div style=\"width: 665px;\" class=\"wp-video\"><video class=\"wp-video-shortcode\" id=\"video-5150-1\" width=\"665\" height=\"374\" preload=\"metadata\" controls=\"controls\"><source type=\"video\/ogg\" src=\"http:\/\/sp1stanislawdolny.edu.pl\/wp-content\/uploads\/2021\/01\/klasa0b.ogv?_=1\" \/><a href=\"http:\/\/sp1stanislawdolny.edu.pl\/wp-content\/uploads\/2021\/01\/klasa0b.ogv\">http:\/\/sp1stanislawdolny.edu.pl\/wp-content\/uploads\/2021\/01\/klasa0b.ogv<\/a><\/video><\/div>\n<hr \/>\n<p style=\"text-align: center;\">Muzyczne \u017cyczenia od klasy I<\/p>\n<div style=\"width: 640px;\" class=\"wp-video\"><video class=\"wp-video-shortcode\" id=\"video-5150-2\" width=\"640\" height=\"368\" preload=\"metadata\" controls=\"controls\"><source type=\"video\/mp4\" src=\"http:\/\/sp1stanislawdolny.edu.pl\/wp-content\/uploads\/2021\/01\/klasaI.mp4?_=2\" \/><a href=\"http:\/\/sp1stanislawdolny.edu.pl\/wp-content\/uploads\/2021\/01\/klasaI.mp4\">http:\/\/sp1stanislawdolny.edu.pl\/wp-content\/uploads\/2021\/01\/klasaI.mp4<\/a><\/video><\/div>\n<hr \/>\n<p style=\"text-align: center;\">Muzyczne \u017cyczenia od klasy II<\/p>\n<div style=\"width: 640px;\" class=\"wp-video\"><video class=\"wp-video-shortcode\" id=\"video-5150-3\" width=\"640\" height=\"368\" preload=\"metadata\" controls=\"controls\"><source type=\"video\/mp4\" src=\"http:\/\/sp1stanislawdolny.edu.pl\/wp-content\/uploads\/2021\/01\/klasaII.mp4?_=3\" \/><a href=\"http:\/\/sp1stanislawdolny.edu.pl\/wp-content\/uploads\/2021\/01\/klasaII.mp4\">http:\/\/sp1stanislawdolny.edu.pl\/wp-content\/uploads\/2021\/01\/klasaII.mp4<\/a><\/video><\/div>\n<hr \/>\n<p style=\"text-align: center;\">Muzyczne \u017cyczenia od klasy III<\/p>\n<div style=\"width: 640px;\" class=\"wp-video\"><video class=\"wp-video-shortcode\" id=\"video-5150-4\" width=\"640\" height=\"368\" preload=\"metadata\" controls=\"controls\"><source type=\"video\/mp4\" src=\"http:\/\/sp1stanislawdolny.edu.pl\/wp-content\/uploads\/2021\/01\/klasaIII.mp4?_=4\" \/><a href=\"http:\/\/sp1stanislawdolny.edu.pl\/wp-content\/uploads\/2021\/01\/klasaIII.mp4\">http:\/\/sp1stanislawdolny.edu.pl\/wp-content\/uploads\/2021\/01\/klasaIII.mp4<\/a><\/video><\/div>\n","protected":false},"excerpt":{"rendered":"<p>Laurki od przedszkolak\u00f3w z oddzia\u0142u 0A Muzyczne \u017cyczenia od przedszkolak\u00f3w z oddzia\u0142u 0B Muzyczne \u017cyczenia od klasy I Muzyczne \u017cyczenia od klasy II Muzyczne \u017cyczenia od klasy III<\/p>\n","protected":false},"author":1,"featured_media":0,"parent":0,"menu_order":0,"comment_status":"closed","ping_status":"closed","template":"","meta":{"ngg_post_thumbnail":0,"footnotes":""},"class_list":["post-5150","page","type-page","status-publish","hentry"],"_links":{"self":[{"href":"http:\/\/sp1stanislawdolny.edu.pl\/index.php\/wp-json\/wp\/v2\/pages\/5150","targetHints":{"allow":["GET"]}}],"collection":[{"href":"http:\/\/sp1stanislawdolny.edu.pl\/index.php\/wp-json\/wp\/v2\/pages"}],"about":[{"href":"http:\/\/sp1stanislawdolny.edu.pl\/index.php\/wp-json\/wp\/v2\/types\/page"}],"author":[{"embeddable":true,"href":"http:\/\/sp1stanislawdolny.edu.pl\/index.php\/wp-json\/wp\/v2\/users\/1"}],"replies":[{"embeddable":true,"href":"http:\/\/sp1stanislawdolny.edu.pl\/index.php\/wp-json\/wp\/v2\/comments?post=5150"}],"version-history":[{"count":9,"href":"http:\/\/sp1stanislawdolny.edu.pl\/index.php\/wp-json\/wp\/v2\/pages\/5150\/revisions"}],"predecessor-version":[{"id":5192,"href":"http:\/\/sp1stanislawdolny.edu.pl\/index.php\/wp-json\/wp\/v2\/pages\/5150\/revisions\/5192"}],"wp:attachment":[{"href":"http:\/\/sp1stanislawdolny.edu.pl\/index.php\/wp-json\/wp\/v2\/media?parent=5150"}],"curies":[{"name":"wp","href":"https:\/\/api.w.org\/{rel}","templated":true}]}}