{"id":5086,"date":"2020-12-22T14:38:06","date_gmt":"2020-12-22T14:38:06","guid":{"rendered":"http:\/\/sp1stanislawdolny.edu.pl\/?page_id=5086"},"modified":"2020-12-22T15:46:50","modified_gmt":"2020-12-22T15:46:50","slug":"boze-narodzenie-2020","status":"publish","type":"page","link":"http:\/\/sp1stanislawdolny.edu.pl\/index.php\/boze-narodzenie-2020\/","title":{"rendered":"Bo\u017ce Narodzenie 2020"},"content":{"rendered":"<p style=\"text-align: center;\"><a href=\"http:\/\/sp1stanislawdolny.edu.pl\/wp-content\/uploads\/2020\/12\/Wesolych-Swiat-2020-1.jpg\"><img loading=\"lazy\" decoding=\"async\" class=\"alignnone wp-image-5108 \" src=\"http:\/\/sp1stanislawdolny.edu.pl\/wp-content\/uploads\/2020\/12\/Wesolych-Swiat-2020-1.jpg\" alt=\"\" width=\"598\" height=\"446\" srcset=\"http:\/\/sp1stanislawdolny.edu.pl\/wp-content\/uploads\/2020\/12\/Wesolych-Swiat-2020-1.jpg 1000w, http:\/\/sp1stanislawdolny.edu.pl\/wp-content\/uploads\/2020\/12\/Wesolych-Swiat-2020-1-300x224.jpg 300w, http:\/\/sp1stanislawdolny.edu.pl\/wp-content\/uploads\/2020\/12\/Wesolych-Swiat-2020-1-768x573.jpg 768w, http:\/\/sp1stanislawdolny.edu.pl\/wp-content\/uploads\/2020\/12\/Wesolych-Swiat-2020-1-660x492.jpg 660w\" sizes=\"auto, (max-width: 598px) 100vw, 598px\" \/><\/a><\/p>\n<hr \/>\n<p>&#8222;Gdy \u015bliczna Panna&#8221; &#8211; Oliwia Rajda klasa VIII<\/p>\n<audio class=\"wp-audio-shortcode\" id=\"audio-5086-1\" preload=\"none\" style=\"width: 100%;\" controls=\"controls\"><source type=\"audio\/mpeg\" src=\"http:\/\/sp1stanislawdolny.edu.pl\/wp-content\/uploads\/2020\/12\/Gdy-sliczna-panna-Oliwia-Rajda.mp3?_=1\" \/><a href=\"http:\/\/sp1stanislawdolny.edu.pl\/wp-content\/uploads\/2020\/12\/Gdy-sliczna-panna-Oliwia-Rajda.mp3\">http:\/\/sp1stanislawdolny.edu.pl\/wp-content\/uploads\/2020\/12\/Gdy-sliczna-panna-Oliwia-Rajda.mp3<\/a><\/audio>\n<hr \/>\n<p>&#8222;Mario czy ty wiesz&#8221; &#8211; Wiktoria G\u00f3rny klasa VII<\/p>\n<p style=\"text-align: center;\"><video controls=\"controls\" width=\"401\" height=\"401\"><source src=\"http:\/\/sp1stanislawdolny.edu.pl\/wp-content\/uploads\/2020\/12\/Mario-czy-ty-wiesz-Wiktoria-Gorny_x264.mp4\" type=\"video\/mp4\" \/><\/video><\/p>\n<hr \/>\n<p>Czas oczekiwania na \u015awi\u0119ta Bo\u017cego Narodzenia w naszej szkole zako\u0144czy\u0142a wigilia oddzia\u0142\u00f3w przedszkolnych. Dzieci sk\u0142ada\u0142y sobie \u017cyczenia i wsp\u00f3lnie kol\u0119dowa\u0142y. By\u0142 to czas bardzo radosny dla wszystkich.<\/p>\n<p style=\"text-align: center;\"><video controls=\"controls\" width=\"405\" height=\"405\"><source src=\"http:\/\/sp1stanislawdolny.edu.pl\/wp-content\/uploads\/2020\/12\/20201222_092416_x264.mp4\" type=\"video\/mp4\" \/><\/video><\/p>\n<p style=\"text-align: center;\"><a href=\"http:\/\/sp1stanislawdolny.edu.pl\/wp-content\/uploads\/2020\/12\/20201222_092143-scaled.jpg\"><img loading=\"lazy\" decoding=\"async\" class=\"alignnone wp-image-5106 size-medium\" src=\"http:\/\/sp1stanislawdolny.edu.pl\/wp-content\/uploads\/2020\/12\/20201222_092143-300x225.jpg\" alt=\"\" width=\"300\" height=\"225\" srcset=\"http:\/\/sp1stanislawdolny.edu.pl\/wp-content\/uploads\/2020\/12\/20201222_092143-300x225.jpg 300w, http:\/\/sp1stanislawdolny.edu.pl\/wp-content\/uploads\/2020\/12\/20201222_092143-1024x768.jpg 1024w, http:\/\/sp1stanislawdolny.edu.pl\/wp-content\/uploads\/2020\/12\/20201222_092143-768x576.jpg 768w, http:\/\/sp1stanislawdolny.edu.pl\/wp-content\/uploads\/2020\/12\/20201222_092143-1536x1152.jpg 1536w, http:\/\/sp1stanislawdolny.edu.pl\/wp-content\/uploads\/2020\/12\/20201222_092143-2048x1536.jpg 2048w, http:\/\/sp1stanislawdolny.edu.pl\/wp-content\/uploads\/2020\/12\/20201222_092143-660x495.jpg 660w\" sizes=\"auto, (max-width: 300px) 100vw, 300px\" \/><\/a><\/p>\n<hr \/>\n<p>&#8222;W\u015br\u00f3d nocnej ciszy&#8221; &#8211; Daria Filek klasa VIII<\/p>\n<audio class=\"wp-audio-shortcode\" id=\"audio-5086-2\" preload=\"none\" style=\"width: 100%;\" controls=\"controls\"><source type=\"audio\/mpeg\" src=\"http:\/\/sp1stanislawdolny.edu.pl\/wp-content\/uploads\/2020\/12\/Wsrod-nocnej-ciszy-Daria-Filek.mp3?_=2\" \/><a href=\"http:\/\/sp1stanislawdolny.edu.pl\/wp-content\/uploads\/2020\/12\/Wsrod-nocnej-ciszy-Daria-Filek.mp3\">http:\/\/sp1stanislawdolny.edu.pl\/wp-content\/uploads\/2020\/12\/Wsrod-nocnej-ciszy-Daria-Filek.mp3<\/a><\/audio>\n<p>&nbsp;<\/p>\n","protected":false},"excerpt":{"rendered":"<p>&#8222;Gdy \u015bliczna Panna&#8221; &#8211; Oliwia Rajda klasa VIII &#8222;Mario czy ty wiesz&#8221; &#8211; Wiktoria G\u00f3rny klasa VII Czas oczekiwania na \u015awi\u0119ta Bo\u017cego Narodzenia w naszej szkole zako\u0144czy\u0142a wigilia oddzia\u0142\u00f3w przedszkolnych. Dzieci sk\u0142ada\u0142y sobie \u017cyczenia i wsp\u00f3lnie kol\u0119dowa\u0142y. By\u0142 to czas bardzo radosny dla wszystkich. &#8222;W\u015br\u00f3d nocnej ciszy&#8221; &#8211; Daria Filek klasa VIII &nbsp;<\/p>\n","protected":false},"author":1,"featured_media":0,"parent":0,"menu_order":0,"comment_status":"closed","ping_status":"closed","template":"","meta":{"ngg_post_thumbnail":0,"footnotes":""},"class_list":["post-5086","page","type-page","status-publish","hentry"],"_links":{"self":[{"href":"http:\/\/sp1stanislawdolny.edu.pl\/index.php\/wp-json\/wp\/v2\/pages\/5086","targetHints":{"allow":["GET"]}}],"collection":[{"href":"http:\/\/sp1stanislawdolny.edu.pl\/index.php\/wp-json\/wp\/v2\/pages"}],"about":[{"href":"http:\/\/sp1stanislawdolny.edu.pl\/index.php\/wp-json\/wp\/v2\/types\/page"}],"author":[{"embeddable":true,"href":"http:\/\/sp1stanislawdolny.edu.pl\/index.php\/wp-json\/wp\/v2\/users\/1"}],"replies":[{"embeddable":true,"href":"http:\/\/sp1stanislawdolny.edu.pl\/index.php\/wp-json\/wp\/v2\/comments?post=5086"}],"version-history":[{"count":7,"href":"http:\/\/sp1stanislawdolny.edu.pl\/index.php\/wp-json\/wp\/v2\/pages\/5086\/revisions"}],"predecessor-version":[{"id":5109,"href":"http:\/\/sp1stanislawdolny.edu.pl\/index.php\/wp-json\/wp\/v2\/pages\/5086\/revisions\/5109"}],"wp:attachment":[{"href":"http:\/\/sp1stanislawdolny.edu.pl\/index.php\/wp-json\/wp\/v2\/media?parent=5086"}],"curies":[{"name":"wp","href":"https:\/\/api.w.org\/{rel}","templated":true}]}}