{"id":4973,"date":"2020-11-25T11:49:24","date_gmt":"2020-11-25T11:49:24","guid":{"rendered":"http:\/\/sp1stanislawdolny.edu.pl\/?page_id=4973"},"modified":"2020-11-25T11:49:33","modified_gmt":"2020-11-25T11:49:33","slug":"dzien-zyczliwosci","status":"publish","type":"page","link":"http:\/\/sp1stanislawdolny.edu.pl\/index.php\/dzien-zyczliwosci\/","title":{"rendered":"Dzie\u0144 \u017byczliwo\u015bci"},"content":{"rendered":"<p style=\"text-align: center;\"><a href=\"http:\/\/sp1stanislawdolny.edu.pl\/wp-content\/uploads\/2020\/11\/DZIEN-ZYCZLIWOSCI.pdf\" target=\"_blank\" rel=\"noopener noreferrer\"><span style=\"font-size: 18pt;\">DZIE\u0143 \u017bYCZLIWO\u015aCI<\/span> &#8211; prezentacja prac plastycznych<\/a><\/p>\n<p style=\"text-align: center;\">Piosenka nagrana przez Elizk\u0119 Kowalczyk z kl. IV<\/p>\n<p style=\"text-align: center;\"><video controls=\"controls\" width=\"500\" height=\"250\"><source src=\"http:\/\/sp1stanislawdolny.edu.pl\/wp-content\/uploads\/2020\/11\/Piosenka_x264.mp4\" type=\"video\/mp4\" \/><\/video><\/p>\n","protected":false},"excerpt":{"rendered":"<p>DZIE\u0143 \u017bYCZLIWO\u015aCI &#8211; prezentacja prac plastycznych Piosenka nagrana przez Elizk\u0119 Kowalczyk z kl. IV<\/p>\n","protected":false},"author":1,"featured_media":0,"parent":0,"menu_order":0,"comment_status":"closed","ping_status":"closed","template":"","meta":{"ngg_post_thumbnail":0,"footnotes":""},"class_list":["post-4973","page","type-page","status-publish","hentry"],"_links":{"self":[{"href":"http:\/\/sp1stanislawdolny.edu.pl\/index.php\/wp-json\/wp\/v2\/pages\/4973","targetHints":{"allow":["GET"]}}],"collection":[{"href":"http:\/\/sp1stanislawdolny.edu.pl\/index.php\/wp-json\/wp\/v2\/pages"}],"about":[{"href":"http:\/\/sp1stanislawdolny.edu.pl\/index.php\/wp-json\/wp\/v2\/types\/page"}],"author":[{"embeddable":true,"href":"http:\/\/sp1stanislawdolny.edu.pl\/index.php\/wp-json\/wp\/v2\/users\/1"}],"replies":[{"embeddable":true,"href":"http:\/\/sp1stanislawdolny.edu.pl\/index.php\/wp-json\/wp\/v2\/comments?post=4973"}],"version-history":[{"count":3,"href":"http:\/\/sp1stanislawdolny.edu.pl\/index.php\/wp-json\/wp\/v2\/pages\/4973\/revisions"}],"predecessor-version":[{"id":4978,"href":"http:\/\/sp1stanislawdolny.edu.pl\/index.php\/wp-json\/wp\/v2\/pages\/4973\/revisions\/4978"}],"wp:attachment":[{"href":"http:\/\/sp1stanislawdolny.edu.pl\/index.php\/wp-json\/wp\/v2\/media?parent=4973"}],"curies":[{"name":"wp","href":"https:\/\/api.w.org\/{rel}","templated":true}]}}