{"id":4912,"date":"2020-11-10T14:46:19","date_gmt":"2020-11-10T14:46:19","guid":{"rendered":"http:\/\/sp1stanislawdolny.edu.pl\/?page_id=4912"},"modified":"2020-11-11T15:04:57","modified_gmt":"2020-11-11T15:04:57","slug":"11-listopada-rocznica-odzyskania-niepodleglosci","status":"publish","type":"page","link":"http:\/\/sp1stanislawdolny.edu.pl\/index.php\/11-listopada-rocznica-odzyskania-niepodleglosci\/","title":{"rendered":"11 listopada &#8211; Narodowe \u015awi\u0119to Niepodleg\u0142o\u015bci"},"content":{"rendered":"<p style=\"text-align: center;\"><a href=\"http:\/\/sp1stanislawdolny.edu.pl\/wp-content\/uploads\/2020\/11\/11-listopada-klasy-I-III.pdf\" target=\"_blank\" rel=\"noopener noreferrer\"><span style=\"font-size: 14pt;\">Prezentacja dla klas I-III<\/span><\/a><\/p>\n<hr \/>\n<p style=\"text-align: center;\">Wyst\u0119p naszej uczennicy w ramach konkursu za\u015aPIEWAJ I TY NIEPODLEG\u0141EJ<\/p>\n<div style=\"width: 665px;\" class=\"wp-video\"><video class=\"wp-video-shortcode\" id=\"video-4912-1\" width=\"665\" height=\"443\" preload=\"metadata\" controls=\"controls\"><source type=\"video\/mp4\" src=\"http:\/\/sp1stanislawdolny.edu.pl\/wp-content\/uploads\/2020\/11\/zaSPIEWAJ-I-TY-NIEPODLEGLEJ_Sp-nr1-im-Jana-PawlaII-w-Stanislawiu-Dolnym_Wiktoria-Gorny_klasaVII-_x264.mp4?_=1\" \/><a href=\"http:\/\/sp1stanislawdolny.edu.pl\/wp-content\/uploads\/2020\/11\/zaSPIEWAJ-I-TY-NIEPODLEGLEJ_Sp-nr1-im-Jana-PawlaII-w-Stanislawiu-Dolnym_Wiktoria-Gorny_klasaVII-_x264.mp4\">http:\/\/sp1stanislawdolny.edu.pl\/wp-content\/uploads\/2020\/11\/zaSPIEWAJ-I-TY-NIEPODLEGLEJ_Sp-nr1-im-Jana-PawlaII-w-Stanislawiu-Dolnym_Wiktoria-Gorny_klasaVII-_x264.mp4<\/a><\/video><\/div>\n<hr \/>\n<p style=\"text-align: center;\"><a href=\"http:\/\/sp1stanislawdolny.edu.pl\/wp-content\/uploads\/2020\/11\/Presentation9.pdf\" target=\"_blank\" rel=\"noopener noreferrer\"><span style=\"font-size: 14pt;\">Prezentacja dla klas IV-VIII<\/span><\/a><\/p>\n<hr \/>\n<p style=\"text-align: center;\">Przedszkolaki wzi\u0119\u0142y udzia\u0142 w akcji &#8222;Szko\u0142a pami\u0119ta&#8221;<\/p>\n<div style=\"width: 640px;\" class=\"wp-video\"><video class=\"wp-video-shortcode\" id=\"video-4912-2\" width=\"640\" height=\"368\" preload=\"metadata\" controls=\"controls\"><source type=\"video\/mp4\" src=\"http:\/\/sp1stanislawdolny.edu.pl\/wp-content\/uploads\/2020\/11\/received_3248051251970672.mp4?_=2\" \/><a href=\"http:\/\/sp1stanislawdolny.edu.pl\/wp-content\/uploads\/2020\/11\/received_3248051251970672.mp4\">http:\/\/sp1stanislawdolny.edu.pl\/wp-content\/uploads\/2020\/11\/received_3248051251970672.mp4<\/a><\/video><\/div>\n<p><a href=\"http:\/\/sp1stanislawdolny.edu.pl\/wp-content\/uploads\/2020\/11\/DSC0404-scaled.jpg\"><img loading=\"lazy\" decoding=\"async\" class=\"alignnone size-thumbnail wp-image-4918\" src=\"http:\/\/sp1stanislawdolny.edu.pl\/wp-content\/uploads\/2020\/11\/DSC0404-150x150.jpg\" alt=\"\" width=\"150\" height=\"150\" \/><\/a> <a href=\"http:\/\/sp1stanislawdolny.edu.pl\/wp-content\/uploads\/2020\/11\/DSC0410-scaled.jpg\"><img loading=\"lazy\" decoding=\"async\" class=\"alignnone size-thumbnail wp-image-4919\" src=\"http:\/\/sp1stanislawdolny.edu.pl\/wp-content\/uploads\/2020\/11\/DSC0410-150x150.jpg\" alt=\"\" width=\"150\" height=\"150\" \/><\/a><\/p>\n<p><a href=\"http:\/\/sp1stanislawdolny.edu.pl\/wp-content\/uploads\/2020\/11\/dyplomszkolapamieta-scaled.jpg\"><img loading=\"lazy\" decoding=\"async\" class=\"size-thumbnail wp-image-4922 aligncenter\" src=\"http:\/\/sp1stanislawdolny.edu.pl\/wp-content\/uploads\/2020\/11\/dyplomszkolapamieta-150x150.jpg\" alt=\"\" width=\"150\" height=\"150\" \/><\/a><\/p>\n","protected":false},"excerpt":{"rendered":"<p>Prezentacja dla klas I-III Wyst\u0119p naszej uczennicy w ramach konkursu za\u015aPIEWAJ I TY NIEPODLEG\u0141EJ Prezentacja dla klas IV-VIII Przedszkolaki wzi\u0119\u0142y udzia\u0142 w akcji &#8222;Szko\u0142a pami\u0119ta&#8221;<\/p>\n","protected":false},"author":1,"featured_media":0,"parent":0,"menu_order":0,"comment_status":"closed","ping_status":"closed","template":"","meta":{"ngg_post_thumbnail":0,"footnotes":""},"class_list":["post-4912","page","type-page","status-publish","hentry"],"_links":{"self":[{"href":"http:\/\/sp1stanislawdolny.edu.pl\/index.php\/wp-json\/wp\/v2\/pages\/4912","targetHints":{"allow":["GET"]}}],"collection":[{"href":"http:\/\/sp1stanislawdolny.edu.pl\/index.php\/wp-json\/wp\/v2\/pages"}],"about":[{"href":"http:\/\/sp1stanislawdolny.edu.pl\/index.php\/wp-json\/wp\/v2\/types\/page"}],"author":[{"embeddable":true,"href":"http:\/\/sp1stanislawdolny.edu.pl\/index.php\/wp-json\/wp\/v2\/users\/1"}],"replies":[{"embeddable":true,"href":"http:\/\/sp1stanislawdolny.edu.pl\/index.php\/wp-json\/wp\/v2\/comments?post=4912"}],"version-history":[{"count":6,"href":"http:\/\/sp1stanislawdolny.edu.pl\/index.php\/wp-json\/wp\/v2\/pages\/4912\/revisions"}],"predecessor-version":[{"id":4932,"href":"http:\/\/sp1stanislawdolny.edu.pl\/index.php\/wp-json\/wp\/v2\/pages\/4912\/revisions\/4932"}],"wp:attachment":[{"href":"http:\/\/sp1stanislawdolny.edu.pl\/index.php\/wp-json\/wp\/v2\/media?parent=4912"}],"curies":[{"name":"wp","href":"https:\/\/api.w.org\/{rel}","templated":true}]}}