{"id":4701,"date":"2020-09-03T14:28:42","date_gmt":"2020-09-03T14:28:42","guid":{"rendered":"http:\/\/sp1stanislawdolny.edu.pl\/?page_id=4701"},"modified":"2025-02-10T13:17:05","modified_gmt":"2025-02-10T13:17:05","slug":"rada-rodzicow","status":"publish","type":"page","link":"http:\/\/sp1stanislawdolny.edu.pl\/index.php\/rada-rodzicow\/","title":{"rendered":"Rada Rodzic\u00f3w"},"content":{"rendered":"<p><strong>Rada Rodzic\u00f3w przy Szkole Podstawowej nr\u00a0 1 w Stanis\u0142awiu Dolnym<\/strong><\/p>\n<p>Rada Rodzic\u00f3w, w sk\u0142ad kt\u00f3rej wchodz\u0105 przedstawiciele wszystkich rodzic\u00f3w, jest jednym z organ\u00f3w szko\u0142y posiadaj\u0105cym prawa i obowi\u0105zki. Rada zostaje powo\u0142ana, aby u\u015bci\u015bli\u0107 wsp\u00f3\u0142prac\u0119 pomi\u0119dzy Dyrekcj\u0105, Rad\u0105 Pedagogiczn\u0105, Uczniami i Rodzicami. Dysponuje tak\u017ce funduszami i bierze udzia\u0142 w organizacji i realizacji zaj\u0119\u0107 dodatkowych i atrakcji.\u00a0 Rodzice wchodz\u0105cy w sk\u0142ad Rady d\u0105\u017c\u0105 do poprawy wszystkich aspekt\u00f3w pracy szko\u0142y.<\/p>\n<p>Na zebraniach Rady Rodzic\u00f3w omawiane s\u0105 wszystkie istotne tematy dotycz\u0105ce \u017cycia szko\u0142y. Dotyczy to tak\u017ce remont\u00f3w, problem\u00f3w finansowych i promowania szko\u0142y.<\/p>\n<p>&nbsp;<\/p>\n<p><strong>Zarz\u0105d Rady Rodzic\u00f3w w roku szkolnym 2021\/22:<\/strong><\/p>\n<p>Przewodnicz\u0105ca: Karolina Kleszcz<\/p>\n<p>Zast\u0119pca: Marta Orkisz<\/p>\n<p>Skarbnik: Monika W\u00f3jcik<\/p>\n<p>Sekretarz: Natalia Faber<\/p>\n<p><strong>Kontakt:<\/strong><\/p>\n<p><a href=\"mailto:radarodzicowstanislawzs1@gmail.com\">radarodzicowstanislawzs1@gmail.com<\/a><\/p>\n<p><strong>Konto rachunku bankowego Rady Rodzic\u00f3w:\u00a0<\/strong><\/p>\n<p>34 8119 0001 0000 0358 2000 0010<\/p>\n<p>&nbsp;<\/p>\n","protected":false},"excerpt":{"rendered":"<p>Rada Rodzic\u00f3w przy Szkole Podstawowej nr\u00a0 1 w Stanis\u0142awiu Dolnym Rada Rodzic\u00f3w, w sk\u0142ad kt\u00f3rej wchodz\u0105 przedstawiciele wszystkich rodzic\u00f3w, jest jednym z organ\u00f3w szko\u0142y posiadaj\u0105cym prawa i obowi\u0105zki. Rada zostaje powo\u0142ana, aby u\u015bci\u015bli\u0107 wsp\u00f3\u0142prac\u0119 pomi\u0119dzy Dyrekcj\u0105, Rad\u0105 Pedagogiczn\u0105, Uczniami i Rodzicami. Dysponuje tak\u017ce funduszami i bierze udzia\u0142 w organizacji i realizacji zaj\u0119\u0107 dodatkowych i atrakcji.\u00a0\u2026 <span class=\"read-more\"><a href=\"http:\/\/sp1stanislawdolny.edu.pl\/index.php\/rada-rodzicow\/\">Dowiedz si\u0119 wi\u0119cej &raquo;<\/a><\/span><\/p>\n","protected":false},"author":1,"featured_media":0,"parent":0,"menu_order":0,"comment_status":"closed","ping_status":"closed","template":"","meta":{"ngg_post_thumbnail":0,"footnotes":""},"class_list":["post-4701","page","type-page","status-publish","hentry"],"_links":{"self":[{"href":"http:\/\/sp1stanislawdolny.edu.pl\/index.php\/wp-json\/wp\/v2\/pages\/4701","targetHints":{"allow":["GET"]}}],"collection":[{"href":"http:\/\/sp1stanislawdolny.edu.pl\/index.php\/wp-json\/wp\/v2\/pages"}],"about":[{"href":"http:\/\/sp1stanislawdolny.edu.pl\/index.php\/wp-json\/wp\/v2\/types\/page"}],"author":[{"embeddable":true,"href":"http:\/\/sp1stanislawdolny.edu.pl\/index.php\/wp-json\/wp\/v2\/users\/1"}],"replies":[{"embeddable":true,"href":"http:\/\/sp1stanislawdolny.edu.pl\/index.php\/wp-json\/wp\/v2\/comments?post=4701"}],"version-history":[{"count":6,"href":"http:\/\/sp1stanislawdolny.edu.pl\/index.php\/wp-json\/wp\/v2\/pages\/4701\/revisions"}],"predecessor-version":[{"id":10133,"href":"http:\/\/sp1stanislawdolny.edu.pl\/index.php\/wp-json\/wp\/v2\/pages\/4701\/revisions\/10133"}],"wp:attachment":[{"href":"http:\/\/sp1stanislawdolny.edu.pl\/index.php\/wp-json\/wp\/v2\/media?parent=4701"}],"curies":[{"name":"wp","href":"https:\/\/api.w.org\/{rel}","templated":true}]}}