{"id":4591,"date":"2020-06-26T08:20:39","date_gmt":"2020-06-26T08:20:39","guid":{"rendered":"http:\/\/sp1stanislawdolny.edu.pl\/?page_id=4591"},"modified":"2020-06-26T20:37:02","modified_gmt":"2020-06-26T20:37:02","slug":"4591-2","status":"publish","type":"page","link":"http:\/\/sp1stanislawdolny.edu.pl\/index.php\/4591-2\/","title":{"rendered":"Koniec Roku Szkolnego 2019\/2020"},"content":{"rendered":"<p style=\"text-align: center;\"><span style=\"font-size: 14pt;\"><a href=\"https:\/\/biteable.com\/watch\/bezpieczne-wakacje-2636310\" target=\"_blank\" rel=\"noopener noreferrer\">BEZPIECZNE WAKACJE<\/a><\/span><\/p>\n<p style=\"text-align: left;\">Kilka s\u0142\u00f3w od p. Dyrektor Joanny El\u017cbieciak<\/p>\n<div style=\"width: 665px;\" class=\"wp-video\"><video class=\"wp-video-shortcode\" id=\"video-4591-1\" width=\"665\" height=\"443\" preload=\"metadata\" controls=\"controls\"><source type=\"video\/mp4\" src=\"http:\/\/sp1stanislawdolny.edu.pl\/wp-content\/uploads\/2020\/06\/koniec-roku_x264.mp4?_=1\" \/><a href=\"http:\/\/sp1stanislawdolny.edu.pl\/wp-content\/uploads\/2020\/06\/koniec-roku_x264.mp4\">http:\/\/sp1stanislawdolny.edu.pl\/wp-content\/uploads\/2020\/06\/koniec-roku_x264.mp4<\/a><\/video><\/div>\n<p>&nbsp;<\/p>\n<p>Kilka s\u0142\u00f3w od Oliwki Rajdy &#8211; Przewodnicz\u0105cej Samorz\u0105du Uczniowskiego<\/p>\n<div style=\"width: 368px;\" class=\"wp-video\"><video class=\"wp-video-shortcode\" id=\"video-4591-2\" width=\"368\" height=\"656\" preload=\"metadata\" controls=\"controls\"><source type=\"video\/mp4\" src=\"http:\/\/sp1stanislawdolny.edu.pl\/wp-content\/uploads\/2020\/06\/received_703147710462715.mp4?_=2\" \/><a href=\"http:\/\/sp1stanislawdolny.edu.pl\/wp-content\/uploads\/2020\/06\/received_703147710462715.mp4\">http:\/\/sp1stanislawdolny.edu.pl\/wp-content\/uploads\/2020\/06\/received_703147710462715.mp4<\/a><\/video><\/div>\n<hr \/>\n<p style=\"text-align: center;\"><span style=\"font-family: book antiqua, palatino, serif; font-size: 18pt;\">Po\u017cegnanie Absolwent\u00f3w<\/span><\/p>\n<div style=\"width: 665px;\" class=\"wp-video\"><video class=\"wp-video-shortcode\" id=\"video-4591-3\" width=\"665\" height=\"375\" preload=\"metadata\" controls=\"controls\"><source type=\"video\/mp4\" src=\"http:\/\/sp1stanislawdolny.edu.pl\/wp-content\/uploads\/2020\/06\/Prezentacja-na-zako\u0144czenie-1.mp4?_=3\" \/><a href=\"http:\/\/sp1stanislawdolny.edu.pl\/wp-content\/uploads\/2020\/06\/Prezentacja-na-zako\u0144czenie-1.mp4\">http:\/\/sp1stanislawdolny.edu.pl\/wp-content\/uploads\/2020\/06\/Prezentacja-na-zako\u0144czenie-1.mp4<\/a><\/video><\/div>\n<p>&nbsp;<\/p>\n<div style=\"width: 665px;\" class=\"wp-video\"><video class=\"wp-video-shortcode\" id=\"video-4591-4\" width=\"665\" height=\"374\" preload=\"metadata\" controls=\"controls\"><source type=\"video\/ogg\" src=\"http:\/\/sp1stanislawdolny.edu.pl\/wp-content\/uploads\/2020\/06\/Untitled-2_720p_1-1_libtheora_libtheora.ogv?_=4\" \/><a href=\"http:\/\/sp1stanislawdolny.edu.pl\/wp-content\/uploads\/2020\/06\/Untitled-2_720p_1-1_libtheora_libtheora.ogv\">http:\/\/sp1stanislawdolny.edu.pl\/wp-content\/uploads\/2020\/06\/Untitled-2_720p_1-1_libtheora_libtheora.ogv<\/a><\/video><\/div>\n<p><span data-contrast=\"auto\">Drodzy rodzice!<\/span><span data-ccp-props=\"{&quot;201341983&quot;:0,&quot;335559739&quot;:160,&quot;335559740&quot;:259}\">\u00a0<\/span><\/p>\n<p><span data-contrast=\"auto\">Ze wzgl\u0119du na obecn\u0105 sytuacj\u0119, niestety nie mog\u0142am\u00a0<\/span><span data-contrast=\"auto\">wszystkim z Pa\u0144stwa podzi\u0119kowa\u0107 osobi\u015bcie w czasie \u201eUroczysto\u015bci Po\u017cegnania \u00d3smoklasist\u00f3w\u201d<\/span><span data-contrast=\"auto\">.\u00a0 Nie mniej jednak uczyni\u0119 to tutaj na naszej stronie internetowej.<\/span><span data-ccp-props=\"{&quot;201341983&quot;:0,&quot;335559739&quot;:160,&quot;335559740&quot;:259}\">\u00a0<\/span><\/p>\n<p><span data-contrast=\"auto\">Wszystkim z Pa\u0144stwa chcia\u0142am gor\u0105co podzi\u0119kowa\u0107 za ostatnie pi\u0119\u0107 lat wsp\u00f3\u0142pracy. Za ka\u017cde mi\u0142e s\u0142owo, za wsparcie, za wielogodzinne rozmowy telefoniczne, za ka\u017cdy gest, kt\u00f3ry sprawi\u0142, \u017ce moja praca mog\u0142a by\u0107 jeszcze lepsza.<\/span><span data-contrast=\"auto\">\u00a0<\/span><span data-ccp-props=\"{&quot;201341983&quot;:0,&quot;335559731&quot;:708,&quot;335559739&quot;:160,&quot;335559740&quot;:259}\">\u00a0<\/span><\/p>\n<p><span data-contrast=\"auto\">\u00a0<\/span><span data-contrast=\"auto\">Dzi\u0119kuj\u0119 Radzie Klasowej za pomoc,\u00a0organizacj\u0119\u00a0 i\u00a0inicjowanie wydarze\u0144 klasowych. Dzi\u0119kuj\u0119 Pani Beacie, Pani Agnieszce i Pani Bo\u017cenie za to, \u017ce przyj\u0119\u0142y na siebie trud opiekuna wycieczki i zechcia\u0142y mi towarzyszy\u0107 w naszych podr\u00f3\u017cach oraz za to, \u017ce zawsze mog\u0142am na nie liczy\u0107.<\/span><span data-ccp-props=\"{&quot;201341983&quot;:0,&quot;335559739&quot;:160,&quot;335559740&quot;:259}\">\u00a0<\/span><\/p>\n<p><span data-contrast=\"auto\">Pa\u0144stwa dzieci s\u0105 wyj\u0105tkowe i wierz\u0119, \u017ce z Pa\u0144stwa pomoc\u0105 osi\u0105gn\u0105 sukces. Ciesz\u0119 si\u0119, \u017ce mog\u0142am przez te ostatnie lata uczestniczy\u0107 w ich procesie edukacji.<\/span><span data-ccp-props=\"{&quot;201341983&quot;:0,&quot;335559739&quot;:160,&quot;335559740&quot;:259}\">\u00a0<\/span><\/p>\n<p style=\"text-align: right;\"><span data-ccp-props=\"{&quot;201341983&quot;:0,&quot;335559739&quot;:160,&quot;335559740&quot;:259}\">\u00a0<\/span><span data-contrast=\"auto\"> Dzi\u0119kuj\u0119<\/span><span data-ccp-props=\"{&quot;201341983&quot;:0,&quot;335559739&quot;:160,&quot;335559740&quot;:259}\"> &#8211; <\/span><span data-contrast=\"auto\">Magdalena Wilk<\/span><span data-ccp-props=\"{&quot;201341983&quot;:0,&quot;335559739&quot;:160,&quot;335559740&quot;:259}\">\u00a0<\/span><\/p>\n<hr \/>\n<p>Po\u017cegnalny filmik od klasy VII<\/p>\n<div style=\"width: 665px;\" class=\"wp-video\"><video class=\"wp-video-shortcode\" id=\"video-4591-5\" width=\"665\" height=\"374\" preload=\"metadata\" controls=\"controls\"><source type=\"video\/ogg\" src=\"http:\/\/sp1stanislawdolny.edu.pl\/wp-content\/uploads\/2020\/06\/po\u017cegnanie_libtheora.ogv?_=5\" \/><a href=\"http:\/\/sp1stanislawdolny.edu.pl\/wp-content\/uploads\/2020\/06\/po\u017cegnanie_libtheora.ogv\">http:\/\/sp1stanislawdolny.edu.pl\/wp-content\/uploads\/2020\/06\/po\u017cegnanie_libtheora.ogv<\/a><\/video><\/div>\n","protected":false},"excerpt":{"rendered":"<p>BEZPIECZNE WAKACJE Kilka s\u0142\u00f3w od p. Dyrektor Joanny El\u017cbieciak &nbsp; Kilka s\u0142\u00f3w od Oliwki Rajdy &#8211; Przewodnicz\u0105cej Samorz\u0105du Uczniowskiego Po\u017cegnanie Absolwent\u00f3w &nbsp; Drodzy rodzice!\u00a0 Ze wzgl\u0119du na obecn\u0105 sytuacj\u0119, niestety nie mog\u0142am\u00a0wszystkim z Pa\u0144stwa podzi\u0119kowa\u0107 osobi\u015bcie w czasie \u201eUroczysto\u015bci Po\u017cegnania \u00d3smoklasist\u00f3w\u201d.\u00a0 Nie mniej jednak uczyni\u0119 to tutaj na naszej stronie internetowej.\u00a0 Wszystkim z Pa\u0144stwa chcia\u0142am\u2026 <span class=\"read-more\"><a href=\"http:\/\/sp1stanislawdolny.edu.pl\/index.php\/4591-2\/\">Dowiedz si\u0119 wi\u0119cej &raquo;<\/a><\/span><\/p>\n","protected":false},"author":1,"featured_media":0,"parent":0,"menu_order":0,"comment_status":"closed","ping_status":"closed","template":"","meta":{"ngg_post_thumbnail":0,"footnotes":""},"class_list":["post-4591","page","type-page","status-publish","hentry"],"_links":{"self":[{"href":"http:\/\/sp1stanislawdolny.edu.pl\/index.php\/wp-json\/wp\/v2\/pages\/4591","targetHints":{"allow":["GET"]}}],"collection":[{"href":"http:\/\/sp1stanislawdolny.edu.pl\/index.php\/wp-json\/wp\/v2\/pages"}],"about":[{"href":"http:\/\/sp1stanislawdolny.edu.pl\/index.php\/wp-json\/wp\/v2\/types\/page"}],"author":[{"embeddable":true,"href":"http:\/\/sp1stanislawdolny.edu.pl\/index.php\/wp-json\/wp\/v2\/users\/1"}],"replies":[{"embeddable":true,"href":"http:\/\/sp1stanislawdolny.edu.pl\/index.php\/wp-json\/wp\/v2\/comments?post=4591"}],"version-history":[{"count":17,"href":"http:\/\/sp1stanislawdolny.edu.pl\/index.php\/wp-json\/wp\/v2\/pages\/4591\/revisions"}],"predecessor-version":[{"id":4628,"href":"http:\/\/sp1stanislawdolny.edu.pl\/index.php\/wp-json\/wp\/v2\/pages\/4591\/revisions\/4628"}],"wp:attachment":[{"href":"http:\/\/sp1stanislawdolny.edu.pl\/index.php\/wp-json\/wp\/v2\/media?parent=4591"}],"curies":[{"name":"wp","href":"https:\/\/api.w.org\/{rel}","templated":true}]}}