{"id":3580,"date":"2020-05-25T21:30:37","date_gmt":"2020-05-25T21:30:37","guid":{"rendered":"http:\/\/sp1stanislawdolny.edu.pl\/?page_id=3580"},"modified":"2020-05-26T06:53:07","modified_gmt":"2020-05-26T06:53:07","slug":"niespodzianka-na-dzien-mamy","status":"publish","type":"page","link":"http:\/\/sp1stanislawdolny.edu.pl\/index.php\/niespodzianka-na-dzien-mamy\/","title":{"rendered":"Niespodzianka na Dzie\u0144 Mamy"},"content":{"rendered":"<p><a href=\"http:\/\/sp1stanislawdolny.edu.pl\/wp-content\/uploads\/2020\/05\/tlo-3.png\"><img loading=\"lazy\" decoding=\"async\" class=\"size-thumbnail wp-image-3582 alignleft\" src=\"http:\/\/sp1stanislawdolny.edu.pl\/wp-content\/uploads\/2020\/05\/tlo-3-150x150.png\" alt=\"\" width=\"150\" height=\"150\" \/><\/a><\/p>\n<p>&nbsp;<\/p>\n<p style=\"text-align: center;\">Drogie Mamy, w tym wyj\u0105tkowym dniu, pragniemy Wam serdecznie podzi\u0119kowa\u0107, za wasz\u0105 mi\u0142o\u015b\u0107, ciep\u0142o, wyrozumia\u0142o\u015b\u0107&#8230; za to, \u017ce jeste\u015bcie zawsze z nami.<\/p>\n<p style=\"text-align: center;\">W tej niecodziennej sytuacji nie mo\u017cemy Was zaprosi\u0107 na tradycyjn\u0105 akademi\u0119, ale poni\u017cej znajdziecie kilka niespodzianek przygotowanych specjalnie dla Was w ten nietypowy, wirtualny spos\u00f3b.<\/p>\n<hr \/>\n<div style=\"width: 665px;\" class=\"wp-video\"><video class=\"wp-video-shortcode\" id=\"video-3580-1\" width=\"665\" height=\"374\" preload=\"metadata\" controls=\"controls\"><source type=\"video\/mp4\" src=\"http:\/\/sp1stanislawdolny.edu.pl\/wp-content\/uploads\/2020\/05\/dzie\u0144-mamy.mp4?_=1\" \/><a href=\"http:\/\/sp1stanislawdolny.edu.pl\/wp-content\/uploads\/2020\/05\/dzie\u0144-mamy.mp4\">http:\/\/sp1stanislawdolny.edu.pl\/wp-content\/uploads\/2020\/05\/dzie\u0144-mamy.mp4<\/a><\/video><\/div>\n<hr \/>\n<p style=\"text-align: center;\">Brakuje s\u0142\u00f3w, aby podzi\u0119kowa\u0107<br \/>\nza matczyn\u0105 odwag\u0119, cierpliwo\u015b\u0107,<br \/>\ndobro\u0107, zrozumienie, ale tak bardzo<br \/>\nchc\u0119 wyrazi\u0107 wdzi\u0119czno\u015b\u0107<br \/>\nw\u0142a\u015bnie Tobie. Najbardziej kochaj\u0105cej z Mam&#8230;<\/p>\n<p style=\"text-align: center;\">Za to, \u017ce zawsze jeste\u015b przy mym boku,<br \/>\nZa to, \u017ce wskazujesz drog\u0119 mi w mroku,<br \/>\nZa to, \u017ce dni moje t\u0119cz\u0105 malujesz<br \/>\ndzi\u015b Mamo z ca\u0142ego serca Ci dzi\u0119kuj\u0119!<\/p>\n<p style=\"text-align: center;\">Mamo, tak bardzo Ci\u0119 kocham<br \/>\ni dzi\u0119kuj\u0119 Ci za wszystko.<br \/>\nZa Tw\u00f3j u\u015bmiech, kt\u00f3ry ogrzewa<br \/>\nmnie w r\u00f3\u017cnych chwilach \u017cycia,<br \/>\na najbardziej dzi\u0119kuj\u0119 Ci za to, \u017ce jeste\u015b.<\/p>\n<hr \/>\n<p>Wiktoria G\u00f3rny &#8211; klasa VI<\/p>\n<audio class=\"wp-audio-shortcode\" id=\"audio-3580-1\" preload=\"none\" style=\"width: 100%;\" controls=\"controls\"><source type=\"audio\/mpeg\" src=\"http:\/\/sp1stanislawdolny.edu.pl\/wp-content\/uploads\/2020\/05\/Do-przodu-\u017cyj.mp3?_=1\" \/><a href=\"http:\/\/sp1stanislawdolny.edu.pl\/wp-content\/uploads\/2020\/05\/Do-przodu-\u017cyj.mp3\">http:\/\/sp1stanislawdolny.edu.pl\/wp-content\/uploads\/2020\/05\/Do-przodu-\u017cyj.mp3<\/a><\/audio>\n<hr \/>\n<p style=\"text-align: center;\">Bukiet kwiat\u00f3w od Pierwszak\u00f3w<\/p>\n<p style=\"text-align: center;\"><a href=\"http:\/\/sp1stanislawdolny.edu.pl\/wp-content\/uploads\/2020\/05\/Bukiet-1-scaled.jpg\" target=\"_blank\" rel=\"noopener noreferrer\"><img loading=\"lazy\" decoding=\"async\" class=\"alignnone wp-image-3586 size-thumbnail\" src=\"http:\/\/sp1stanislawdolny.edu.pl\/wp-content\/uploads\/2020\/05\/Bukiet-1-150x150.jpg\" alt=\"\" width=\"150\" height=\"150\" srcset=\"http:\/\/sp1stanislawdolny.edu.pl\/wp-content\/uploads\/2020\/05\/Bukiet-1-150x150.jpg 150w, http:\/\/sp1stanislawdolny.edu.pl\/wp-content\/uploads\/2020\/05\/Bukiet-1-300x300.jpg 300w, http:\/\/sp1stanislawdolny.edu.pl\/wp-content\/uploads\/2020\/05\/Bukiet-1-1024x1024.jpg 1024w, http:\/\/sp1stanislawdolny.edu.pl\/wp-content\/uploads\/2020\/05\/Bukiet-1-768x768.jpg 768w, http:\/\/sp1stanislawdolny.edu.pl\/wp-content\/uploads\/2020\/05\/Bukiet-1-1536x1536.jpg 1536w, http:\/\/sp1stanislawdolny.edu.pl\/wp-content\/uploads\/2020\/05\/Bukiet-1-2048x2048.jpg 2048w, http:\/\/sp1stanislawdolny.edu.pl\/wp-content\/uploads\/2020\/05\/Bukiet-1-660x660.jpg 660w\" sizes=\"auto, (max-width: 150px) 100vw, 150px\" \/><\/a><\/p>\n<hr \/>\n<p>Daria Filek &#8211; klasa VII<\/p>\n<audio class=\"wp-audio-shortcode\" id=\"audio-3580-2\" preload=\"none\" style=\"width: 100%;\" controls=\"controls\"><source type=\"audio\/mpeg\" src=\"http:\/\/sp1stanislawdolny.edu.pl\/wp-content\/uploads\/2020\/05\/Ach-jak-przyjemnie-Daria-Filek.mp3?_=2\" \/><a href=\"http:\/\/sp1stanislawdolny.edu.pl\/wp-content\/uploads\/2020\/05\/Ach-jak-przyjemnie-Daria-Filek.mp3\">http:\/\/sp1stanislawdolny.edu.pl\/wp-content\/uploads\/2020\/05\/Ach-jak-przyjemnie-Daria-Filek.mp3<\/a><\/audio>\n<hr \/>\n<p style=\"text-align: center;\">Galeria laurek od klas 0-III<\/p>\n<p style=\"text-align: center;\"><a href=\"https:\/\/photos.app.goo.gl\/p3wWQAJQUrAJtUEb6\" target=\"_blank\" rel=\"noopener noreferrer\"><img loading=\"lazy\" decoding=\"async\" class=\"alignnone wp-image-3587 size-full\" src=\"http:\/\/sp1stanislawdolny.edu.pl\/wp-content\/uploads\/2020\/05\/Klasy-0-III.jpg\" alt=\"\" width=\"800\" height=\"200\" srcset=\"http:\/\/sp1stanislawdolny.edu.pl\/wp-content\/uploads\/2020\/05\/Klasy-0-III.jpg 800w, http:\/\/sp1stanislawdolny.edu.pl\/wp-content\/uploads\/2020\/05\/Klasy-0-III-300x75.jpg 300w, http:\/\/sp1stanislawdolny.edu.pl\/wp-content\/uploads\/2020\/05\/Klasy-0-III-768x192.jpg 768w, http:\/\/sp1stanislawdolny.edu.pl\/wp-content\/uploads\/2020\/05\/Klasy-0-III-660x165.jpg 660w\" sizes=\"auto, (max-width: 800px) 100vw, 800px\" \/><\/a><\/p>\n<hr \/>\n<p>Oliwia Rajda &#8211; klasa VII<\/p>\n<audio class=\"wp-audio-shortcode\" id=\"audio-3580-3\" preload=\"none\" style=\"width: 100%;\" controls=\"controls\"><source type=\"audio\/mpeg\" src=\"http:\/\/sp1stanislawdolny.edu.pl\/wp-content\/uploads\/2020\/05\/Pi\u0119knie-\u017cy\u0107-Oliwia-Rajda.mp3?_=3\" \/><a href=\"http:\/\/sp1stanislawdolny.edu.pl\/wp-content\/uploads\/2020\/05\/Pi\u0119knie-\u017cy\u0107-Oliwia-Rajda.mp3\">http:\/\/sp1stanislawdolny.edu.pl\/wp-content\/uploads\/2020\/05\/Pi\u0119knie-\u017cy\u0107-Oliwia-Rajda.mp3<\/a><\/audio>\n<hr \/>\n<p style=\"text-align: center;\">Bukiet kwiat\u00f3w od Drugak\u00f3w<\/p>\n<p><a href=\"http:\/\/sp1stanislawdolny.edu.pl\/wp-content\/uploads\/2020\/05\/Bukiet-II-scaled.jpg\" target=\"_blank\" rel=\"noopener noreferrer\"><img loading=\"lazy\" decoding=\"async\" class=\"aligncenter wp-image-3590 size-thumbnail\" src=\"http:\/\/sp1stanislawdolny.edu.pl\/wp-content\/uploads\/2020\/05\/Bukiet-II-150x150.jpg\" alt=\"\" width=\"150\" height=\"150\" srcset=\"http:\/\/sp1stanislawdolny.edu.pl\/wp-content\/uploads\/2020\/05\/Bukiet-II-150x150.jpg 150w, http:\/\/sp1stanislawdolny.edu.pl\/wp-content\/uploads\/2020\/05\/Bukiet-II-300x300.jpg 300w, http:\/\/sp1stanislawdolny.edu.pl\/wp-content\/uploads\/2020\/05\/Bukiet-II-1024x1024.jpg 1024w, http:\/\/sp1stanislawdolny.edu.pl\/wp-content\/uploads\/2020\/05\/Bukiet-II-768x768.jpg 768w, http:\/\/sp1stanislawdolny.edu.pl\/wp-content\/uploads\/2020\/05\/Bukiet-II-1536x1536.jpg 1536w, http:\/\/sp1stanislawdolny.edu.pl\/wp-content\/uploads\/2020\/05\/Bukiet-II-2048x2048.jpg 2048w, http:\/\/sp1stanislawdolny.edu.pl\/wp-content\/uploads\/2020\/05\/Bukiet-II-660x660.jpg 660w\" sizes=\"auto, (max-width: 150px) 100vw, 150px\" \/><\/a><\/p>\n<hr \/>\n<p style=\"text-align: center;\">Galeria laurek od klas V-VII<\/p>\n<p style=\"text-align: center;\"><a href=\"https:\/\/photos.app.goo.gl\/QraNSJH7njHQh5eQ8\" target=\"_blank\" rel=\"noopener noreferrer\"><img loading=\"lazy\" decoding=\"async\" class=\"alignnone wp-image-3591 size-full\" src=\"http:\/\/sp1stanislawdolny.edu.pl\/wp-content\/uploads\/2020\/05\/Klasy-V-VIII.jpg\" alt=\"\" width=\"800\" height=\"200\" srcset=\"http:\/\/sp1stanislawdolny.edu.pl\/wp-content\/uploads\/2020\/05\/Klasy-V-VIII.jpg 800w, http:\/\/sp1stanislawdolny.edu.pl\/wp-content\/uploads\/2020\/05\/Klasy-V-VIII-300x75.jpg 300w, http:\/\/sp1stanislawdolny.edu.pl\/wp-content\/uploads\/2020\/05\/Klasy-V-VIII-768x192.jpg 768w, http:\/\/sp1stanislawdolny.edu.pl\/wp-content\/uploads\/2020\/05\/Klasy-V-VIII-660x165.jpg 660w\" sizes=\"auto, (max-width: 800px) 100vw, 800px\" \/><\/a><\/p>\n<hr \/>\n<p>Julia Wawro &#8211; klasa Vb<\/p>\n<audio class=\"wp-audio-shortcode\" id=\"audio-3580-4\" preload=\"none\" style=\"width: 100%;\" controls=\"controls\"><source type=\"audio\/mpeg\" src=\"http:\/\/sp1stanislawdolny.edu.pl\/wp-content\/uploads\/2020\/05\/Julka-Wawro.mp3?_=4\" \/><a href=\"http:\/\/sp1stanislawdolny.edu.pl\/wp-content\/uploads\/2020\/05\/Julka-Wawro.mp3\">http:\/\/sp1stanislawdolny.edu.pl\/wp-content\/uploads\/2020\/05\/Julka-Wawro.mp3<\/a><\/audio>\n<hr \/>\n<p style=\"text-align: center;\">Bukiet kwiat\u00f3w od Trzeciak\u00f3w<\/p>\n<p style=\"text-align: center;\"><a href=\"http:\/\/sp1stanislawdolny.edu.pl\/wp-content\/uploads\/2020\/05\/Bukiet-III-scaled.jpg\" target=\"_blank\" rel=\"noopener noreferrer\"><img loading=\"lazy\" decoding=\"async\" class=\"alignnone wp-image-3593 size-thumbnail\" src=\"http:\/\/sp1stanislawdolny.edu.pl\/wp-content\/uploads\/2020\/05\/Bukiet-III-150x150.jpg\" alt=\"\" width=\"150\" height=\"150\" srcset=\"http:\/\/sp1stanislawdolny.edu.pl\/wp-content\/uploads\/2020\/05\/Bukiet-III-150x150.jpg 150w, http:\/\/sp1stanislawdolny.edu.pl\/wp-content\/uploads\/2020\/05\/Bukiet-III-300x300.jpg 300w, http:\/\/sp1stanislawdolny.edu.pl\/wp-content\/uploads\/2020\/05\/Bukiet-III-1024x1024.jpg 1024w, http:\/\/sp1stanislawdolny.edu.pl\/wp-content\/uploads\/2020\/05\/Bukiet-III-768x768.jpg 768w, http:\/\/sp1stanislawdolny.edu.pl\/wp-content\/uploads\/2020\/05\/Bukiet-III-1536x1536.jpg 1536w, http:\/\/sp1stanislawdolny.edu.pl\/wp-content\/uploads\/2020\/05\/Bukiet-III-2048x2048.jpg 2048w, http:\/\/sp1stanislawdolny.edu.pl\/wp-content\/uploads\/2020\/05\/Bukiet-III-660x660.jpg 660w\" sizes=\"auto, (max-width: 150px) 100vw, 150px\" \/><\/a><\/p>\n<hr \/>\n<p>Piotr Glanowski &#8211; klasa VII<\/p>\n<audio class=\"wp-audio-shortcode\" id=\"audio-3580-5\" preload=\"none\" style=\"width: 100%;\" controls=\"controls\"><source type=\"audio\/mpeg\" src=\"http:\/\/sp1stanislawdolny.edu.pl\/wp-content\/uploads\/2020\/05\/Piotrek-Glanowski.mp3?_=5\" \/><a href=\"http:\/\/sp1stanislawdolny.edu.pl\/wp-content\/uploads\/2020\/05\/Piotrek-Glanowski.mp3\">http:\/\/sp1stanislawdolny.edu.pl\/wp-content\/uploads\/2020\/05\/Piotrek-Glanowski.mp3<\/a><\/audio>\n<hr \/>\n<p style=\"text-align: center;\">Serce dla Mamy od klasy VIII<\/p>\n<p style=\"text-align: center;\"><a href=\"https:\/\/photos.app.goo.gl\/ziwYKEm7RwJzEkDK7\" target=\"_blank\" rel=\"noopener noreferrer\"><img loading=\"lazy\" decoding=\"async\" class=\"alignnone wp-image-3595 size-full\" src=\"http:\/\/sp1stanislawdolny.edu.pl\/wp-content\/uploads\/2020\/05\/Serce-dla-mamy.jpg\" alt=\"\" width=\"200\" height=\"200\" srcset=\"http:\/\/sp1stanislawdolny.edu.pl\/wp-content\/uploads\/2020\/05\/Serce-dla-mamy.jpg 200w, http:\/\/sp1stanislawdolny.edu.pl\/wp-content\/uploads\/2020\/05\/Serce-dla-mamy-150x150.jpg 150w\" sizes=\"auto, (max-width: 200px) 100vw, 200px\" \/><\/a><\/p>\n<hr \/>\n<p>Wiktoria Faber &#8211; klasa VII<\/p>\n<audio class=\"wp-audio-shortcode\" id=\"audio-3580-6\" preload=\"none\" style=\"width: 100%;\" controls=\"controls\"><source type=\"audio\/mpeg\" src=\"http:\/\/sp1stanislawdolny.edu.pl\/wp-content\/uploads\/2020\/05\/Wiktoria.mp3?_=6\" \/><a href=\"http:\/\/sp1stanislawdolny.edu.pl\/wp-content\/uploads\/2020\/05\/Wiktoria.mp3\">http:\/\/sp1stanislawdolny.edu.pl\/wp-content\/uploads\/2020\/05\/Wiktoria.mp3<\/a><\/audio>\n<hr \/>\n<p style=\"text-align: center;\">Jeszcze raz, drogie Mamy, \u017cyczymy Wam wszystkiego co najlepsze!<\/p>\n<p style=\"text-align: center;\"><a href=\"http:\/\/sp1stanislawdolny.edu.pl\/wp-content\/uploads\/2020\/05\/ludki.jpg\"><img loading=\"lazy\" decoding=\"async\" class=\"alignnone wp-image-3613\" src=\"http:\/\/sp1stanislawdolny.edu.pl\/wp-content\/uploads\/2020\/05\/ludki.jpg\" alt=\"\" width=\"136\" height=\"146\" \/><\/a><\/p>\n","protected":false},"excerpt":{"rendered":"<p>&nbsp; Drogie Mamy, w tym wyj\u0105tkowym dniu, pragniemy Wam serdecznie podzi\u0119kowa\u0107, za wasz\u0105 mi\u0142o\u015b\u0107, ciep\u0142o, wyrozumia\u0142o\u015b\u0107&#8230; za to, \u017ce jeste\u015bcie zawsze z nami. W tej niecodziennej sytuacji nie mo\u017cemy Was zaprosi\u0107 na tradycyjn\u0105 akademi\u0119, ale poni\u017cej znajdziecie kilka niespodzianek przygotowanych specjalnie dla Was w ten nietypowy, wirtualny spos\u00f3b. Brakuje s\u0142\u00f3w, aby podzi\u0119kowa\u0107 za matczyn\u0105 odwag\u0119,\u2026 <span class=\"read-more\"><a href=\"http:\/\/sp1stanislawdolny.edu.pl\/index.php\/niespodzianka-na-dzien-mamy\/\">Dowiedz si\u0119 wi\u0119cej &raquo;<\/a><\/span><\/p>\n","protected":false},"author":1,"featured_media":0,"parent":0,"menu_order":0,"comment_status":"closed","ping_status":"closed","template":"","meta":{"ngg_post_thumbnail":0,"footnotes":""},"class_list":["post-3580","page","type-page","status-publish","hentry"],"_links":{"self":[{"href":"http:\/\/sp1stanislawdolny.edu.pl\/index.php\/wp-json\/wp\/v2\/pages\/3580","targetHints":{"allow":["GET"]}}],"collection":[{"href":"http:\/\/sp1stanislawdolny.edu.pl\/index.php\/wp-json\/wp\/v2\/pages"}],"about":[{"href":"http:\/\/sp1stanislawdolny.edu.pl\/index.php\/wp-json\/wp\/v2\/types\/page"}],"author":[{"embeddable":true,"href":"http:\/\/sp1stanislawdolny.edu.pl\/index.php\/wp-json\/wp\/v2\/users\/1"}],"replies":[{"embeddable":true,"href":"http:\/\/sp1stanislawdolny.edu.pl\/index.php\/wp-json\/wp\/v2\/comments?post=3580"}],"version-history":[{"count":15,"href":"http:\/\/sp1stanislawdolny.edu.pl\/index.php\/wp-json\/wp\/v2\/pages\/3580\/revisions"}],"predecessor-version":[{"id":3633,"href":"http:\/\/sp1stanislawdolny.edu.pl\/index.php\/wp-json\/wp\/v2\/pages\/3580\/revisions\/3633"}],"wp:attachment":[{"href":"http:\/\/sp1stanislawdolny.edu.pl\/index.php\/wp-json\/wp\/v2\/media?parent=3580"}],"curies":[{"name":"wp","href":"https:\/\/api.w.org\/{rel}","templated":true}]}}