{"id":353,"date":"2020-02-14T09:04:31","date_gmt":"2020-02-14T09:04:31","guid":{"rendered":"http:\/\/sp1stanislawdolny.edu.pl\/?page_id=353"},"modified":"2023-02-05T10:31:20","modified_gmt":"2023-02-05T10:31:20","slug":"xvi-miedzyszkolny-konkurs-wiedzy-o-sw-janie-pawle-ii","status":"publish","type":"page","link":"http:\/\/sp1stanislawdolny.edu.pl\/index.php\/xvi-miedzyszkolny-konkurs-wiedzy-o-sw-janie-pawle-ii\/","title":{"rendered":"XVII Mi\u0119dzyszkolny Konkurs Wiedzy o \u015bw Janie Pawle II"},"content":{"rendered":"<p style=\"text-align: center;\"><a href=\"http:\/\/sp1stanislawdolny.edu.pl\/wp-content\/uploads\/2022\/02\/baner2022.jpg\"><img loading=\"lazy\" decoding=\"async\" class=\"alignnone size-large wp-image-6672\" src=\"http:\/\/sp1stanislawdolny.edu.pl\/wp-content\/uploads\/2022\/02\/baner2022-1024x256.jpg\" alt=\"\" width=\"665\" height=\"166\" srcset=\"http:\/\/sp1stanislawdolny.edu.pl\/wp-content\/uploads\/2022\/02\/baner2022-1024x256.jpg 1024w, http:\/\/sp1stanislawdolny.edu.pl\/wp-content\/uploads\/2022\/02\/baner2022-300x75.jpg 300w, http:\/\/sp1stanislawdolny.edu.pl\/wp-content\/uploads\/2022\/02\/baner2022-768x192.jpg 768w, http:\/\/sp1stanislawdolny.edu.pl\/wp-content\/uploads\/2022\/02\/baner2022-660x165.jpg 660w, http:\/\/sp1stanislawdolny.edu.pl\/wp-content\/uploads\/2022\/02\/baner2022.jpg 1210w\" sizes=\"auto, (max-width: 665px) 100vw, 665px\" \/><\/a><\/p>\n<p>W dniu 27 kwietnia 2022 roku reprezentanci 8 szk\u00f3\u0142 podstawowych z gminy Kalwaria Zebrzydowska pisali (online) test wiedzy o \u015aw. Janie Pawle II.<\/p>\n<p>Organizatorami Konkursu by\u0142y: Szko\u0142a Podstawowa w Barwa\u0142dzie G\u00f3rnym i Szko\u0142a Podstawowa nr 1 im. Jana Paw\u0142a II w Stanis\u0142awiu Dolnym. Honorowy Patronat nad Konkursem obj\u0105\u0142 Burmistrz Miasta Kalwarii Zebrzydowskiej P. dr in\u017c. hab. Augustyn Ormanty, kt\u00f3remu serdecznie dzi\u0119kujemy.<\/p>\n<p>Celem Konkursu by\u0142o m. in. uczczenie\u00a0 20. rocznicy nawiedzenia Sanktuarium Matki Boskiej Kalwaryjskiej przez Ojca \u015awi\u0119tego Jana Paw\u0142a II oraz 8.rocznicy Jego Kanonizacji.<\/p>\n<p>W etapie szkolnym zosta\u0142y wy\u0142onione trzyosobowe dru\u017cyny, reprezentuj\u0105ce szko\u0142y.<\/p>\n<p>W I cz\u0119\u015bci etapu mi\u0119dzyszkolnego uczniowie recytowali Modlitw\u0119 Zawierzenia, ko\u0144cz\u0105c\u0105 Homili\u0119 Jana Paw\u0142a II, z dnia 19.08.2002 roku w Kalwarii Zebrzydowskiej. Nagrane na pendrive rerytacje, oceni\u0142a Komisja w sk\u0142adzie: Pani Alicja Sm\u00f3\u0142ka, Pani Renata Krauzowicz, Pani Ma\u0142gorzata B\u0142asiak \u2013 Warcha\u0142. Paniom\u00a0 serdecznie dzi\u0119kujemy.<\/p>\n<p>Test uczniowie pisali w szko\u0142ach, nad przebiegiem czuwa\u0142a Komisja, powo\u0142ana przez Dyrektora ka\u017cdej ze szk\u00f3\u0142. Dzi\u0119kujemy Dyrektorom, Nauczycielom pracuj\u0105cym w Komisjach za wsp\u00f3\u0142prac\u0119, a Opiekunom za przygotowanie uczni\u00f3w i po\u015bwi\u0119cony czas.<\/p>\n<p>Mi\u0142o nam og\u0142osi\u0107, \u017ce po podliczeniu wszystkich punkt\u00f3w (\u015brednia pkt z recytacji i \u015bredni\u0105 pkt z testu)<\/p>\n<p><strong>I miejsce zaj\u0119\u0142a dru\u017cyna z Zespo\u0142u Szk\u00f3\u0142 nr 7 w Barwa\u0142dzie \u015arednim<\/strong> (60,32 pkt\/65pkt) \u2013 Klaudia Faber, Natalia Marsza\u0142ek, Dominik Stawowy, opiekun ks. Wies\u0142aw Widuch.<\/p>\n<p><strong>II miejsce zaj\u0119li uczniowie z Zespo\u0142u Szkolno- Przedszkolne go w Zarzycach Wielkich<\/strong> (50,32 pkt\/65 pkt) &#8211; Julita Radwan, Weronka Malina, Norbert S\u0142onina, opiekun P. Urszula Rachwa\u0142.<\/p>\n<p><strong>III miejsce reprezentantki Szko\u0142y Podstawowej nr 1 im. Jana Paw\u0142a II w Stanis\u0142awiu Dolnym<\/strong> (48,32 pkt\/65 pkt) \u2013 Izabela R\u00f3\u017cycka, Martyna Wr\u00f3bel, Judyta \u017bak, opiekun P. Marek Zi\u0119ba oraz P. Edyta Fr\u0105czek.<\/p>\n<p>Kolejne miejsca to:<\/p>\n<p>Szko\u0142a Podstawowa im. Karola Wojty\u0142y w Barwa\u0142dzie G\u00f3rnym \u2013 Gabriela Nicieja, Julia Noworolnik, Jakub Noworolnik, opiekun P. Lucyna Kiznar.<\/p>\n<p>Zesp\u00f3\u0142 Szkolno-Przedszkolny w Stanis\u0142awiu Dolnym Dolany \u2013 Amelia Pacut, Adrian Chromy, Jakub Ko\u0142odziejczyk, opiekun P. Dorota Karcz.<\/p>\n<p>Szko\u0142a Podstawowa im. Bohater\u00f3w Westerplatte w Le\u0144czach \u2013 Kinga Ole\u015b, Jakub Gaczorek, Kacper Gaczorek, opiekun ks. Bart\u0142omiej Bartosik.<\/p>\n<p>Szko\u0142a Podstawowa im. Janusza Korczaka w Brodach \u2013 Patrycja Lawendowska, Katarzyna Kosek (Recytacja), Oliwia Kowalczyk, opiekun Damian Kaczmarczyk (O. Tomasz).<\/p>\n<p>Szko\u0142a Podstawowa im. Marii Konopnickiej w Zebrzydowicach \u2013 Wiktoria Wyka, Zuzanna Jaskierny, \u0141ucja Gronkowska, opiekun P. Katarzyna Sobas.<\/p>\n<p>Gratulujemy zwyci\u0119zcom i ich Opiekunom. Dzi\u0119kujemy wszystkim uczestnikom i Opiekunom, za udzia\u0142 i trud w\u0142o\u017cony w przygotowanie do Konkursu.<\/p>\n<p>Dla nas, Organizator\u00f3w ka\u017cdy uczestnik jest wygrany. Punkty s\u0105 wa\u017cne, ale liczy si\u0119 udzia\u0142 i reprezentowanie szko\u0142y, w Konkursie, kt\u00f3ry jest po\u015bwi\u0119cony naszemu Rodakowi \u2013 \u015aw. Janowi Paw\u0142owi.<\/p>\n<p>Dzi\u0119kujemy jeszcze raz: Sz. Panu Burmistrzowi Miasta Kalwarii Zebrzydowskiej za ufundowane nagrody, Paniom pracuj\u0105cym w Komisji, Dyrektorom, Ksi\u0119\u017com, Nauczycielom, Uczniom i wszystkim, kt\u00f3rzy w jaki\u015b spos\u00f3b pomogli w organizacji Konkursu.<\/p>\n<p>Podzi\u0119kowania kierujemy tak\u017ce do Pa\u0144 : Teresy Wypi\u00f3r i El\u017cbiety W\u00f3jcickiej- za\u00a0 wsp\u00f3\u0142prac\u0119.<\/p>\n<p>Bardzo jeste\u015bmy wdzi\u0119czne\u00a0 P. Katarzynie Lei za wykonanie dyplom\u00f3w i wielk\u0105 pomoc od strony informatycznej.<\/p>\n<p>Dzi\u0119kujemy Urz\u0119dowi Miejskiemu w Wadowicach &#8211; Wydzia\u0142 Promocji za przekazane gad\u017cety oraz Informacji Turystycznej w Wadowicach za przekazane materia\u0142y pi\u015bmiennicze.<\/p>\n<p>El\u017cbieta Warcha\u0142, Ma\u0142gorzata Job &#8211; Rozum, Jadwiga \u017bak<\/p>\n<p>&nbsp;<\/p>\n<p style=\"text-align: center;\"><span style=\"font-size: 14pt;\"><a href=\"http:\/\/sp1stanislawdolny.edu.pl\/wp-content\/uploads\/2022\/02\/Regulamin-2022.pdf\" target=\"_blank\" rel=\"noopener noreferrer\">REGULAMIN KONKURSU<\/a><\/span><\/p>\n<p><a href=\"http:\/\/sp1stanislawdolny.edu.pl\/wp-content\/uploads\/2022\/02\/zal-1-zgloszenia.doc\" target=\"_blank\" rel=\"noopener\">Karta zg\u0142oszenia<\/a><\/p>\n<p><a href=\"http:\/\/sp1stanislawdolny.edu.pl\/wp-content\/uploads\/2022\/02\/zal-2-zgody.doc\" target=\"_blank\" rel=\"noopener\">Potrzebne zgody<\/a><\/p>\n","protected":false},"excerpt":{"rendered":"<p>W dniu 27 kwietnia 2022 roku reprezentanci 8 szk\u00f3\u0142 podstawowych z gminy Kalwaria Zebrzydowska pisali (online) test wiedzy o \u015aw. Janie Pawle II. Organizatorami Konkursu by\u0142y: Szko\u0142a Podstawowa w Barwa\u0142dzie G\u00f3rnym i Szko\u0142a Podstawowa nr 1 im. Jana Paw\u0142a II w Stanis\u0142awiu Dolnym. Honorowy Patronat nad Konkursem obj\u0105\u0142 Burmistrz Miasta Kalwarii Zebrzydowskiej P. dr in\u017c.\u2026 <span class=\"read-more\"><a href=\"http:\/\/sp1stanislawdolny.edu.pl\/index.php\/xvi-miedzyszkolny-konkurs-wiedzy-o-sw-janie-pawle-ii\/\">Dowiedz si\u0119 wi\u0119cej &raquo;<\/a><\/span><\/p>\n","protected":false},"author":1,"featured_media":0,"parent":0,"menu_order":0,"comment_status":"closed","ping_status":"closed","template":"","meta":{"ngg_post_thumbnail":0,"footnotes":""},"class_list":["post-353","page","type-page","status-publish","hentry"],"_links":{"self":[{"href":"http:\/\/sp1stanislawdolny.edu.pl\/index.php\/wp-json\/wp\/v2\/pages\/353","targetHints":{"allow":["GET"]}}],"collection":[{"href":"http:\/\/sp1stanislawdolny.edu.pl\/index.php\/wp-json\/wp\/v2\/pages"}],"about":[{"href":"http:\/\/sp1stanislawdolny.edu.pl\/index.php\/wp-json\/wp\/v2\/types\/page"}],"author":[{"embeddable":true,"href":"http:\/\/sp1stanislawdolny.edu.pl\/index.php\/wp-json\/wp\/v2\/users\/1"}],"replies":[{"embeddable":true,"href":"http:\/\/sp1stanislawdolny.edu.pl\/index.php\/wp-json\/wp\/v2\/comments?post=353"}],"version-history":[{"count":20,"href":"http:\/\/sp1stanislawdolny.edu.pl\/index.php\/wp-json\/wp\/v2\/pages\/353\/revisions"}],"predecessor-version":[{"id":7813,"href":"http:\/\/sp1stanislawdolny.edu.pl\/index.php\/wp-json\/wp\/v2\/pages\/353\/revisions\/7813"}],"wp:attachment":[{"href":"http:\/\/sp1stanislawdolny.edu.pl\/index.php\/wp-json\/wp\/v2\/media?parent=353"}],"curies":[{"name":"wp","href":"https:\/\/api.w.org\/{rel}","templated":true}]}}