{"id":332,"date":"2020-02-11T11:28:53","date_gmt":"2020-02-11T11:28:53","guid":{"rendered":"http:\/\/sp1stanislawdolny.edu.pl\/?page_id=332"},"modified":"2020-02-17T17:28:24","modified_gmt":"2020-02-17T17:28:24","slug":"historia-2","status":"publish","type":"page","link":"http:\/\/sp1stanislawdolny.edu.pl\/index.php\/historia-2\/","title":{"rendered":"Historia"},"content":{"rendered":"<p><em><span style=\"font-size: 18pt;\">Na pocz\u0105tku by\u0142a&#8230;<\/span><\/em><\/p>\n<p><span style=\"color: #000000; font-family: Times New Roman; font-size: 12pt;\"><span style=\"font-family: georgia, palatino, serif;\">Wynaj\u0119ta izba w domu Pana Jana Pacuta ( nazwisko popularne w naszej okolicy ). Do tej &#8221; Szko\u0142y &#8221; ucz\u0119szcza\u0142o oko\u0142o 120 dzieci, oczywi\u015bcie na dwie zmiany. By\u0142a ona jednak zdecydowanie za ciasna, nie zapewnia\u0142a podstawowych warunk\u00f3w do nauki, postanowiono wi\u0119c wybudowa\u0107 prawdziw\u0105 szko\u0142\u0119. Powsta\u0142 zatem drewniany, dwuizbowy budynek w miejscu gdzie obecni stoi nasz Dom Nauczyciela. <a href=\"http:\/\/sp1stanislawdolny.edu.pl\/wp-content\/uploads\/2020\/02\/staraszkola.jpg\"><img loading=\"lazy\" decoding=\"async\" class=\"size-medium wp-image-363 alignright\" src=\"http:\/\/sp1stanislawdolny.edu.pl\/wp-content\/uploads\/2020\/02\/staraszkola-300x214.jpg\" alt=\"\" width=\"300\" height=\"214\" srcset=\"http:\/\/sp1stanislawdolny.edu.pl\/wp-content\/uploads\/2020\/02\/staraszkola-300x214.jpg 300w, http:\/\/sp1stanislawdolny.edu.pl\/wp-content\/uploads\/2020\/02\/staraszkola-768x548.jpg 768w, http:\/\/sp1stanislawdolny.edu.pl\/wp-content\/uploads\/2020\/02\/staraszkola-660x471.jpg 660w, http:\/\/sp1stanislawdolny.edu.pl\/wp-content\/uploads\/2020\/02\/staraszkola.jpg 800w\" sizes=\"auto, (max-width: 300px) 100vw, 300px\" \/><\/a><\/span><\/span><\/p>\n<p><span style=\"color: #000000; font-family: Times New Roman; font-size: 12pt;\"><span style=\"font-family: georgia, palatino, serif;\">Dyrektork\u0105 tej &#8221; czteroklasowej &#8221; szko\u0142y i jedyn\u0105 nauczycielk\u0105 by\u0142a pani El\u017cbieta Jakubiec nazywana przez uczni\u00f3w &#8222;Gad\u00f3wka &#8221; ( mo\u017ce lubi\u0142a du\u017co &#8221; gada\u0107 &#8221; ???). Uczy\u0142a j\u0119zyka polskiego, matematyki, historii i geografii. Religii uczy\u0142 natomiast ks. Witkowski, kt\u00f3ry karz\u0105c niegrzecznych uczni\u00f3w u\u017cywa\u0142 r\u00f3zgi. Najwy\u017csz\u0105 ocen\u0105 jak\u0105 mo\u017cna by\u0142o otrzyma\u0107 by\u0142 &#8221; dobry &#8222;. Po uko\u0144czeniu czwartej klasy dzieci musia\u0142y w\u0119drowa\u0107 do pobliskich Zebrzydowic aby tam uko\u0144czy\u0107 V, VI i VII klas\u0119. Po wielu latach, w 1955 roku rozpocz\u0119\u0142a si\u0119 w pobli\u017cu starej, budowa nowej, prawdziwej, murowanej, du\u017cej, z sal\u0105 gimnastyczn\u0105, naszej obecnej szko\u0142y. Pocz\u0105tek dali temu \u00f3wczesny dyrektor Edward Kwarciak, so\u0142tys Adam Filek i pan W\u0142adys\u0142aw Faber. Po 2 latach pracy Pa\u0144stwowego Przedsi\u0119biorstwa Budowlanego w Wadowicach, budowa zosta\u0142a z sukcesem zako\u0144czona. <a href=\"http:\/\/sp1stanislawdolny.edu.pl\/wp-content\/uploads\/2020\/02\/nowaszkola.jpg\"><img loading=\"lazy\" decoding=\"async\" class=\"size-medium wp-image-364 alignleft\" src=\"http:\/\/sp1stanislawdolny.edu.pl\/wp-content\/uploads\/2020\/02\/nowaszkola-300x208.jpg\" alt=\"\" width=\"300\" height=\"208\" srcset=\"http:\/\/sp1stanislawdolny.edu.pl\/wp-content\/uploads\/2020\/02\/nowaszkola-300x208.jpg 300w, http:\/\/sp1stanislawdolny.edu.pl\/wp-content\/uploads\/2020\/02\/nowaszkola-768x533.jpg 768w, http:\/\/sp1stanislawdolny.edu.pl\/wp-content\/uploads\/2020\/02\/nowaszkola-660x458.jpg 660w, http:\/\/sp1stanislawdolny.edu.pl\/wp-content\/uploads\/2020\/02\/nowaszkola-200x140.jpg 200w, http:\/\/sp1stanislawdolny.edu.pl\/wp-content\/uploads\/2020\/02\/nowaszkola.jpg 800w\" sizes=\"auto, (max-width: 300px) 100vw, 300px\" \/><\/a><\/span><\/span><\/p>\n<p><span style=\"color: #000000; font-family: Times New Roman; font-size: 12pt;\"><span style=\"font-family: georgia, palatino, serif;\">Budynek starej szko\u0142y mieszcz\u0105cy do 1972 roku mieszkania dla nauczycieli, zosta\u0142 decyzj\u0105 Wydzia\u0142u Kultury i O\u015bwiaty przeznaczony do rozbi\u00f3rki. Nauczyciele zamieszkali w nowo wybudowanym w pobli\u017cu, Domu Nauczyciela.\u00a0<\/span> <\/span><\/p>\n<p><span style=\"color: #000000; font-size: 10pt;\"><em>P<span style=\"font-family: Times New Roman;\">owy\u017cszy materia\u0142 zebra\u0142a, uczennica VI klasy Agnieszka Kajdas<\/span><\/em><\/span><\/p>\n<p>&nbsp;<\/p>\n<p>&nbsp;<\/p>\n<p><em><span style=\"font-size: 18pt;\">Ze \u017ar\u00f3de\u0142 oficjalnych wiadomo natomiast \u017ce&#8230;<\/span><\/em><\/p>\n<p><span style=\"color: #008000; font-family: Times New Roman; font-size: large;\"><span style=\"font-family: georgia, palatino, serif; color: #000000; font-size: 12pt;\">Pocz\u0105tki istnienia naszej szko\u0142y si\u0119gaj\u0105 czas\u00f3w austriackich, kiedy to w 1910 roku wyra\u017cono zgod\u0119 na otwarcie szko\u0142y, kt\u00f3ra rozpocz\u0119\u0142a dzia\u0142alno\u015b\u0107 w 1911 roku na K\u0119pkach &#8211; w miejscu i na terenie dzisiejszego Domu Nauczyciela. Pocz\u0105tkowo szko\u0142\u0119, szk\u00f3\u0142k\u0119 w\u0142a\u015bciwie prowadzi\u0142 jeden nauczyciel, a potem trzech. W czasie I Wojny \u015awiatowej nauk\u0119 prowadzono z przerwami. Po wojnie wprowadzono cztery oddzia\u0142y, p\u00f3\u017aniej przekszta\u0142caj\u0105c j\u0105 w pi\u0119cioklasow\u0105 szko\u0142\u0119. Kierownikiem jej by\u0142 w tym czasie p. J\u00f3zef \u0106wik\u0142a, ale szko\u0142a nie posiada\u0142a jeszcze w\u0142asnego budynku. Wed\u0142ug miejscowej kroniki w 1929 roku cz\u0119\u015b\u0107 m\u0142odzie\u017cy uczy\u0142a si\u0119 w budynku drewnianym a cz\u0119\u015b\u0107 w murowanym. W latach II Wojny \u015awiatowej , a konkretnie na pocz\u0105tku, \u017cycie w szkole zamar\u0142o, zaj\u0119cia nie odbywa\u0142y si\u0119, ale potem pod kierownictwem pani El\u017cbiety Jakubiec szko\u0142a w trudnych okupacyjnych warunkach rozpocz\u0119\u0142a mozoln\u0105 prac\u0119. W roku szkolnym 1945\/46 istnia\u0142\u0105 ju\u017c siedmioklasowa szko\u0142a, kierownikiem kt\u00f3rej zosta\u0142 p. Kazimierz Bartyzel, a do wyr\u00f3\u017cniaj\u0105cych si\u0119 nauczycieli nale\u017celi wtedy &#8211; pani A. Pola\u0144ska, pani H. Ma\u0142achowska, pa\u0144stwo E. i K. Bartyzelowie.<\/span><\/span><\/p>\n<p><span style=\"color: #008000; font-family: Times New Roman; font-size: large;\"><span style=\"font-family: georgia, palatino, serif; color: #000000; font-size: 12pt;\"><a href=\"http:\/\/sp1stanislawdolny.edu.pl\/wp-content\/uploads\/2020\/02\/pozegnaniestarej1958.jpg\"><img loading=\"lazy\" decoding=\"async\" class=\"size-medium wp-image-365 alignright\" src=\"http:\/\/sp1stanislawdolny.edu.pl\/wp-content\/uploads\/2020\/02\/pozegnaniestarej1958-300x200.jpg\" alt=\"\" width=\"300\" height=\"200\" srcset=\"http:\/\/sp1stanislawdolny.edu.pl\/wp-content\/uploads\/2020\/02\/pozegnaniestarej1958-300x200.jpg 300w, http:\/\/sp1stanislawdolny.edu.pl\/wp-content\/uploads\/2020\/02\/pozegnaniestarej1958-768x513.jpg 768w, http:\/\/sp1stanislawdolny.edu.pl\/wp-content\/uploads\/2020\/02\/pozegnaniestarej1958-660x441.jpg 660w, http:\/\/sp1stanislawdolny.edu.pl\/wp-content\/uploads\/2020\/02\/pozegnaniestarej1958.jpg 800w\" sizes=\"auto, (max-width: 300px) 100vw, 300px\" \/><\/a> Na prze\u0142omie roku 1947\/48 powsta\u0142 Komitet Budowy Szko\u0142y, kt\u00f3ry postanowi\u0142 usytuowa\u0107 szko\u0142\u0119 na obecnym miejscu, gdy\u017c jak podaje Kronika Szko\u0142y &#8221; Szko\u0142a winna by\u0107 na g\u00f3rze, sk\u0105d jest przepi\u0119kny i rozleg\u0142y widok a\u017c po Ojc\u00f3w i Babi\u0105 G\u00f3r\u0119 &#8222;. Prace posuwa\u0142y si\u0119 stopniowo naprz\u00f3d, dzia\u0142ania Komitetu zosta\u0142y dofinansowane z bud\u017cetu pa\u0144stwa. Wreszcie 26 stycznia 1958 roku nadesz\u0142a uroczysta chwila oddania naszej szko\u0142y do u\u017cytku dzieci, m\u0142odzie\u017cy i spo\u0142ecze\u0144stwa.\u00a0<\/span><\/span><span style=\"color: #008000; font-family: Times New Roman; font-size: large;\"><span style=\"font-family: georgia, palatino, serif; color: #000000; font-size: 12pt;\">Pierwszym jej dyrektorem zosta\u0142 p. Edward Kwarciak. Nast\u0119pnie funkcj\u0119 kierownicz\u0105 przez 11 lat a\u017c do 1971 pe\u0142ni\u0142a p. Genowefa Konopka. W tym czasie w 1966\/67 roku w szkole wprowadzono VIII klas\u0119. Po niej szko\u0142\u0105 kierowa\u0142 p. Benedykt \u015alusarczyk, a kolejno p. Kazimiera Florek i obecnie, od 1992 roku p, mgr Marek Zi\u0119ba. Przez ca\u0142e lata szko\u0142a prowadzi\u0142a opr\u00f3cz podstawowych zada\u0144 dydaktyczno &#8211; wychowawczo &#8211; opieku\u0144czych r\u00f3\u017cne formy pracy z dzie\u0107mi, m\u0142odzie\u017c\u0105 i doros\u0142ymi. Przyk\u0142adem niech b\u0119d\u0105 ko\u0142a sportowe, muzyczne, krajoznawcze, czy te\u017c Uniwersytet Ludowy &#8211; powszechny dla starszych. Nie by\u0142oby tych wielu osi\u0105gni\u0119\u0107 bez znakomitych pedagog\u00f3w, nauczycieli, kt\u00f3rych nie spos\u00f3b dzisiaj wszystkich wymieni\u0107. S\u0105 oni jednak cz\u0119\u015bci\u0105 nas, nosimy ich idea\u0142y, gdy\u017c jeste\u015bmy w du\u017cej mierze ich wychowankami.<\/span><br \/>\n<\/span><\/p>\n<div id=\"attachment_375\" style=\"width: 170px\" class=\"wp-caption alignleft\"><a href=\"https:\/\/goo.gl\/photos\/X5kuwjYGywGcfKPq7\" target=\"_blank\" rel=\"noopener noreferrer\"><img loading=\"lazy\" decoding=\"async\" aria-describedby=\"caption-attachment-375\" class=\"wp-image-375 size-full\" src=\"http:\/\/sp1stanislawdolny.edu.pl\/wp-content\/uploads\/2020\/02\/StareZdjCia.jpg\" alt=\"\" width=\"160\" height=\"160\" srcset=\"http:\/\/sp1stanislawdolny.edu.pl\/wp-content\/uploads\/2020\/02\/StareZdjCia.jpg 160w, http:\/\/sp1stanislawdolny.edu.pl\/wp-content\/uploads\/2020\/02\/StareZdjCia-150x150.jpg 150w\" sizes=\"auto, (max-width: 160px) 100vw, 160px\" \/><\/a><p id=\"caption-attachment-375\" class=\"wp-caption-text\">Archiwalne zdj\u0119cia<\/p><\/div>\n","protected":false},"excerpt":{"rendered":"<p>Na pocz\u0105tku by\u0142a&#8230; Wynaj\u0119ta izba w domu Pana Jana Pacuta ( nazwisko popularne w naszej okolicy ). Do tej &#8221; Szko\u0142y &#8221; ucz\u0119szcza\u0142o oko\u0142o 120 dzieci, oczywi\u015bcie na dwie zmiany. By\u0142a ona jednak zdecydowanie za ciasna, nie zapewnia\u0142a podstawowych warunk\u00f3w do nauki, postanowiono wi\u0119c wybudowa\u0107 prawdziw\u0105 szko\u0142\u0119. Powsta\u0142 zatem drewniany, dwuizbowy budynek w miejscu gdzie\u2026 <span class=\"read-more\"><a href=\"http:\/\/sp1stanislawdolny.edu.pl\/index.php\/historia-2\/\">Dowiedz si\u0119 wi\u0119cej &raquo;<\/a><\/span><\/p>\n","protected":false},"author":1,"featured_media":0,"parent":0,"menu_order":0,"comment_status":"closed","ping_status":"closed","template":"","meta":{"ngg_post_thumbnail":0,"footnotes":""},"class_list":["post-332","page","type-page","status-publish","hentry"],"_links":{"self":[{"href":"http:\/\/sp1stanislawdolny.edu.pl\/index.php\/wp-json\/wp\/v2\/pages\/332","targetHints":{"allow":["GET"]}}],"collection":[{"href":"http:\/\/sp1stanislawdolny.edu.pl\/index.php\/wp-json\/wp\/v2\/pages"}],"about":[{"href":"http:\/\/sp1stanislawdolny.edu.pl\/index.php\/wp-json\/wp\/v2\/types\/page"}],"author":[{"embeddable":true,"href":"http:\/\/sp1stanislawdolny.edu.pl\/index.php\/wp-json\/wp\/v2\/users\/1"}],"replies":[{"embeddable":true,"href":"http:\/\/sp1stanislawdolny.edu.pl\/index.php\/wp-json\/wp\/v2\/comments?post=332"}],"version-history":[{"count":4,"href":"http:\/\/sp1stanislawdolny.edu.pl\/index.php\/wp-json\/wp\/v2\/pages\/332\/revisions"}],"predecessor-version":[{"id":376,"href":"http:\/\/sp1stanislawdolny.edu.pl\/index.php\/wp-json\/wp\/v2\/pages\/332\/revisions\/376"}],"wp:attachment":[{"href":"http:\/\/sp1stanislawdolny.edu.pl\/index.php\/wp-json\/wp\/v2\/media?parent=332"}],"curies":[{"name":"wp","href":"https:\/\/api.w.org\/{rel}","templated":true}]}}