{"id":2958,"date":"2020-05-11T06:44:23","date_gmt":"2020-05-11T06:44:23","guid":{"rendered":"http:\/\/sp1stanislawdolny.edu.pl\/?page_id=2958"},"modified":"2020-06-15T07:09:51","modified_gmt":"2020-06-15T07:09:51","slug":"swietlica-przedszkolna","status":"publish","type":"page","link":"http:\/\/sp1stanislawdolny.edu.pl\/index.php\/swietlica-przedszkolna\/","title":{"rendered":"\u015awietlica przedszkolna"},"content":{"rendered":"<div dir=\"ltr\">\n<div>Ciekawe miejsca w Polsce dla dzieci.<\/div>\n<div><a href=\"https:\/\/www.dzieckowpodrozy.pl\/najlepsze-atrakcje-dla-dzieci-w-polsce-rodzinne-na-weekend\/\">https:\/\/www.dzieckowpodrozy.pl\/najlepsze-atrakcje-dla-dzieci-w-polsce-rodzinne-na-weekend\/<\/a><\/div>\n<\/div>\n<hr \/>\n<p>Pora na kilka zagadek z ksi\u0105\u017cki &#8222;Kraina zagadek&#8221;<\/p>\n<p><a href=\"http:\/\/sp1stanislawdolny.edu.pl\/wp-content\/uploads\/2020\/06\/Zagadki.pdf\" target=\"_blank\" rel=\"noopener noreferrer\"><img loading=\"lazy\" decoding=\"async\" class=\"alignnone wp-image-4246 size-thumbnail\" src=\"http:\/\/sp1stanislawdolny.edu.pl\/wp-content\/uploads\/2020\/06\/Resized_20200612_170828_559-150x150.jpeg\" alt=\"\" width=\"150\" height=\"150\" \/><\/a><\/p>\n<hr \/>\n<p>Na czas zbli\u017caj\u0105cych si\u0119 wakacji przesy\u0142am kolejne wierszyki i wyliczanki. \u0141atwe do nauczenia na pami\u0119\u0107, pomog\u0105 Wam \u0107wiczy\u0107 wymow\u0119. Mog\u0105 te\u017c si\u0119 przyda\u0107 podczas letnich zabaw.<\/p>\n<p><a href=\"http:\/\/sp1stanislawdolny.edu.pl\/wp-content\/uploads\/2020\/06\/Resized_20200605_111220_6693.jpeg\"><img loading=\"lazy\" decoding=\"async\" class=\"alignnone wp-image-4088 size-medium\" src=\"http:\/\/sp1stanislawdolny.edu.pl\/wp-content\/uploads\/2020\/06\/Resized_20200605_111220_6693-225x300.jpeg\" alt=\"\" width=\"225\" height=\"300\" srcset=\"http:\/\/sp1stanislawdolny.edu.pl\/wp-content\/uploads\/2020\/06\/Resized_20200605_111220_6693-225x300.jpeg 225w, http:\/\/sp1stanislawdolny.edu.pl\/wp-content\/uploads\/2020\/06\/Resized_20200605_111220_6693-660x880.jpeg 660w, http:\/\/sp1stanislawdolny.edu.pl\/wp-content\/uploads\/2020\/06\/Resized_20200605_111220_6693.jpeg 720w\" sizes=\"auto, (max-width: 225px) 100vw, 225px\" \/><\/a> <a href=\"http:\/\/sp1stanislawdolny.edu.pl\/wp-content\/uploads\/2020\/06\/Resized_20200605_111236_8507.jpeg\"><img loading=\"lazy\" decoding=\"async\" class=\"alignnone wp-image-4089 size-medium\" src=\"http:\/\/sp1stanislawdolny.edu.pl\/wp-content\/uploads\/2020\/06\/Resized_20200605_111236_8507-225x300.jpeg\" alt=\"\" width=\"225\" height=\"300\" srcset=\"http:\/\/sp1stanislawdolny.edu.pl\/wp-content\/uploads\/2020\/06\/Resized_20200605_111236_8507-225x300.jpeg 225w, http:\/\/sp1stanislawdolny.edu.pl\/wp-content\/uploads\/2020\/06\/Resized_20200605_111236_8507-660x880.jpeg 660w, http:\/\/sp1stanislawdolny.edu.pl\/wp-content\/uploads\/2020\/06\/Resized_20200605_111236_8507.jpeg 720w\" sizes=\"auto, (max-width: 225px) 100vw, 225px\" \/><\/a> <a href=\"http:\/\/sp1stanislawdolny.edu.pl\/wp-content\/uploads\/2020\/06\/Resized_20200605_111323_9519.jpeg\"><img loading=\"lazy\" decoding=\"async\" class=\"alignnone wp-image-4090 size-medium\" src=\"http:\/\/sp1stanislawdolny.edu.pl\/wp-content\/uploads\/2020\/06\/Resized_20200605_111323_9519-225x300.jpeg\" alt=\"\" width=\"225\" height=\"300\" srcset=\"http:\/\/sp1stanislawdolny.edu.pl\/wp-content\/uploads\/2020\/06\/Resized_20200605_111323_9519-225x300.jpeg 225w, http:\/\/sp1stanislawdolny.edu.pl\/wp-content\/uploads\/2020\/06\/Resized_20200605_111323_9519-660x880.jpeg 660w, http:\/\/sp1stanislawdolny.edu.pl\/wp-content\/uploads\/2020\/06\/Resized_20200605_111323_9519.jpeg 720w\" sizes=\"auto, (max-width: 225px) 100vw, 225px\" \/><\/a> <a href=\"http:\/\/sp1stanislawdolny.edu.pl\/wp-content\/uploads\/2020\/06\/Resized_20200605_111357_3038.jpeg\"><img loading=\"lazy\" decoding=\"async\" class=\"alignnone wp-image-4091 size-medium\" src=\"http:\/\/sp1stanislawdolny.edu.pl\/wp-content\/uploads\/2020\/06\/Resized_20200605_111357_3038-225x300.jpeg\" alt=\"\" width=\"225\" height=\"300\" srcset=\"http:\/\/sp1stanislawdolny.edu.pl\/wp-content\/uploads\/2020\/06\/Resized_20200605_111357_3038-225x300.jpeg 225w, http:\/\/sp1stanislawdolny.edu.pl\/wp-content\/uploads\/2020\/06\/Resized_20200605_111357_3038-660x880.jpeg 660w, http:\/\/sp1stanislawdolny.edu.pl\/wp-content\/uploads\/2020\/06\/Resized_20200605_111357_3038.jpeg 720w\" sizes=\"auto, (max-width: 225px) 100vw, 225px\" \/><\/a><\/p>\n<p>&nbsp;<\/p>\n<hr \/>\n<p style=\"text-align: center;\"><em>Z okazji Dnia Dziecka \u017cycz\u0119 Wam du\u017co zdrowia i rado\u015bci. Bawcie si\u0119 i b\u0105d\u017acie zawsze szcz\u0119\u015bliwe.<br \/>\n<\/em><\/p>\n<p>W zabawie niech pomog\u0105 wam wierszyki z ksi\u0105\u017cki &#8222;Polskie wyliczanki i rymowanki&#8221;. Oto kilka z nich:<\/p>\n<p><a href=\"http:\/\/sp1stanislawdolny.edu.pl\/wp-content\/uploads\/2020\/06\/Resized_20200529_080715_8176.jpeg\"><img loading=\"lazy\" decoding=\"async\" class=\"alignnone size-medium wp-image-3856\" src=\"http:\/\/sp1stanislawdolny.edu.pl\/wp-content\/uploads\/2020\/06\/Resized_20200529_080715_8176-225x300.jpeg\" alt=\"\" width=\"225\" height=\"300\" srcset=\"http:\/\/sp1stanislawdolny.edu.pl\/wp-content\/uploads\/2020\/06\/Resized_20200529_080715_8176-225x300.jpeg 225w, http:\/\/sp1stanislawdolny.edu.pl\/wp-content\/uploads\/2020\/06\/Resized_20200529_080715_8176-660x880.jpeg 660w, http:\/\/sp1stanislawdolny.edu.pl\/wp-content\/uploads\/2020\/06\/Resized_20200529_080715_8176.jpeg 720w\" sizes=\"auto, (max-width: 225px) 100vw, 225px\" \/><\/a> <a href=\"http:\/\/sp1stanislawdolny.edu.pl\/wp-content\/uploads\/2020\/06\/Resized_20200529_080901_4323.jpeg\"><img loading=\"lazy\" decoding=\"async\" class=\"alignnone wp-image-3857 size-medium\" src=\"http:\/\/sp1stanislawdolny.edu.pl\/wp-content\/uploads\/2020\/06\/Resized_20200529_080901_4323-225x300.jpeg\" alt=\"\" width=\"225\" height=\"300\" srcset=\"http:\/\/sp1stanislawdolny.edu.pl\/wp-content\/uploads\/2020\/06\/Resized_20200529_080901_4323-225x300.jpeg 225w, http:\/\/sp1stanislawdolny.edu.pl\/wp-content\/uploads\/2020\/06\/Resized_20200529_080901_4323-660x880.jpeg 660w, http:\/\/sp1stanislawdolny.edu.pl\/wp-content\/uploads\/2020\/06\/Resized_20200529_080901_4323.jpeg 720w\" sizes=\"auto, (max-width: 225px) 100vw, 225px\" \/><\/a> <a href=\"http:\/\/sp1stanislawdolny.edu.pl\/wp-content\/uploads\/2020\/06\/Resized_20200529_080917_2243.jpeg\"><img loading=\"lazy\" decoding=\"async\" class=\"alignnone wp-image-3858 size-medium\" src=\"http:\/\/sp1stanislawdolny.edu.pl\/wp-content\/uploads\/2020\/06\/Resized_20200529_080917_2243-225x300.jpeg\" alt=\"\" width=\"225\" height=\"300\" srcset=\"http:\/\/sp1stanislawdolny.edu.pl\/wp-content\/uploads\/2020\/06\/Resized_20200529_080917_2243-225x300.jpeg 225w, http:\/\/sp1stanislawdolny.edu.pl\/wp-content\/uploads\/2020\/06\/Resized_20200529_080917_2243-660x880.jpeg 660w, http:\/\/sp1stanislawdolny.edu.pl\/wp-content\/uploads\/2020\/06\/Resized_20200529_080917_2243.jpeg 720w\" sizes=\"auto, (max-width: 225px) 100vw, 225px\" \/><\/a> <a href=\"http:\/\/sp1stanislawdolny.edu.pl\/wp-content\/uploads\/2020\/06\/Resized_20200529_080929_3327.jpeg\"><img loading=\"lazy\" decoding=\"async\" class=\"alignnone wp-image-3859 size-medium\" src=\"http:\/\/sp1stanislawdolny.edu.pl\/wp-content\/uploads\/2020\/06\/Resized_20200529_080929_3327-225x300.jpeg\" alt=\"\" width=\"225\" height=\"300\" srcset=\"http:\/\/sp1stanislawdolny.edu.pl\/wp-content\/uploads\/2020\/06\/Resized_20200529_080929_3327-225x300.jpeg 225w, http:\/\/sp1stanislawdolny.edu.pl\/wp-content\/uploads\/2020\/06\/Resized_20200529_080929_3327-660x880.jpeg 660w, http:\/\/sp1stanislawdolny.edu.pl\/wp-content\/uploads\/2020\/06\/Resized_20200529_080929_3327.jpeg 720w\" sizes=\"auto, (max-width: 225px) 100vw, 225px\" \/><\/a> <a href=\"http:\/\/sp1stanislawdolny.edu.pl\/wp-content\/uploads\/2020\/06\/Resized_20200529_080944_8299.jpeg\"><img loading=\"lazy\" decoding=\"async\" class=\"alignnone wp-image-3860 size-medium\" src=\"http:\/\/sp1stanislawdolny.edu.pl\/wp-content\/uploads\/2020\/06\/Resized_20200529_080944_8299-225x300.jpeg\" alt=\"\" width=\"225\" height=\"300\" srcset=\"http:\/\/sp1stanislawdolny.edu.pl\/wp-content\/uploads\/2020\/06\/Resized_20200529_080944_8299-225x300.jpeg 225w, http:\/\/sp1stanislawdolny.edu.pl\/wp-content\/uploads\/2020\/06\/Resized_20200529_080944_8299-660x880.jpeg 660w, http:\/\/sp1stanislawdolny.edu.pl\/wp-content\/uploads\/2020\/06\/Resized_20200529_080944_8299.jpeg 720w\" sizes=\"auto, (max-width: 225px) 100vw, 225px\" \/><\/a> <a href=\"http:\/\/sp1stanislawdolny.edu.pl\/wp-content\/uploads\/2020\/06\/Resized_20200529_082311_2250.jpeg\"><img loading=\"lazy\" decoding=\"async\" class=\"alignnone wp-image-3861 size-medium\" src=\"http:\/\/sp1stanislawdolny.edu.pl\/wp-content\/uploads\/2020\/06\/Resized_20200529_082311_2250-225x300.jpeg\" alt=\"\" width=\"225\" height=\"300\" srcset=\"http:\/\/sp1stanislawdolny.edu.pl\/wp-content\/uploads\/2020\/06\/Resized_20200529_082311_2250-225x300.jpeg 225w, http:\/\/sp1stanislawdolny.edu.pl\/wp-content\/uploads\/2020\/06\/Resized_20200529_082311_2250-660x880.jpeg 660w, http:\/\/sp1stanislawdolny.edu.pl\/wp-content\/uploads\/2020\/06\/Resized_20200529_082311_2250.jpeg 720w\" sizes=\"auto, (max-width: 225px) 100vw, 225px\" \/><\/a><\/p>\n<p>A na koniec przeczytajcie co m\u00f3wi pingwinek &#8211; &#8222;Nuda si\u0119 nie uda&#8221;<\/p>\n<p><a href=\"http:\/\/sp1stanislawdolny.edu.pl\/wp-content\/uploads\/2020\/06\/Resized_20200529_080612_3180.jpeg\"><img loading=\"lazy\" decoding=\"async\" class=\"size-medium wp-image-3862 aligncenter\" src=\"http:\/\/sp1stanislawdolny.edu.pl\/wp-content\/uploads\/2020\/06\/Resized_20200529_080612_3180-225x300.jpeg\" alt=\"\" width=\"225\" height=\"300\" srcset=\"http:\/\/sp1stanislawdolny.edu.pl\/wp-content\/uploads\/2020\/06\/Resized_20200529_080612_3180-225x300.jpeg 225w, http:\/\/sp1stanislawdolny.edu.pl\/wp-content\/uploads\/2020\/06\/Resized_20200529_080612_3180-660x880.jpeg 660w, http:\/\/sp1stanislawdolny.edu.pl\/wp-content\/uploads\/2020\/06\/Resized_20200529_080612_3180.jpeg 720w\" sizes=\"auto, (max-width: 225px) 100vw, 225px\" \/><\/a><\/p>\n<hr \/>\n<p><span id=\"txtFiledTrescWiadomosci-outerCt\" role=\"presentation\">Zbli\u017ca si\u0119 \u015bwi\u0119to wszystkich Mam. Nie mo\u017cemy Ich zaprosi\u0107 do szko\u0142y, ale nie mo\u017cemy zapomnie\u0107 o tym wa\u017cnym \u015bwi\u0119cie. To od Was zale\u017cy jak Dzie\u0144 Mamy b\u0119dzie si\u0119 odbywa\u0142 w Waszych domach. Tak naprawd\u0119 to \u015bwi\u0119to powinno trwa\u0107 przez ca\u0142y rok! Sami o czym\u015b, co sprawi mamie przyjemno\u015b\u0107, pomy\u015blcie. B\u0105d\u017acie kreatywni!<br \/>\nPodaj\u0119 poni\u017cej strony, z kt\u00f3rych mo\u017cecie korzysta\u0107.<br \/>\nMo\u017cecie te\u017c przygotowa\u0107: laurk\u0119, prezent, \u017cyczenia ( a mo\u017ce w\u0142asny wiersz dla mamy),bukiet polnych kwiat\u00f3w, poczytajcie mamie ulubion\u0105 ksi\u0105\u017ck\u0119&#8230;. a przede wszystkim podarujcie Jej U\u015bmiech i dobre serce. <\/span><\/p>\n<p><span id=\"txtFiledTrescWiadomosci-outerCt\" role=\"presentation\">Pozdrawiam serdecznie \ud83d\ude42 J. \u017bak<\/span><\/p>\n<p><span id=\"txtFiledTrescWiadomosci-outerCt\" role=\"presentation\"><a title=\"https:\/\/miastodzieci.pl\/bajki\/\" href=\"https:\/\/miastodzieci.pl\/bajki\/\" target=\"_blank\" rel=\"noopener noreferrer\">https:\/\/miastodzieci.pl\/bajki\/<\/a><br \/>\n<a title=\"https:\/\/mojedziecikreatywnie.pl\/2018\/05\/pomysly-na-prezent-dla-mamy\/\" href=\"https:\/\/mojedziecikreatywnie.pl\/2018\/05\/pomysly-na-prezent-dla-mamy\/\" target=\"_blank\" rel=\"noopener noreferrer\">https:\/\/mojedziecikreatywnie.pl\/2018\/05\/pomysly-na-prezent-dla-mamy\/<\/a><\/span><\/p>\n<hr \/>\n<p><span id=\"txtFiledTrescWiadomosci-outerCt\" role=\"presentation\">Drogie dzieci!<br \/>\nCzy wiecie, kto jest patronem szko\u0142y, w kt\u00f3rej jeste\u015bcie teraz w przedszkolu?<br \/>\nTo \u015aw Jan Pawe\u0142 II. Jego portret jest w holu szko\u0142y.<br \/>\nJan Pawe\u0142 II urodzi\u0142 si\u0119 w pobli\u017cu naszej miejscowo\u015bci- w Wadowicach. Tam w domu, w kt\u00f3rym teraz znajduje si\u0119 Muzeum Jana Paw\u0142a II, w dniu 18 maja 1920 roku urodzi\u0142 si\u0119 Karol Wojty\u0142a. Jego mama mia\u0142a na imi\u0119 Emilia, tata- Karol, brat Edmund. Mia\u0142 jeszcze siostr\u0119, niestety zmar\u0142a zaraz po urodzeniu.<br \/>\nKarol &#8211; Lolek, bo tak na Niego wo\u0142ali, by\u0142 takim dzieckiem, jak Wy. Kocha\u0142 swoj\u0105 Rodzin\u0119, mia\u0142 wielu koleg\u00f3w, z kt\u00f3rymi gra\u0142 w pi\u0142k\u0119. By\u0142 bardzo dobrym uczniem, ch\u0119tnie czyta\u0142 ksi\u0105\u017cki. Przede wszystkim kocha\u0142 Boga i ludzi. Ta mi\u0142o\u015b\u0107 sprawi\u0142a, \u017ce zosta\u0142 ksi\u0119dzem, a potem biskupem, arcybiskupem, kardyna\u0142em.<br \/>\n16 pa\u017adziernika 1978 roku, jako pierwszy Polak, zosta\u0142 wybrany Papie\u017cem. Sprawowa\u0142 t\u0119 pos\u0142ug\u0119 przez prawie 27 lat. W nied\u0142ugim czasie zosta\u0142 og\u0142oszony b\u0142ogos\u0142awionym -2 maja 2011 r., a potem w dniu 27 kwietnia 2014 roku, zosta\u0142 uznany za \u015bwi\u0119tego. Wierz\u0119, \u017ce wstawia si\u0119 za nami do Boga, tak jak to czyni\u0142 za \u017cycia, modl\u0105c si\u0119 nawet za zamachowca, kt\u00f3ry chcia\u0142 Go zabi\u0107.<\/span><\/p>\n<p>W nadchodz\u0105cy poniedzia\u0142ek -18 maja 2020 r.- Karol Wojty\u0142a, nasz Patron, gdyby \u017cy\u0142, obchodzi\u0142by swoje 100. urodziny.<\/p>\n<p>Dla uczczenia tego wydarzenia, prosz\u0119, aby\u015bcie wykonali prac\u0119 plastyczn\u0105 ,,SERCE DLA JANA PAW\u0141A II&#8221; lub jak chcecie ,,SERCE DLA LOLKA&#8221;, bo to przecie\u017c ta sama osoba.<br \/>\nTechnika dowolna, wielko\u015b\u0107 serca taka, \u017ceby zmie\u015bci\u0142a si\u0119 na kartce z ma\u0142ego bloku rysunkowego. Ozdabiacie, kolorujecie wed\u0142ug w w\u0142asnego pomys\u0142u.<br \/>\nWa\u017cne, aby ta praca by\u0142a wykonana z mi\u0142o\u015bci\u0105 do naszego Papie\u017ca z Wadowic.<br \/>\nPrzesy\u0142amy zdj\u0119cie pracy do pi\u0105tku 15. maja 2020 roku. Klasy ,,O&#8221; maj\u0105 dodatkowe zadanie- konkurs ,,Jan Pawe\u0142 II- Pielgrzym Kalwaryjski&#8221;.<br \/>\nS\u0105dz\u0119, \u017ce w tak wa\u017cnej sprawie, mog\u0119 na Was liczy\u0107. Zapraszam wszystkich ch\u0119tnych przedszkolak\u00f3w!<\/p>\n<p><span id=\"txtFiledTrescWiadomosci-outerCt\" role=\"presentation\">Serdecznie i cieplutko Was pozdrawiam. J. \u017bak \ud83d\ude42<\/span><\/p>\n<hr \/>\n<p><span id=\"txtFiledTrescWiadomosci-outerCt\" role=\"presentation\">B<a href=\"https:\/\/www.youtube.com\/watch?v=cs706BU_7wU\" target=\"_blank\" rel=\"noopener noreferrer\">ajki do s\u0142uchania ,,Le\u015bne opowie\u015bci&#8221;<\/a><\/span><\/p>\n<hr \/>\n<p><a href=\"https:\/\/miastodzieci.pl\/bajki\/\" target=\"_blank\" rel=\"noopener noreferrer\">Bajki dla dzieci<\/a><\/p>\n<p><a href=\"https:\/\/miastodzieci.pl\/konkursy\/kim-zostanie-twoja-rolka-po-papierze-toaletowym-wiosenny-konkurs-dla-dzieci-i-rodzicow\/\" target=\"_blank\" rel=\"noopener noreferrer\">Kim zostanie Twoja rolka? <\/a><\/p>\n<p>Kim, czym zostanie Twoja rolka po papierze toaletowym? Stw\u00f3rz swoje dzie\u0142o i sfotografuj- prze\u015blij zdj\u0119cie.<\/p>\n<hr \/>\n<p><a href=\"https:\/\/mojedziecikreatywnie.pl\/2014\/04\/wiosenne-drzewko\/\" target=\"_blank\" rel=\"noopener noreferrer\">Wiosenne drzewko<\/a><\/p>\n<hr \/>\n<p><a href=\"http:\/\/sp1stanislawdolny.edu.pl\/wp-content\/uploads\/2020\/04\/\u015awietlica_przedszkolna_06.04.pdf\" target=\"_blank\" rel=\"noopener noreferrer\">\u015awi\u0105teczne kwiatuszki<\/a><\/p>\n","protected":false},"excerpt":{"rendered":"<p>Ciekawe miejsca w Polsce dla dzieci. https:\/\/www.dzieckowpodrozy.pl\/najlepsze-atrakcje-dla-dzieci-w-polsce-rodzinne-na-weekend\/ Pora na kilka zagadek z ksi\u0105\u017cki &#8222;Kraina zagadek&#8221; Na czas zbli\u017caj\u0105cych si\u0119 wakacji przesy\u0142am kolejne wierszyki i wyliczanki. \u0141atwe do nauczenia na pami\u0119\u0107, pomog\u0105 Wam \u0107wiczy\u0107 wymow\u0119. Mog\u0105 te\u017c si\u0119 przyda\u0107 podczas letnich zabaw. &nbsp; Z okazji Dnia Dziecka \u017cycz\u0119 Wam du\u017co zdrowia i rado\u015bci. Bawcie si\u0119 i\u2026 <span class=\"read-more\"><a href=\"http:\/\/sp1stanislawdolny.edu.pl\/index.php\/swietlica-przedszkolna\/\">Dowiedz si\u0119 wi\u0119cej &raquo;<\/a><\/span><\/p>\n","protected":false},"author":1,"featured_media":0,"parent":0,"menu_order":0,"comment_status":"closed","ping_status":"closed","template":"","meta":{"ngg_post_thumbnail":0,"footnotes":""},"class_list":["post-2958","page","type-page","status-publish","hentry"],"_links":{"self":[{"href":"http:\/\/sp1stanislawdolny.edu.pl\/index.php\/wp-json\/wp\/v2\/pages\/2958","targetHints":{"allow":["GET"]}}],"collection":[{"href":"http:\/\/sp1stanislawdolny.edu.pl\/index.php\/wp-json\/wp\/v2\/pages"}],"about":[{"href":"http:\/\/sp1stanislawdolny.edu.pl\/index.php\/wp-json\/wp\/v2\/types\/page"}],"author":[{"embeddable":true,"href":"http:\/\/sp1stanislawdolny.edu.pl\/index.php\/wp-json\/wp\/v2\/users\/1"}],"replies":[{"embeddable":true,"href":"http:\/\/sp1stanislawdolny.edu.pl\/index.php\/wp-json\/wp\/v2\/comments?post=2958"}],"version-history":[{"count":11,"href":"http:\/\/sp1stanislawdolny.edu.pl\/index.php\/wp-json\/wp\/v2\/pages\/2958\/revisions"}],"predecessor-version":[{"id":3855,"href":"http:\/\/sp1stanislawdolny.edu.pl\/index.php\/wp-json\/wp\/v2\/pages\/2958\/revisions\/3855"}],"wp:attachment":[{"href":"http:\/\/sp1stanislawdolny.edu.pl\/index.php\/wp-json\/wp\/v2\/media?parent=2958"}],"curies":[{"name":"wp","href":"https:\/\/api.w.org\/{rel}","templated":true}]}}