{"id":1666,"date":"2020-04-07T16:14:43","date_gmt":"2020-04-07T16:14:43","guid":{"rendered":"http:\/\/sp1stanislawdolny.edu.pl\/?page_id=1666"},"modified":"2020-05-18T08:24:02","modified_gmt":"2020-05-18T08:24:02","slug":"konkursy-przyrodnicze","status":"publish","type":"page","link":"http:\/\/sp1stanislawdolny.edu.pl\/index.php\/konkursy-przyrodnicze\/","title":{"rendered":"Konkursy przyrodnicze"},"content":{"rendered":"<p style=\"text-align: center;\"><span style=\"font-size: 14pt;\"><a href=\"http:\/\/sp1stanislawdolny.edu.pl\/wp-content\/uploads\/2020\/05\/P\u00f3\u0142roczny-konkurs-przyrodniczy-15.05.pdf\" target=\"_blank\" rel=\"noopener noreferrer\">P\u00f3\u0142roczny konkurs przyrodniczy 15.05<\/a><\/span><\/p>\n<p style=\"text-align: center;\"><a href=\"http:\/\/sp1stanislawdolny.edu.pl\/wp-content\/uploads\/2020\/04\/Dyktando-przyrodnicze.pdf\"><span style=\"font-size: 14pt;\">Dyktando przyrodnicze<\/span><\/a><\/p>\n<p style=\"text-align: center;\"><span style=\"font-size: 14pt;\"><a href=\"http:\/\/sp1stanislawdolny.edu.pl\/wp-content\/uploads\/2020\/04\/Konkurs-na-film-Czysta-Ma\u0142opolska-0-VIII.pdf\">Konkurs na film Czysta Ma\u0142opolska 0-VIII<\/a> <\/span><\/p>\n<p style=\"text-align: center;\"><span style=\"font-size: 14pt;\"><a href=\"http:\/\/sp1stanislawdolny.edu.pl\/wp-content\/uploads\/2020\/04\/P\u00f3\u0142roczny-konkurs-przyrodniczy-08.04..pdf\">P\u00f3\u0142roczny konkurs przyrodniczy 08.04.<\/a><\/span><\/p>\n","protected":false},"excerpt":{"rendered":"<p>P\u00f3\u0142roczny konkurs przyrodniczy 15.05 Dyktando przyrodnicze Konkurs na film Czysta Ma\u0142opolska 0-VIII P\u00f3\u0142roczny konkurs przyrodniczy 08.04.<\/p>\n","protected":false},"author":1,"featured_media":0,"parent":0,"menu_order":0,"comment_status":"closed","ping_status":"closed","template":"","meta":{"ngg_post_thumbnail":0,"footnotes":""},"class_list":["post-1666","page","type-page","status-publish","hentry"],"_links":{"self":[{"href":"http:\/\/sp1stanislawdolny.edu.pl\/index.php\/wp-json\/wp\/v2\/pages\/1666","targetHints":{"allow":["GET"]}}],"collection":[{"href":"http:\/\/sp1stanislawdolny.edu.pl\/index.php\/wp-json\/wp\/v2\/pages"}],"about":[{"href":"http:\/\/sp1stanislawdolny.edu.pl\/index.php\/wp-json\/wp\/v2\/types\/page"}],"author":[{"embeddable":true,"href":"http:\/\/sp1stanislawdolny.edu.pl\/index.php\/wp-json\/wp\/v2\/users\/1"}],"replies":[{"embeddable":true,"href":"http:\/\/sp1stanislawdolny.edu.pl\/index.php\/wp-json\/wp\/v2\/comments?post=1666"}],"version-history":[{"count":2,"href":"http:\/\/sp1stanislawdolny.edu.pl\/index.php\/wp-json\/wp\/v2\/pages\/1666\/revisions"}],"predecessor-version":[{"id":3273,"href":"http:\/\/sp1stanislawdolny.edu.pl\/index.php\/wp-json\/wp\/v2\/pages\/1666\/revisions\/3273"}],"wp:attachment":[{"href":"http:\/\/sp1stanislawdolny.edu.pl\/index.php\/wp-json\/wp\/v2\/media?parent=1666"}],"curies":[{"name":"wp","href":"https:\/\/api.w.org\/{rel}","templated":true}]}}