{"id":11662,"date":"2025-09-14T13:02:15","date_gmt":"2025-09-14T13:02:15","guid":{"rendered":"http:\/\/sp1stanislawdolny.edu.pl\/?page_id=11662"},"modified":"2026-03-17T12:32:55","modified_gmt":"2026-03-17T12:32:55","slug":"2025-2026","status":"publish","type":"page","link":"http:\/\/sp1stanislawdolny.edu.pl\/index.php\/2025-2026\/","title":{"rendered":"2025-2026"},"content":{"rendered":"<p style=\"text-align: center;\"><strong>Akcje wolontariuszy prowadzone w roku szkolnym 2025\/2026<\/strong><\/p>\n<p>Wykonanie kartki walentynkowej oraz upieczenie ciasteczek dla pensjonariuszy DPS w Zebrzydowicach.<\/p>\n<p><a href=\"http:\/\/sp1stanislawdolny.edu.pl\/wp-content\/uploads\/2026\/03\/2-1.jpeg\"><img loading=\"lazy\" decoding=\"async\" class=\"alignnone size-thumbnail wp-image-12606\" src=\"http:\/\/sp1stanislawdolny.edu.pl\/wp-content\/uploads\/2026\/03\/2-1-150x150.jpeg\" alt=\"\" width=\"150\" height=\"150\"><\/a> <a href=\"http:\/\/sp1stanislawdolny.edu.pl\/wp-content\/uploads\/2026\/03\/3-1.jpeg\"><img loading=\"lazy\" decoding=\"async\" class=\"alignnone size-thumbnail wp-image-12607\" src=\"http:\/\/sp1stanislawdolny.edu.pl\/wp-content\/uploads\/2026\/03\/3-1-150x150.jpeg\" alt=\"\" width=\"150\" height=\"150\"><\/a> <a href=\"http:\/\/sp1stanislawdolny.edu.pl\/wp-content\/uploads\/2026\/03\/WhatsApp-Image-2026-02-26-at-17.35.23.jpeg\"><img loading=\"lazy\" decoding=\"async\" class=\"alignnone size-thumbnail wp-image-12608\" src=\"http:\/\/sp1stanislawdolny.edu.pl\/wp-content\/uploads\/2026\/03\/WhatsApp-Image-2026-02-26-at-17.35.23-150x150.jpeg\" alt=\"\" width=\"150\" height=\"150\"><\/a><\/p>\n<hr>\n<p>Zbi\u00f3rka karmy dla zwierz\u0105t z pobliskiego schroniska<\/p>\n<p><a href=\"http:\/\/sp1stanislawdolny.edu.pl\/wp-content\/uploads\/2026\/02\/karma.jpeg\"><img loading=\"lazy\" decoding=\"async\" class=\"alignnone size-thumbnail wp-image-12531\" src=\"http:\/\/sp1stanislawdolny.edu.pl\/wp-content\/uploads\/2026\/02\/karma-150x150.jpeg\" alt=\"\" width=\"150\" height=\"150\"><\/a><\/p>\n<hr>\n<p>W grudniu w ramach Mi\u0119dzynarodowego Dnia Wolontariusza odby\u0142a si\u0119 bezp\u0142atna wycieczka do kina w Bonarce na film pt. &#8222;Zwierzogr\u00f3d&#8221;. Celem wycieczki by\u0142a integracja zespo\u0142u oraz propagowanie idei wolontariatu. Film dostarczy\u0142 wolontariuszom du\u017c\u0105 dawk\u0119 zabawy i pozytywnych emocji. Po zako\u0144czeniu seansu udali\u015bmy si\u0119 do centrum handlowego na ma\u0142\u0105 przek\u0105sk\u0119.<\/p>\n<p><a href=\"http:\/\/sp1stanislawdolny.edu.pl\/wp-content\/uploads\/2026\/02\/WhatsApp-Image-2026-01-28-at-10.10.43-PM.jpeg\"><img loading=\"lazy\" decoding=\"async\" class=\"alignnone size-thumbnail wp-image-12528\" src=\"http:\/\/sp1stanislawdolny.edu.pl\/wp-content\/uploads\/2026\/02\/WhatsApp-Image-2026-01-28-at-10.10.43-PM-150x150.jpeg\" alt=\"\" width=\"150\" height=\"150\"><\/a> <a href=\"http:\/\/sp1stanislawdolny.edu.pl\/wp-content\/uploads\/2026\/02\/WhatsApp-Image-2026-01-28-at-10.10.43-PM2.jpeg\"><img loading=\"lazy\" decoding=\"async\" class=\"alignnone size-thumbnail wp-image-12529\" src=\"http:\/\/sp1stanislawdolny.edu.pl\/wp-content\/uploads\/2026\/02\/WhatsApp-Image-2026-01-28-at-10.10.43-PM2-150x150.jpeg\" alt=\"\" width=\"150\" height=\"150\"><\/a> <a href=\"http:\/\/sp1stanislawdolny.edu.pl\/wp-content\/uploads\/2026\/02\/WhatsApp-Image-2026-01-28-at-10.10.43-PM3.jpeg\"><img loading=\"lazy\" decoding=\"async\" class=\"alignnone size-thumbnail wp-image-12530\" src=\"http:\/\/sp1stanislawdolny.edu.pl\/wp-content\/uploads\/2026\/02\/WhatsApp-Image-2026-01-28-at-10.10.43-PM3-150x150.jpeg\" alt=\"\" width=\"150\" height=\"150\"><\/a><\/p>\n<hr>\n<p>Zbi\u00f3rka \u017cywno\u015bci d\u0142ugoterminowej dla najbardziej potrzebuj\u0105cych mieszka\u0144c\u00f3w Stanis\u0142awia Dolnego i Zebrzydowic Bie\u0144kowic. Zbi\u00f3rka kosmetyk\u00f3w i kaw &#8222;Prima&#8221; dla pensjonariuszy DPS w Zebrzydowicach.<\/p>\n<p><a href=\"http:\/\/sp1stanislawdolny.edu.pl\/wp-content\/uploads\/2026\/01\/WhatsApp-Image-2025-12-29-at-10.22.25-AM.jpeg\"><img loading=\"lazy\" decoding=\"async\" class=\"alignnone size-thumbnail wp-image-12373\" src=\"http:\/\/sp1stanislawdolny.edu.pl\/wp-content\/uploads\/2026\/01\/WhatsApp-Image-2025-12-29-at-10.22.25-AM-150x150.jpeg\" alt=\"\" width=\"150\" height=\"150\"><\/a> <a href=\"http:\/\/sp1stanislawdolny.edu.pl\/wp-content\/uploads\/2026\/01\/WhatsApp-Image-2025-12-29-at-10.21.12-AM.jpeg\"><img loading=\"lazy\" decoding=\"async\" class=\"alignnone size-thumbnail wp-image-12372\" src=\"http:\/\/sp1stanislawdolny.edu.pl\/wp-content\/uploads\/2026\/01\/WhatsApp-Image-2025-12-29-at-10.21.12-AM-150x150.jpeg\" alt=\"\" width=\"150\" height=\"150\"><\/a> <a href=\"http:\/\/sp1stanislawdolny.edu.pl\/wp-content\/uploads\/2026\/01\/WhatsApp-Image-2025-12-29-at-10.20.59-AM.jpeg\"><img loading=\"lazy\" decoding=\"async\" class=\"alignnone size-thumbnail wp-image-12371\" src=\"http:\/\/sp1stanislawdolny.edu.pl\/wp-content\/uploads\/2026\/01\/WhatsApp-Image-2025-12-29-at-10.20.59-AM-150x150.jpeg\" alt=\"\" width=\"150\" height=\"150\"><\/a> <a href=\"http:\/\/sp1stanislawdolny.edu.pl\/wp-content\/uploads\/2026\/01\/WhatsApp-Image-2025-12-29-at-10.20.59-AM-1.jpeg\"><img loading=\"lazy\" decoding=\"async\" class=\"alignnone size-thumbnail wp-image-12370\" src=\"http:\/\/sp1stanislawdolny.edu.pl\/wp-content\/uploads\/2026\/01\/WhatsApp-Image-2025-12-29-at-10.20.59-AM-1-150x150.jpeg\" alt=\"\" width=\"150\" height=\"150\"><\/a><\/p>\n<hr>\n<p>Zbi\u00f3rka \u017cywno\u015bci w sklepie &#8222;Kropka&#8221; przy wsp\u00f3\u0142pracy z CARITAS<\/p>\n<p><a href=\"http:\/\/sp1stanislawdolny.edu.pl\/wp-content\/uploads\/2025\/12\/WhatsApp-Image-2025-12-06-at-1.19.48-PM.jpeg\"><img loading=\"lazy\" decoding=\"async\" class=\"alignnone size-thumbnail wp-image-12282\" src=\"http:\/\/sp1stanislawdolny.edu.pl\/wp-content\/uploads\/2025\/12\/WhatsApp-Image-2025-12-06-at-1.19.48-PM-150x150.jpeg\" alt=\"\" width=\"150\" height=\"150\"><\/a><a href=\"http:\/\/sp1stanislawdolny.edu.pl\/wp-content\/uploads\/2025\/12\/WhatsApp-Image-2025-12-06-at-1.19.48-PM-1.jpeg\"> &nbsp;<img loading=\"lazy\" decoding=\"async\" class=\"alignnone size-thumbnail wp-image-12283\" src=\"http:\/\/sp1stanislawdolny.edu.pl\/wp-content\/uploads\/2025\/12\/WhatsApp-Image-2025-12-06-at-1.19.48-PM-1-150x150.jpeg\" alt=\"\" width=\"150\" height=\"150\"><\/a><\/p>\n<hr>\n<p>Udzia\u0142 wolontariuszek w zabawie andrzejkowej w DPS w&nbsp;Zebrzydowicach<\/p>\n<p><a href=\"http:\/\/sp1stanislawdolny.edu.pl\/wp-content\/uploads\/2025\/11\/IMG-20251129-WA0002.jpg\"><img loading=\"lazy\" decoding=\"async\" class=\"alignnone size-thumbnail wp-image-12207\" src=\"http:\/\/sp1stanislawdolny.edu.pl\/wp-content\/uploads\/2025\/11\/IMG-20251129-WA0002-150x150.jpg\" alt=\"\" width=\"150\" height=\"150\"><\/a> <a href=\"http:\/\/sp1stanislawdolny.edu.pl\/wp-content\/uploads\/2025\/11\/IMG-20251129-WA0003.jpg\"><img loading=\"lazy\" decoding=\"async\" class=\"alignnone size-thumbnail wp-image-12208\" src=\"http:\/\/sp1stanislawdolny.edu.pl\/wp-content\/uploads\/2025\/11\/IMG-20251129-WA0003-150x150.jpg\" alt=\"\" width=\"150\" height=\"150\"><\/a> <a href=\"http:\/\/sp1stanislawdolny.edu.pl\/wp-content\/uploads\/2025\/11\/IMG-20251129-WA0005.jpg\"><img loading=\"lazy\" decoding=\"async\" class=\"alignnone size-thumbnail wp-image-12209\" src=\"http:\/\/sp1stanislawdolny.edu.pl\/wp-content\/uploads\/2025\/11\/IMG-20251129-WA0005-150x150.jpg\" alt=\"\" width=\"150\" height=\"150\"><\/a> <a href=\"http:\/\/sp1stanislawdolny.edu.pl\/wp-content\/uploads\/2025\/11\/IMG-20251129-WA0006.jpg\"><img loading=\"lazy\" decoding=\"async\" class=\"alignnone size-thumbnail wp-image-12210\" src=\"http:\/\/sp1stanislawdolny.edu.pl\/wp-content\/uploads\/2025\/11\/IMG-20251129-WA0006-150x150.jpg\" alt=\"\" width=\"150\" height=\"150\"><\/a><\/p>\n<hr>\n<p>Pomoc wolontariuszek podczas trwania konkursu Odblaskowa Szko\u0142a &#8211; rozdawanie ulotek i odblask\u00f3w&nbsp;seniorom.<\/p>\n<p><a href=\"http:\/\/sp1stanislawdolny.edu.pl\/wp-content\/uploads\/2025\/11\/Zdjecie-WhatsApp-2025-11-29-o-13.33.28_54d157c6.jpg\"><img loading=\"lazy\" decoding=\"async\" class=\"alignnone size-thumbnail wp-image-12205\" src=\"http:\/\/sp1stanislawdolny.edu.pl\/wp-content\/uploads\/2025\/11\/Zdjecie-WhatsApp-2025-11-29-o-13.33.28_54d157c6-150x150.jpg\" alt=\"\" width=\"150\" height=\"150\"><\/a><\/p>\n<hr>\n<p><strong>Kwesta przy ko\u015bciele na Dzie\u0142o Nowego&nbsp;Tysi\u0105clecia<\/strong><\/p>\n<p><a href=\"http:\/\/sp1stanislawdolny.edu.pl\/wp-content\/uploads\/2025\/10\/Zdjecie-WhatsApp-2025-10-12-o-12.41.01_a878f142.jpg\"><img loading=\"lazy\" decoding=\"async\" class=\"alignnone size-thumbnail wp-image-11896\" src=\"http:\/\/sp1stanislawdolny.edu.pl\/wp-content\/uploads\/2025\/10\/Zdjecie-WhatsApp-2025-10-12-o-12.41.01_a878f142-150x150.jpg\" alt=\"\" width=\"150\" height=\"150\"><\/a><\/p>\n<hr>\n<p>Udzia\u0142 wolontariuszek w <strong>Do\u017cynkowym Spotkaniu Integracyjnym<\/strong> organizowanym przez DPS w Zebrzydowicach.<\/p>\n<p><a href=\"http:\/\/sp1stanislawdolny.edu.pl\/wp-content\/uploads\/2025\/09\/IMG-20250908-WA0000.jpg\"><img loading=\"lazy\" decoding=\"async\" class=\"alignnone size-thumbnail wp-image-11663\" src=\"http:\/\/sp1stanislawdolny.edu.pl\/wp-content\/uploads\/2025\/09\/IMG-20250908-WA0000-150x150.jpg\" alt=\"\" width=\"150\" height=\"150\"><\/a> <a href=\"http:\/\/sp1stanislawdolny.edu.pl\/wp-content\/uploads\/2025\/09\/IMG-20250908-WA0001.jpg\"><img loading=\"lazy\" decoding=\"async\" class=\"alignnone size-thumbnail wp-image-11664\" src=\"http:\/\/sp1stanislawdolny.edu.pl\/wp-content\/uploads\/2025\/09\/IMG-20250908-WA0001-150x150.jpg\" alt=\"\" width=\"150\" height=\"150\"><\/a><\/p>\n","protected":false},"excerpt":{"rendered":"<p>Akcje wolontariuszy prowadzone w roku szkolnym 2025\/2026 Wykonanie kartki walentynkowej oraz upieczenie ciasteczek dla pensjonariuszy DPS w Zebrzydowicach. Zbi\u00f3rka karmy dla zwierz\u0105t z pobliskiego schroniska W grudniu w ramach Mi\u0119dzynarodowego Dnia Wolontariusza odby\u0142a si\u0119 bezp\u0142atna wycieczka do kina w Bonarce na film pt. &#8222;Zwierzogr\u00f3d&#8221;. Celem wycieczki by\u0142a integracja zespo\u0142u oraz propagowanie idei wolontariatu. Film dostarczy\u0142\u2026 <span class=\"read-more\"><a href=\"http:\/\/sp1stanislawdolny.edu.pl\/index.php\/2025-2026\/\">Dowiedz si\u0119 wi\u0119cej &raquo;<\/a><\/span><\/p>\n","protected":false},"author":1,"featured_media":0,"parent":0,"menu_order":0,"comment_status":"closed","ping_status":"closed","template":"","meta":{"ngg_post_thumbnail":0,"footnotes":""},"class_list":["post-11662","page","type-page","status-publish","hentry"],"_links":{"self":[{"href":"http:\/\/sp1stanislawdolny.edu.pl\/index.php\/wp-json\/wp\/v2\/pages\/11662","targetHints":{"allow":["GET"]}}],"collection":[{"href":"http:\/\/sp1stanislawdolny.edu.pl\/index.php\/wp-json\/wp\/v2\/pages"}],"about":[{"href":"http:\/\/sp1stanislawdolny.edu.pl\/index.php\/wp-json\/wp\/v2\/types\/page"}],"author":[{"embeddable":true,"href":"http:\/\/sp1stanislawdolny.edu.pl\/index.php\/wp-json\/wp\/v2\/users\/1"}],"replies":[{"embeddable":true,"href":"http:\/\/sp1stanislawdolny.edu.pl\/index.php\/wp-json\/wp\/v2\/comments?post=11662"}],"version-history":[{"count":8,"href":"http:\/\/sp1stanislawdolny.edu.pl\/index.php\/wp-json\/wp\/v2\/pages\/11662\/revisions"}],"predecessor-version":[{"id":12609,"href":"http:\/\/sp1stanislawdolny.edu.pl\/index.php\/wp-json\/wp\/v2\/pages\/11662\/revisions\/12609"}],"wp:attachment":[{"href":"http:\/\/sp1stanislawdolny.edu.pl\/index.php\/wp-json\/wp\/v2\/media?parent=11662"}],"curies":[{"name":"wp","href":"https:\/\/api.w.org\/{rel}","templated":true}]}}