{"id":10265,"date":"2025-02-19T14:06:13","date_gmt":"2025-02-19T14:06:13","guid":{"rendered":"http:\/\/sp1stanislawdolny.edu.pl\/?page_id=10265"},"modified":"2025-05-06T14:56:54","modified_gmt":"2025-05-06T14:56:54","slug":"zielona-przystan","status":"publish","type":"page","link":"http:\/\/sp1stanislawdolny.edu.pl\/index.php\/zielona-przystan\/","title":{"rendered":"Projekt &#8222;Zielona Przysta\u0144&#8221;"},"content":{"rendered":"<p>Korzystaj\u0105c z zaproszenia, kt\u00f3re przes\u0142a\u0142 nam Zesp\u00f3\u0142 Pozyskiwania \u015arodk\u00f3w Zewn\u0119trznych Urz\u0119du Miasta Kalwarii Zebrzydowskiej, nasza szko\u0142a przyst\u0105pi\u0142a do programu grantowego <strong>Fundacji PGNiG EkoCzynni. <\/strong>Znale\u017ali\u015bmy si\u0119 w\u015br\u00f3d <strong>stu najlepszych szk\u00f3\u0142<\/strong> z ca\u0142ej Polski, kt\u00f3rym Fundacja przyzna\u0142a dofinansowanie w kwocie 10&nbsp;000 z\u0142otych na realizacj\u0119 autorskiego projektu.<\/p>\n<p>G\u0142\u00f3wnym celem programu jest poprawa jako\u015bci powietrza, redukcja zanieczyszcze\u0144, kszta\u0142towanie proekologicznych postaw w\u015br\u00f3d m\u0142odzie\u017cy, promowanie dzia\u0142a\u0144 na rzecz ochrony \u015brodowiska oraz budowanie wra\u017cliwo\u015bci ekologicznej. Wa\u017cnym aspektem programu jest r\u00f3wnie\u017c popularyzacja wiedzy o zr\u00f3wnowa\u017conym rozwoju czy wsparcie inicjatyw szkolnych zwi\u0105zanych z ochron\u0105 \u015brodowiska.<\/p>\n<p>&nbsp;\u201eZielona przysta\u0144\u201d to projekt ogrodu na tarasie szko\u0142y. B\u0119dzie to przestrze\u0144, kt\u00f3ra:<\/p>\n<ul>\n<li><strong>poprawi jako\u015b\u0107 \u017cycia<\/strong> w naszej wsi, poprzez wykorzystanie ro\u015blin oczyszczaj\u0105cych powietrze,<\/li>\n<li>b\u0119dzie mia\u0142a pozytywny wp\u0142yw na zdrowie <strong>psychiczne i fizyczne uczni\u00f3w<\/strong>,<\/li>\n<li>rozwinie <strong>\u015bwiadomo\u015b\u0107 ekologiczn\u0105<\/strong> oraz zaanga\u017cowanie w kwestie<strong> ochrony \u015brodowiska.<\/strong><\/li>\n<\/ul>\n<p>Szko\u0142a stanie si\u0119 bardziej zr\u00f3wnowa\u017cona i przyjazna dla natury,&nbsp; a uczniowie \u2013 bardziej odpowiedzialni za przysz\u0142o\u015b\u0107 naszej planety. Prace projektowe rozpoczn\u0105 si\u0119 pocz\u0105tkiem marca i b\u0119d\u0105 trwa\u0142y do kwietnia 2025 roku.<\/p>\n<p>Szczeg\u00f3\u0142owe informacje na temat zrealizowanych dzia\u0142a\u0144 b\u0119d\u0105 na bie\u017c\u0105co publikowane na stronie internetowej Szko\u0142y Podstawowej im. Jana Paw\u0142a II w Stanis\u0142awiu Dolnym oraz w lokalnych mediach.<\/p>\n<p>Klaudia Kopacz \u2013 koordynator projektu<\/p>\n<hr>\n<p style=\"text-align: center;\"><video controls=\"controls\" width=\"474\" height=\"474\"><source src=\"http:\/\/sp1stanislawdolny.edu.pl\/wp-content\/uploads\/2025\/05\/EkoCzynni-Zielona-Przystan.mp4\" type=\"video\/mp4\"><\/video><\/p>\n<p><strong>1. Warsztaty w Gospodarstwie Ogrodniczym Gajos <\/strong><\/p>\n<p>W ramach programu EkoCzynni realizowanego dzi\u0119ki Fundacji PGNiG im. Ignacego \u0141ukasiewicza uczniowie klasy VII wzi\u0119li udzia\u0142 w wyj\u0105tkowych warsztatach ogrodniczych zorganizowanych w Gospodarstwie Ogrodniczym Krzysztof Gajos na Wy\u017arale, kt\u00f3re okaza\u0142y si\u0119 nieocenionym wsparciem w trakcie tworzenia \u201eZielonej Przystani\u201d \u2013 ogrodu na dachu szko\u0142y.<\/p>\n<p>Podczas spotkania m\u0142odzie\u017c mia\u0142a okazj\u0119 pracowa\u0107 z do\u015bwiadczonymi ekspertami w dziedzinie ogrodnictwa, zdobywaj\u0105c praktyczn\u0105 wiedz\u0119 z zakresu:<\/p>\n<ul>\n<li>uprawy i piel\u0119gnacji ro\u015blin,<\/li>\n<li>zasad nawadniania i dbania o ziele\u0144 w r\u00f3\u017cnych warunkach,<\/li>\n<li>doboru odpowiednich gatunk\u00f3w ro\u015blin do stworzenia ogrodu na dachu szko\u0142y.<\/li>\n<\/ul>\n<p>Uczniowie pod czujnym okiem ekspert\u00f3w samodzielnie wybierali ro\u015bliny, kt\u00f3re nast\u0119pnie zosta\u0142y wykorzystane w projekcie \u2013 kieruj\u0105c si\u0119 ich w\u0142a\u015bciwo\u015bciami oczyszczaj\u0105cymi powietrze, odporno\u015bci\u0105 na warunki atmosferyczne oraz walorami estetycznymi.<\/p>\n<p>Dzi\u0119ki tej wizycie uczniowie nie tylko wzbogacili swoj\u0105 wiedz\u0119 o ekologii i ogrodnictwie, ale r\u00f3wnie\u017c mieli okazj\u0119 aktywnie uczestniczy\u0107 w tworzeniu przestrzeni, kt\u00f3ra realnie wp\u0142ywa na \u015brodowisko i jako\u015b\u0107 \u017cycia w szkolnej spo\u0142eczno\u015bci.<\/p>\n<p><strong><em>Serdecznie dzi\u0119kujemy Gospodarstwu Ogrodniczemu Krzysztof Gajos, a szczeg\u00f3lnie Marii Gajos za otwarto\u015b\u0107, profesjonalizm i inspiruj\u0105c\u0105 atmosfer\u0119 podczas warsztat\u00f3w!<\/em><\/strong><\/p>\n<p style=\"text-align: center;\"><video controls=\"controls\" width=\"527\" height=\"527\"><source src=\"http:\/\/sp1stanislawdolny.edu.pl\/wp-content\/uploads\/2025\/05\/Film-do-tekstu-1-warsztaty.mp4\" type=\"video\/mp4\"><\/video><\/p>\n<p><strong>2. Tworzenie mebli z ekopalet<\/strong><\/p>\n<p>W ramach realizowanego w naszej szkole projektu EkoCzynni uczniowie zaanga\u017cowali si\u0119 w wyj\u0105tkow\u0105 inicjatyw\u0119 \u2013 tworzenie mebli z ekopalet. Celem tego dzia\u0142ania by\u0142o nie tylko zagospodarowanie przestrzeni balkonu szkolnego, ale tak\u017ce promowanie postaw proekologicznych poprzez recykling i ponowne wykorzystanie materia\u0142\u00f3w.<\/p>\n<p>Przy wsparciu nauczycieli uczniowie:<\/p>\n<ul>\n<li>projektowali funkcjonalne meble dopasowane do przestrzeni balkonu,<\/li>\n<li>sk\u0142adali i dekorowali meble, nadaj\u0105c im unikalny, estetyczny charakter.<\/li>\n<\/ul>\n<p>To dzia\u0142anie pokaza\u0142o, \u017ce z pozornie niepotrzebnych materia\u0142\u00f3w mo\u017cna stworzy\u0107 co\u015b u\u017cytecznego i pi\u0119knego, jednocze\u015bnie dbaj\u0105c o \u015brodowisko.<\/p>\n<p>Dzi\u0119ki pracy zespo\u0142owej i zaanga\u017cowaniu uczni\u00f3w uda\u0142o si\u0119 nie tylko wzbogaci\u0107 szkoln\u0105 przestrze\u0144, ale r\u00f3wnie\u017c rozwin\u0105\u0107 \u015bwiadomo\u015b\u0107 ekologiczn\u0105, umiej\u0119tno\u015b\u0107 wsp\u00f3\u0142pracy i poczucie sprawczo\u015bci w\u015br\u00f3d m\u0142odzie\u017cy.<\/p>\n<p><strong><em>To kolejny krok w stron\u0119 szko\u0142y, kt\u00f3ra uczy przez dzia\u0142anie i realnie wp\u0142ywa na otaczaj\u0105cy nas \u015bwiat.<\/em><\/strong><\/p>\n<p><a href=\"http:\/\/sp1stanislawdolny.edu.pl\/wp-content\/uploads\/2025\/05\/2.jpeg\"><img loading=\"lazy\" decoding=\"async\" class=\"alignnone size-thumbnail wp-image-11060\" src=\"http:\/\/sp1stanislawdolny.edu.pl\/wp-content\/uploads\/2025\/05\/2-150x150.jpeg\" alt=\"\" width=\"150\" height=\"150\"><\/a> <a href=\"http:\/\/sp1stanislawdolny.edu.pl\/wp-content\/uploads\/2025\/05\/22.jpeg\"><img loading=\"lazy\" decoding=\"async\" class=\"alignnone size-thumbnail wp-image-11061\" src=\"http:\/\/sp1stanislawdolny.edu.pl\/wp-content\/uploads\/2025\/05\/22-150x150.jpeg\" alt=\"\" width=\"150\" height=\"150\"><\/a> <a href=\"http:\/\/sp1stanislawdolny.edu.pl\/wp-content\/uploads\/2025\/05\/222.jpeg\"><img loading=\"lazy\" decoding=\"async\" class=\"alignnone size-thumbnail wp-image-11062\" src=\"http:\/\/sp1stanislawdolny.edu.pl\/wp-content\/uploads\/2025\/05\/222-150x150.jpeg\" alt=\"\" width=\"150\" height=\"150\"><\/a> <a href=\"http:\/\/sp1stanislawdolny.edu.pl\/wp-content\/uploads\/2025\/05\/2222.jpeg\"><img loading=\"lazy\" decoding=\"async\" class=\"alignnone size-thumbnail wp-image-11063\" src=\"http:\/\/sp1stanislawdolny.edu.pl\/wp-content\/uploads\/2025\/05\/2222-150x150.jpeg\" alt=\"\" width=\"150\" height=\"150\"><\/a> <a href=\"http:\/\/sp1stanislawdolny.edu.pl\/wp-content\/uploads\/2025\/05\/22222.jpeg\"><img loading=\"lazy\" decoding=\"async\" class=\"alignnone size-thumbnail wp-image-11064\" src=\"http:\/\/sp1stanislawdolny.edu.pl\/wp-content\/uploads\/2025\/05\/22222-150x150.jpeg\" alt=\"\" width=\"150\" height=\"150\"><\/a><\/p>\n<p><strong>3. Zako\u0144czenie realizacji projektu \u201eZielona Przysta\u0144\u201d<\/strong><\/p>\n<p>Dzi\u0119ki otrzymanemu dofinansowaniu Fundacji PGNiG im. Ignacego \u0141ukasiewicza Szko\u0142a Podstawowa nr 1 im. Jana Paw\u0142a II w Stanis\u0142awiu Dolnym zrealizowa\u0142a projekt programu grantowego EkoCzynni <strong>\u201eZielona Przysta\u0144\u201d, <\/strong>kt\u00f3rego celem by\u0142a poprawa jako\u015bci powietrza, stworzenie miejsca spotka\u0144 dla uczni\u00f3w, edukacja ekologiczna oraz promowanie zr\u00f3wnowa\u017conego rozwoju w\u015br\u00f3d m\u0142odzie\u017cy.<\/p>\n<p>Wszystkie za\u0142o\u017cenia projektu zosta\u0142y <strong>w pe\u0142ni zrealizowane<\/strong>. W ramach przedsi\u0119wzi\u0119cia osi\u0105gn\u0119li\u015bmy m.in.:<\/p>\n<ul>\n<li><strong>popraw\u0119 jako\u015bci powietrza i redukcj\u0119 zanieczyszcze\u0144<\/strong>,<\/li>\n<li><strong>kszta\u0142towanie proekologicznych postaw w\u015br\u00f3d m\u0142odzie\u017cy<\/strong>,<\/li>\n<li><strong>promowanie dzia\u0142a\u0144 na rzecz ochrony \u015brodowiska i budowanie wra\u017cliwo\u015bci ekologicznej<\/strong>,<\/li>\n<li><strong>popularyzacj\u0119 wiedzy o zr\u00f3wnowa\u017conym rozwoju<\/strong>,<\/li>\n<li><strong>wsparcie inicjatyw szkolnych zwi\u0105zanych z ochron\u0105 \u015brodowiska<\/strong>.<\/li>\n<\/ul>\n<p>&nbsp;&nbsp;&nbsp;&nbsp;&nbsp;&nbsp;&nbsp;&nbsp;&nbsp;&nbsp;&nbsp; Rezultaty projektu przeros\u0142y nasze oczekiwania. Ogr\u00f3d na tarasie szko\u0142y ma pozytywny wp\u0142yw na zdrowie psychiczne i fizyczne uczni\u00f3w, oferuj\u0105c im miejsce do odpoczynku, wyciszenia i kontaktu z natur\u0105 oraz rozwija \u015bwiadomo\u015b\u0107 ekologiczn\u0105. Ponadto anga\u017cuje uczni\u00f3w oraz ca\u0142\u0105 spo\u0142eczno\u015b\u0107 szkoln\u0105 w dzia\u0142ania na rzecz ochrony \u015brodowiska.<\/p>\n<p><strong><em>Dzi\u0119kujemy Fundacji PGNiG im. Ignacego \u0141ukasiewicza za umo\u017cliwienie realizacji tego wa\u017cnego projektu. <\/em><\/strong><\/p>\n<p><strong>Dzi\u0119ki wsp\u00f3lnemu zaanga\u017cowaniu mo\u017cemy m\u00f3wi\u0107 o realnych zmianach \u2013 zar\u00f3wno w otaczaj\u0105cym nas \u015brodowisku, jak i w \u015bwiadomo\u015bci m\u0142odego pokolenia<\/strong><\/p>\n<p><a href=\"http:\/\/sp1stanislawdolny.edu.pl\/wp-content\/uploads\/2025\/05\/3.jpeg\"><img loading=\"lazy\" decoding=\"async\" class=\"alignnone size-thumbnail wp-image-11065\" src=\"http:\/\/sp1stanislawdolny.edu.pl\/wp-content\/uploads\/2025\/05\/3-150x150.jpeg\" alt=\"\" width=\"150\" height=\"150\"><\/a> <a href=\"http:\/\/sp1stanislawdolny.edu.pl\/wp-content\/uploads\/2025\/05\/33.jpeg\"><img loading=\"lazy\" decoding=\"async\" class=\"alignnone size-thumbnail wp-image-11066\" src=\"http:\/\/sp1stanislawdolny.edu.pl\/wp-content\/uploads\/2025\/05\/33-150x150.jpeg\" alt=\"\" width=\"150\" height=\"150\"><\/a> <a href=\"http:\/\/sp1stanislawdolny.edu.pl\/wp-content\/uploads\/2025\/05\/333.jpeg\"><img loading=\"lazy\" decoding=\"async\" class=\"alignnone size-thumbnail wp-image-11067\" src=\"http:\/\/sp1stanislawdolny.edu.pl\/wp-content\/uploads\/2025\/05\/333-150x150.jpeg\" alt=\"\" width=\"150\" height=\"150\"><\/a> <a href=\"http:\/\/sp1stanislawdolny.edu.pl\/wp-content\/uploads\/2025\/05\/3333.jpeg\"><img loading=\"lazy\" decoding=\"async\" class=\"alignnone size-thumbnail wp-image-11068\" src=\"http:\/\/sp1stanislawdolny.edu.pl\/wp-content\/uploads\/2025\/05\/3333-150x150.jpeg\" alt=\"\" width=\"150\" height=\"150\"><\/a> <a href=\"http:\/\/sp1stanislawdolny.edu.pl\/wp-content\/uploads\/2025\/05\/333333.jpeg\"><img loading=\"lazy\" decoding=\"async\" class=\"alignnone size-thumbnail wp-image-11069\" src=\"http:\/\/sp1stanislawdolny.edu.pl\/wp-content\/uploads\/2025\/05\/333333-150x150.jpeg\" alt=\"\" width=\"150\" height=\"150\"><\/a> <a href=\"http:\/\/sp1stanislawdolny.edu.pl\/wp-content\/uploads\/2025\/05\/3333333.jpeg\"><img loading=\"lazy\" decoding=\"async\" class=\"alignnone size-thumbnail wp-image-11070\" src=\"http:\/\/sp1stanislawdolny.edu.pl\/wp-content\/uploads\/2025\/05\/3333333-150x150.jpeg\" alt=\"\" width=\"150\" height=\"150\"><\/a><\/p>\n","protected":false},"excerpt":{"rendered":"<p>Korzystaj\u0105c z zaproszenia, kt\u00f3re przes\u0142a\u0142 nam Zesp\u00f3\u0142 Pozyskiwania \u015arodk\u00f3w Zewn\u0119trznych Urz\u0119du Miasta Kalwarii Zebrzydowskiej, nasza szko\u0142a przyst\u0105pi\u0142a do programu grantowego Fundacji PGNiG EkoCzynni. Znale\u017ali\u015bmy si\u0119 w\u015br\u00f3d stu najlepszych szk\u00f3\u0142 z ca\u0142ej Polski, kt\u00f3rym Fundacja przyzna\u0142a dofinansowanie w kwocie 10&nbsp;000 z\u0142otych na realizacj\u0119 autorskiego projektu. G\u0142\u00f3wnym celem programu jest poprawa jako\u015bci powietrza, redukcja zanieczyszcze\u0144, kszta\u0142towanie proekologicznych\u2026 <span class=\"read-more\"><a href=\"http:\/\/sp1stanislawdolny.edu.pl\/index.php\/zielona-przystan\/\">Dowiedz si\u0119 wi\u0119cej &raquo;<\/a><\/span><\/p>\n","protected":false},"author":1,"featured_media":0,"parent":0,"menu_order":0,"comment_status":"closed","ping_status":"closed","template":"","meta":{"ngg_post_thumbnail":0,"footnotes":""},"class_list":["post-10265","page","type-page","status-publish","hentry"],"_links":{"self":[{"href":"http:\/\/sp1stanislawdolny.edu.pl\/index.php\/wp-json\/wp\/v2\/pages\/10265","targetHints":{"allow":["GET"]}}],"collection":[{"href":"http:\/\/sp1stanislawdolny.edu.pl\/index.php\/wp-json\/wp\/v2\/pages"}],"about":[{"href":"http:\/\/sp1stanislawdolny.edu.pl\/index.php\/wp-json\/wp\/v2\/types\/page"}],"author":[{"embeddable":true,"href":"http:\/\/sp1stanislawdolny.edu.pl\/index.php\/wp-json\/wp\/v2\/users\/1"}],"replies":[{"embeddable":true,"href":"http:\/\/sp1stanislawdolny.edu.pl\/index.php\/wp-json\/wp\/v2\/comments?post=10265"}],"version-history":[{"count":6,"href":"http:\/\/sp1stanislawdolny.edu.pl\/index.php\/wp-json\/wp\/v2\/pages\/10265\/revisions"}],"predecessor-version":[{"id":11073,"href":"http:\/\/sp1stanislawdolny.edu.pl\/index.php\/wp-json\/wp\/v2\/pages\/10265\/revisions\/11073"}],"wp:attachment":[{"href":"http:\/\/sp1stanislawdolny.edu.pl\/index.php\/wp-json\/wp\/v2\/media?parent=10265"}],"curies":[{"name":"wp","href":"https:\/\/api.w.org\/{rel}","templated":true}]}}